{"id":29132,"date":"2021-09-09T10:39:04","date_gmt":"2021-09-09T16:39:04","guid":{"rendered":"https:\/\/memberpress.com\/?page_id=29132"},"modified":"2021-09-09T10:58:29","modified_gmt":"2021-09-09T16:58:29","slug":"share-advice","status":"publish","type":"page","link":"https:\/\/memberpress.com\/de\/share-advice\/","title":{"rendered":"Was ist Ihr bester Ratschlag?"},"content":{"rendered":"\n<p>Have you had success with your membership site?<\/p>\n\n\n\n<p>Do you want to help your fellow entrepreneurs succeed, too?<\/p>\n\n\n\n<p>Share your best trick of the trade, and you could be featured in an upcoming MemberPress blog article!<\/p>\n\n\n<div class=\"wpforms-container wpforms-container-full wpforms-block\" id=\"wpforms-29131\"><form id=\"wpforms-form-29131\" class=\"wpforms-validate wpforms-form wpforms-ajax-form\" data-formid=\"29131\" method=\"post\" enctype=\"multipart\/form-data\" action=\"\/de\/wp-json\/wp\/v2\/pages\/29132\" data-token=\"7aa5270664f478432cf96c1cd21e137c\" data-token-time=\"1775751452\"><noscript class=\"wpforms-error-noscript\">Bitte aktiviere JavaScript in deinem Browser, um dieses Formular fertigzustellen.<\/noscript><div class=\"wpforms-field-container\"><div id=\"wpforms-29131-field_1-container\" class=\"wpforms-field wpforms-field-name\" data-field-id=\"1\"><label class=\"wpforms-field-label\">Your Name <span class=\"wpforms-required-label\">*<\/span><\/label><div class=\"wpforms-field-row wpforms-field-medium\"><div class=\"wpforms-field-row-block wpforms-first wpforms-one-half\"><input type=\"text\" id=\"wpforms-29131-field_1\" class=\"wpforms-field-name-first wpforms-field-required\" name=\"wpforms[fields][1][first]\" required><label for=\"wpforms-29131-field_1\" class=\"wpforms-field-sublabel after\">Vorname<\/label><\/div><div class=\"wpforms-field-row-block wpforms-one-half\"><input type=\"text\" id=\"wpforms-29131-field_1-last\" class=\"wpforms-field-name-last wpforms-field-required\" name=\"wpforms[fields][1][last]\" required><label for=\"wpforms-29131-field_1-last\" class=\"wpforms-field-sublabel after\">Nachname<\/label><\/div><\/div><\/div><div id=\"wpforms-29131-field_5-container\" class=\"wpforms-field wpforms-field-email\" data-field-id=\"5\"><label class=\"wpforms-field-label\" for=\"wpforms-29131-field_5\">Your Contact Email <span class=\"wpforms-required-label\">*<\/span><\/label><input type=\"email\" id=\"wpforms-29131-field_5\" class=\"wpforms-field-medium wpforms-field-required\" name=\"wpforms[fields][5]\" spellcheck=\"false\" required><\/div><div id=\"wpforms-29131-field_2-container\" class=\"wpforms-field wpforms-field-text\" data-field-id=\"2\"><label class=\"wpforms-field-label\" for=\"wpforms-29131-field_2\">Your Company\/ Website Name <span class=\"wpforms-required-label\">*<\/span><\/label><input type=\"text\" id=\"wpforms-29131-field_2\" class=\"wpforms-field-medium wpforms-field-required\" name=\"wpforms[fields][2]\" required><\/div><div id=\"wpforms-29131-field_3-container\" class=\"wpforms-field wpforms-field-url\" data-field-id=\"3\"><label class=\"wpforms-field-label\" for=\"wpforms-29131-field_3\">Your Site URL <span class=\"wpforms-required-label\">*<\/span><\/label><input type=\"url\" id=\"wpforms-29131-field_3\" class=\"wpforms-field-medium wpforms-field-required\" name=\"wpforms[fields][3]\" required><\/div><div id=\"wpforms-29131-field_4-container\" class=\"wpforms-field wpforms-field-textarea\" data-field-id=\"4\"><label class=\"wpforms-field-label\" for=\"wpforms-29131-field_4\">If you could offer your best advice to someone starting a membership site, what would it be? <span class=\"wpforms-required-label\">*<\/span><\/label><textarea id=\"wpforms-29131-field_4\" class=\"wpforms-field-medium wpforms-field-required\" name=\"wpforms[fields][4]\" required><\/textarea><\/div><div id=\"wpforms-29131-field_7-container\" class=\"wpforms-field wpforms-field-checkbox\" data-field-id=\"7\"><label class=\"wpforms-field-label\">Keep this box checked if you'd like to subscribe to MemberPress marketing emails<\/label><ul id=\"wpforms-29131-field_7\"><li class=\"choice-1 depth-1 wpforms-selected\"><input type=\"checkbox\" id=\"wpforms-29131-field_7_1\" name=\"wpforms[fields][7][]\" value=\"Subscribe to marketing emails\"   checked='checked'><label class=\"wpforms-field-label-inline\" for=\"wpforms-29131-field_7_1\">Subscribe to marketing emails<\/label><\/li><\/ul><\/div><\/div><!-- .wpforms-field-container --><div class=\"wpforms-submit-container\" ><input type=\"hidden\" name=\"wpforms[id]\" value=\"29131\"><input type=\"hidden\" name=\"page_title\" value=\"\"><input type=\"hidden\" name=\"page_url\" value=\"https:\/\/memberpress.com\/de\/wp-json\/wp\/v2\/pages\/29132\"><input type=\"hidden\" name=\"url_referer\" value=\"\">\t\t<div id=\"cf-turnstile-wpf-3317081051\"\r\n\t\tclass=\"cf-turnstile\" \t\tdata-sitekey=\"0x4AAAAAAAEUHOj65CwPmNnE\"\r\n\t\tdata-theme=\"light\"\r\n\t\tdata-language=\"auto\"\r\n\t\tdata-size=\"\"\r\n\t\tdata-retry=\"auto\" data-retry-interval=\"1000\"\r\n\t\tdata-refresh-expired=\"auto\"\r\n\t\tdata-action=\"wpforms-29131\"\r\n\t\t\t\tdata-appearance=\"interaction-only\"><\/div>\r\n\t\t\t<script>document.addEventListener(\"DOMContentLoaded\", function() { setTimeout(function(){ var e=document.getElementById(\"cf-turnstile-wpf-3317081051\"); e&&!e.innerHTML.trim()&&(turnstile.remove(\"#cf-turnstile-wpf-3317081051\"), turnstile.render(\"#cf-turnstile-wpf-3317081051\", {sitekey:\"0x4AAAAAAAEUHOj65CwPmNnE\"})); }, 100); });<\/script>\r\n\t\t\t<style>#cf-turnstile-wpf-3317081051 iframe { margin-bottom: 15px; }<\/style>\r\n\t\t\t\t<style>#cf-turnstile-wpf-3317081051 { margin-left: -15px; }<\/style>\r\n\t\t<button type=\"submit\" name=\"wpforms[submit]\" id=\"wpforms-submit-29131\" class=\"wpforms-submit\" data-alt-text=\"Sending...\" data-submit-text=\"Submit\" aria-live=\"assertive\" value=\"wpforms-submit\">Submit<\/button><img decoding=\"async\" src=\"https:\/\/memberpress.com\/wp-content\/plugins\/wpforms\/assets\/images\/submit-spin.svg\" class=\"wpforms-submit-spinner\" style=\"display: none;\" width=\"26\" height=\"26\" alt=\"Wird geladen\"><\/div><\/form><\/div>  <!-- .wpforms-container -->","protected":false},"excerpt":{"rendered":"<p>Hatten Sie Erfolg mit Ihrer Mitgliederseite? M\u00f6chten Sie anderen Unternehmern ebenfalls zum Erfolg verhelfen? Teilen Sie uns Ihren besten Trick mit, und Sie k\u00f6nnten in einem der n\u00e4chsten MemberPress-Blogartikel vorgestellt werden!<\/p>","protected":false},"author":42532,"featured_media":0,"parent":0,"menu_order":0,"comment_status":"closed","ping_status":"closed","template":"","meta":{"_acf_changed":false,"om_disable_all_campaigns":false,"_strive_editorial_status":"not-started","_strive_copy_of":0,"inline_featured_image":false,"_monsterinsights_skip_tracking":false,"_monsterinsights_sitenote_active":false,"_monsterinsights_sitenote_note":"","_monsterinsights_sitenote_category":0,"_genesis_hide_title":false,"_genesis_hide_breadcrumbs":false,"_genesis_hide_singular_image":false,"_genesis_hide_footer_widgets":false,"_genesis_custom_body_class":"","_genesis_custom_post_class":"","_genesis_layout":"","_FSMCFIC_featured_image_caption":"","_FSMCFIC_featured_image_nocaption":"","_FSMCFIC_featured_image_hide":"","footnotes":""},"class_list":{"0":"post-29132","1":"page","2":"type-page","3":"status-publish","5":"entry"},"acf":[],"aioseo_notices":[],"aioseo_head":"\n\t\t<!-- All in One SEO Pro 4.9.5.2 - aioseo.com -->\n\t<meta name=\"description\" content=\"Have you had success with your membership site? Do you want to help your fellow entrepreneurs succeed, too? Share your best trick of the trade, and you could be featured in an upcoming MemberPress blog article! Bitte aktiviere JavaScript in deinem Browser, um dieses Formular fertigzustellen. Your Name * Vorname Nachname Your Contact Email *\" \/>\n\t<meta name=\"robots\" content=\"max-image-preview:large\" \/>\n\t<link rel=\"canonical\" href=\"https:\/\/memberpress.com\/de\/share-advice\/\" \/>\n\t<meta name=\"generator\" content=\"All in One SEO Pro (AIOSEO) 4.9.5.2\" \/>\n\t\t<meta property=\"og:locale\" content=\"de_DE\" \/>\n\t\t<meta property=\"og:site_name\" content=\"MemberPress\" \/>\n\t\t<meta property=\"og:type\" content=\"article\" \/>\n\t\t<meta property=\"og:title\" content=\"What\u2019s Your Best Advice?\" \/>\n\t\t<meta property=\"og:description\" content=\"Have you had success with your membership site? Do you want to help your fellow entrepreneurs succeed, too? Share your best trick of the trade, and you could be featured in an upcoming MemberPress blog article! Bitte aktiviere JavaScript in deinem Browser, um dieses Formular fertigzustellen. Your Name * Vorname Nachname Your Contact Email *\" \/>\n\t\t<meta property=\"og:url\" content=\"https:\/\/memberpress.com\/de\/share-advice\/\" \/>\n\t\t<meta property=\"og:image\" content=\"https:\/\/memberpress.com\/wp-content\/uploads\/2022\/10\/mp-icon-RGB_Icon-01.jpg\" \/>\n\t\t<meta property=\"og:image:secure_url\" content=\"https:\/\/memberpress.com\/wp-content\/uploads\/2022\/10\/mp-icon-RGB_Icon-01.jpg\" \/>\n\t\t<meta property=\"og:image:width\" content=\"1650\" \/>\n\t\t<meta property=\"og:image:height\" content=\"1275\" \/>\n\t\t<meta property=\"article:published_time\" content=\"2021-09-09T16:39:04+00:00\" \/>\n\t\t<meta property=\"article:modified_time\" content=\"2021-09-09T16:58:29+00:00\" \/>\n\t\t<meta property=\"article:publisher\" content=\"https:\/\/www.facebook.com\/memberpress\/\" \/>\n\t\t<meta name=\"twitter:card\" content=\"summary_large_image\" \/>\n\t\t<meta name=\"twitter:site\" content=\"@memberpress\" \/>\n\t\t<meta name=\"twitter:title\" content=\"What\u2019s Your Best Advice?\" \/>\n\t\t<meta name=\"twitter:description\" content=\"Have you had success with your membership site? Do you want to help your fellow entrepreneurs succeed, too? Share your best trick of the trade, and you could be featured in an upcoming MemberPress blog article! Bitte aktiviere JavaScript in deinem Browser, um dieses Formular fertigzustellen. Your Name * Vorname Nachname Your Contact Email *\" \/>\n\t\t<meta name=\"twitter:image\" content=\"https:\/\/memberpress.com\/wp-content\/uploads\/2022\/10\/mp-icon-RGB_Icon-01.jpg\" \/>\n\t\t<script type=\"application\/ld+json\" class=\"aioseo-schema\">\n\t\t\t{\"@context\":\"https:\\\/\\\/schema.org\",\"@graph\":[{\"@type\":\"BreadcrumbList\",\"@id\":\"https:\\\/\\\/memberpress.com\\\/de\\\/share-advice\\\/#breadcrumblist\",\"itemListElement\":[{\"@type\":\"ListItem\",\"@id\":\"https:\\\/\\\/memberpress.com\\\/de#listItem\",\"position\":1,\"name\":\"Home\",\"item\":\"https:\\\/\\\/memberpress.com\\\/de\",\"nextItem\":{\"@type\":\"ListItem\",\"@id\":\"https:\\\/\\\/memberpress.com\\\/de\\\/share-advice\\\/#listItem\",\"name\":\"What\\u2019s Your Best Advice?\"}},{\"@type\":\"ListItem\",\"@id\":\"https:\\\/\\\/memberpress.com\\\/de\\\/share-advice\\\/#listItem\",\"position\":2,\"name\":\"What\\u2019s Your Best Advice?\",\"previousItem\":{\"@type\":\"ListItem\",\"@id\":\"https:\\\/\\\/memberpress.com\\\/de#listItem\",\"name\":\"Home\"}}]},{\"@type\":\"Organization\",\"@id\":\"https:\\\/\\\/memberpress.com\\\/de\\\/#organization\",\"name\":\"MemberPress\",\"description\":\"The All-In-One WordPress Membership Plugin\",\"url\":\"https:\\\/\\\/memberpress.com\\\/de\\\/\",\"logo\":{\"@type\":\"ImageObject\",\"url\":\"https:\\\/\\\/memberpress.com\\\/wp-content\\\/uploads\\\/2022\\\/10\\\/mp-icon-RGB_Icon-01.jpg\",\"@id\":\"https:\\\/\\\/memberpress.com\\\/de\\\/share-advice\\\/#organizationLogo\",\"width\":1650,\"height\":1275,\"caption\":\"memberpress logo icon\"},\"image\":{\"@id\":\"https:\\\/\\\/memberpress.com\\\/de\\\/share-advice\\\/#organizationLogo\"},\"sameAs\":[\"https:\\\/\\\/www.instagram.com\\\/memberpress\\\/\",\"https:\\\/\\\/www.pinterest.com\\\/memberpressplugin\\\/\",\"https:\\\/\\\/www.youtube.com\\\/c\\\/MemberPressPlugin\",\"https:\\\/\\\/www.linkedin.com\\\/company\\\/memberpress\\\/\"]},{\"@type\":\"WebPage\",\"@id\":\"https:\\\/\\\/memberpress.com\\\/de\\\/share-advice\\\/#webpage\",\"url\":\"https:\\\/\\\/memberpress.com\\\/de\\\/share-advice\\\/\",\"name\":\"What\\u2019s Your Best Advice?\",\"description\":\"Have you had success with your membership site? Do you want to help your fellow entrepreneurs succeed, too? Share your best trick of the trade, and you could be featured in an upcoming MemberPress blog article! Bitte aktiviere JavaScript in deinem Browser, um dieses Formular fertigzustellen. Your Name * Vorname Nachname Your Contact Email *\",\"inLanguage\":\"de-DE\",\"isPartOf\":{\"@id\":\"https:\\\/\\\/memberpress.com\\\/de\\\/#website\"},\"breadcrumb\":{\"@id\":\"https:\\\/\\\/memberpress.com\\\/de\\\/share-advice\\\/#breadcrumblist\"},\"datePublished\":\"2021-09-09T10:39:04-04:00\",\"dateModified\":\"2021-09-09T10:58:29-04:00\"},{\"@type\":\"WebSite\",\"@id\":\"https:\\\/\\\/memberpress.com\\\/de\\\/#website\",\"url\":\"https:\\\/\\\/memberpress.com\\\/de\\\/\",\"name\":\"MemberPress\",\"description\":\"The All-In-One WordPress Membership Plugin\",\"inLanguage\":\"de-DE\",\"publisher\":{\"@id\":\"https:\\\/\\\/memberpress.com\\\/de\\\/#organization\"}}]}\n\t\t<\/script>\n\t\t<!-- All in One SEO Pro -->\r\n\t\t<title>What\u2019s Your Best Advice?<\/title>\n\n","aioseo_head_json":{"title":"Was ist Ihr bester Ratschlag?","description":"Hatten Sie Erfolg mit Ihrer Mitgliederseite? M\u00f6chten Sie anderen Unternehmern ebenfalls zum Erfolg verhelfen? Teilen Sie uns Ihren besten Trick mit, und Sie k\u00f6nnten in einem der n\u00e4chsten MemberPress-Blogartikel vorgestellt werden! Bitte aktivieren Sie JavaScript in Ihrem Browser, um dieses Formular fertigzustellen. Ihr Name * Vorname Nachname Ihre Kontakt-E-Mail *","canonical_url":"https:\/\/memberpress.com\/de\/share-advice\/","robots":"max-image-preview:large","keywords":"","webmasterTools":{"miscellaneous":""},"schema":{"@context":"https:\/\/schema.org","@graph":[{"@type":"BreadcrumbList","@id":"https:\/\/memberpress.com\/de\/share-advice\/#breadcrumblist","itemListElement":[{"@type":"ListItem","@id":"https:\/\/memberpress.com\/de#listItem","position":1,"name":"Home","item":"https:\/\/memberpress.com\/de","nextItem":{"@type":"ListItem","@id":"https:\/\/memberpress.com\/de\/share-advice\/#listItem","name":"What\u2019s Your Best Advice?"}},{"@type":"ListItem","@id":"https:\/\/memberpress.com\/de\/share-advice\/#listItem","position":2,"name":"What\u2019s Your Best Advice?","previousItem":{"@type":"ListItem","@id":"https:\/\/memberpress.com\/de#listItem","name":"Home"}}]},{"@type":"Organization","@id":"https:\/\/memberpress.com\/de\/#organization","name":"MemberPress","description":"The All-In-One WordPress Membership Plugin","url":"https:\/\/memberpress.com\/de\/","logo":{"@type":"ImageObject","url":"https:\/\/memberpress.com\/wp-content\/uploads\/2022\/10\/mp-icon-RGB_Icon-01.jpg","@id":"https:\/\/memberpress.com\/de\/share-advice\/#organizationLogo","width":1650,"height":1275,"caption":"memberpress logo icon"},"image":{"@id":"https:\/\/memberpress.com\/de\/share-advice\/#organizationLogo"},"sameAs":["https:\/\/www.instagram.com\/memberpress\/","https:\/\/www.pinterest.com\/memberpressplugin\/","https:\/\/www.youtube.com\/c\/MemberPressPlugin","https:\/\/www.linkedin.com\/company\/memberpress\/"]},{"@type":"WebPage","@id":"https:\/\/memberpress.com\/de\/share-advice\/#webpage","url":"https:\/\/memberpress.com\/de\/share-advice\/","name":"What\u2019s Your Best Advice?","description":"Have you had success with your membership site? Do you want to help your fellow entrepreneurs succeed, too? Share your best trick of the trade, and you could be featured in an upcoming MemberPress blog article! Bitte aktiviere JavaScript in deinem Browser, um dieses Formular fertigzustellen. Your Name * Vorname Nachname Your Contact Email *","inLanguage":"de-DE","isPartOf":{"@id":"https:\/\/memberpress.com\/de\/#website"},"breadcrumb":{"@id":"https:\/\/memberpress.com\/de\/share-advice\/#breadcrumblist"},"datePublished":"2021-09-09T10:39:04-04:00","dateModified":"2021-09-09T10:58:29-04:00"},{"@type":"WebSite","@id":"https:\/\/memberpress.com\/de\/#website","url":"https:\/\/memberpress.com\/de\/","name":"MemberPress","description":"The All-In-One WordPress Membership Plugin","inLanguage":"de-DE","publisher":{"@id":"https:\/\/memberpress.com\/de\/#organization"}}]},"og:locale":"de_DE","og:site_name":"MemberPress","og:type":"article","og:title":"What\u2019s Your Best Advice?","og:description":"Have you had success with your membership site? Do you want to help your fellow entrepreneurs succeed, too? Share your best trick of the trade, and you could be featured in an upcoming MemberPress blog article! Bitte aktiviere JavaScript in deinem Browser, um dieses Formular fertigzustellen. Your Name * Vorname Nachname Your Contact Email *","og:url":"https:\/\/memberpress.com\/de\/share-advice\/","og:image":"https:\/\/memberpress.com\/wp-content\/uploads\/2022\/10\/mp-icon-RGB_Icon-01.jpg","og:image:secure_url":"https:\/\/memberpress.com\/wp-content\/uploads\/2022\/10\/mp-icon-RGB_Icon-01.jpg","og:image:width":1650,"og:image:height":1275,"article:published_time":"2021-09-09T16:39:04+00:00","article:modified_time":"2021-09-09T16:58:29+00:00","article:publisher":"https:\/\/www.facebook.com\/memberpress\/","twitter:card":"summary_large_image","twitter:site":"@memberpress","twitter:title":"What\u2019s Your Best Advice?","twitter:description":"Have you had success with your membership site? Do you want to help your fellow entrepreneurs succeed, too? Share your best trick of the trade, and you could be featured in an upcoming MemberPress blog article! Bitte aktiviere JavaScript in deinem Browser, um dieses Formular fertigzustellen. Your Name * Vorname Nachname Your Contact Email *","twitter:image":"https:\/\/memberpress.com\/wp-content\/uploads\/2022\/10\/mp-icon-RGB_Icon-01.jpg"},"aioseo_meta_data":{"post_id":"29132","title":null,"description":null,"keywords":[],"keyphrases":{"focus":[],"additional":[]},"primary_term":null,"canonical_url":null,"og_title":null,"og_description":null,"og_object_type":"default","og_image_type":"default","og_image_url":null,"og_image_width":null,"og_image_height":null,"og_image_custom_url":null,"og_image_custom_fields":null,"og_video":"","og_custom_url":null,"og_article_section":null,"og_article_tags":[],"twitter_use_og":false,"twitter_card":"default","twitter_image_type":"default","twitter_image_url":null,"twitter_image_custom_url":null,"twitter_image_custom_fields":null,"twitter_title":null,"twitter_description":null,"schema":{"blockGraphs":[],"customGraphs":[],"default":{"data":{"Article":[],"Course":[],"Dataset":[],"FAQPage":[],"Movie":[],"Person":[],"Product":[],"ProductReview":[],"Car":[],"Recipe":[],"Service":[],"SoftwareApplication":[],"WebPage":[]},"graphName":"","isEnabled":true},"graphs":[],"defaultGraph":"WebPage","defaultPostTypeGraph":""},"schema_type":"default","schema_type_options":"{\"article\":{\"articleType\":\"BlogPosting\"},\"course\":{\"name\":\"\",\"description\":\"\",\"provider\":\"\"},\"faq\":{\"pages\":[]},\"product\":{\"reviews\":[]},\"recipe\":{\"ingredients\":[],\"instructions\":[],\"keywords\":[]},\"software\":{\"reviews\":[],\"operatingSystems\":[]},\"webPage\":{\"webPageType\":\"WebPage\"}}","pillar_content":false,"robots_default":true,"robots_noindex":false,"robots_noarchive":false,"robots_nosnippet":false,"robots_nofollow":false,"robots_noimageindex":false,"robots_noodp":false,"robots_notranslate":false,"robots_max_snippet":"-1","robots_max_videopreview":"-1","robots_max_imagepreview":"large","priority":null,"frequency":"default","local_seo":null,"seo_analyzer_scan_date":"2025-10-09 20:04:31","breadcrumb_settings":null,"limit_modified_date":false,"reviewed_by":null,"open_ai":null,"ai":null,"created":"2021-09-09 16:31:30","updated":"2026-03-03 15:03:45"},"aioseo_breadcrumb":"<div class=\"aioseo-breadcrumbs\"><span class=\"aioseo-breadcrumb\">\n\t<a href=\"https:\/\/memberpress.com\/de\" title=\"Home\">Home<\/a>\n<\/span><span class=\"aioseo-breadcrumb-separator\">&raquo;<\/span><span class=\"aioseo-breadcrumb\">\n\tWhat\u2019s Your Best Advice?\n<\/span><\/div>","aioseo_breadcrumb_json":[{"label":"Home","link":"https:\/\/memberpress.com\/de"},{"label":"What\u2019s Your Best Advice?","link":"https:\/\/memberpress.com\/de\/share-advice\/"}],"app_access":{"can_access":true,"restrict_message":null},"_links":{"self":[{"href":"https:\/\/memberpress.com\/de\/wp-json\/wp\/v2\/pages\/29132","targetHints":{"allow":["GET"]}}],"collection":[{"href":"https:\/\/memberpress.com\/de\/wp-json\/wp\/v2\/pages"}],"about":[{"href":"https:\/\/memberpress.com\/de\/wp-json\/wp\/v2\/types\/page"}],"author":[{"embeddable":true,"href":"https:\/\/memberpress.com\/de\/wp-json\/wp\/v2\/users\/42532"}],"replies":[{"embeddable":true,"href":"https:\/\/memberpress.com\/de\/wp-json\/wp\/v2\/comments?post=29132"}],"version-history":[{"count":0,"href":"https:\/\/memberpress.com\/de\/wp-json\/wp\/v2\/pages\/29132\/revisions"}],"wp:attachment":[{"href":"https:\/\/memberpress.com\/de\/wp-json\/wp\/v2\/media?parent=29132"}],"curies":[{"name":"wp","href":"https:\/\/api.w.org\/{rel}","templated":true}]}}