{"id":38078,"date":"2022-06-17T15:44:31","date_gmt":"2022-06-17T21:44:31","guid":{"rendered":"https:\/\/memberpress.com\/?page_id=38078"},"modified":"2022-06-17T15:44:33","modified_gmt":"2022-06-17T21:44:33","slug":"your-member-onboarding-process","status":"publish","type":"page","link":"https:\/\/memberpress.com\/de\/your-member-onboarding-process\/","title":{"rendered":"Ihr Onboarding-Prozess f\u00fcr Mitglieder"},"content":{"rendered":"\n<h2 class=\"wp-block-heading\">How do you welcome new customers?<\/h2>\n\n\n\n<p>Do your new members get a welcome email? A series of emails? Do you offer an intro video, freebie, or something else special?<\/p>\n\n\n\n<p>Give us an outline of your new member onboarding process, and <strong>your advice could be included in an upcoming MemberPress feature post<\/strong>.<\/p>\n\n\n\n<p>No matter what, you'll <strong>boost your odds of winning<\/strong> this month's customer-only giveaway. And if your submission is featured, <strong>you'll get a dofollow link<\/strong> out of the deal. Pretty good ROI for five minutes of your time!<\/p>\n\n\n\n<hr class=\"wp-block-separator has-alpha-channel-opacity\"\/>\n\n\n<div class=\"wpforms-container wpforms-container-full wpforms-block\" id=\"wpforms-38055\"><form id=\"wpforms-form-38055\" class=\"wpforms-validate wpforms-form wpforms-ajax-form\" data-formid=\"38055\" method=\"post\" enctype=\"multipart\/form-data\" action=\"\/de\/wp-json\/wp\/v2\/pages\/38078?wpforms_form_id=38055\" data-token=\"00e0d7fecf60e2f669f9d9ee70c3413e\" data-token-time=\"1777534245\"><noscript class=\"wpforms-error-noscript\">Bitte aktiviere JavaScript in deinem Browser, um dieses Formular fertigzustellen.<\/noscript><div class=\"wpforms-field-container\"><div id=\"wpforms-38055-field_2-container\" class=\"wpforms-field wpforms-field-textarea\" data-field-id=\"2\"><label class=\"wpforms-field-label\" for=\"wpforms-38055-field_2\">Outline your member onboarding process below (it doesn't have to be perfect!)<\/label><textarea id=\"wpforms-38055-field_2\" class=\"wpforms-field-medium\" name=\"wpforms[fields][2]\" ><\/textarea><\/div><div id=\"wpforms-38055-field_3-container\" class=\"wpforms-field wpforms-field-name\" data-field-id=\"3\"><label class=\"wpforms-field-label\">Your Name <span class=\"wpforms-required-label\">*<\/span><\/label><div class=\"wpforms-field-row wpforms-field-medium\"><div class=\"wpforms-field-row-block wpforms-first wpforms-one-half\"><input type=\"text\" id=\"wpforms-38055-field_3\" class=\"wpforms-field-name-first wpforms-field-required\" name=\"wpforms[fields][3][first]\" required><label for=\"wpforms-38055-field_3\" class=\"wpforms-field-sublabel after\">Vorname<\/label><\/div><div class=\"wpforms-field-row-block wpforms-one-half\"><input type=\"text\" id=\"wpforms-38055-field_3-last\" class=\"wpforms-field-name-last wpforms-field-required\" name=\"wpforms[fields][3][last]\" required><label for=\"wpforms-38055-field_3-last\" class=\"wpforms-field-sublabel after\">Nachname<\/label><\/div><\/div><\/div><div id=\"wpforms-38055-field_4-container\" class=\"wpforms-field wpforms-field-text\" data-field-id=\"4\"><label class=\"wpforms-field-label\" for=\"wpforms-38055-field_4\">Your Business Name <span class=\"wpforms-required-label\">*<\/span><\/label><input type=\"text\" id=\"wpforms-38055-field_4\" class=\"wpforms-field-medium wpforms-field-required\" name=\"wpforms[fields][4]\" required><\/div><div id=\"wpforms-38055-field_5-container\" class=\"wpforms-field wpforms-field-url\" data-field-id=\"5\"><label class=\"wpforms-field-label\" for=\"wpforms-38055-field_5\">Your Site URL <span class=\"wpforms-required-label\">*<\/span><\/label><input type=\"url\" id=\"wpforms-38055-field_5\" class=\"wpforms-field-medium wpforms-field-required\" name=\"wpforms[fields][5]\" required><\/div><div id=\"wpforms-38055-field_6-container\" class=\"wpforms-field wpforms-field-file-upload\" data-field-id=\"6\"><label class=\"wpforms-field-label\" for=\"wpforms-38055-field_6\">If you have any images you'd like us to include, upload them here.<\/label><div\n\t\tclass=\"wpforms-uploader \"\n\t\tdata-field-id=\"6\"\n\t\tdata-form-id=\"38055\"\n\t\tdata-input-name=\"wpforms_38055_6\"\n\t\tdata-extensions=\"jpg,jpeg,jpe,gif,png,bmp,tiff,tif,webp,avif,ico,heic,heif,heics,heifs,asf,asx,wmv,wmx,wm,avi,divx,mov,qt,mpeg,mpg,mpe,mp4,m4v,ogv,webm,mkv,3gp,3gpp,3g2,3gp2,txt,asc,c,cc,h,srt,csv,tsv,ics,rtx,css,vtt,mp3,m4a,m4b,aac,ra,ram,wav,x-wav,ogg,oga,flac,mid,midi,wma,wax,mka,rtf,pdf,class,tar,zip,gz,gzip,rar,7z,psd,xcf,doc,pot,pps,ppt,wri,xla,xls,xlt,xlw,mpp,docx,docm,dotx,dotm,xlsx,xlsm,xlsb,xltx,xltm,xlam,pptx,pptm,ppsx,ppsm,potx,potm,ppam,sldx,sldm,onetoc,onetoc2,onepkg,oxps,xps,odt,odp,ods,odg,odc,odb,odf,wp,wpd,key,numbers,pages,svg,svgz\"\n\t\tdata-max-size=\"536870912\"\n\t\tdata-max-file-number=\"3\"\n\t\tdata-post-max-size=\"536870912\"\n\t\tdata-max-parallel-uploads=\"4\"\n\t\tdata-parallel-uploads=\"true\"\n\t\tdata-file-chunk-size=\"2097152\">\n\t<div class=\"dz-message\">\n\t\t<svg  viewBox=\"0 0 640 640\" focusable=\"false\" data-icon=\"inbox\" width=\"50px\" height=\"50px\" fill=\"currentColor\" aria-hidden=\"true\">\n\t\t\t<path d=\"M352 173.3L352 384C352 401.7 337.7 416 320 416C302.3 416 288 401.7 288 384L288 173.3L246.6 214.7C234.1 227.2 213.8 227.2 201.3 214.7C188.8 202.2 188.8 181.9 201.3 169.4L297.3 73.4C309.8 60.9 330.1 60.9 342.6 73.4L438.6 169.4C451.1 181.9 451.1 202.2 438.6 214.7C426.1 227.2 405.8 227.2 393.3 214.7L352 173.3zM320 464C364.2 464 400 428.2 400 384L480 384C515.3 384 544 412.7 544 448L544 480C544 515.3 515.3 544 480 544L160 544C124.7 544 96 515.3 96 480L96 448C96 412.7 124.7 384 160 384L240 384C240 428.2 275.8 464 320 464zM464 488C477.3 488 488 477.3 488 464C488 450.7 477.3 440 464 440C450.7 440 440 450.7 440 464C440 477.3 450.7 488 464 488z\"\/>\n\t\t<\/svg>\n\n\t\t<span class=\"modern-title\">\n\t\t\t\t\t\t\tDrag & Drop Files, \t\t\t\t<span>Choose Files to Upload<\/span>\n\t\t\t\t\t<\/span>\n\n\t\t\t\t\t<span class=\"modern-hint\">Du kannst bis zu 3 Dateien hochladen.<\/span>\n\t\t\t<\/div>\n<\/div>\n\n<input\n\t\ttype=\"text\"\n\t\tautocomplete=\"off\"\n\t\treadonly\n\t\tclass=\"dropzone-input\"\n\t\tstyle=\"position:absolute!important;clip:rect(0,0,0,0)!important;height:1px!important;width:1px!important;border:0!important;overflow:hidden!important;padding:0!important;margin:0!important;\"\n\t\tid=\"wpforms-38055-field_6\"\n\t\tname=\"wpforms_38055_6\" \t\tvalue=\"\">\n<\/div><\/div><!-- .wpforms-field-container --><div class=\"wpforms-submit-container\" ><input type=\"hidden\" name=\"wpforms[id]\" value=\"38055\"><input type=\"hidden\" name=\"page_title\" value=\"\"><input type=\"hidden\" name=\"page_url\" value=\"https:\/\/memberpress.com\/de\/wp-json\/wp\/v2\/pages\/38078\"><input type=\"hidden\" name=\"url_referer\" value=\"\">\t\t<div id=\"cf-turnstile-wpf-2436162537\"\r\n\t\tclass=\"cf-turnstile\" \t\tdata-sitekey=\"0x4AAAAAAAEUHOj65CwPmNnE\"\r\n\t\tdata-theme=\"light\"\r\n\t\tdata-language=\"auto\"\r\n\t\tdata-size=\"\"\r\n\t\tdata-retry=\"auto\" data-retry-interval=\"1000\"\r\n\t\tdata-refresh-expired=\"auto\"\r\n\t\tdata-refresh-timeout=\"auto\"\r\n\t\tdata-action=\"wpforms-38055\"\r\n\t\tdata-callback=\"turnstileWPFCallback\"\r\n\t\t\t\tdata-appearance=\"interaction-only\"><\/div>\r\n\t\t\t<script>document.addEventListener(\"DOMContentLoaded\", function() { setTimeout(function(){ var e=document.getElementById(\"cf-turnstile-wpf-2436162537\"); if(e&&!e.innerHTML.trim()){turnstile.render(e, {sitekey:\"0x4AAAAAAAEUHOj65CwPmNnE\"});} }, 200); });<\/script>\r\n\t\t\t<style>#cf-turnstile-wpf-2436162537 iframe { margin-bottom: 15px; }<\/style>\r\n\t\t\t\t<style>#cf-turnstile-wpf-2436162537 { margin-left: -15px; }<\/style>\r\n\t\t<button type=\"submit\" name=\"wpforms[submit]\" id=\"wpforms-submit-38055\" class=\"wpforms-submit\" data-alt-text=\"Sending...\" data-submit-text=\"Submit\" aria-live=\"assertive\" value=\"wpforms-submit\">Submit<\/button><img decoding=\"async\" src=\"https:\/\/memberpress.com\/wp-content\/plugins\/wpforms\/assets\/images\/submit-spin.svg\" class=\"wpforms-submit-spinner\" style=\"display: none;\" width=\"26\" height=\"26\" alt=\"Wird geladen\"><\/div><\/form><\/div>  <!-- .wpforms-container -->","protected":false},"excerpt":{"rendered":"<p>How do you welcome new customers? Do your new members get a welcome email? A series of emails? Do you offer an intro video, freebie, or something else special? Give us an outline of your new member onboarding process, and your advice could be included in an upcoming MemberPress feature post. No matter what, you\u2019ll [\u2026]<\/p>\n","protected":false},"author":42532,"featured_media":0,"parent":0,"menu_order":0,"comment_status":"closed","ping_status":"closed","template":"","meta":{"_acf_changed":false,"om_disable_all_campaigns":false,"_strive_editorial_status":"not-started","_strive_copy_of":0,"inline_featured_image":false,"_monsterinsights_skip_tracking":false,"_monsterinsights_sitenote_active":false,"_monsterinsights_sitenote_note":"","_monsterinsights_sitenote_category":0,"_genesis_hide_title":false,"_genesis_hide_breadcrumbs":false,"_genesis_hide_singular_image":false,"_genesis_hide_footer_widgets":false,"_genesis_custom_body_class":"","_genesis_custom_post_class":"","_genesis_layout":"","_FSMCFIC_featured_image_caption":"","_FSMCFIC_featured_image_nocaption":"","_FSMCFIC_featured_image_hide":"","footnotes":""},"class_list":{"0":"post-38078","1":"page","2":"type-page","3":"status-publish","5":"entry"},"acf":[],"aioseo_notices":[],"aioseo_head":"\n\t\t<!-- All in One SEO Pro 4.9.5.2 - aioseo.com -->\n\t<meta name=\"description\" content=\"How do you welcome new customers? Do your new members get a welcome email? A series of emails? Do you offer an intro video, freebie, or something else special? Give us an outline of your new member onboarding process, and your advice could be included in an upcoming MemberPress feature post. No matter what, you&#039;ll\" \/>\n\t<meta name=\"robots\" content=\"max-image-preview:large\" \/>\n\t<link rel=\"canonical\" href=\"https:\/\/memberpress.com\/de\/your-member-onboarding-process\/\" \/>\n\t<meta name=\"generator\" content=\"All in One SEO Pro (AIOSEO) 4.9.5.2\" \/>\n\t\t<meta property=\"og:locale\" content=\"de_DE\" \/>\n\t\t<meta property=\"og:site_name\" content=\"MemberPress\" \/>\n\t\t<meta property=\"og:type\" content=\"article\" \/>\n\t\t<meta property=\"og:title\" content=\"Your Member Onboarding Process\" \/>\n\t\t<meta property=\"og:description\" content=\"How do you welcome new customers? Do your new members get a welcome email? A series of emails? Do you offer an intro video, freebie, or something else special? Give us an outline of your new member onboarding process, and your advice could be included in an upcoming MemberPress feature post. No matter what, you&#039;ll\" \/>\n\t\t<meta property=\"og:url\" content=\"https:\/\/memberpress.com\/de\/your-member-onboarding-process\/\" \/>\n\t\t<meta property=\"og:image\" content=\"https:\/\/memberpress.com\/wp-content\/uploads\/2022\/10\/mp-icon-RGB_Icon-01.jpg\" \/>\n\t\t<meta property=\"og:image:secure_url\" content=\"https:\/\/memberpress.com\/wp-content\/uploads\/2022\/10\/mp-icon-RGB_Icon-01.jpg\" \/>\n\t\t<meta property=\"og:image:width\" content=\"1650\" \/>\n\t\t<meta property=\"og:image:height\" content=\"1275\" \/>\n\t\t<meta property=\"article:published_time\" content=\"2022-06-17T21:44:31+00:00\" \/>\n\t\t<meta property=\"article:modified_time\" content=\"2022-06-17T21:44:33+00:00\" \/>\n\t\t<meta property=\"article:publisher\" content=\"https:\/\/www.facebook.com\/memberpress\/\" \/>\n\t\t<meta name=\"twitter:card\" content=\"summary_large_image\" \/>\n\t\t<meta name=\"twitter:site\" content=\"@memberpress\" \/>\n\t\t<meta name=\"twitter:title\" content=\"Your Member Onboarding Process\" \/>\n\t\t<meta name=\"twitter:description\" content=\"How do you welcome new customers? Do your new members get a welcome email? A series of emails? Do you offer an intro video, freebie, or something else special? Give us an outline of your new member onboarding process, and your advice could be included in an upcoming MemberPress feature post. No matter what, you&#039;ll\" \/>\n\t\t<meta name=\"twitter:image\" content=\"https:\/\/memberpress.com\/wp-content\/uploads\/2022\/10\/mp-icon-RGB_Icon-01.jpg\" \/>\n\t\t<script type=\"application\/ld+json\" class=\"aioseo-schema\">\n\t\t\t{\"@context\":\"https:\\\/\\\/schema.org\",\"@graph\":[{\"@type\":\"BreadcrumbList\",\"@id\":\"https:\\\/\\\/memberpress.com\\\/de\\\/your-member-onboarding-process\\\/#breadcrumblist\",\"itemListElement\":[{\"@type\":\"ListItem\",\"@id\":\"https:\\\/\\\/memberpress.com\\\/de#listItem\",\"position\":1,\"name\":\"Home\",\"item\":\"https:\\\/\\\/memberpress.com\\\/de\",\"nextItem\":{\"@type\":\"ListItem\",\"@id\":\"https:\\\/\\\/memberpress.com\\\/de\\\/your-member-onboarding-process\\\/#listItem\",\"name\":\"Your Member Onboarding Process\"}},{\"@type\":\"ListItem\",\"@id\":\"https:\\\/\\\/memberpress.com\\\/de\\\/your-member-onboarding-process\\\/#listItem\",\"position\":2,\"name\":\"Your Member Onboarding Process\",\"previousItem\":{\"@type\":\"ListItem\",\"@id\":\"https:\\\/\\\/memberpress.com\\\/de#listItem\",\"name\":\"Home\"}}]},{\"@type\":\"Organization\",\"@id\":\"https:\\\/\\\/memberpress.com\\\/de\\\/#organization\",\"name\":\"MemberPress\",\"description\":\"The All-In-One WordPress Membership Plugin\",\"url\":\"https:\\\/\\\/memberpress.com\\\/de\\\/\",\"logo\":{\"@type\":\"ImageObject\",\"url\":\"https:\\\/\\\/memberpress.com\\\/wp-content\\\/uploads\\\/2022\\\/10\\\/mp-icon-RGB_Icon-01.jpg\",\"@id\":\"https:\\\/\\\/memberpress.com\\\/de\\\/your-member-onboarding-process\\\/#organizationLogo\",\"width\":1650,\"height\":1275,\"caption\":\"memberpress logo icon\"},\"image\":{\"@id\":\"https:\\\/\\\/memberpress.com\\\/de\\\/your-member-onboarding-process\\\/#organizationLogo\"},\"sameAs\":[\"https:\\\/\\\/www.instagram.com\\\/memberpress\\\/\",\"https:\\\/\\\/www.pinterest.com\\\/memberpressplugin\\\/\",\"https:\\\/\\\/www.youtube.com\\\/c\\\/MemberPressPlugin\",\"https:\\\/\\\/www.linkedin.com\\\/company\\\/memberpress\\\/\"]},{\"@type\":\"WebPage\",\"@id\":\"https:\\\/\\\/memberpress.com\\\/de\\\/your-member-onboarding-process\\\/#webpage\",\"url\":\"https:\\\/\\\/memberpress.com\\\/de\\\/your-member-onboarding-process\\\/\",\"name\":\"Your Member Onboarding Process\",\"description\":\"How do you welcome new customers? Do your new members get a welcome email? A series of emails? Do you offer an intro video, freebie, or something else special? Give us an outline of your new member onboarding process, and your advice could be included in an upcoming MemberPress feature post. No matter what, you'll\",\"inLanguage\":\"de-DE\",\"isPartOf\":{\"@id\":\"https:\\\/\\\/memberpress.com\\\/de\\\/#website\"},\"breadcrumb\":{\"@id\":\"https:\\\/\\\/memberpress.com\\\/de\\\/your-member-onboarding-process\\\/#breadcrumblist\"},\"datePublished\":\"2022-06-17T15:44:31-04:00\",\"dateModified\":\"2022-06-17T15:44:33-04:00\"},{\"@type\":\"WebSite\",\"@id\":\"https:\\\/\\\/memberpress.com\\\/de\\\/#website\",\"url\":\"https:\\\/\\\/memberpress.com\\\/de\\\/\",\"name\":\"MemberPress\",\"description\":\"The All-In-One WordPress Membership Plugin\",\"inLanguage\":\"de-DE\",\"publisher\":{\"@id\":\"https:\\\/\\\/memberpress.com\\\/de\\\/#organization\"}}]}\n\t\t<\/script>\n\t\t<!-- All in One SEO Pro -->\r\n\t\t<title>Your Member Onboarding Process<\/title>\n\n","aioseo_head_json":{"title":"Ihr Onboarding-Prozess f\u00fcr Mitglieder","description":"Wie begr\u00fc\u00dfen Sie neue Kunden? Bekommen Ihre neuen Mitglieder eine Willkommens-E-Mail? Eine Reihe von E-Mails? Bieten Sie ein Einf\u00fchrungsvideo, ein kostenloses Angebot oder etwas anderes Besonderes an? Geben Sie uns einen \u00dcberblick \u00fcber Ihren Prozess zur Aufnahme neuer Mitglieder, und Ihre Ratschl\u00e4ge k\u00f6nnten in einen der n\u00e4chsten MemberPress-Beitr\u00e4ge aufgenommen werden. Was auch immer Sie tun, Sie werden","canonical_url":"https:\/\/memberpress.com\/de\/your-member-onboarding-process\/","robots":"max-image-preview:large","keywords":"","webmasterTools":{"miscellaneous":""},"schema":{"@context":"https:\/\/schema.org","@graph":[{"@type":"BreadcrumbList","@id":"https:\/\/memberpress.com\/de\/your-member-onboarding-process\/#breadcrumblist","itemListElement":[{"@type":"ListItem","@id":"https:\/\/memberpress.com\/de#listItem","position":1,"name":"Home","item":"https:\/\/memberpress.com\/de","nextItem":{"@type":"ListItem","@id":"https:\/\/memberpress.com\/de\/your-member-onboarding-process\/#listItem","name":"Your Member Onboarding Process"}},{"@type":"ListItem","@id":"https:\/\/memberpress.com\/de\/your-member-onboarding-process\/#listItem","position":2,"name":"Your Member Onboarding Process","previousItem":{"@type":"ListItem","@id":"https:\/\/memberpress.com\/de#listItem","name":"Home"}}]},{"@type":"Organization","@id":"https:\/\/memberpress.com\/de\/#organization","name":"MemberPress","description":"The All-In-One WordPress Membership Plugin","url":"https:\/\/memberpress.com\/de\/","logo":{"@type":"ImageObject","url":"https:\/\/memberpress.com\/wp-content\/uploads\/2022\/10\/mp-icon-RGB_Icon-01.jpg","@id":"https:\/\/memberpress.com\/de\/your-member-onboarding-process\/#organizationLogo","width":1650,"height":1275,"caption":"memberpress logo icon"},"image":{"@id":"https:\/\/memberpress.com\/de\/your-member-onboarding-process\/#organizationLogo"},"sameAs":["https:\/\/www.instagram.com\/memberpress\/","https:\/\/www.pinterest.com\/memberpressplugin\/","https:\/\/www.youtube.com\/c\/MemberPressPlugin","https:\/\/www.linkedin.com\/company\/memberpress\/"]},{"@type":"WebPage","@id":"https:\/\/memberpress.com\/de\/your-member-onboarding-process\/#webpage","url":"https:\/\/memberpress.com\/de\/your-member-onboarding-process\/","name":"Your Member Onboarding Process","description":"How do you welcome new customers? Do your new members get a welcome email? A series of emails? Do you offer an intro video, freebie, or something else special? Give us an outline of your new member onboarding process, and your advice could be included in an upcoming MemberPress feature post. No matter what, you'll","inLanguage":"de-DE","isPartOf":{"@id":"https:\/\/memberpress.com\/de\/#website"},"breadcrumb":{"@id":"https:\/\/memberpress.com\/de\/your-member-onboarding-process\/#breadcrumblist"},"datePublished":"2022-06-17T15:44:31-04:00","dateModified":"2022-06-17T15:44:33-04:00"},{"@type":"WebSite","@id":"https:\/\/memberpress.com\/de\/#website","url":"https:\/\/memberpress.com\/de\/","name":"MemberPress","description":"The All-In-One WordPress Membership Plugin","inLanguage":"de-DE","publisher":{"@id":"https:\/\/memberpress.com\/de\/#organization"}}]},"og:locale":"de_DE","og:site_name":"MemberPress","og:type":"article","og:title":"Your Member Onboarding Process","og:description":"How do you welcome new customers? Do your new members get a welcome email? A series of emails? Do you offer an intro video, freebie, or something else special? Give us an outline of your new member onboarding process, and your advice could be included in an upcoming MemberPress feature post. No matter what, you'll","og:url":"https:\/\/memberpress.com\/de\/your-member-onboarding-process\/","og:image":"https:\/\/memberpress.com\/wp-content\/uploads\/2022\/10\/mp-icon-RGB_Icon-01.jpg","og:image:secure_url":"https:\/\/memberpress.com\/wp-content\/uploads\/2022\/10\/mp-icon-RGB_Icon-01.jpg","og:image:width":1650,"og:image:height":1275,"article:published_time":"2022-06-17T21:44:31+00:00","article:modified_time":"2022-06-17T21:44:33+00:00","article:publisher":"https:\/\/www.facebook.com\/memberpress\/","twitter:card":"summary_large_image","twitter:site":"@memberpress","twitter:title":"Your Member Onboarding Process","twitter:description":"How do you welcome new customers? Do your new members get a welcome email? A series of emails? Do you offer an intro video, freebie, or something else special? Give us an outline of your new member onboarding process, and your advice could be included in an upcoming MemberPress feature post. No matter what, you'll","twitter:image":"https:\/\/memberpress.com\/wp-content\/uploads\/2022\/10\/mp-icon-RGB_Icon-01.jpg"},"aioseo_meta_data":{"post_id":"38078","title":null,"description":null,"keywords":[],"keyphrases":{"focus":{"keyphrase":"","score":0,"analysis":{"keyphraseInTitle":{"score":0,"maxScore":9,"error":1}}},"additional":[]},"primary_term":null,"canonical_url":null,"og_title":null,"og_description":null,"og_object_type":"default","og_image_type":"default","og_image_url":null,"og_image_width":null,"og_image_height":null,"og_image_custom_url":null,"og_image_custom_fields":null,"og_video":"","og_custom_url":null,"og_article_section":null,"og_article_tags":[],"twitter_use_og":false,"twitter_card":"default","twitter_image_type":"default","twitter_image_url":null,"twitter_image_custom_url":null,"twitter_image_custom_fields":null,"twitter_title":null,"twitter_description":null,"schema":{"blockGraphs":[],"customGraphs":[],"default":{"data":{"Article":[],"Course":[],"Dataset":[],"FAQPage":[],"Movie":[],"Person":[],"Product":[],"ProductReview":[],"Car":[],"Recipe":[],"Service":[],"SoftwareApplication":[],"WebPage":[]},"graphName":"Article","isEnabled":true},"graphs":[],"defaultGraph":"WebPage","defaultPostTypeGraph":""},"schema_type":"default","schema_type_options":"{\"article\":{\"articleType\":\"BlogPosting\"},\"course\":{\"name\":\"\",\"description\":\"\",\"provider\":\"\"},\"faq\":{\"pages\":[]},\"product\":{\"reviews\":[]},\"recipe\":{\"ingredients\":[],\"instructions\":[],\"keywords\":[]},\"software\":{\"reviews\":[],\"operatingSystems\":[]},\"webPage\":{\"webPageType\":\"WebPage\"}}","pillar_content":false,"robots_default":true,"robots_noindex":false,"robots_noarchive":false,"robots_nosnippet":false,"robots_nofollow":false,"robots_noimageindex":false,"robots_noodp":false,"robots_notranslate":false,"robots_max_snippet":"-1","robots_max_videopreview":"-1","robots_max_imagepreview":"large","priority":null,"frequency":"default","local_seo":null,"seo_analyzer_scan_date":"2025-10-09 20:05:49","breadcrumb_settings":null,"limit_modified_date":false,"reviewed_by":null,"open_ai":null,"ai":null,"created":"2022-06-17 21:35:10","updated":"2026-03-03 15:01:59"},"aioseo_breadcrumb":"<div class=\"aioseo-breadcrumbs\"><span class=\"aioseo-breadcrumb\">\n\t<a href=\"https:\/\/memberpress.com\/de\" title=\"Home\">Home<\/a>\n<\/span><span class=\"aioseo-breadcrumb-separator\">&raquo;<\/span><span class=\"aioseo-breadcrumb\">\n\tYour Member Onboarding Process\n<\/span><\/div>","aioseo_breadcrumb_json":[{"label":"Home","link":"https:\/\/memberpress.com\/de"},{"label":"Your Member Onboarding Process","link":"https:\/\/memberpress.com\/de\/your-member-onboarding-process\/"}],"app_access":{"can_access":true,"restrict_message":null},"_links":{"self":[{"href":"https:\/\/memberpress.com\/de\/wp-json\/wp\/v2\/pages\/38078","targetHints":{"allow":["GET"]}}],"collection":[{"href":"https:\/\/memberpress.com\/de\/wp-json\/wp\/v2\/pages"}],"about":[{"href":"https:\/\/memberpress.com\/de\/wp-json\/wp\/v2\/types\/page"}],"author":[{"embeddable":true,"href":"https:\/\/memberpress.com\/de\/wp-json\/wp\/v2\/users\/42532"}],"replies":[{"embeddable":true,"href":"https:\/\/memberpress.com\/de\/wp-json\/wp\/v2\/comments?post=38078"}],"version-history":[{"count":0,"href":"https:\/\/memberpress.com\/de\/wp-json\/wp\/v2\/pages\/38078\/revisions"}],"wp:attachment":[{"href":"https:\/\/memberpress.com\/de\/wp-json\/wp\/v2\/media?parent=38078"}],"curies":[{"name":"wp","href":"https:\/\/api.w.org\/{rel}","templated":true}]}}