{"id":67290,"date":"2024-08-07T05:51:43","date_gmt":"2024-08-07T09:51:43","guid":{"rendered":"https:\/\/memberpress.com\/?page_id=67290"},"modified":"2025-04-16T03:33:51","modified_gmt":"2025-04-16T07:33:51","slug":"dfy-services","status":"publish","type":"page","link":"https:\/\/memberpress.com\/de\/dfy-services\/","title":{"rendered":"Done for You MemberPress Dienstleistungen"},"content":{"rendered":"<div style=\"height:40px\" aria-hidden=\"true\" class=\"wp-block-spacer\"><\/div>\n\n\n\n<div class=\"wp-block-columns mp-service-intro-section is-layout-flex wp-container-core-columns-is-layout-9d6595d7 wp-block-columns-is-layout-flex\">\n<div class=\"wp-block-column is-layout-flow wp-block-column-is-layout-flow\">\n<h2 class=\"wp-block-heading has-text-align-center\">Vertrauen Sie Ihre WordPress-Website Profis an, die sich auskennen<\/h2>\n\n\n\n<p class=\"has-text-align-center\">Wir haben das Buch \u00fcber WordPress-Mitgliedschaften geschrieben. Dann haben wir es mit Online-Kursen und Coaching wiederholt. Wenn Sie sich f\u00fcr professionelle WordPress-Dienste von MemberPress entscheiden, k\u00f6nnen Sie darauf vertrauen, dass Ihre Website von Leuten betreut wird, die sich auskennen.<\/p>\n<\/div>\n<\/div>\n\n\n\n<div class=\"wp-block-columns mp-service-feature-section mp-service-feature-section-card dfy-offer is-layout-flex wp-container-core-columns-is-layout-9d6595d7 wp-block-columns-is-layout-flex\">\n<div class=\"wp-block-column is-layout-flow wp-block-column-is-layout-flow\">\n<figure class=\"wp-block-image size-full\"><img decoding=\"async\" src=\"https:\/\/memberpress.com\/wp-content\/uploads\/2024\/08\/Custom-Solutions.png\" alt=\"\" class=\"wp-image-64526\"\/><\/figure>\n\n\n\n<div class=\"wp-block-group\"><div class=\"wp-block-group__inner-container is-layout-constrained wp-block-group-is-layout-constrained\">\n<div class=\"wp-block-group\"><div class=\"wp-block-group__inner-container is-layout-constrained wp-block-group-is-layout-constrained\">\n<figure class=\"wp-block-image size-full\"><img decoding=\"async\" src=\"https:\/\/memberpress.com\/wp-content\/uploads\/2024\/08\/icon-monitor-white.png\" alt=\"\" class=\"wp-image-64564\"\/><\/figure>\n\n\n\n<h3 class=\"wp-block-heading\">Starten Sie Ihre Mitgliedschafts- oder LMS-Website mit Leichtigkeit<\/h3>\n<\/div><\/div>\n\n\n\n<p>Unser Service zur Entwicklung von Mitgliederseiten bietet eine schnelle M\u00f6glichkeit zur Erstellung beeindruckender Websites, w\u00e4hrend unser Lernmanagementsystem eine robuste Plattform f\u00fcr Online-Kurse bietet. Mit einer einfachen Einrichtung, anpassbaren Funktionen, vorgefertigten Vorlagen und fachkundiger Unterst\u00fctzung k\u00f6nnen Sie Ihre Online-Pr\u00e4senz schnell aufbauen und ansprechende Lernerfahrungen vermitteln.<\/p>\n\n\n\n<div class=\"wp-block-buttons is-layout-flex wp-block-buttons-is-layout-flex\">\n<div class=\"wp-block-button mp-service-btn mp-service-btn-rarrow mp-service-btn-light\"><a class=\"wp-block-button__link wp-element-button\" href=\"https:\/\/memberpress.com\/de\/dfy-services\/membership-site-development\/\">Mehr erfahren<\/a><\/div>\n<\/div>\n<\/div><\/div>\n<\/div>\n\n\n\n<div class=\"wp-block-column is-layout-flow wp-block-column-is-layout-flow\">\n<figure class=\"wp-block-image size-full\"><img decoding=\"async\" src=\"https:\/\/memberpress.com\/wp-content\/uploads\/2024\/08\/Website-Audit-Analysis.png\" alt=\"\" class=\"wp-image-64553\"\/><\/figure>\n\n\n\n<div class=\"wp-block-group\"><div class=\"wp-block-group__inner-container is-layout-constrained wp-block-group-is-layout-constrained\">\n<div class=\"wp-block-group\"><div class=\"wp-block-group__inner-container is-layout-constrained wp-block-group-is-layout-constrained\">\n<figure class=\"wp-block-image size-full\"><img decoding=\"async\" src=\"https:\/\/memberpress.com\/wp-content\/uploads\/2024\/08\/icon-tools-white.png\" alt=\"\" class=\"wp-image-64567\"\/><\/figure>\n\n\n\n<h3 class=\"wp-block-heading\">Gesundheit der Website aufrechterhalten<\/h3>\n<\/div><\/div>\n\n\n\n<p>Unser Website-Wartungsservice sorgt daf\u00fcr, dass Ihre Website sicher, aktuell und reibungslos funktioniert. Wir k\u00fcmmern uns um regelm\u00e4\u00dfige Updates, Sicherheitspr\u00fcfungen und Leistungsoptimierung, damit Sie sich auf Ihr Gesch\u00e4ft konzentrieren k\u00f6nnen. Mit prompter Probleml\u00f6sung und fachkundiger Unterst\u00fctzung halten wir Ihre Website in bestem Zustand und bieten Ihren Besuchern ein reibungsloses Erlebnis.<\/p>\n\n\n\n<div class=\"wp-block-buttons is-layout-flex wp-block-buttons-is-layout-flex\">\n<div class=\"wp-block-button mp-service-btn mp-service-btn-rarrow mp-service-btn-light\"><a class=\"wp-block-button__link wp-element-button\" href=\"https:\/\/memberpress.com\/de\/dfy-services\/website-maintenance\/\">Mehr erfahren<\/a><\/div>\n<\/div>\n<\/div><\/div>\n<\/div>\n<\/div>\n\n\n\n<div class=\"wp-block-columns is-layout-flex wp-container-core-columns-is-layout-9d6595d7 wp-block-columns-is-layout-flex\">\n<div class=\"wp-block-column is-layout-flow wp-block-column-is-layout-flow\">\n<h2 class=\"wp-block-heading\">Warum MemberPress-Dienste?<\/h2>\n\n\n\n<p><strong>Wenn es um WordPress-Mitgliedschaftsseiten geht, haben wir das Buch geschrieben. Niemand kennt sich mit Mitgliederseiten besser aus als MemberPress. Unser Pro-Services-Team bietet:<\/strong><\/p>\n\n\n\n<ul class=\"wp-block-list\">\n<li>Erfahrung und Fachwissen<\/li>\n\n\n\n<li>Hervorragendes Design und Entwicklung<\/li>\n\n\n\n<li>Nachgewiesene Erfolgsbilanz<\/li>\n\n\n\n<li>Erschwingliche Preise<\/li>\n\n\n\n<li>Au\u00dfergew\u00f6hnliche Unterst\u00fctzung<\/li>\n<\/ul>\n\n\n\n<p><br>Bringen Sie Ihre WordPress-Website in Rekordzeit zum Laufen. Kontaktieren Sie uns und buchen Sie eine kostenlose Beratung, um die beste L\u00f6sung f\u00fcr Ihre Website zu finden.<\/p>\n\n\n\n<div class=\"wp-block-buttons is-layout-flex wp-block-buttons-is-layout-flex\">\n<div class=\"wp-block-button mp-service-btn mp-service-btn-medium mp-service-btn-rarrow mp-service-btn-contact-experts\"><a class=\"wp-block-button__link wp-element-button\">Kontakt zu unseren Experten<\/a><\/div>\n<\/div>\n<\/div>\n\n\n\n<div class=\"wp-block-column is-layout-flow wp-block-column-is-layout-flow\">\n<div style=\"height:40px\" aria-hidden=\"true\" class=\"wp-block-spacer\"><\/div>\n\n\n\n<figure class=\"wp-block-image size-full\"><img decoding=\"async\" src=\"https:\/\/memberpress.com\/wp-content\/uploads\/2024\/08\/iStock-943067460b-1.png\" alt=\"\" class=\"wp-image-64562\"\/><\/figure>\n<\/div>\n<\/div>\n\n\n\n<div class=\"wp-block-columns mp-service-faq mp-service-full-width is-layout-flex wp-container-core-columns-is-layout-9d6595d7 wp-block-columns-is-layout-flex\">\n<div class=\"wp-block-column is-layout-flow wp-block-column-is-layout-flow\">\n<h2 class=\"wp-block-heading has-text-align-center\">H\u00e4ufig gestellte Fragen und Ressourcen<\/h2>\n\n\n\n<p>Haben Sie eine Frage zu MemberPress? In der folgenden Liste finden Sie die am h\u00e4ufigsten gestellten Fragen.Wenn Ihre Frage hier nicht aufgef\u00fchrt ist, bitte <a class=\"heroickb_exit_link\" href=\"?hkb-redirect&nonce=bb9fe4a85c&check=42qv3&redirect=https%3A%2F%2Fmemberpress.com%2Fsupport%2F&otype=unknown&oid=0&source=block-content\" title=\"\">kontaktieren Sie uns<\/a>.<\/p>\n\n\n\n<div class=\"wp-block-ht-blocks-accordion wp-block-hb-accordion\"><div class=\"wp-block-hb-accordion__section\" data-ht-blocks-accordion-block-state=\"closed\"><div class=\"wp-block-hb-accordion__title\"><span>Wie lange dauert es, eine WordPress-Mitgliedschafts- oder LMS-Website zu erstellen?<\/span><\/div><div class=\"wp-block-hb-accordion__content\"><div class=\"wp-block-hb-accordion__contentwrap\">Die Erstellung einer Mitgliedschafts- oder LMS-Website dauert in der Regel zwischen 10 und 20 Stunden, je nach Komplexit\u00e4t und spezifischen Anforderungen. Eine einfache Website kann schneller fertiggestellt werden, w\u00e4hrend Websites mit fortgeschrittenen Funktionen wie eCommerce oder umfangreichen Mitgliederbereichen l\u00e4nger dauern k\u00f6nnen, um sicherzustellen, dass alle Funktionen nahtlos integriert sind. Wir legen gro\u00dfen Wert auf Qualit\u00e4t und Gr\u00fcndlichkeit, um eine Website zu erstellen, die Ihren Anforderungen perfekt entspricht.<\/div><\/div><\/div><div class=\"wp-block-hb-accordion__section\" data-ht-blocks-accordion-block-state=\"closed\"><div class=\"wp-block-hb-accordion__title\"><span>Welches WordPress-Theme werden Sie f\u00fcr meine Website verwenden?<\/span><\/div><div class=\"wp-block-hb-accordion__content\"><div class=\"wp-block-hb-accordion__contentwrap\">Unsere Mitarbeiter sind alle Experten f\u00fcr Elementor und Astra. Welches Theme wir verwenden, h\u00e4ngt jedoch weitgehend von den spezifischen Anforderungen Ihrer Website ab. Unsere oberste Priorit\u00e4t ist es, eine Website zu erstellen, die Ihren Anforderungen entspricht. Daher empfehlen wir Ihnen das Theme, mit dem wir dieses Ziel am besten erreichen k\u00f6nnen.<\/div><\/div><\/div><div class=\"wp-block-hb-accordion__section\" data-ht-blocks-accordion-block-state=\"closed\"><div class=\"wp-block-hb-accordion__title\"><span>K\u00f6nnen Sie mir bei der Migration meiner bestehenden Website zu WordPress helfen?<\/span><\/div><div class=\"wp-block-hb-accordion__content\"><div class=\"wp-block-hb-accordion__contentwrap\">Ja, wir k\u00f6nnen den Inhalt Ihrer bestehenden Website problemlos auf WordPress migrieren. Das hei\u00dft, wenn Sie eine bestehende Website haben, sind Sie schon einen Schritt weiter und unser Team kann die Dinge f\u00fcr Sie auf die n\u00e4chste Stufe bringen.<\/div><\/div><\/div><div class=\"wp-block-hb-accordion__section\" data-ht-blocks-accordion-block-state=\"closed\"><div class=\"wp-block-hb-accordion__title\"><span>K\u00f6nnen Sie meine Website mit meinem CRM- oder E-Mail-Marketing-System integrieren?<\/span><\/div><div class=\"wp-block-hb-accordion__content\"><div class=\"wp-block-hb-accordion__contentwrap\">Ja. MemberPress l\u00e4sst sich direkt mit allen f\u00fchrenden CRM- und E-Mail-Marketing-Systemen integrieren. Wir richten diese Integrationen ein, wenn wir das MemberPress-Plugin f\u00fcr Sie konfigurieren. Stellen Sie einfach sicher, dass Sie sich f\u00fcr den MemberPress-Plan anmelden, der die von Ihnen ben\u00f6tigte Integration enth\u00e4lt.<\/div><\/div><\/div><div class=\"wp-block-hb-accordion__section\" data-ht-blocks-accordion-block-state=\"closed\"><div class=\"wp-block-hb-accordion__title\"><span>K\u00f6nnen Sie mir bei meiner bestehenden MemberPress-Website helfen?<\/span><\/div><div class=\"wp-block-hb-accordion__content\"><div class=\"wp-block-hb-accordion__contentwrap\">Ja. Tats\u00e4chlich waren unsere derzeitigen Kunden unser erster Gedanke, als wir diese Dienste einf\u00fchrten. Wenn unsere Kunden erfolgreich sind, sind auch wir erfolgreich. Deshalb arbeitet unser professionelles Serviceteam gerne mit bestehenden MemberPress-Websites. <\/div><\/div><\/div><\/div>\n<\/div>\n<\/div>\n\n\n\n<div class=\"wp-block-columns mp-service-cta is-layout-flex wp-container-core-columns-is-layout-9d6595d7 wp-block-columns-is-layout-flex\">\n<div class=\"wp-block-column mp-service-cta is-layout-flow wp-block-column-is-layout-flow\">\n<div class=\"wp-block-group\"><div class=\"wp-block-group__inner-container is-layout-constrained wp-block-group-is-layout-constrained\">\n<h3 class=\"wp-block-heading\">Starten Sie Ihre Website in Rekordzeit<\/h3>\n\n\n\n<p>Beginnen Sie noch heute mit der Erstellung Ihrer Traum-Website mit unserem blitzschnellen Service. Legen Sie jetzt los und starten Sie Ihre Online-Pr\u00e4senz im Handumdrehen!<\/p>\n<\/div><\/div>\n\n\n\n<div class=\"wp-block-buttons is-layout-flex wp-block-buttons-is-layout-flex\">\n<div class=\"wp-block-button mp-service-btn mp-service-btn-rarrow dfy-scrollto-btn\"><a class=\"wp-block-button__link wp-element-button\" href=\"https:\/\/calendly.com\/dfy-memberpress\/30min\">Buchen Sie Ihr kostenloses Beratungsgespr\u00e4ch<\/a><\/div>\n<\/div>\n<\/div>\n<\/div>","protected":false},"excerpt":{"rendered":"<p>Trust Your WordPress Website to Pros Who Know We wrote the book on WordPress memberships. Then we did it again with online courses and coaching. When you choose professional WordPress services by MemberPress, you can trust your website is being handled by people who know. Launch Your Membership or LMS Website with Ease Our Membership [\u2026]<\/p>\n","protected":false},"author":25136,"featured_media":0,"parent":0,"menu_order":0,"comment_status":"closed","ping_status":"closed","template":"page-templates\/services.php","meta":{"_acf_changed":false,"om_disable_all_campaigns":false,"_strive_editorial_status":"not-started","_strive_copy_of":0,"inline_featured_image":false,"_monsterinsights_skip_tracking":false,"_monsterinsights_sitenote_active":false,"_monsterinsights_sitenote_note":"","_monsterinsights_sitenote_category":0,"_genesis_hide_title":false,"_genesis_hide_breadcrumbs":false,"_genesis_hide_singular_image":false,"_genesis_hide_footer_widgets":false,"_genesis_custom_body_class":"","_genesis_custom_post_class":"","_genesis_layout":"","_FSMCFIC_featured_image_caption":"","_FSMCFIC_featured_image_nocaption":"","_FSMCFIC_featured_image_hide":"","footnotes":""},"class_list":{"0":"post-67290","1":"page","2":"type-page","3":"status-publish","5":"entry"},"acf":[],"aioseo_notices":[],"aioseo_head":"\n\t\t<!-- All in One SEO Pro 4.9.5.2 - aioseo.com -->\n\t<meta name=\"description\" content=\"Trust Your WordPress Website to Pros Who Know We wrote the book on Wordpress memberships. Then we did it again with online courses and coaching. When you choose professional WordPress services by MemberPress, you can trust your website is being handled by people who know. Launch Your Membership or LMS Website with Ease Our Membership\" \/>\n\t<meta name=\"robots\" content=\"max-image-preview:large\" \/>\n\t<link rel=\"canonical\" href=\"https:\/\/memberpress.com\/de\/dfy-services\/\" \/>\n\t<meta name=\"generator\" content=\"All in One SEO Pro (AIOSEO) 4.9.5.2\" \/>\n\t\t<meta property=\"og:locale\" content=\"de_DE\" \/>\n\t\t<meta property=\"og:site_name\" content=\"MemberPress\" \/>\n\t\t<meta property=\"og:type\" content=\"article\" \/>\n\t\t<meta property=\"og:title\" content=\"Done for You MemberPress Services\" \/>\n\t\t<meta property=\"og:description\" content=\"Trust Your WordPress Website to Pros Who Know We wrote the book on Wordpress memberships. Then we did it again with online courses and coaching. When you choose professional WordPress services by MemberPress, you can trust your website is being handled by people who know. Launch Your Membership or LMS Website with Ease Our Membership\" \/>\n\t\t<meta property=\"og:url\" content=\"https:\/\/memberpress.com\/de\/dfy-services\/\" \/>\n\t\t<meta property=\"og:image\" content=\"https:\/\/memberpress.com\/wp-content\/uploads\/2022\/10\/mp-icon-RGB_Icon-01.jpg\" \/>\n\t\t<meta property=\"og:image:secure_url\" content=\"https:\/\/memberpress.com\/wp-content\/uploads\/2022\/10\/mp-icon-RGB_Icon-01.jpg\" \/>\n\t\t<meta property=\"og:image:width\" content=\"1650\" \/>\n\t\t<meta property=\"og:image:height\" content=\"1275\" \/>\n\t\t<meta property=\"article:published_time\" content=\"2024-08-07T09:51:43+00:00\" \/>\n\t\t<meta property=\"article:modified_time\" content=\"2025-04-16T07:33:51+00:00\" \/>\n\t\t<meta property=\"article:publisher\" content=\"https:\/\/www.facebook.com\/memberpress\/\" \/>\n\t\t<meta name=\"twitter:card\" content=\"summary_large_image\" \/>\n\t\t<meta name=\"twitter:site\" content=\"@memberpress\" \/>\n\t\t<meta name=\"twitter:title\" content=\"Done for You MemberPress Services\" \/>\n\t\t<meta name=\"twitter:description\" content=\"Trust Your WordPress Website to Pros Who Know We wrote the book on Wordpress memberships. Then we did it again with online courses and coaching. When you choose professional WordPress services by MemberPress, you can trust your website is being handled by people who know. Launch Your Membership or LMS Website with Ease Our Membership\" \/>\n\t\t<meta name=\"twitter:image\" content=\"https:\/\/memberpress.com\/wp-content\/uploads\/2022\/10\/mp-icon-RGB_Icon-01.jpg\" \/>\n\t\t<script type=\"application\/ld+json\" class=\"aioseo-schema\">\n\t\t\t{\"@context\":\"https:\\\/\\\/schema.org\",\"@graph\":[{\"@type\":\"BreadcrumbList\",\"@id\":\"https:\\\/\\\/memberpress.com\\\/de\\\/dfy-services\\\/#breadcrumblist\",\"itemListElement\":[{\"@type\":\"ListItem\",\"@id\":\"https:\\\/\\\/memberpress.com\\\/de#listItem\",\"position\":1,\"name\":\"Home\",\"item\":\"https:\\\/\\\/memberpress.com\\\/de\",\"nextItem\":{\"@type\":\"ListItem\",\"@id\":\"https:\\\/\\\/memberpress.com\\\/de\\\/dfy-services\\\/#listItem\",\"name\":\"Done for You MemberPress Services\"}},{\"@type\":\"ListItem\",\"@id\":\"https:\\\/\\\/memberpress.com\\\/de\\\/dfy-services\\\/#listItem\",\"position\":2,\"name\":\"Done for You MemberPress Services\",\"previousItem\":{\"@type\":\"ListItem\",\"@id\":\"https:\\\/\\\/memberpress.com\\\/de#listItem\",\"name\":\"Home\"}}]},{\"@type\":\"Organization\",\"@id\":\"https:\\\/\\\/memberpress.com\\\/de\\\/#organization\",\"name\":\"MemberPress\",\"description\":\"The All-In-One WordPress Membership Plugin\",\"url\":\"https:\\\/\\\/memberpress.com\\\/de\\\/\",\"logo\":{\"@type\":\"ImageObject\",\"url\":\"https:\\\/\\\/memberpress.com\\\/wp-content\\\/uploads\\\/2022\\\/10\\\/mp-icon-RGB_Icon-01.jpg\",\"@id\":\"https:\\\/\\\/memberpress.com\\\/de\\\/dfy-services\\\/#organizationLogo\",\"width\":1650,\"height\":1275,\"caption\":\"memberpress logo icon\"},\"image\":{\"@id\":\"https:\\\/\\\/memberpress.com\\\/de\\\/dfy-services\\\/#organizationLogo\"},\"sameAs\":[\"https:\\\/\\\/www.instagram.com\\\/memberpress\\\/\",\"https:\\\/\\\/www.pinterest.com\\\/memberpressplugin\\\/\",\"https:\\\/\\\/www.youtube.com\\\/c\\\/MemberPressPlugin\",\"https:\\\/\\\/www.linkedin.com\\\/company\\\/memberpress\\\/\"]},{\"@type\":\"WebPage\",\"@id\":\"https:\\\/\\\/memberpress.com\\\/de\\\/dfy-services\\\/#webpage\",\"url\":\"https:\\\/\\\/memberpress.com\\\/de\\\/dfy-services\\\/\",\"name\":\"Done for You MemberPress Services\",\"description\":\"Trust Your WordPress Website to Pros Who Know We wrote the book on Wordpress memberships. Then we did it again with online courses and coaching. When you choose professional WordPress services by MemberPress, you can trust your website is being handled by people who know. Launch Your Membership or LMS Website with Ease Our Membership\",\"inLanguage\":\"de-DE\",\"isPartOf\":{\"@id\":\"https:\\\/\\\/memberpress.com\\\/de\\\/#website\"},\"breadcrumb\":{\"@id\":\"https:\\\/\\\/memberpress.com\\\/de\\\/dfy-services\\\/#breadcrumblist\"},\"datePublished\":\"2024-08-07T05:51:43-04:00\",\"dateModified\":\"2025-04-16T03:33:51-04:00\"},{\"@type\":\"WebSite\",\"@id\":\"https:\\\/\\\/memberpress.com\\\/de\\\/#website\",\"url\":\"https:\\\/\\\/memberpress.com\\\/de\\\/\",\"name\":\"MemberPress\",\"description\":\"The All-In-One WordPress Membership Plugin\",\"inLanguage\":\"de-DE\",\"publisher\":{\"@id\":\"https:\\\/\\\/memberpress.com\\\/de\\\/#organization\"}}]}\n\t\t<\/script>\n\t\t<!-- All in One SEO Pro -->\r\n\t\t<title>Done for You MemberPress Services<\/title>\n\n","aioseo_head_json":{"title":"Done for You MemberPress Dienstleistungen","description":"Vertrauen Sie Ihre WordPress-Website Profis an, die sich auskennen Wir haben das Buch \u00fcber Wordpress-Mitgliedschaften geschrieben. Dann haben wir es mit Online-Kursen und Coaching wiederholt. Wenn Sie sich f\u00fcr professionelle WordPress-Dienste von MemberPress entscheiden, k\u00f6nnen Sie darauf vertrauen, dass Ihre Website von Leuten betreut wird, die sich auskennen. Starten Sie Ihre Mitgliedschafts- oder LMS-Website mit Leichtigkeit Unsere Mitgliedschaft","canonical_url":"https:\/\/memberpress.com\/de\/dfy-services\/","robots":"max-image-preview:large","keywords":"","webmasterTools":{"miscellaneous":""},"schema":{"@context":"https:\/\/schema.org","@graph":[{"@type":"BreadcrumbList","@id":"https:\/\/memberpress.com\/de\/dfy-services\/#breadcrumblist","itemListElement":[{"@type":"ListItem","@id":"https:\/\/memberpress.com\/de#listItem","position":1,"name":"Home","item":"https:\/\/memberpress.com\/de","nextItem":{"@type":"ListItem","@id":"https:\/\/memberpress.com\/de\/dfy-services\/#listItem","name":"Done for You MemberPress Services"}},{"@type":"ListItem","@id":"https:\/\/memberpress.com\/de\/dfy-services\/#listItem","position":2,"name":"Done for You MemberPress Services","previousItem":{"@type":"ListItem","@id":"https:\/\/memberpress.com\/de#listItem","name":"Home"}}]},{"@type":"Organization","@id":"https:\/\/memberpress.com\/de\/#organization","name":"MemberPress","description":"The All-In-One WordPress Membership Plugin","url":"https:\/\/memberpress.com\/de\/","logo":{"@type":"ImageObject","url":"https:\/\/memberpress.com\/wp-content\/uploads\/2022\/10\/mp-icon-RGB_Icon-01.jpg","@id":"https:\/\/memberpress.com\/de\/dfy-services\/#organizationLogo","width":1650,"height":1275,"caption":"memberpress logo icon"},"image":{"@id":"https:\/\/memberpress.com\/de\/dfy-services\/#organizationLogo"},"sameAs":["https:\/\/www.instagram.com\/memberpress\/","https:\/\/www.pinterest.com\/memberpressplugin\/","https:\/\/www.youtube.com\/c\/MemberPressPlugin","https:\/\/www.linkedin.com\/company\/memberpress\/"]},{"@type":"WebPage","@id":"https:\/\/memberpress.com\/de\/dfy-services\/#webpage","url":"https:\/\/memberpress.com\/de\/dfy-services\/","name":"Done for You MemberPress Services","description":"Trust Your WordPress Website to Pros Who Know We wrote the book on Wordpress memberships. Then we did it again with online courses and coaching. When you choose professional WordPress services by MemberPress, you can trust your website is being handled by people who know. Launch Your Membership or LMS Website with Ease Our Membership","inLanguage":"de-DE","isPartOf":{"@id":"https:\/\/memberpress.com\/de\/#website"},"breadcrumb":{"@id":"https:\/\/memberpress.com\/de\/dfy-services\/#breadcrumblist"},"datePublished":"2024-08-07T05:51:43-04:00","dateModified":"2025-04-16T03:33:51-04:00"},{"@type":"WebSite","@id":"https:\/\/memberpress.com\/de\/#website","url":"https:\/\/memberpress.com\/de\/","name":"MemberPress","description":"The All-In-One WordPress Membership Plugin","inLanguage":"de-DE","publisher":{"@id":"https:\/\/memberpress.com\/de\/#organization"}}]},"og:locale":"de_DE","og:site_name":"MemberPress","og:type":"article","og:title":"Done for You MemberPress Services","og:description":"Trust Your WordPress Website to Pros Who Know We wrote the book on Wordpress memberships. Then we did it again with online courses and coaching. When you choose professional WordPress services by MemberPress, you can trust your website is being handled by people who know. Launch Your Membership or LMS Website with Ease Our Membership","og:url":"https:\/\/memberpress.com\/de\/dfy-services\/","og:image":"https:\/\/memberpress.com\/wp-content\/uploads\/2022\/10\/mp-icon-RGB_Icon-01.jpg","og:image:secure_url":"https:\/\/memberpress.com\/wp-content\/uploads\/2022\/10\/mp-icon-RGB_Icon-01.jpg","og:image:width":1650,"og:image:height":1275,"article:published_time":"2024-08-07T09:51:43+00:00","article:modified_time":"2025-04-16T07:33:51+00:00","article:publisher":"https:\/\/www.facebook.com\/memberpress\/","twitter:card":"summary_large_image","twitter:site":"@memberpress","twitter:title":"Done for You MemberPress Services","twitter:description":"Trust Your WordPress Website to Pros Who Know We wrote the book on Wordpress memberships. Then we did it again with online courses and coaching. When you choose professional WordPress services by MemberPress, you can trust your website is being handled by people who know. Launch Your Membership or LMS Website with Ease Our Membership","twitter:image":"https:\/\/memberpress.com\/wp-content\/uploads\/2022\/10\/mp-icon-RGB_Icon-01.jpg"},"aioseo_meta_data":{"post_id":"67290","title":null,"description":null,"keywords":null,"keyphrases":{"focus":{"keyphrase":"","score":0,"analysis":{"keyphraseInTitle":{"score":0,"maxScore":9,"error":1}}},"additional":[]},"primary_term":null,"canonical_url":null,"og_title":null,"og_description":null,"og_object_type":"default","og_image_type":"default","og_image_url":null,"og_image_width":null,"og_image_height":null,"og_image_custom_url":null,"og_image_custom_fields":null,"og_video":"","og_custom_url":null,"og_article_section":null,"og_article_tags":null,"twitter_use_og":false,"twitter_card":"default","twitter_image_type":"default","twitter_image_url":null,"twitter_image_custom_url":null,"twitter_image_custom_fields":null,"twitter_title":null,"twitter_description":null,"schema":{"blockGraphs":[],"customGraphs":[],"default":{"data":{"Article":[],"Course":[],"Dataset":[],"FAQPage":[],"Movie":[],"Person":[],"Product":[],"ProductReview":[],"Car":[],"Recipe":[],"Service":[],"SoftwareApplication":[],"WebPage":[]},"graphName":"WebPage","isEnabled":true},"graphs":[]},"schema_type":"default","schema_type_options":null,"pillar_content":false,"robots_default":true,"robots_noindex":false,"robots_noarchive":false,"robots_nosnippet":false,"robots_nofollow":false,"robots_noimageindex":false,"robots_noodp":false,"robots_notranslate":false,"robots_max_snippet":"-1","robots_max_videopreview":"-1","robots_max_imagepreview":"large","priority":null,"frequency":"default","local_seo":null,"seo_analyzer_scan_date":"2025-10-09 20:09:02","breadcrumb_settings":null,"limit_modified_date":false,"reviewed_by":null,"open_ai":"{\"title\":{\"suggestions\":[],\"usage\":0},\"description\":{\"suggestions\":[],\"usage\":0}}","ai":null,"created":"2024-08-07 09:50:55","updated":"2026-03-03 14:51:23"},"aioseo_breadcrumb":"<div class=\"aioseo-breadcrumbs\"><span class=\"aioseo-breadcrumb\">\n\t<a href=\"https:\/\/memberpress.com\/de\" title=\"Home\">Home<\/a>\n<\/span><span class=\"aioseo-breadcrumb-separator\">&raquo;<\/span><span class=\"aioseo-breadcrumb\">\n\tDone for You MemberPress Services\n<\/span><\/div>","aioseo_breadcrumb_json":[{"label":"Home","link":"https:\/\/memberpress.com\/de"},{"label":"Done for You MemberPress Services","link":"https:\/\/memberpress.com\/de\/dfy-services\/"}],"app_access":{"can_access":true,"restrict_message":null},"_links":{"self":[{"href":"https:\/\/memberpress.com\/de\/wp-json\/wp\/v2\/pages\/67290","targetHints":{"allow":["GET"]}}],"collection":[{"href":"https:\/\/memberpress.com\/de\/wp-json\/wp\/v2\/pages"}],"about":[{"href":"https:\/\/memberpress.com\/de\/wp-json\/wp\/v2\/types\/page"}],"author":[{"embeddable":true,"href":"https:\/\/memberpress.com\/de\/wp-json\/wp\/v2\/users\/25136"}],"replies":[{"embeddable":true,"href":"https:\/\/memberpress.com\/de\/wp-json\/wp\/v2\/comments?post=67290"}],"version-history":[{"count":1,"href":"https:\/\/memberpress.com\/de\/wp-json\/wp\/v2\/pages\/67290\/revisions"}],"predecessor-version":[{"id":71659,"href":"https:\/\/memberpress.com\/de\/wp-json\/wp\/v2\/pages\/67290\/revisions\/71659"}],"wp:attachment":[{"href":"https:\/\/memberpress.com\/de\/wp-json\/wp\/v2\/media?parent=67290"}],"curies":[{"name":"wp","href":"https:\/\/api.w.org\/{rel}","templated":true}]}}