{"id":77,"date":"2012-12-12T22:52:21","date_gmt":"2012-12-12T22:52:21","guid":{"rendered":"https:\/\/memberpress.com\/?page_id=77"},"modified":"2025-07-21T15:53:17","modified_gmt":"2025-07-21T19:53:17","slug":"affiliate-program","status":"publish","type":"page","link":"https:\/\/memberpress.com\/de\/affiliate-program\/","title":{"rendered":"MemberPress Partnerprogramm"},"content":{"rendered":"<h2 class=\"wp-block-heading\">Promote the World's #1 Monetization, LMS &amp; Membership Software f\u00fcr WordPress<\/h2>\n\n\n\n<p>Werden Sie Teil eines Teams von talentierten Verlegern, die f\u00fcr die am weitesten verbreitete, effektivste und erschwinglichste Plattform f\u00fcr Menschen werben, die ein Online-Gesch\u00e4ft mit WordPress starten m\u00f6chten.<\/p>\n\n\n\n<h4 class=\"wp-block-heading\">Wie hoch ist die Provision?<\/h4>\n\n\n\n<p>F\u00fcr jeden geworbenen Kunden erhalten Sie eine satte 25%-Provision f\u00fcr den ersten Verkauf.<\/p>\n\n\n\n<div style=\"height:30px\" aria-hidden=\"true\" class=\"wp-block-spacer\"><\/div>\n\n\n\n<h4 class=\"wp-block-heading\">Warum sollte ich sonst beitreten?<\/h4>\n\n\n\n<ul class=\"wp-block-list\">\n<li>Es ist kostenlos!<\/li>\n\n\n\n<li>Es gibt ein 60-Tage-R\u00fcckgaberecht.<\/li>\n\n\n\n<li>Sie erhalten f\u00fcr die Konversion optimierte kreative Banner, E-Mails und Textlinks.<\/li>\n\n\n\n<li>Sie k\u00f6nnen mit p\u00fcnktlichen Auszahlungen rechnen (Auszahlung am Ersten des Monats \u00fcber PayPal).<\/li>\n\n\n\n<li>Sie k\u00f6nnen die Provisionen zuverl\u00e4ssig mit dem <a href=\"https:\/\/memberpress.com\/de\/blog\/how-to-use-easy-affiliate-with-memberpress\/\" target=\"_blank\" rel=\"noopener\" title=\"Verwendung von Easy Affiliate mit MemberPress (plus Video)\">Leichtes Affiliate<\/a> Plattform.<\/li>\n\n\n\n<li>Verkaufen ist einfach! MemberPress ist das weltweit beliebteste Monetarisierungs-Plugin f\u00fcr WordPress.<\/li>\n<\/ul>\n\n\n\n<div class=\"block-mp-button-wrap\">\n\t<a id=\"button-block_1eb57d4b0968f9446617a95173820678\" href=\"https:\/\/memberpress.com\/de\/affiliate-signup\/\"   class=\"button button-blue center\">Bewerben Sie sich als MemberPress-Partner<\/a>\n<\/div>","protected":false},"excerpt":{"rendered":"<p>Promote the World\u2019s #1 Monetization, LMS & Membership Software for WordPress Join a team of talented publishers promoting the most widely-used, effective, and affordable platform for people who want to start an online business with WordPress. What\u2019s the commission? You\u2019ll earn a hefty 25% commission on the first sale for each referred customer. Why else [\u2026]<\/p>\n","protected":false},"author":1,"featured_media":0,"parent":0,"menu_order":0,"comment_status":"closed","ping_status":"closed","template":"","meta":{"_acf_changed":false,"om_disable_all_campaigns":false,"_strive_editorial_status":"not-started","_strive_copy_of":0,"inline_featured_image":false,"_monsterinsights_skip_tracking":false,"_monsterinsights_sitenote_active":false,"_monsterinsights_sitenote_note":"","_monsterinsights_sitenote_category":0,"_genesis_hide_title":false,"_genesis_hide_breadcrumbs":false,"_genesis_hide_singular_image":false,"_genesis_hide_footer_widgets":false,"_genesis_custom_body_class":"","_genesis_custom_post_class":"","_genesis_layout":"","_FSMCFIC_featured_image_caption":"","_FSMCFIC_featured_image_nocaption":"","_FSMCFIC_featured_image_hide":"","footnotes":""},"class_list":{"0":"post-77","1":"page","2":"type-page","3":"status-publish","5":"entry"},"acf":[],"aioseo_notices":[],"aioseo_head":"\n\t\t<!-- All in One SEO Pro 4.9.5.2 - aioseo.com -->\n\t<meta name=\"description\" content=\"Join the MemberPress Affiliate Program. Earn money promoting the world&#039;s #1 LMS, paywall, subscription, membership &amp; monetization plugin for WordPress.\" \/>\n\t<meta name=\"robots\" content=\"max-image-preview:large\" \/>\n\t<meta name=\"keywords\" content=\"memberpress affiliate program\" \/>\n\t<link rel=\"canonical\" href=\"https:\/\/memberpress.com\/de\/affiliate-program\/\" \/>\n\t<meta name=\"generator\" content=\"All in One SEO Pro (AIOSEO) 4.9.5.2\" \/>\n\t\t<meta property=\"og:locale\" content=\"de_DE\" \/>\n\t\t<meta property=\"og:site_name\" content=\"MemberPress\" \/>\n\t\t<meta property=\"og:type\" content=\"article\" \/>\n\t\t<meta property=\"og:title\" content=\"Sign Up for the MemberPress Affiliate Program\" \/>\n\t\t<meta property=\"og:description\" content=\"Join the MemberPress Affiliate Program. Earn money promoting the world&#039;s #1 LMS, paywall, subscription, membership &amp; monetization plugin for WordPress.\" \/>\n\t\t<meta property=\"og:url\" content=\"https:\/\/memberpress.com\/de\/affiliate-program\/\" \/>\n\t\t<meta property=\"og:image\" content=\"https:\/\/memberpress.com\/wp-content\/uploads\/2022\/10\/mp-icon-RGB_Icon-01.jpg\" \/>\n\t\t<meta property=\"og:image:secure_url\" content=\"https:\/\/memberpress.com\/wp-content\/uploads\/2022\/10\/mp-icon-RGB_Icon-01.jpg\" \/>\n\t\t<meta property=\"og:image:width\" content=\"1650\" \/>\n\t\t<meta property=\"og:image:height\" content=\"1275\" \/>\n\t\t<meta property=\"article:published_time\" content=\"2012-12-12T22:52:21+00:00\" \/>\n\t\t<meta property=\"article:modified_time\" content=\"2025-07-21T19:53:17+00:00\" \/>\n\t\t<meta property=\"article:publisher\" content=\"https:\/\/www.facebook.com\/memberpress\/\" \/>\n\t\t<meta name=\"twitter:card\" content=\"summary_large_image\" \/>\n\t\t<meta name=\"twitter:site\" content=\"@memberpress\" \/>\n\t\t<meta name=\"twitter:title\" content=\"Sign Up for the MemberPress Affiliate Program\" \/>\n\t\t<meta name=\"twitter:description\" content=\"Join the MemberPress Affiliate Program. Earn money promoting the world&#039;s #1 LMS, paywall, subscription, membership &amp; monetization plugin for WordPress.\" \/>\n\t\t<meta name=\"twitter:image\" content=\"https:\/\/memberpress.com\/wp-content\/uploads\/2022\/10\/mp-icon-RGB_Icon-01.jpg\" \/>\n\t\t<script type=\"application\/ld+json\" class=\"aioseo-schema\">\n\t\t\t{\"@context\":\"https:\\\/\\\/schema.org\",\"@graph\":[{\"@type\":\"BreadcrumbList\",\"@id\":\"https:\\\/\\\/memberpress.com\\\/de\\\/affiliate-program\\\/#breadcrumblist\",\"itemListElement\":[{\"@type\":\"ListItem\",\"@id\":\"https:\\\/\\\/memberpress.com\\\/de#listItem\",\"position\":1,\"name\":\"Home\",\"item\":\"https:\\\/\\\/memberpress.com\\\/de\",\"nextItem\":{\"@type\":\"ListItem\",\"@id\":\"https:\\\/\\\/memberpress.com\\\/de\\\/affiliate-program\\\/#listItem\",\"name\":\"MemberPress Affiliate Program\"}},{\"@type\":\"ListItem\",\"@id\":\"https:\\\/\\\/memberpress.com\\\/de\\\/affiliate-program\\\/#listItem\",\"position\":2,\"name\":\"MemberPress Affiliate Program\",\"previousItem\":{\"@type\":\"ListItem\",\"@id\":\"https:\\\/\\\/memberpress.com\\\/de#listItem\",\"name\":\"Home\"}}]},{\"@type\":\"Organization\",\"@id\":\"https:\\\/\\\/memberpress.com\\\/de\\\/#organization\",\"name\":\"MemberPress\",\"description\":\"The All-In-One WordPress Membership Plugin\",\"url\":\"https:\\\/\\\/memberpress.com\\\/de\\\/\",\"logo\":{\"@type\":\"ImageObject\",\"url\":\"https:\\\/\\\/memberpress.com\\\/wp-content\\\/uploads\\\/2022\\\/10\\\/mp-icon-RGB_Icon-01.jpg\",\"@id\":\"https:\\\/\\\/memberpress.com\\\/de\\\/affiliate-program\\\/#organizationLogo\",\"width\":1650,\"height\":1275,\"caption\":\"memberpress logo icon\"},\"image\":{\"@id\":\"https:\\\/\\\/memberpress.com\\\/de\\\/affiliate-program\\\/#organizationLogo\"},\"sameAs\":[\"https:\\\/\\\/www.instagram.com\\\/memberpress\\\/\",\"https:\\\/\\\/www.pinterest.com\\\/memberpressplugin\\\/\",\"https:\\\/\\\/www.youtube.com\\\/c\\\/MemberPressPlugin\",\"https:\\\/\\\/www.linkedin.com\\\/company\\\/memberpress\\\/\"]},{\"@type\":\"WebPage\",\"@id\":\"https:\\\/\\\/memberpress.com\\\/de\\\/affiliate-program\\\/#webpage\",\"url\":\"https:\\\/\\\/memberpress.com\\\/de\\\/affiliate-program\\\/\",\"name\":\"Sign Up for the MemberPress Affiliate Program\",\"description\":\"Join the MemberPress Affiliate Program. Earn money promoting the world's #1 LMS, paywall, subscription, membership & monetization plugin for WordPress.\",\"inLanguage\":\"de-DE\",\"isPartOf\":{\"@id\":\"https:\\\/\\\/memberpress.com\\\/de\\\/#website\"},\"breadcrumb\":{\"@id\":\"https:\\\/\\\/memberpress.com\\\/de\\\/affiliate-program\\\/#breadcrumblist\"},\"datePublished\":\"2012-12-12T22:52:21-05:00\",\"dateModified\":\"2025-07-21T15:53:17-04:00\"},{\"@type\":\"WebSite\",\"@id\":\"https:\\\/\\\/memberpress.com\\\/de\\\/#website\",\"url\":\"https:\\\/\\\/memberpress.com\\\/de\\\/\",\"name\":\"MemberPress\",\"description\":\"The All-In-One WordPress Membership Plugin\",\"inLanguage\":\"de-DE\",\"publisher\":{\"@id\":\"https:\\\/\\\/memberpress.com\\\/de\\\/#organization\"}}]}\n\t\t<\/script>\n\t\t<!-- All in One SEO Pro -->\r\n\t\t<title>Sign Up for the MemberPress Affiliate Program<\/title>\n\n","aioseo_head_json":{"title":"Registrieren Sie sich f\u00fcr das MemberPress-Partnerprogramm","description":"Nehmen Sie am MemberPress-Partnerprogramm teil. Verdienen Sie Geld, indem Sie das weltweite #1 LMS, Paywall, Abonnement, Mitgliedschaft &amp; Monetarisierungs-Plugin f\u00fcr WordPress bewerben.","canonical_url":"https:\/\/memberpress.com\/de\/affiliate-program\/","robots":"max-image-preview:large","keywords":"memberpress affiliate program","webmasterTools":{"miscellaneous":""},"schema":{"@context":"https:\/\/schema.org","@graph":[{"@type":"BreadcrumbList","@id":"https:\/\/memberpress.com\/de\/affiliate-program\/#breadcrumblist","itemListElement":[{"@type":"ListItem","@id":"https:\/\/memberpress.com\/de#listItem","position":1,"name":"Home","item":"https:\/\/memberpress.com\/de","nextItem":{"@type":"ListItem","@id":"https:\/\/memberpress.com\/de\/affiliate-program\/#listItem","name":"MemberPress Affiliate Program"}},{"@type":"ListItem","@id":"https:\/\/memberpress.com\/de\/affiliate-program\/#listItem","position":2,"name":"MemberPress Affiliate Program","previousItem":{"@type":"ListItem","@id":"https:\/\/memberpress.com\/de#listItem","name":"Home"}}]},{"@type":"Organization","@id":"https:\/\/memberpress.com\/de\/#organization","name":"MemberPress","description":"The All-In-One WordPress Membership Plugin","url":"https:\/\/memberpress.com\/de\/","logo":{"@type":"ImageObject","url":"https:\/\/memberpress.com\/wp-content\/uploads\/2022\/10\/mp-icon-RGB_Icon-01.jpg","@id":"https:\/\/memberpress.com\/de\/affiliate-program\/#organizationLogo","width":1650,"height":1275,"caption":"memberpress logo icon"},"image":{"@id":"https:\/\/memberpress.com\/de\/affiliate-program\/#organizationLogo"},"sameAs":["https:\/\/www.instagram.com\/memberpress\/","https:\/\/www.pinterest.com\/memberpressplugin\/","https:\/\/www.youtube.com\/c\/MemberPressPlugin","https:\/\/www.linkedin.com\/company\/memberpress\/"]},{"@type":"WebPage","@id":"https:\/\/memberpress.com\/de\/affiliate-program\/#webpage","url":"https:\/\/memberpress.com\/de\/affiliate-program\/","name":"Sign Up for the MemberPress Affiliate Program","description":"Join the MemberPress Affiliate Program. Earn money promoting the world's #1 LMS, paywall, subscription, membership & monetization plugin for WordPress.","inLanguage":"de-DE","isPartOf":{"@id":"https:\/\/memberpress.com\/de\/#website"},"breadcrumb":{"@id":"https:\/\/memberpress.com\/de\/affiliate-program\/#breadcrumblist"},"datePublished":"2012-12-12T22:52:21-05:00","dateModified":"2025-07-21T15:53:17-04:00"},{"@type":"WebSite","@id":"https:\/\/memberpress.com\/de\/#website","url":"https:\/\/memberpress.com\/de\/","name":"MemberPress","description":"The All-In-One WordPress Membership Plugin","inLanguage":"de-DE","publisher":{"@id":"https:\/\/memberpress.com\/de\/#organization"}}]},"og:locale":"de_DE","og:site_name":"MemberPress","og:type":"article","og:title":"Sign Up for the MemberPress Affiliate Program","og:description":"Join the MemberPress Affiliate Program. Earn money promoting the world's #1 LMS, paywall, subscription, membership &amp; monetization plugin for WordPress.","og:url":"https:\/\/memberpress.com\/de\/affiliate-program\/","og:image":"https:\/\/memberpress.com\/wp-content\/uploads\/2022\/10\/mp-icon-RGB_Icon-01.jpg","og:image:secure_url":"https:\/\/memberpress.com\/wp-content\/uploads\/2022\/10\/mp-icon-RGB_Icon-01.jpg","og:image:width":1650,"og:image:height":1275,"article:published_time":"2012-12-12T22:52:21+00:00","article:modified_time":"2025-07-21T19:53:17+00:00","article:publisher":"https:\/\/www.facebook.com\/memberpress\/","twitter:card":"summary_large_image","twitter:site":"@memberpress","twitter:title":"Sign Up for the MemberPress Affiliate Program","twitter:description":"Join the MemberPress Affiliate Program. Earn money promoting the world's #1 LMS, paywall, subscription, membership &amp; monetization plugin for WordPress.","twitter:image":"https:\/\/memberpress.com\/wp-content\/uploads\/2022\/10\/mp-icon-RGB_Icon-01.jpg"},"aioseo_meta_data":{"post_id":"77","title":"Registrieren Sie sich f\u00fcr das MemberPress-Partnerprogramm","description":"Nehmen Sie am MemberPress-Partnerprogramm teil. Verdienen Sie Geld, indem Sie das weltweite #1 LMS, Paywall, Abonnement, Mitgliedschaft &amp; Monetarisierungs-Plugin f\u00fcr WordPress bewerben.","keywords":[{"label":"memberpress affiliate program","value":"memberpress affiliate program"}],"keyphrases":{"focus":{"keyphrase":"MemberPress Affiliate Program","score":58,"analysis":{"keyphraseInTitle":{"score":9,"maxScore":9,"error":0},"keyphraseInDescription":{"score":9,"maxScore":9,"error":0},"keyphraseLength":{"score":9,"maxScore":9,"error":0,"length":3},"keyphraseInURL":{"score":1,"maxScore":5,"error":1},"keyphraseInIntroduction":{"score":3,"maxScore":9,"error":1},"keyphraseInSubHeadings":{"score":3,"maxScore":9,"error":1},"keyphraseInImageAlt":[],"keywordDensity":{"score":0,"type":"low","maxScore":9,"error":1}}},"additional":[]},"primary_term":null,"canonical_url":null,"og_title":null,"og_description":null,"og_object_type":"default","og_image_type":"default","og_image_url":null,"og_image_width":null,"og_image_height":null,"og_image_custom_url":null,"og_image_custom_fields":null,"og_video":"","og_custom_url":null,"og_article_section":null,"og_article_tags":null,"twitter_use_og":false,"twitter_card":"default","twitter_image_type":"default","twitter_image_url":null,"twitter_image_custom_url":null,"twitter_image_custom_fields":null,"twitter_title":null,"twitter_description":null,"schema":{"blockGraphs":[],"customGraphs":[],"default":{"data":{"Article":[],"Course":[],"Dataset":[],"FAQPage":[],"Movie":[],"Person":[],"Product":[],"ProductReview":[],"Car":[],"Recipe":[],"Service":[],"SoftwareApplication":[],"WebPage":[]},"graphName":"WebPage","isEnabled":true},"graphs":[]},"schema_type":"default","schema_type_options":"{\"article\":{\"articleType\":\"BlogPosting\"},\"course\":{\"name\":\"\",\"description\":\"\",\"provider\":\"\"},\"faq\":{\"pages\":[]},\"product\":{\"reviews\":[]},\"recipe\":{\"ingredients\":[],\"instructions\":[],\"keywords\":[]},\"software\":{\"reviews\":[],\"operatingSystems\":[]},\"webPage\":{\"webPageType\":\"WebPage\"}}","pillar_content":false,"robots_default":true,"robots_noindex":false,"robots_noarchive":false,"robots_nosnippet":false,"robots_nofollow":false,"robots_noimageindex":false,"robots_noodp":false,"robots_notranslate":false,"robots_max_snippet":"-1","robots_max_videopreview":"-1","robots_max_imagepreview":"large","priority":null,"frequency":"default","local_seo":null,"seo_analyzer_scan_date":"2025-10-09 19:55:42","breadcrumb_settings":null,"limit_modified_date":false,"reviewed_by":"0","open_ai":null,"ai":{"faqs":[],"keyPoints":[],"titles":[],"descriptions":[],"socialPosts":{"email":[],"linkedin":[],"twitter":[],"facebook":[],"instagram":[]}},"created":"2020-12-21 16:17:58","updated":"2026-03-03 15:09:20"},"aioseo_breadcrumb":"<div class=\"aioseo-breadcrumbs\"><span class=\"aioseo-breadcrumb\">\n\t<a href=\"https:\/\/memberpress.com\/de\" title=\"Home\">Home<\/a>\n<\/span><span class=\"aioseo-breadcrumb-separator\">&raquo;<\/span><span class=\"aioseo-breadcrumb\">\n\tMemberPress Affiliate Program\n<\/span><\/div>","aioseo_breadcrumb_json":[{"label":"Home","link":"https:\/\/memberpress.com\/de"},{"label":"MemberPress Affiliate Program","link":"https:\/\/memberpress.com\/de\/affiliate-program\/"}],"app_access":{"can_access":true,"restrict_message":null},"_links":{"self":[{"href":"https:\/\/memberpress.com\/de\/wp-json\/wp\/v2\/pages\/77","targetHints":{"allow":["GET"]}}],"collection":[{"href":"https:\/\/memberpress.com\/de\/wp-json\/wp\/v2\/pages"}],"about":[{"href":"https:\/\/memberpress.com\/de\/wp-json\/wp\/v2\/types\/page"}],"author":[{"embeddable":true,"href":"https:\/\/memberpress.com\/de\/wp-json\/wp\/v2\/users\/1"}],"replies":[{"embeddable":true,"href":"https:\/\/memberpress.com\/de\/wp-json\/wp\/v2\/comments?post=77"}],"version-history":[{"count":3,"href":"https:\/\/memberpress.com\/de\/wp-json\/wp\/v2\/pages\/77\/revisions"}],"predecessor-version":[{"id":74349,"href":"https:\/\/memberpress.com\/de\/wp-json\/wp\/v2\/pages\/77\/revisions\/74349"}],"wp:attachment":[{"href":"https:\/\/memberpress.com\/de\/wp-json\/wp\/v2\/media?parent=77"}],"curies":[{"name":"wp","href":"https:\/\/api.w.org\/{rel}","templated":true}]}}