{"id":36541,"date":"2022-04-19T16:45:51","date_gmt":"2022-04-19T22:45:51","guid":{"rendered":"https:\/\/memberpress.com\/?page_id=36541"},"modified":"2022-08-19T07:56:29","modified_gmt":"2022-08-19T13:56:29","slug":"status","status":"publish","type":"page","link":"https:\/\/memberpress.com\/es\/status\/","title":{"rendered":"Estado de MemberPress"},"content":{"rendered":"<h3 class=\"wp-block-heading\">Actualizaci\u00f3n de la situaci\u00f3n actual<\/h3>\n\n\n\n<figure class=\"wp-block-table is-style-stripes has-small-font-size\"><table class=\"has-fixed-layout\"><thead><tr><th class=\"has-text-align-left\" data-align=\"left\">FECHA\/HORA<\/th><th class=\"has-text-align-left\" data-align=\"left\">TEMA<\/th><th class=\"has-text-align-left\" data-align=\"left\">ESTADO<\/th><\/tr><\/thead><tbody><tr><td class=\"has-text-align-left\" data-align=\"left\"><\/td><td class=\"has-text-align-left\" data-align=\"left\"><\/td><td class=\"has-text-align-left\" data-align=\"left\"><\/td><\/tr><\/tbody><\/table><figcaption>No se han comunicado problemas<\/figcaption><\/figure>\n\n\n\n<div class=\"block-mp-button-wrap\">\n\t<a id=\"button-block_625f4a8d6238b\" href=\"https:\/\/memberpress.com\/es\/support\/\"  target=\"_blank\" class=\"button button-orange\">CONTACTAR CON EL SERVICIO DE ASISTENCIA<\/a>\n<\/div>","protected":false},"excerpt":{"rendered":"<p>Actualizaci\u00f3n del estado actual FECHA\/HORA ESTADO DE LA CUESTI\u00d3N No se han notificado problemas<\/p>","protected":false},"author":47394,"featured_media":40868,"parent":0,"menu_order":0,"comment_status":"closed","ping_status":"closed","template":"","meta":{"_acf_changed":false,"om_disable_all_campaigns":true,"_strive_editorial_status":"not-started","_strive_copy_of":0,"inline_featured_image":false,"_monsterinsights_skip_tracking":false,"_monsterinsights_sitenote_active":false,"_monsterinsights_sitenote_note":"","_monsterinsights_sitenote_category":0,"_genesis_hide_title":false,"_genesis_hide_breadcrumbs":false,"_genesis_hide_singular_image":false,"_genesis_hide_footer_widgets":false,"_genesis_custom_body_class":"","_genesis_custom_post_class":"","_genesis_layout":"","_FSMCFIC_featured_image_caption":"","_FSMCFIC_featured_image_nocaption":"","_FSMCFIC_featured_image_hide":"","footnotes":""},"class_list":{"0":"post-36541","1":"page","2":"type-page","3":"status-publish","4":"has-post-thumbnail","6":"entry"},"acf":[],"aioseo_notices":[],"aioseo_head":"\n\t\t<!-- All in One SEO Pro 4.9.5.2 - aioseo.com -->\n\t<meta name=\"description\" content=\"Is MemberPress down, or is something not working right? Get a MemberPress status update, and see what we&#039;re doing to fix things now.\" \/>\n\t<meta name=\"robots\" content=\"max-image-preview:large\" \/>\n\t<meta name=\"keywords\" content=\"is memberpress down,memberpress status\" \/>\n\t<link rel=\"canonical\" href=\"https:\/\/memberpress.com\/es\/status\/\" \/>\n\t<meta name=\"generator\" content=\"All in One SEO Pro (AIOSEO) 4.9.5.2\" \/>\n\t\t<meta property=\"og:locale\" content=\"es_ES\" \/>\n\t\t<meta property=\"og:site_name\" content=\"MemberPress\" \/>\n\t\t<meta property=\"og:type\" content=\"article\" \/>\n\t\t<meta property=\"og:title\" content=\"MemberPress Status\" \/>\n\t\t<meta property=\"og:description\" content=\"Is MemberPress down, or is something not working right? Get a MemberPress status update, and see what we&#039;re doing to fix things now.\" \/>\n\t\t<meta property=\"og:url\" content=\"https:\/\/memberpress.com\/es\/status\/\" \/>\n\t\t<meta property=\"og:image\" content=\"https:\/\/memberpress.com\/wp-content\/uploads\/2022\/08\/mp-logo-stacked-RGB_Stacked.png\" \/>\n\t\t<meta property=\"og:image:secure_url\" content=\"https:\/\/memberpress.com\/wp-content\/uploads\/2022\/08\/mp-logo-stacked-RGB_Stacked.png\" \/>\n\t\t<meta property=\"og:image:width\" content=\"990\" \/>\n\t\t<meta property=\"og:image:height\" content=\"465\" \/>\n\t\t<meta property=\"article:published_time\" content=\"2022-04-19T22:45:51+00:00\" \/>\n\t\t<meta property=\"article:modified_time\" content=\"2022-08-19T13:56:29+00:00\" \/>\n\t\t<meta property=\"article:publisher\" content=\"https:\/\/www.facebook.com\/memberpress\/\" \/>\n\t\t<meta name=\"twitter:card\" content=\"summary_large_image\" \/>\n\t\t<meta name=\"twitter:site\" content=\"@memberpress\" \/>\n\t\t<meta name=\"twitter:title\" content=\"MemberPress Status\" \/>\n\t\t<meta name=\"twitter:description\" content=\"Is MemberPress down, or is something not working right? Get a MemberPress status update, and see what we&#039;re doing to fix things now.\" \/>\n\t\t<meta name=\"twitter:image\" content=\"https:\/\/memberpress.com\/wp-content\/uploads\/2022\/08\/mp-logo-stacked-RGB_Stacked.png\" \/>\n\t\t<script type=\"application\/ld+json\" class=\"aioseo-schema\">\n\t\t\t{\"@context\":\"https:\\\/\\\/schema.org\",\"@graph\":[{\"@type\":\"BreadcrumbList\",\"@id\":\"https:\\\/\\\/memberpress.com\\\/es\\\/status\\\/#breadcrumblist\",\"itemListElement\":[{\"@type\":\"ListItem\",\"@id\":\"https:\\\/\\\/memberpress.com\\\/es#listItem\",\"position\":1,\"name\":\"Home\",\"item\":\"https:\\\/\\\/memberpress.com\\\/es\",\"nextItem\":{\"@type\":\"ListItem\",\"@id\":\"https:\\\/\\\/memberpress.com\\\/es\\\/status\\\/#listItem\",\"name\":\"MemberPress Status\"}},{\"@type\":\"ListItem\",\"@id\":\"https:\\\/\\\/memberpress.com\\\/es\\\/status\\\/#listItem\",\"position\":2,\"name\":\"MemberPress Status\",\"previousItem\":{\"@type\":\"ListItem\",\"@id\":\"https:\\\/\\\/memberpress.com\\\/es#listItem\",\"name\":\"Home\"}}]},{\"@type\":\"Organization\",\"@id\":\"https:\\\/\\\/memberpress.com\\\/es\\\/#organization\",\"name\":\"MemberPress\",\"description\":\"The All-In-One WordPress Membership Plugin\",\"url\":\"https:\\\/\\\/memberpress.com\\\/es\\\/\",\"logo\":{\"@type\":\"ImageObject\",\"url\":\"https:\\\/\\\/memberpress.com\\\/wp-content\\\/uploads\\\/2022\\\/10\\\/mp-icon-RGB_Icon-01.jpg\",\"@id\":\"https:\\\/\\\/memberpress.com\\\/es\\\/status\\\/#organizationLogo\",\"width\":1650,\"height\":1275,\"caption\":\"memberpress logo icon\"},\"image\":{\"@id\":\"https:\\\/\\\/memberpress.com\\\/es\\\/status\\\/#organizationLogo\"},\"sameAs\":[\"https:\\\/\\\/www.instagram.com\\\/memberpress\\\/\",\"https:\\\/\\\/www.pinterest.com\\\/memberpressplugin\\\/\",\"https:\\\/\\\/www.youtube.com\\\/c\\\/MemberPressPlugin\",\"https:\\\/\\\/www.linkedin.com\\\/company\\\/memberpress\\\/\"]},{\"@type\":\"WebPage\",\"@id\":\"https:\\\/\\\/memberpress.com\\\/es\\\/status\\\/#webpage\",\"url\":\"https:\\\/\\\/memberpress.com\\\/es\\\/status\\\/\",\"name\":\"MemberPress Status\",\"description\":\"Is MemberPress down, or is something not working right? Get a MemberPress status update, and see what we're doing to fix things now.\",\"inLanguage\":\"es-ES\",\"isPartOf\":{\"@id\":\"https:\\\/\\\/memberpress.com\\\/es\\\/#website\"},\"breadcrumb\":{\"@id\":\"https:\\\/\\\/memberpress.com\\\/es\\\/status\\\/#breadcrumblist\"},\"image\":{\"@type\":\"ImageObject\",\"url\":\"https:\\\/\\\/memberpress.com\\\/wp-content\\\/uploads\\\/2022\\\/08\\\/mp-logo-stacked-RGB_Stacked.png\",\"@id\":\"https:\\\/\\\/memberpress.com\\\/es\\\/status\\\/#mainImage\",\"width\":990,\"height\":465,\"caption\":\"memberpress stacked logo\"},\"primaryImageOfPage\":{\"@id\":\"https:\\\/\\\/memberpress.com\\\/es\\\/status\\\/#mainImage\"},\"datePublished\":\"2022-04-19T16:45:51-04:00\",\"dateModified\":\"2022-08-19T07:56:29-04:00\"},{\"@type\":\"WebSite\",\"@id\":\"https:\\\/\\\/memberpress.com\\\/es\\\/#website\",\"url\":\"https:\\\/\\\/memberpress.com\\\/es\\\/\",\"name\":\"MemberPress\",\"description\":\"The All-In-One WordPress Membership Plugin\",\"inLanguage\":\"es-ES\",\"publisher\":{\"@id\":\"https:\\\/\\\/memberpress.com\\\/es\\\/#organization\"}}]}\n\t\t<\/script>\n\t\t<!-- All in One SEO Pro -->\r\n\t\t<title>MemberPress Status<\/title>\n\n","aioseo_head_json":{"title":"Estado de MemberPress","description":"\u00bfSe ha ca\u00eddo MemberPress o hay algo que no funciona bien? Inf\u00f3rmate sobre el estado de MemberPress y descubre qu\u00e9 estamos haciendo para solucionarlo.","canonical_url":"https:\/\/memberpress.com\/es\/status\/","robots":"max-image-preview:large","keywords":"is memberpress down,memberpress status","webmasterTools":{"miscellaneous":""},"schema":{"@context":"https:\/\/schema.org","@graph":[{"@type":"BreadcrumbList","@id":"https:\/\/memberpress.com\/es\/status\/#breadcrumblist","itemListElement":[{"@type":"ListItem","@id":"https:\/\/memberpress.com\/es#listItem","position":1,"name":"Home","item":"https:\/\/memberpress.com\/es","nextItem":{"@type":"ListItem","@id":"https:\/\/memberpress.com\/es\/status\/#listItem","name":"MemberPress Status"}},{"@type":"ListItem","@id":"https:\/\/memberpress.com\/es\/status\/#listItem","position":2,"name":"MemberPress Status","previousItem":{"@type":"ListItem","@id":"https:\/\/memberpress.com\/es#listItem","name":"Home"}}]},{"@type":"Organization","@id":"https:\/\/memberpress.com\/es\/#organization","name":"MemberPress","description":"The All-In-One WordPress Membership Plugin","url":"https:\/\/memberpress.com\/es\/","logo":{"@type":"ImageObject","url":"https:\/\/memberpress.com\/wp-content\/uploads\/2022\/10\/mp-icon-RGB_Icon-01.jpg","@id":"https:\/\/memberpress.com\/es\/status\/#organizationLogo","width":1650,"height":1275,"caption":"memberpress logo icon"},"image":{"@id":"https:\/\/memberpress.com\/es\/status\/#organizationLogo"},"sameAs":["https:\/\/www.instagram.com\/memberpress\/","https:\/\/www.pinterest.com\/memberpressplugin\/","https:\/\/www.youtube.com\/c\/MemberPressPlugin","https:\/\/www.linkedin.com\/company\/memberpress\/"]},{"@type":"WebPage","@id":"https:\/\/memberpress.com\/es\/status\/#webpage","url":"https:\/\/memberpress.com\/es\/status\/","name":"MemberPress Status","description":"Is MemberPress down, or is something not working right? Get a MemberPress status update, and see what we're doing to fix things now.","inLanguage":"es-ES","isPartOf":{"@id":"https:\/\/memberpress.com\/es\/#website"},"breadcrumb":{"@id":"https:\/\/memberpress.com\/es\/status\/#breadcrumblist"},"image":{"@type":"ImageObject","url":"https:\/\/memberpress.com\/wp-content\/uploads\/2022\/08\/mp-logo-stacked-RGB_Stacked.png","@id":"https:\/\/memberpress.com\/es\/status\/#mainImage","width":990,"height":465,"caption":"memberpress stacked logo"},"primaryImageOfPage":{"@id":"https:\/\/memberpress.com\/es\/status\/#mainImage"},"datePublished":"2022-04-19T16:45:51-04:00","dateModified":"2022-08-19T07:56:29-04:00"},{"@type":"WebSite","@id":"https:\/\/memberpress.com\/es\/#website","url":"https:\/\/memberpress.com\/es\/","name":"MemberPress","description":"The All-In-One WordPress Membership Plugin","inLanguage":"es-ES","publisher":{"@id":"https:\/\/memberpress.com\/es\/#organization"}}]},"og:locale":"es_ES","og:site_name":"MemberPress","og:type":"article","og:title":"MemberPress Status","og:description":"Is MemberPress down, or is something not working right? Get a MemberPress status update, and see what we're doing to fix things now.","og:url":"https:\/\/memberpress.com\/es\/status\/","og:image":"https:\/\/memberpress.com\/wp-content\/uploads\/2022\/08\/mp-logo-stacked-RGB_Stacked.png","og:image:secure_url":"https:\/\/memberpress.com\/wp-content\/uploads\/2022\/08\/mp-logo-stacked-RGB_Stacked.png","og:image:width":990,"og:image:height":465,"article:published_time":"2022-04-19T22:45:51+00:00","article:modified_time":"2022-08-19T13:56:29+00:00","article:publisher":"https:\/\/www.facebook.com\/memberpress\/","twitter:card":"summary_large_image","twitter:site":"@memberpress","twitter:title":"MemberPress Status","twitter:description":"Is MemberPress down, or is something not working right? Get a MemberPress status update, and see what we're doing to fix things now.","twitter:image":"https:\/\/memberpress.com\/wp-content\/uploads\/2022\/08\/mp-logo-stacked-RGB_Stacked.png"},"aioseo_meta_data":{"post_id":"36541","title":null,"description":"\u00bfSe ha ca\u00eddo MemberPress o hay algo que no funciona bien? Inf\u00f3rmate sobre el estado de MemberPress y descubre qu\u00e9 estamos haciendo para solucionarlo.","keywords":[{"label":"is memberpress down","value":"is memberpress down"},{"label":"memberpress status","value":"memberpress status"}],"keyphrases":{"focus":{"keyphrase":"","score":0,"analysis":{"keyphraseInTitle":{"score":0,"maxScore":9,"error":1}}},"additional":[]},"primary_term":null,"canonical_url":null,"og_title":null,"og_description":null,"og_object_type":"default","og_image_type":"default","og_image_url":null,"og_image_width":null,"og_image_height":null,"og_image_custom_url":null,"og_image_custom_fields":null,"og_video":"","og_custom_url":null,"og_article_section":null,"og_article_tags":[],"twitter_use_og":false,"twitter_card":"default","twitter_image_type":"default","twitter_image_url":null,"twitter_image_custom_url":null,"twitter_image_custom_fields":null,"twitter_title":null,"twitter_description":null,"schema":{"blockGraphs":[],"customGraphs":[],"default":{"data":{"Article":[],"Course":[],"Dataset":[],"FAQPage":[],"Movie":[],"Person":[],"Product":[],"ProductReview":[],"Car":[],"Recipe":[],"Service":[],"SoftwareApplication":[],"WebPage":[]},"graphName":"Article","isEnabled":true},"graphs":[]},"schema_type":"default","schema_type_options":"{\"article\":{\"articleType\":\"BlogPosting\"},\"course\":{\"name\":\"\",\"description\":\"\",\"provider\":\"\"},\"faq\":{\"pages\":[]},\"product\":{\"reviews\":[]},\"recipe\":{\"ingredients\":[],\"instructions\":[],\"keywords\":[]},\"software\":{\"reviews\":[],\"operatingSystems\":[]},\"webPage\":{\"webPageType\":\"WebPage\"}}","pillar_content":false,"robots_default":true,"robots_noindex":false,"robots_noarchive":false,"robots_nosnippet":false,"robots_nofollow":false,"robots_noimageindex":false,"robots_noodp":false,"robots_notranslate":false,"robots_max_snippet":"-1","robots_max_videopreview":"-1","robots_max_imagepreview":"large","priority":null,"frequency":"default","local_seo":null,"seo_analyzer_scan_date":"2025-10-09 20:05:47","breadcrumb_settings":null,"limit_modified_date":false,"reviewed_by":null,"open_ai":null,"ai":null,"created":"2022-04-19 22:45:31","updated":"2026-03-03 15:02:00"},"aioseo_breadcrumb":"<div class=\"aioseo-breadcrumbs\"><span class=\"aioseo-breadcrumb\">\n\t<a href=\"https:\/\/memberpress.com\/es\" title=\"Home\">Home<\/a>\n<\/span><span class=\"aioseo-breadcrumb-separator\">&raquo;<\/span><span class=\"aioseo-breadcrumb\">\n\tMemberPress Status\n<\/span><\/div>","aioseo_breadcrumb_json":[{"label":"Home","link":"https:\/\/memberpress.com\/es"},{"label":"MemberPress Status","link":"https:\/\/memberpress.com\/es\/status\/"}],"app_access":{"can_access":true,"restrict_message":null},"_links":{"self":[{"href":"https:\/\/memberpress.com\/es\/wp-json\/wp\/v2\/pages\/36541","targetHints":{"allow":["GET"]}}],"collection":[{"href":"https:\/\/memberpress.com\/es\/wp-json\/wp\/v2\/pages"}],"about":[{"href":"https:\/\/memberpress.com\/es\/wp-json\/wp\/v2\/types\/page"}],"author":[{"embeddable":true,"href":"https:\/\/memberpress.com\/es\/wp-json\/wp\/v2\/users\/47394"}],"replies":[{"embeddable":true,"href":"https:\/\/memberpress.com\/es\/wp-json\/wp\/v2\/comments?post=36541"}],"version-history":[{"count":0,"href":"https:\/\/memberpress.com\/es\/wp-json\/wp\/v2\/pages\/36541\/revisions"}],"wp:featuredmedia":[{"embeddable":true,"href":"https:\/\/memberpress.com\/es\/wp-json\/wp\/v2\/media\/40868"}],"wp:attachment":[{"href":"https:\/\/memberpress.com\/es\/wp-json\/wp\/v2\/media?parent=36541"}],"curies":[{"name":"wp","href":"https:\/\/api.w.org\/{rel}","templated":true}]}}