{"id":67290,"date":"2024-08-07T05:51:43","date_gmt":"2024-08-07T09:51:43","guid":{"rendered":"https:\/\/memberpress.com\/?page_id=67290"},"modified":"2025-04-16T03:33:51","modified_gmt":"2025-04-16T07:33:51","slug":"dfy-services","status":"publish","type":"page","link":"https:\/\/memberpress.com\/es\/dfy-services\/","title":{"rendered":"Servicios Done for You MemberPress"},"content":{"rendered":"<div style=\"height:40px\" aria-hidden=\"true\" class=\"wp-block-spacer\"><\/div>\n\n\n\n<div class=\"wp-block-columns mp-service-intro-section is-layout-flex wp-container-core-columns-is-layout-9d6595d7 wp-block-columns-is-layout-flex\">\n<div class=\"wp-block-column is-layout-flow wp-block-column-is-layout-flow\">\n<h2 class=\"wp-block-heading has-text-align-center\">Conf\u00ede su sitio web WordPress a profesionales que saben<\/h2>\n\n\n\n<p class=\"has-text-align-center\">Escribimos el libro sobre las afiliaciones a WordPress. Luego lo hicimos de nuevo con cursos en l\u00ednea y coaching. Cuando usted elige los servicios profesionales de WordPress por MemberPress, puede confiar en que su sitio web est\u00e1 siendo manejado por personas que saben.<\/p>\n<\/div>\n<\/div>\n\n\n\n<div class=\"wp-block-columns mp-service-feature-section mp-service-feature-section-card dfy-offer is-layout-flex wp-container-core-columns-is-layout-9d6595d7 wp-block-columns-is-layout-flex\">\n<div class=\"wp-block-column is-layout-flow wp-block-column-is-layout-flow\">\n<figure class=\"wp-block-image size-full\"><img decoding=\"async\" src=\"https:\/\/memberpress.com\/wp-content\/uploads\/2024\/08\/Custom-Solutions.png\" alt=\"\" class=\"wp-image-64526\"\/><\/figure>\n\n\n\n<div class=\"wp-block-group\"><div class=\"wp-block-group__inner-container is-layout-constrained wp-block-group-is-layout-constrained\">\n<div class=\"wp-block-group\"><div class=\"wp-block-group__inner-container is-layout-constrained wp-block-group-is-layout-constrained\">\n<figure class=\"wp-block-image size-full\"><img decoding=\"async\" src=\"https:\/\/memberpress.com\/wp-content\/uploads\/2024\/08\/icon-monitor-white.png\" alt=\"\" class=\"wp-image-64564\"\/><\/figure>\n\n\n\n<h3 class=\"wp-block-heading\">Lance su sitio web de afiliaci\u00f3n o LMS con facilidad<\/h3>\n<\/div><\/div>\n\n\n\n<p>Nuestro servicio de desarrollo de sitios de afiliaci\u00f3n ofrece una forma r\u00e1pida de crear sitios web impresionantes, mientras que nuestro sistema de gesti\u00f3n del aprendizaje proporciona una s\u00f3lida plataforma para cursos en l\u00ednea. Con una configuraci\u00f3n sencilla, funciones personalizables, plantillas predise\u00f1adas y la asistencia de expertos, puede crear r\u00e1pidamente su presencia en l\u00ednea y ofrecer experiencias de aprendizaje atractivas.<\/p>\n\n\n\n<div class=\"wp-block-buttons is-layout-flex wp-block-buttons-is-layout-flex\">\n<div class=\"wp-block-button mp-service-btn mp-service-btn-rarrow mp-service-btn-light\"><a class=\"wp-block-button__link wp-element-button\" href=\"https:\/\/memberpress.com\/es\/dfy-services\/membership-site-development\/\">M\u00e1s informaci\u00f3n<\/a><\/div>\n<\/div>\n<\/div><\/div>\n<\/div>\n\n\n\n<div class=\"wp-block-column is-layout-flow wp-block-column-is-layout-flow\">\n<figure class=\"wp-block-image size-full\"><img decoding=\"async\" src=\"https:\/\/memberpress.com\/wp-content\/uploads\/2024\/08\/Website-Audit-Analysis.png\" alt=\"\" class=\"wp-image-64553\"\/><\/figure>\n\n\n\n<div class=\"wp-block-group\"><div class=\"wp-block-group__inner-container is-layout-constrained wp-block-group-is-layout-constrained\">\n<div class=\"wp-block-group\"><div class=\"wp-block-group__inner-container is-layout-constrained wp-block-group-is-layout-constrained\">\n<figure class=\"wp-block-image size-full\"><img decoding=\"async\" src=\"https:\/\/memberpress.com\/wp-content\/uploads\/2024\/08\/icon-tools-white.png\" alt=\"\" class=\"wp-image-64567\"\/><\/figure>\n\n\n\n<h3 class=\"wp-block-heading\">Mantener la salud del sitio web<\/h3>\n<\/div><\/div>\n\n\n\n<p>Nuestro servicio de mantenimiento de sitios web garantiza que su sitio siga siendo seguro, est\u00e9 actualizado y funcione correctamente. Nos encargamos de las actualizaciones peri\u00f3dicas, las comprobaciones de seguridad y la optimizaci\u00f3n del rendimiento, para que usted pueda centrarse en su negocio. Con una r\u00e1pida resoluci\u00f3n de problemas y un soporte experto, mantenemos su sitio web en las mejores condiciones, proporcionando tranquilidad y una experiencia fluida a sus visitantes.<\/p>\n\n\n\n<div class=\"wp-block-buttons is-layout-flex wp-block-buttons-is-layout-flex\">\n<div class=\"wp-block-button mp-service-btn mp-service-btn-rarrow mp-service-btn-light\"><a class=\"wp-block-button__link wp-element-button\" href=\"https:\/\/memberpress.com\/es\/dfy-services\/website-maintenance\/\">M\u00e1s informaci\u00f3n<\/a><\/div>\n<\/div>\n<\/div><\/div>\n<\/div>\n<\/div>\n\n\n\n<div class=\"wp-block-columns is-layout-flex wp-container-core-columns-is-layout-9d6595d7 wp-block-columns-is-layout-flex\">\n<div class=\"wp-block-column is-layout-flow wp-block-column-is-layout-flow\">\n<h2 class=\"wp-block-heading\">\u00bfPor qu\u00e9 los servicios MemberPress?<\/h2>\n\n\n\n<p><strong>Cuando se trata de sitios de membres\u00eda de WordPress, escribimos el libro. Nadie conoce mejor los sitios de afiliaci\u00f3n que MemberPress. Nuestro equipo de servicios profesionales ofrece:<\/strong><\/p>\n\n\n\n<ul class=\"wp-block-list\">\n<li>Experiencia y conocimientos<\/li>\n\n\n\n<li>Excelencia en dise\u00f1o y desarrollo<\/li>\n\n\n\n<li>Experiencia demostrada<\/li>\n\n\n\n<li>Precios asequibles<\/li>\n\n\n\n<li>Apoyo excepcional<\/li>\n<\/ul>\n\n\n\n<p><br>Ponga en marcha su sitio WordPress en un tiempo r\u00e9cord. P\u00f3ngase en contacto con nosotros y reserve una consulta gratuita para orientarle hacia la mejor soluci\u00f3n para su sitio web.<\/p>\n\n\n\n<div class=\"wp-block-buttons is-layout-flex wp-block-buttons-is-layout-flex\">\n<div class=\"wp-block-button mp-service-btn mp-service-btn-medium mp-service-btn-rarrow mp-service-btn-contact-experts\"><a class=\"wp-block-button__link wp-element-button\">Contacte con nuestros expertos<\/a><\/div>\n<\/div>\n<\/div>\n\n\n\n<div class=\"wp-block-column is-layout-flow wp-block-column-is-layout-flow\">\n<div style=\"height:40px\" aria-hidden=\"true\" class=\"wp-block-spacer\"><\/div>\n\n\n\n<figure class=\"wp-block-image size-full\"><img decoding=\"async\" src=\"https:\/\/memberpress.com\/wp-content\/uploads\/2024\/08\/iStock-943067460b-1.png\" alt=\"\" class=\"wp-image-64562\"\/><\/figure>\n<\/div>\n<\/div>\n\n\n\n<div class=\"wp-block-columns mp-service-faq mp-service-full-width is-layout-flex wp-container-core-columns-is-layout-9d6595d7 wp-block-columns-is-layout-flex\">\n<div class=\"wp-block-column is-layout-flow wp-block-column-is-layout-flow\">\n<h2 class=\"wp-block-heading has-text-align-center\">Preguntas frecuentes y recursos<\/h2>\n\n\n\n<p>\u00bfTiene alguna pregunta sobre MemberPress? En la siguiente lista encontrar\u00e1 las preguntas m\u00e1s frecuentes.Si su pregunta no est\u00e1 en esta lista, por favor <a class=\"heroickb_exit_link\" href=\"?hkb-redirect&nonce=bb9fe4a85c&check=42qv3&redirect=https%3A%2F%2Fmemberpress.com%2Fsupport%2F&otype=unknown&oid=0&source=block-content\" title=\"\">Contacto<\/a>.<\/p>\n\n\n\n<div class=\"wp-block-ht-blocks-accordion wp-block-hb-accordion\"><div class=\"wp-block-hb-accordion__section\" data-ht-blocks-accordion-block-state=\"closed\"><div class=\"wp-block-hb-accordion__title\"><span>\u00bfCu\u00e1nto tiempo se tarda en crear un sitio web de afiliaci\u00f3n o LMS en WordPress?<\/span><\/div><div class=\"wp-block-hb-accordion__content\"><div class=\"wp-block-hb-accordion__contentwrap\">Construir un sitio web de afiliaci\u00f3n o LMS suele llevar entre 10 y 20 horas, dependiendo de la complejidad y los requisitos espec\u00edficos. Un sitio b\u00e1sico puede completarse m\u00e1s r\u00e1pidamente, mientras que los sitios con caracter\u00edsticas avanzadas como comercio electr\u00f3nico o extensas \u00e1reas de membres\u00eda pueden tomar m\u00e1s tiempo para asegurar que todas las funcionalidades est\u00e9n perfectamente integradas. Damos prioridad a la calidad y la minuciosidad para entregar un sitio que satisfaga sus necesidades a la perfecci\u00f3n.<\/div><\/div><\/div><div class=\"wp-block-hb-accordion__section\" data-ht-blocks-accordion-block-state=\"closed\"><div class=\"wp-block-hb-accordion__title\"><span>\u00bfQu\u00e9 tema de WordPress utilizar\u00e1n para crear mi sitio web?<\/span><\/div><div class=\"wp-block-hb-accordion__content\"><div class=\"wp-block-hb-accordion__contentwrap\">Nuestro equipo es experto en Elementor y Astra. Sin embargo, el tema que utilicemos depender\u00e1 en gran medida de los requisitos espec\u00edficos de su sitio web. Nuestra principal prioridad es ofrecerte un sitio web que satisfaga tus necesidades. Por lo tanto, te recomendaremos el tema que mejor nos ayude a conseguir este objetivo.<\/div><\/div><\/div><div class=\"wp-block-hb-accordion__section\" data-ht-blocks-accordion-block-state=\"closed\"><div class=\"wp-block-hb-accordion__title\"><span>\u00bfPueden ayudarme a migrar mi sitio web actual a WordPress?<\/span><\/div><div class=\"wp-block-hb-accordion__content\"><div class=\"wp-block-hb-accordion__contentwrap\">S\u00ed, podemos migrar f\u00e1cilmente el contenido de su sitio web existente a WordPress. Esto significa que, si ya tienes un sitio web, est\u00e1s un paso por delante y nuestro equipo puede llevar las cosas al siguiente nivel para ti.<\/div><\/div><\/div><div class=\"wp-block-hb-accordion__section\" data-ht-blocks-accordion-block-state=\"closed\"><div class=\"wp-block-hb-accordion__title\"><span>\u00bfPueden integrar mi sitio web con mi CRM o sistema de marketing por correo electr\u00f3nico?<\/span><\/div><div class=\"wp-block-hb-accordion__content\"><div class=\"wp-block-hb-accordion__contentwrap\">S\u00ed. MemberPress se integra directamente con los principales sistemas de CRM y Email marketing. Establecemos estas integraciones cuando configuramos el plugin MemberPress para usted. Aseg\u00farese de contratar el plan MemberPress que incluye la integraci\u00f3n que necesita.<\/div><\/div><\/div><div class=\"wp-block-hb-accordion__section\" data-ht-blocks-accordion-block-state=\"closed\"><div class=\"wp-block-hb-accordion__title\"><span>\u00bfPueden ayudarme con mi actual sitio web MemberPress?<\/span><\/div><div class=\"wp-block-hb-accordion__content\"><div class=\"wp-block-hb-accordion__contentwrap\">S\u00ed. De hecho, nuestros clientes actuales fueron nuestro primer pensamiento cuando lanzamos estos servicios. Cuando nuestros clientes tienen \u00e9xito, nosotros tambi\u00e9n lo tenemos. Por eso, a nuestro equipo de servicios profesionales le encanta trabajar con sitios web MemberPress existentes. <\/div><\/div><\/div><\/div>\n<\/div>\n<\/div>\n\n\n\n<div class=\"wp-block-columns mp-service-cta is-layout-flex wp-container-core-columns-is-layout-9d6595d7 wp-block-columns-is-layout-flex\">\n<div class=\"wp-block-column mp-service-cta is-layout-flow wp-block-column-is-layout-flow\">\n<div class=\"wp-block-group\"><div class=\"wp-block-group__inner-container is-layout-constrained wp-block-group-is-layout-constrained\">\n<h3 class=\"wp-block-heading\">Lance su sitio web en un tiempo r\u00e9cord<\/h3>\n\n\n\n<p>Empiece hoy mismo a crear el sitio web de sus sue\u00f1os con nuestro rapid\u00edsimo servicio. Empieza ahora y pon en marcha tu presencia online en un abrir y cerrar de ojos.<\/p>\n<\/div><\/div>\n\n\n\n<div class=\"wp-block-buttons is-layout-flex wp-block-buttons-is-layout-flex\">\n<div class=\"wp-block-button mp-service-btn mp-service-btn-rarrow dfy-scrollto-btn\"><a class=\"wp-block-button__link wp-element-button\" href=\"https:\/\/calendly.com\/dfy-memberpress\/30min\">Reserve su consulta gratuita<\/a><\/div>\n<\/div>\n<\/div>\n<\/div>","protected":false},"excerpt":{"rendered":"<p>Trust Your WordPress Website to Pros Who Know We wrote the book on WordPress memberships. Then we did it again with online courses and coaching. When you choose professional WordPress services by MemberPress, you can trust your website is being handled by people who know. Launch Your Membership or LMS Website with Ease Our Membership [\u2026]<\/p>\n","protected":false},"author":25136,"featured_media":0,"parent":0,"menu_order":0,"comment_status":"closed","ping_status":"closed","template":"page-templates\/services.php","meta":{"_acf_changed":false,"om_disable_all_campaigns":false,"_strive_editorial_status":"not-started","_strive_copy_of":0,"inline_featured_image":false,"_monsterinsights_skip_tracking":false,"_monsterinsights_sitenote_active":false,"_monsterinsights_sitenote_note":"","_monsterinsights_sitenote_category":0,"_genesis_hide_title":false,"_genesis_hide_breadcrumbs":false,"_genesis_hide_singular_image":false,"_genesis_hide_footer_widgets":false,"_genesis_custom_body_class":"","_genesis_custom_post_class":"","_genesis_layout":"","_FSMCFIC_featured_image_caption":"","_FSMCFIC_featured_image_nocaption":"","_FSMCFIC_featured_image_hide":"","footnotes":""},"class_list":{"0":"post-67290","1":"page","2":"type-page","3":"status-publish","5":"entry"},"acf":[],"aioseo_notices":[],"aioseo_head":"\n\t\t<!-- All in One SEO Pro 4.9.5.2 - aioseo.com -->\n\t<meta name=\"description\" content=\"Trust Your WordPress Website to Pros Who Know We wrote the book on Wordpress memberships. Then we did it again with online courses and coaching. When you choose professional WordPress services by MemberPress, you can trust your website is being handled by people who know. Launch Your Membership or LMS Website with Ease Our Membership\" \/>\n\t<meta name=\"robots\" content=\"max-image-preview:large\" \/>\n\t<link rel=\"canonical\" href=\"https:\/\/memberpress.com\/es\/dfy-services\/\" \/>\n\t<meta name=\"generator\" content=\"All in One SEO Pro (AIOSEO) 4.9.5.2\" \/>\n\t\t<meta property=\"og:locale\" content=\"es_ES\" \/>\n\t\t<meta property=\"og:site_name\" content=\"MemberPress\" \/>\n\t\t<meta property=\"og:type\" content=\"article\" \/>\n\t\t<meta property=\"og:title\" content=\"Done for You MemberPress Services\" \/>\n\t\t<meta property=\"og:description\" content=\"Trust Your WordPress Website to Pros Who Know We wrote the book on Wordpress memberships. Then we did it again with online courses and coaching. When you choose professional WordPress services by MemberPress, you can trust your website is being handled by people who know. Launch Your Membership or LMS Website with Ease Our Membership\" \/>\n\t\t<meta property=\"og:url\" content=\"https:\/\/memberpress.com\/es\/dfy-services\/\" \/>\n\t\t<meta property=\"og:image\" content=\"https:\/\/memberpress.com\/wp-content\/uploads\/2022\/10\/mp-icon-RGB_Icon-01.jpg\" \/>\n\t\t<meta property=\"og:image:secure_url\" content=\"https:\/\/memberpress.com\/wp-content\/uploads\/2022\/10\/mp-icon-RGB_Icon-01.jpg\" \/>\n\t\t<meta property=\"og:image:width\" content=\"1650\" \/>\n\t\t<meta property=\"og:image:height\" content=\"1275\" \/>\n\t\t<meta property=\"article:published_time\" content=\"2024-08-07T09:51:43+00:00\" \/>\n\t\t<meta property=\"article:modified_time\" content=\"2025-04-16T07:33:51+00:00\" \/>\n\t\t<meta property=\"article:publisher\" content=\"https:\/\/www.facebook.com\/memberpress\/\" \/>\n\t\t<meta name=\"twitter:card\" content=\"summary_large_image\" \/>\n\t\t<meta name=\"twitter:site\" content=\"@memberpress\" \/>\n\t\t<meta name=\"twitter:title\" content=\"Done for You MemberPress Services\" \/>\n\t\t<meta name=\"twitter:description\" content=\"Trust Your WordPress Website to Pros Who Know We wrote the book on Wordpress memberships. Then we did it again with online courses and coaching. When you choose professional WordPress services by MemberPress, you can trust your website is being handled by people who know. Launch Your Membership or LMS Website with Ease Our Membership\" \/>\n\t\t<meta name=\"twitter:image\" content=\"https:\/\/memberpress.com\/wp-content\/uploads\/2022\/10\/mp-icon-RGB_Icon-01.jpg\" \/>\n\t\t<script type=\"application\/ld+json\" class=\"aioseo-schema\">\n\t\t\t{\"@context\":\"https:\\\/\\\/schema.org\",\"@graph\":[{\"@type\":\"BreadcrumbList\",\"@id\":\"https:\\\/\\\/memberpress.com\\\/es\\\/dfy-services\\\/#breadcrumblist\",\"itemListElement\":[{\"@type\":\"ListItem\",\"@id\":\"https:\\\/\\\/memberpress.com\\\/es#listItem\",\"position\":1,\"name\":\"Home\",\"item\":\"https:\\\/\\\/memberpress.com\\\/es\",\"nextItem\":{\"@type\":\"ListItem\",\"@id\":\"https:\\\/\\\/memberpress.com\\\/es\\\/dfy-services\\\/#listItem\",\"name\":\"Done for You MemberPress Services\"}},{\"@type\":\"ListItem\",\"@id\":\"https:\\\/\\\/memberpress.com\\\/es\\\/dfy-services\\\/#listItem\",\"position\":2,\"name\":\"Done for You MemberPress Services\",\"previousItem\":{\"@type\":\"ListItem\",\"@id\":\"https:\\\/\\\/memberpress.com\\\/es#listItem\",\"name\":\"Home\"}}]},{\"@type\":\"Organization\",\"@id\":\"https:\\\/\\\/memberpress.com\\\/es\\\/#organization\",\"name\":\"MemberPress\",\"description\":\"The All-In-One WordPress Membership Plugin\",\"url\":\"https:\\\/\\\/memberpress.com\\\/es\\\/\",\"logo\":{\"@type\":\"ImageObject\",\"url\":\"https:\\\/\\\/memberpress.com\\\/wp-content\\\/uploads\\\/2022\\\/10\\\/mp-icon-RGB_Icon-01.jpg\",\"@id\":\"https:\\\/\\\/memberpress.com\\\/es\\\/dfy-services\\\/#organizationLogo\",\"width\":1650,\"height\":1275,\"caption\":\"memberpress logo icon\"},\"image\":{\"@id\":\"https:\\\/\\\/memberpress.com\\\/es\\\/dfy-services\\\/#organizationLogo\"},\"sameAs\":[\"https:\\\/\\\/www.instagram.com\\\/memberpress\\\/\",\"https:\\\/\\\/www.pinterest.com\\\/memberpressplugin\\\/\",\"https:\\\/\\\/www.youtube.com\\\/c\\\/MemberPressPlugin\",\"https:\\\/\\\/www.linkedin.com\\\/company\\\/memberpress\\\/\"]},{\"@type\":\"WebPage\",\"@id\":\"https:\\\/\\\/memberpress.com\\\/es\\\/dfy-services\\\/#webpage\",\"url\":\"https:\\\/\\\/memberpress.com\\\/es\\\/dfy-services\\\/\",\"name\":\"Done for You MemberPress Services\",\"description\":\"Trust Your WordPress Website to Pros Who Know We wrote the book on Wordpress memberships. Then we did it again with online courses and coaching. When you choose professional WordPress services by MemberPress, you can trust your website is being handled by people who know. Launch Your Membership or LMS Website with Ease Our Membership\",\"inLanguage\":\"es-ES\",\"isPartOf\":{\"@id\":\"https:\\\/\\\/memberpress.com\\\/es\\\/#website\"},\"breadcrumb\":{\"@id\":\"https:\\\/\\\/memberpress.com\\\/es\\\/dfy-services\\\/#breadcrumblist\"},\"datePublished\":\"2024-08-07T05:51:43-04:00\",\"dateModified\":\"2025-04-16T03:33:51-04:00\"},{\"@type\":\"WebSite\",\"@id\":\"https:\\\/\\\/memberpress.com\\\/es\\\/#website\",\"url\":\"https:\\\/\\\/memberpress.com\\\/es\\\/\",\"name\":\"MemberPress\",\"description\":\"The All-In-One WordPress Membership Plugin\",\"inLanguage\":\"es-ES\",\"publisher\":{\"@id\":\"https:\\\/\\\/memberpress.com\\\/es\\\/#organization\"}}]}\n\t\t<\/script>\n\t\t<!-- All in One SEO Pro -->\r\n\t\t<title>Done for You MemberPress Services<\/title>\n\n","aioseo_head_json":{"title":"Servicios Done for You MemberPress","description":"Conf\u00ede su sitio web WordPress a profesionales que saben Escribimos el libro sobre las membres\u00edas Wordpress. Luego lo hicimos de nuevo con cursos en l\u00ednea y coaching. Cuando usted elige los servicios profesionales de WordPress de MemberPress, puede confiar en que su sitio web est\u00e1 siendo manejado por gente que sabe. Lance su sitio web de membres\u00eda o LMS con facilidad Nuestra membres\u00eda","canonical_url":"https:\/\/memberpress.com\/es\/dfy-services\/","robots":"max-image-preview:large","keywords":"","webmasterTools":{"miscellaneous":""},"schema":{"@context":"https:\/\/schema.org","@graph":[{"@type":"BreadcrumbList","@id":"https:\/\/memberpress.com\/es\/dfy-services\/#breadcrumblist","itemListElement":[{"@type":"ListItem","@id":"https:\/\/memberpress.com\/es#listItem","position":1,"name":"Home","item":"https:\/\/memberpress.com\/es","nextItem":{"@type":"ListItem","@id":"https:\/\/memberpress.com\/es\/dfy-services\/#listItem","name":"Done for You MemberPress Services"}},{"@type":"ListItem","@id":"https:\/\/memberpress.com\/es\/dfy-services\/#listItem","position":2,"name":"Done for You MemberPress Services","previousItem":{"@type":"ListItem","@id":"https:\/\/memberpress.com\/es#listItem","name":"Home"}}]},{"@type":"Organization","@id":"https:\/\/memberpress.com\/es\/#organization","name":"MemberPress","description":"The All-In-One WordPress Membership Plugin","url":"https:\/\/memberpress.com\/es\/","logo":{"@type":"ImageObject","url":"https:\/\/memberpress.com\/wp-content\/uploads\/2022\/10\/mp-icon-RGB_Icon-01.jpg","@id":"https:\/\/memberpress.com\/es\/dfy-services\/#organizationLogo","width":1650,"height":1275,"caption":"memberpress logo icon"},"image":{"@id":"https:\/\/memberpress.com\/es\/dfy-services\/#organizationLogo"},"sameAs":["https:\/\/www.instagram.com\/memberpress\/","https:\/\/www.pinterest.com\/memberpressplugin\/","https:\/\/www.youtube.com\/c\/MemberPressPlugin","https:\/\/www.linkedin.com\/company\/memberpress\/"]},{"@type":"WebPage","@id":"https:\/\/memberpress.com\/es\/dfy-services\/#webpage","url":"https:\/\/memberpress.com\/es\/dfy-services\/","name":"Done for You MemberPress Services","description":"Trust Your WordPress Website to Pros Who Know We wrote the book on Wordpress memberships. Then we did it again with online courses and coaching. When you choose professional WordPress services by MemberPress, you can trust your website is being handled by people who know. Launch Your Membership or LMS Website with Ease Our Membership","inLanguage":"es-ES","isPartOf":{"@id":"https:\/\/memberpress.com\/es\/#website"},"breadcrumb":{"@id":"https:\/\/memberpress.com\/es\/dfy-services\/#breadcrumblist"},"datePublished":"2024-08-07T05:51:43-04:00","dateModified":"2025-04-16T03:33:51-04:00"},{"@type":"WebSite","@id":"https:\/\/memberpress.com\/es\/#website","url":"https:\/\/memberpress.com\/es\/","name":"MemberPress","description":"The All-In-One WordPress Membership Plugin","inLanguage":"es-ES","publisher":{"@id":"https:\/\/memberpress.com\/es\/#organization"}}]},"og:locale":"es_ES","og:site_name":"MemberPress","og:type":"article","og:title":"Done for You MemberPress Services","og:description":"Trust Your WordPress Website to Pros Who Know We wrote the book on Wordpress memberships. Then we did it again with online courses and coaching. When you choose professional WordPress services by MemberPress, you can trust your website is being handled by people who know. Launch Your Membership or LMS Website with Ease Our Membership","og:url":"https:\/\/memberpress.com\/es\/dfy-services\/","og:image":"https:\/\/memberpress.com\/wp-content\/uploads\/2022\/10\/mp-icon-RGB_Icon-01.jpg","og:image:secure_url":"https:\/\/memberpress.com\/wp-content\/uploads\/2022\/10\/mp-icon-RGB_Icon-01.jpg","og:image:width":1650,"og:image:height":1275,"article:published_time":"2024-08-07T09:51:43+00:00","article:modified_time":"2025-04-16T07:33:51+00:00","article:publisher":"https:\/\/www.facebook.com\/memberpress\/","twitter:card":"summary_large_image","twitter:site":"@memberpress","twitter:title":"Done for You MemberPress Services","twitter:description":"Trust Your WordPress Website to Pros Who Know We wrote the book on Wordpress memberships. Then we did it again with online courses and coaching. When you choose professional WordPress services by MemberPress, you can trust your website is being handled by people who know. Launch Your Membership or LMS Website with Ease Our Membership","twitter:image":"https:\/\/memberpress.com\/wp-content\/uploads\/2022\/10\/mp-icon-RGB_Icon-01.jpg"},"aioseo_meta_data":{"post_id":"67290","title":null,"description":null,"keywords":null,"keyphrases":{"focus":{"keyphrase":"","score":0,"analysis":{"keyphraseInTitle":{"score":0,"maxScore":9,"error":1}}},"additional":[]},"primary_term":null,"canonical_url":null,"og_title":null,"og_description":null,"og_object_type":"default","og_image_type":"default","og_image_url":null,"og_image_width":null,"og_image_height":null,"og_image_custom_url":null,"og_image_custom_fields":null,"og_video":"","og_custom_url":null,"og_article_section":null,"og_article_tags":null,"twitter_use_og":false,"twitter_card":"default","twitter_image_type":"default","twitter_image_url":null,"twitter_image_custom_url":null,"twitter_image_custom_fields":null,"twitter_title":null,"twitter_description":null,"schema":{"blockGraphs":[],"customGraphs":[],"default":{"data":{"Article":[],"Course":[],"Dataset":[],"FAQPage":[],"Movie":[],"Person":[],"Product":[],"ProductReview":[],"Car":[],"Recipe":[],"Service":[],"SoftwareApplication":[],"WebPage":[]},"graphName":"WebPage","isEnabled":true},"graphs":[]},"schema_type":"default","schema_type_options":null,"pillar_content":false,"robots_default":true,"robots_noindex":false,"robots_noarchive":false,"robots_nosnippet":false,"robots_nofollow":false,"robots_noimageindex":false,"robots_noodp":false,"robots_notranslate":false,"robots_max_snippet":"-1","robots_max_videopreview":"-1","robots_max_imagepreview":"large","priority":null,"frequency":"default","local_seo":null,"seo_analyzer_scan_date":"2025-10-09 20:09:02","breadcrumb_settings":null,"limit_modified_date":false,"reviewed_by":null,"open_ai":"{\"title\":{\"suggestions\":[],\"usage\":0},\"description\":{\"suggestions\":[],\"usage\":0}}","ai":null,"created":"2024-08-07 09:50:55","updated":"2026-03-03 14:51:23"},"aioseo_breadcrumb":"<div class=\"aioseo-breadcrumbs\"><span class=\"aioseo-breadcrumb\">\n\t<a href=\"https:\/\/memberpress.com\/es\" title=\"Home\">Home<\/a>\n<\/span><span class=\"aioseo-breadcrumb-separator\">&raquo;<\/span><span class=\"aioseo-breadcrumb\">\n\tDone for You MemberPress Services\n<\/span><\/div>","aioseo_breadcrumb_json":[{"label":"Home","link":"https:\/\/memberpress.com\/es"},{"label":"Done for You MemberPress Services","link":"https:\/\/memberpress.com\/es\/dfy-services\/"}],"app_access":{"can_access":true,"restrict_message":null},"_links":{"self":[{"href":"https:\/\/memberpress.com\/es\/wp-json\/wp\/v2\/pages\/67290","targetHints":{"allow":["GET"]}}],"collection":[{"href":"https:\/\/memberpress.com\/es\/wp-json\/wp\/v2\/pages"}],"about":[{"href":"https:\/\/memberpress.com\/es\/wp-json\/wp\/v2\/types\/page"}],"author":[{"embeddable":true,"href":"https:\/\/memberpress.com\/es\/wp-json\/wp\/v2\/users\/25136"}],"replies":[{"embeddable":true,"href":"https:\/\/memberpress.com\/es\/wp-json\/wp\/v2\/comments?post=67290"}],"version-history":[{"count":1,"href":"https:\/\/memberpress.com\/es\/wp-json\/wp\/v2\/pages\/67290\/revisions"}],"predecessor-version":[{"id":71659,"href":"https:\/\/memberpress.com\/es\/wp-json\/wp\/v2\/pages\/67290\/revisions\/71659"}],"wp:attachment":[{"href":"https:\/\/memberpress.com\/es\/wp-json\/wp\/v2\/media?parent=67290"}],"curies":[{"name":"wp","href":"https:\/\/api.w.org\/{rel}","templated":true}]}}