{"id":17850,"date":"2019-04-23T16:09:47","date_gmt":"2019-04-23T22:09:47","guid":{"rendered":"https:\/\/memberpress.com\/?page_id=17850"},"modified":"2019-04-23T17:49:35","modified_gmt":"2019-04-23T23:49:35","slug":"company-culture-questionnaire","status":"publish","type":"page","link":"https:\/\/memberpress.com\/fr\/careers\/company-culture-questionnaire\/","title":{"rendered":"Questionnaire sur l'entreprise et la culture"},"content":{"rendered":"\n<p>This questionnaire is used to help us get to know you better.<\/p>\n\n\n<div class=\"wpforms-container wpforms-container-full\" id=\"wpforms-17847\"><form id=\"wpforms-form-17847\" class=\"wpforms-validate wpforms-form\" data-formid=\"17847\" method=\"post\" enctype=\"multipart\/form-data\" action=\"\/fr\/wp-json\/wp\/v2\/pages\/17850\" data-token=\"f524dc8e80422fbe7abfa265f192b930\" data-token-time=\"1776239282\"><noscript class=\"wpforms-error-noscript\">Veuillez activer JavaScript dans votre navigateur pour remplir ce formulaire.<\/noscript><div class=\"wpforms-field-container\"><div id=\"wpforms-17847-field_15-container\" class=\"wpforms-field wpforms-field-name\" data-field-id=\"15\"><label class=\"wpforms-field-label\">Name <span class=\"wpforms-required-label\">*<\/span><\/label><div class=\"wpforms-field-row wpforms-field-medium\"><div class=\"wpforms-field-row-block wpforms-first wpforms-one-half\"><input type=\"text\" id=\"wpforms-17847-field_15\" class=\"wpforms-field-name-first wpforms-field-required\" name=\"wpforms[fields][15][first]\" required><label for=\"wpforms-17847-field_15\" class=\"wpforms-field-sublabel after\">Pr\u00e9nom<\/label><\/div><div class=\"wpforms-field-row-block wpforms-one-half\"><input type=\"text\" id=\"wpforms-17847-field_15-last\" class=\"wpforms-field-name-last wpforms-field-required\" name=\"wpforms[fields][15][last]\" required><label for=\"wpforms-17847-field_15-last\" class=\"wpforms-field-sublabel after\">Nom<\/label><\/div><\/div><\/div><div id=\"wpforms-17847-field_16-container\" class=\"wpforms-field wpforms-field-email\" data-field-id=\"16\"><label class=\"wpforms-field-label\" for=\"wpforms-17847-field_16\">Email <span class=\"wpforms-required-label\">*<\/span><\/label><input type=\"email\" id=\"wpforms-17847-field_16\" class=\"wpforms-field-medium wpforms-field-required\" name=\"wpforms[fields][16]\" spellcheck=\"false\" required><\/div><div id=\"wpforms-17847-field_1-container\" class=\"wpforms-field wpforms-field-textarea\" data-field-id=\"1\"><label class=\"wpforms-field-label\" for=\"wpforms-17847-field_1\">What gets you out of bed in the morning and drives your motivation for work? <span class=\"wpforms-required-label\">*<\/span><\/label><textarea id=\"wpforms-17847-field_1\" class=\"wpforms-field-medium wpforms-field-required\" name=\"wpforms[fields][1]\" required><\/textarea><\/div><div id=\"wpforms-17847-field_2-container\" class=\"wpforms-field wpforms-field-textarea\" data-field-id=\"2\"><label class=\"wpforms-field-label\" for=\"wpforms-17847-field_2\">How did you select your profession? <span class=\"wpforms-required-label\">*<\/span><\/label><textarea id=\"wpforms-17847-field_2\" class=\"wpforms-field-medium wpforms-field-required\" name=\"wpforms[fields][2]\" required><\/textarea><\/div><div id=\"wpforms-17847-field_5-container\" class=\"wpforms-field wpforms-field-textarea\" data-field-id=\"5\"><label class=\"wpforms-field-label\" for=\"wpforms-17847-field_5\">Why do you think you\u2019re good at what you do? <span class=\"wpforms-required-label\">*<\/span><\/label><textarea id=\"wpforms-17847-field_5\" class=\"wpforms-field-medium wpforms-field-required\" name=\"wpforms[fields][5]\" required><\/textarea><\/div><div id=\"wpforms-17847-field_6-container\" class=\"wpforms-field wpforms-field-textarea\" data-field-id=\"6\"><label class=\"wpforms-field-label\" for=\"wpforms-17847-field_6\">What are some of your goals for your career? <span class=\"wpforms-required-label\">*<\/span><\/label><textarea id=\"wpforms-17847-field_6\" class=\"wpforms-field-medium wpforms-field-required\" name=\"wpforms[fields][6]\" required><\/textarea><\/div><div id=\"wpforms-17847-field_7-container\" class=\"wpforms-field wpforms-field-textarea\" data-field-id=\"7\"><label class=\"wpforms-field-label\" for=\"wpforms-17847-field_7\">Why do you want to work at MemberPress? <span class=\"wpforms-required-label\">*<\/span><\/label><textarea id=\"wpforms-17847-field_7\" class=\"wpforms-field-medium wpforms-field-required\" name=\"wpforms[fields][7]\" required><\/textarea><\/div><div id=\"wpforms-17847-field_8-container\" class=\"wpforms-field wpforms-field-textarea\" data-field-id=\"8\"><label class=\"wpforms-field-label\" for=\"wpforms-17847-field_8\">Do you have experience working remotely? Describe. <span class=\"wpforms-required-label\">*<\/span><\/label><textarea id=\"wpforms-17847-field_8\" class=\"wpforms-field-medium wpforms-field-required\" name=\"wpforms[fields][8]\" required><\/textarea><\/div><div id=\"wpforms-17847-field_9-container\" class=\"wpforms-field wpforms-field-textarea\" data-field-id=\"9\"><label class=\"wpforms-field-label\" for=\"wpforms-17847-field_9\">Do you have experience setting, tracking, working towards and completing goals on a deadline? Describe. <span class=\"wpforms-required-label\">*<\/span><\/label><textarea id=\"wpforms-17847-field_9\" class=\"wpforms-field-medium wpforms-field-required\" name=\"wpforms[fields][9]\" required><\/textarea><\/div><div id=\"wpforms-17847-field_11-container\" class=\"wpforms-field wpforms-field-textarea\" data-field-id=\"11\"><label class=\"wpforms-field-label\" for=\"wpforms-17847-field_11\">What are your thoughts about small, online business owners? <span class=\"wpforms-required-label\">*<\/span><\/label><textarea id=\"wpforms-17847-field_11\" class=\"wpforms-field-medium wpforms-field-required\" name=\"wpforms[fields][11]\" required><\/textarea><\/div><div id=\"wpforms-17847-field_12-container\" class=\"wpforms-field wpforms-field-textarea\" data-field-id=\"12\"><label class=\"wpforms-field-label\" for=\"wpforms-17847-field_12\">What are your thoughts about and experience with Membership Sites? <span class=\"wpforms-required-label\">*<\/span><\/label><textarea id=\"wpforms-17847-field_12\" class=\"wpforms-field-medium wpforms-field-required\" name=\"wpforms[fields][12]\" required><\/textarea><\/div><div id=\"wpforms-17847-field_13-container\" class=\"wpforms-field wpforms-field-textarea\" data-field-id=\"13\"><label class=\"wpforms-field-label\" for=\"wpforms-17847-field_13\">Can you describe a time when you went above and beyond to help a client, customer or colleague?<\/label><textarea id=\"wpforms-17847-field_13\" class=\"wpforms-field-medium\" name=\"wpforms[fields][13]\" ><\/textarea><\/div><div id=\"wpforms-17847-field_14-container\" class=\"wpforms-field wpforms-field-textarea\" data-field-id=\"14\"><label class=\"wpforms-field-label\" for=\"wpforms-17847-field_14\">Can you give an example of a time when you delivered a project with excellence?<\/label><textarea id=\"wpforms-17847-field_14\" class=\"wpforms-field-medium\" name=\"wpforms[fields][14]\" ><\/textarea><\/div><\/div><!-- .wpforms-field-container --><div class=\"wpforms-field wpforms-field-hp\"><label for=\"wpforms-17847-field-hp\" class=\"wpforms-field-label\">Email<\/label><input type=\"text\" name=\"wpforms[hp]\" id=\"wpforms-17847-field-hp\" class=\"wpforms-field-medium\"><\/div><div class=\"wpforms-submit-container\" ><input type=\"hidden\" name=\"wpforms[id]\" value=\"17847\"><input type=\"hidden\" name=\"page_title\" value=\"\"><input type=\"hidden\" name=\"page_url\" value=\"https:\/\/memberpress.com\/fr\/wp-json\/wp\/v2\/pages\/17850\"><input type=\"hidden\" name=\"url_referer\" value=\"\">\t\t<div id=\"cf-turnstile-wpf-1216511866\"\r\n\t\tclass=\"cf-turnstile\" \t\tdata-sitekey=\"0x4AAAAAAAEUHOj65CwPmNnE\"\r\n\t\tdata-theme=\"light\"\r\n\t\tdata-language=\"auto\"\r\n\t\tdata-size=\"\"\r\n\t\tdata-retry=\"auto\" data-retry-interval=\"1000\"\r\n\t\tdata-refresh-expired=\"auto\"\r\n\t\tdata-refresh-timeout=\"auto\"\r\n\t\tdata-action=\"wpforms-17847\"\r\n\t\tdata-callback=\"turnstileWPFCallback\"\r\n\t\t\t\tdata-appearance=\"interaction-only\"><\/div>\r\n\t\t\t<script>document.addEventListener(\"DOMContentLoaded\", function() { setTimeout(function(){ var e=document.getElementById(\"cf-turnstile-wpf-1216511866\"); if(e&&!e.innerHTML.trim()){turnstile.render(e, {sitekey:\"0x4AAAAAAAEUHOj65CwPmNnE\"});} }, 200); });<\/script>\r\n\t\t\t<style>#cf-turnstile-wpf-1216511866 iframe { margin-bottom: 15px; }<\/style>\r\n\t\t\t\t<style>#cf-turnstile-wpf-1216511866 { margin-left: -15px; }<\/style>\r\n\t\t<button type=\"submit\" name=\"wpforms[submit]\" id=\"wpforms-submit-17847\" class=\"wpforms-submit\" data-alt-text=\"Sending...\" data-submit-text=\"Submit\" aria-live=\"assertive\" value=\"wpforms-submit\">Submit<\/button><\/div><\/form><\/div>  <!-- .wpforms-container -->\n","protected":false},"excerpt":{"rendered":"<p>Ce questionnaire est utilis\u00e9 pour nous aider \u00e0 mieux vous conna\u00eetre.<\/p>","protected":false},"author":1,"featured_media":0,"parent":17527,"menu_order":0,"comment_status":"closed","ping_status":"closed","template":"","meta":{"_acf_changed":false,"om_disable_all_campaigns":false,"_strive_editorial_status":"not-started","_strive_copy_of":0,"inline_featured_image":false,"_monsterinsights_skip_tracking":false,"_monsterinsights_sitenote_active":false,"_monsterinsights_sitenote_note":"","_monsterinsights_sitenote_category":0,"_genesis_hide_title":false,"_genesis_hide_breadcrumbs":false,"_genesis_hide_singular_image":false,"_genesis_hide_footer_widgets":false,"_genesis_custom_body_class":"","_genesis_custom_post_class":"","_genesis_layout":"","_FSMCFIC_featured_image_caption":"","_FSMCFIC_featured_image_nocaption":"","_FSMCFIC_featured_image_hide":"","footnotes":""},"class_list":{"0":"post-17850","1":"page","2":"type-page","3":"status-publish","5":"entry"},"acf":[],"aioseo_notices":[],"aioseo_head":"\n\t\t<!-- All in One SEO Pro 4.9.5.2 - aioseo.com -->\n\t<meta name=\"description\" content=\"This questionnaire is used to help us get to know you better. Veuillez activer JavaScript dans votre navigateur pour remplir ce formulaire.Name *Pr\u00e9nomNomEmail *What gets you out of bed in the morning and drives your motivation for work? *How did you select your profession? *Why do you think you\u2019re good at what you do? *What\" \/>\n\t<meta name=\"robots\" content=\"max-image-preview:large\" \/>\n\t<link rel=\"canonical\" href=\"https:\/\/memberpress.com\/fr\/careers\/company-culture-questionnaire\/\" \/>\n\t<meta name=\"generator\" content=\"All in One SEO Pro (AIOSEO) 4.9.5.2\" \/>\n\t\t<meta property=\"og:locale\" content=\"fr_FR\" \/>\n\t\t<meta property=\"og:site_name\" content=\"MemberPress\" \/>\n\t\t<meta property=\"og:type\" content=\"article\" \/>\n\t\t<meta property=\"og:title\" content=\"Company &amp; Culture Questionnaire\" \/>\n\t\t<meta property=\"og:description\" content=\"This questionnaire is used to help us get to know you better. Veuillez activer JavaScript dans votre navigateur pour remplir ce formulaire.Name *Pr\u00e9nomNomEmail *What gets you out of bed in the morning and drives your motivation for work? *How did you select your profession? *Why do you think you\u2019re good at what you do? *What\" \/>\n\t\t<meta property=\"og:url\" content=\"https:\/\/memberpress.com\/fr\/careers\/company-culture-questionnaire\/\" \/>\n\t\t<meta property=\"og:image\" content=\"https:\/\/memberpress.com\/wp-content\/uploads\/2022\/10\/mp-icon-RGB_Icon-01.jpg\" \/>\n\t\t<meta property=\"og:image:secure_url\" content=\"https:\/\/memberpress.com\/wp-content\/uploads\/2022\/10\/mp-icon-RGB_Icon-01.jpg\" \/>\n\t\t<meta property=\"og:image:width\" content=\"1650\" \/>\n\t\t<meta property=\"og:image:height\" content=\"1275\" \/>\n\t\t<meta property=\"article:published_time\" content=\"2019-04-23T22:09:47+00:00\" \/>\n\t\t<meta property=\"article:modified_time\" content=\"2019-04-23T23:49:35+00:00\" \/>\n\t\t<meta property=\"article:publisher\" content=\"https:\/\/www.facebook.com\/memberpress\/\" \/>\n\t\t<meta name=\"twitter:card\" content=\"summary_large_image\" \/>\n\t\t<meta name=\"twitter:site\" content=\"@memberpress\" \/>\n\t\t<meta name=\"twitter:title\" content=\"Company &amp; Culture Questionnaire\" \/>\n\t\t<meta name=\"twitter:description\" content=\"This questionnaire is used to help us get to know you better. Veuillez activer JavaScript dans votre navigateur pour remplir ce formulaire.Name *Pr\u00e9nomNomEmail *What gets you out of bed in the morning and drives your motivation for work? *How did you select your profession? *Why do you think you\u2019re good at what you do? *What\" \/>\n\t\t<meta name=\"twitter:image\" content=\"https:\/\/memberpress.com\/wp-content\/uploads\/2022\/10\/mp-icon-RGB_Icon-01.jpg\" \/>\n\t\t<script type=\"application\/ld+json\" class=\"aioseo-schema\">\n\t\t\t{\"@context\":\"https:\\\/\\\/schema.org\",\"@graph\":[{\"@type\":\"BreadcrumbList\",\"@id\":\"https:\\\/\\\/memberpress.com\\\/fr\\\/careers\\\/company-culture-questionnaire\\\/#breadcrumblist\",\"itemListElement\":[{\"@type\":\"ListItem\",\"@id\":\"https:\\\/\\\/memberpress.com\\\/fr#listItem\",\"position\":1,\"name\":\"Home\",\"item\":\"https:\\\/\\\/memberpress.com\\\/fr\",\"nextItem\":{\"@type\":\"ListItem\",\"@id\":\"https:\\\/\\\/memberpress.com\\\/fr\\\/careers\\\/#listItem\",\"name\":\"Careers\"}},{\"@type\":\"ListItem\",\"@id\":\"https:\\\/\\\/memberpress.com\\\/fr\\\/careers\\\/#listItem\",\"position\":2,\"name\":\"Careers\",\"item\":\"https:\\\/\\\/memberpress.com\\\/fr\\\/careers\\\/\",\"nextItem\":{\"@type\":\"ListItem\",\"@id\":\"https:\\\/\\\/memberpress.com\\\/fr\\\/careers\\\/company-culture-questionnaire\\\/#listItem\",\"name\":\"Company & Culture Questionnaire\"},\"previousItem\":{\"@type\":\"ListItem\",\"@id\":\"https:\\\/\\\/memberpress.com\\\/fr#listItem\",\"name\":\"Home\"}},{\"@type\":\"ListItem\",\"@id\":\"https:\\\/\\\/memberpress.com\\\/fr\\\/careers\\\/company-culture-questionnaire\\\/#listItem\",\"position\":3,\"name\":\"Company & Culture Questionnaire\",\"previousItem\":{\"@type\":\"ListItem\",\"@id\":\"https:\\\/\\\/memberpress.com\\\/fr\\\/careers\\\/#listItem\",\"name\":\"Careers\"}}]},{\"@type\":\"Organization\",\"@id\":\"https:\\\/\\\/memberpress.com\\\/fr\\\/#organization\",\"name\":\"MemberPress\",\"description\":\"The All-In-One WordPress Membership Plugin\",\"url\":\"https:\\\/\\\/memberpress.com\\\/fr\\\/\",\"logo\":{\"@type\":\"ImageObject\",\"url\":\"https:\\\/\\\/memberpress.com\\\/wp-content\\\/uploads\\\/2022\\\/10\\\/mp-icon-RGB_Icon-01.jpg\",\"@id\":\"https:\\\/\\\/memberpress.com\\\/fr\\\/careers\\\/company-culture-questionnaire\\\/#organizationLogo\",\"width\":1650,\"height\":1275,\"caption\":\"memberpress logo icon\"},\"image\":{\"@id\":\"https:\\\/\\\/memberpress.com\\\/fr\\\/careers\\\/company-culture-questionnaire\\\/#organizationLogo\"},\"sameAs\":[\"https:\\\/\\\/www.instagram.com\\\/memberpress\\\/\",\"https:\\\/\\\/www.pinterest.com\\\/memberpressplugin\\\/\",\"https:\\\/\\\/www.youtube.com\\\/c\\\/MemberPressPlugin\",\"https:\\\/\\\/www.linkedin.com\\\/company\\\/memberpress\\\/\"]},{\"@type\":\"WebPage\",\"@id\":\"https:\\\/\\\/memberpress.com\\\/fr\\\/careers\\\/company-culture-questionnaire\\\/#webpage\",\"url\":\"https:\\\/\\\/memberpress.com\\\/fr\\\/careers\\\/company-culture-questionnaire\\\/\",\"name\":\"Company & Culture Questionnaire\",\"description\":\"This questionnaire is used to help us get to know you better. Veuillez activer JavaScript dans votre navigateur pour remplir ce formulaire.Name *Pr\\u00e9nomNomEmail *What gets you out of bed in the morning and drives your motivation for work? *How did you select your profession? *Why do you think you\\u2019re good at what you do? *What\",\"inLanguage\":\"fr-FR\",\"isPartOf\":{\"@id\":\"https:\\\/\\\/memberpress.com\\\/fr\\\/#website\"},\"breadcrumb\":{\"@id\":\"https:\\\/\\\/memberpress.com\\\/fr\\\/careers\\\/company-culture-questionnaire\\\/#breadcrumblist\"},\"datePublished\":\"2019-04-23T16:09:47-04:00\",\"dateModified\":\"2019-04-23T17:49:35-04:00\"},{\"@type\":\"WebSite\",\"@id\":\"https:\\\/\\\/memberpress.com\\\/fr\\\/#website\",\"url\":\"https:\\\/\\\/memberpress.com\\\/fr\\\/\",\"name\":\"MemberPress\",\"description\":\"The All-In-One WordPress Membership Plugin\",\"inLanguage\":\"fr-FR\",\"publisher\":{\"@id\":\"https:\\\/\\\/memberpress.com\\\/fr\\\/#organization\"}}]}\n\t\t<\/script>\n\t\t<!-- All in One SEO Pro -->\r\n\t\t<title>Company &amp; Culture Questionnaire<\/title>\n\n","aioseo_head_json":{"title":"Questionnaire sur l'entreprise et la culture","description":"Ce questionnaire est utilis\u00e9 pour nous aider \u00e0 mieux vous conna\u00eetre. Veuillez activer JavaScript dans votre navigateur pour remplir ce formulaire.Name *Pr\u00e9nomNomEmail *Qu'est-ce qui vous fait sortir du lit le matin et vous motive au travail ? *Comment avez-vous choisi votre profession ? *Pourquoi pensez-vous \u00eatre bon dans ce que vous faites ? *Qu'est-ce que","canonical_url":"https:\/\/memberpress.com\/fr\/careers\/company-culture-questionnaire\/","robots":"max-image-preview:large","keywords":"","webmasterTools":{"miscellaneous":""},"schema":{"@context":"https:\/\/schema.org","@graph":[{"@type":"BreadcrumbList","@id":"https:\/\/memberpress.com\/fr\/careers\/company-culture-questionnaire\/#breadcrumblist","itemListElement":[{"@type":"ListItem","@id":"https:\/\/memberpress.com\/fr#listItem","position":1,"name":"Home","item":"https:\/\/memberpress.com\/fr","nextItem":{"@type":"ListItem","@id":"https:\/\/memberpress.com\/fr\/careers\/#listItem","name":"Careers"}},{"@type":"ListItem","@id":"https:\/\/memberpress.com\/fr\/careers\/#listItem","position":2,"name":"Careers","item":"https:\/\/memberpress.com\/fr\/careers\/","nextItem":{"@type":"ListItem","@id":"https:\/\/memberpress.com\/fr\/careers\/company-culture-questionnaire\/#listItem","name":"Company & Culture Questionnaire"},"previousItem":{"@type":"ListItem","@id":"https:\/\/memberpress.com\/fr#listItem","name":"Home"}},{"@type":"ListItem","@id":"https:\/\/memberpress.com\/fr\/careers\/company-culture-questionnaire\/#listItem","position":3,"name":"Company & Culture Questionnaire","previousItem":{"@type":"ListItem","@id":"https:\/\/memberpress.com\/fr\/careers\/#listItem","name":"Careers"}}]},{"@type":"Organization","@id":"https:\/\/memberpress.com\/fr\/#organization","name":"MemberPress","description":"The All-In-One WordPress Membership Plugin","url":"https:\/\/memberpress.com\/fr\/","logo":{"@type":"ImageObject","url":"https:\/\/memberpress.com\/wp-content\/uploads\/2022\/10\/mp-icon-RGB_Icon-01.jpg","@id":"https:\/\/memberpress.com\/fr\/careers\/company-culture-questionnaire\/#organizationLogo","width":1650,"height":1275,"caption":"memberpress logo icon"},"image":{"@id":"https:\/\/memberpress.com\/fr\/careers\/company-culture-questionnaire\/#organizationLogo"},"sameAs":["https:\/\/www.instagram.com\/memberpress\/","https:\/\/www.pinterest.com\/memberpressplugin\/","https:\/\/www.youtube.com\/c\/MemberPressPlugin","https:\/\/www.linkedin.com\/company\/memberpress\/"]},{"@type":"WebPage","@id":"https:\/\/memberpress.com\/fr\/careers\/company-culture-questionnaire\/#webpage","url":"https:\/\/memberpress.com\/fr\/careers\/company-culture-questionnaire\/","name":"Company & Culture Questionnaire","description":"This questionnaire is used to help us get to know you better. Veuillez activer JavaScript dans votre navigateur pour remplir ce formulaire.Name *Pr\u00e9nomNomEmail *What gets you out of bed in the morning and drives your motivation for work? *How did you select your profession? *Why do you think you\u2019re good at what you do? *What","inLanguage":"fr-FR","isPartOf":{"@id":"https:\/\/memberpress.com\/fr\/#website"},"breadcrumb":{"@id":"https:\/\/memberpress.com\/fr\/careers\/company-culture-questionnaire\/#breadcrumblist"},"datePublished":"2019-04-23T16:09:47-04:00","dateModified":"2019-04-23T17:49:35-04:00"},{"@type":"WebSite","@id":"https:\/\/memberpress.com\/fr\/#website","url":"https:\/\/memberpress.com\/fr\/","name":"MemberPress","description":"The All-In-One WordPress Membership Plugin","inLanguage":"fr-FR","publisher":{"@id":"https:\/\/memberpress.com\/fr\/#organization"}}]},"og:locale":"fr_FR","og:site_name":"MemberPress","og:type":"article","og:title":"Company &amp; Culture Questionnaire","og:description":"This questionnaire is used to help us get to know you better. Veuillez activer JavaScript dans votre navigateur pour remplir ce formulaire.Name *Pr\u00e9nomNomEmail *What gets you out of bed in the morning and drives your motivation for work? *How did you select your profession? *Why do you think you\u2019re good at what you do? *What","og:url":"https:\/\/memberpress.com\/fr\/careers\/company-culture-questionnaire\/","og:image":"https:\/\/memberpress.com\/wp-content\/uploads\/2022\/10\/mp-icon-RGB_Icon-01.jpg","og:image:secure_url":"https:\/\/memberpress.com\/wp-content\/uploads\/2022\/10\/mp-icon-RGB_Icon-01.jpg","og:image:width":1650,"og:image:height":1275,"article:published_time":"2019-04-23T22:09:47+00:00","article:modified_time":"2019-04-23T23:49:35+00:00","article:publisher":"https:\/\/www.facebook.com\/memberpress\/","twitter:card":"summary_large_image","twitter:site":"@memberpress","twitter:title":"Company &amp; Culture Questionnaire","twitter:description":"This questionnaire is used to help us get to know you better. Veuillez activer JavaScript dans votre navigateur pour remplir ce formulaire.Name *Pr\u00e9nomNomEmail *What gets you out of bed in the morning and drives your motivation for work? *How did you select your profession? *Why do you think you\u2019re good at what you do? *What","twitter:image":"https:\/\/memberpress.com\/wp-content\/uploads\/2022\/10\/mp-icon-RGB_Icon-01.jpg"},"aioseo_meta_data":{"post_id":"17850","title":null,"description":null,"keywords":null,"keyphrases":null,"primary_term":null,"canonical_url":null,"og_title":null,"og_description":null,"og_object_type":"default","og_image_type":"default","og_image_url":null,"og_image_width":null,"og_image_height":null,"og_image_custom_url":null,"og_image_custom_fields":null,"og_video":null,"og_custom_url":null,"og_article_section":null,"og_article_tags":null,"twitter_use_og":false,"twitter_card":"default","twitter_image_type":"default","twitter_image_url":null,"twitter_image_custom_url":null,"twitter_image_custom_fields":null,"twitter_title":null,"twitter_description":null,"schema":{"blockGraphs":[],"customGraphs":[],"default":{"data":{"Article":[],"Course":[],"Dataset":[],"FAQPage":[],"Movie":[],"Person":[],"Product":[],"ProductReview":[],"Car":[],"Recipe":[],"Service":[],"SoftwareApplication":[],"WebPage":[]},"graphName":"","isEnabled":true},"graphs":[],"defaultGraph":"","defaultPostTypeGraph":""},"schema_type":null,"schema_type_options":null,"pillar_content":false,"robots_default":true,"robots_noindex":false,"robots_noarchive":false,"robots_nosnippet":false,"robots_nofollow":false,"robots_noimageindex":false,"robots_noodp":false,"robots_notranslate":false,"robots_max_snippet":null,"robots_max_videopreview":null,"robots_max_imagepreview":"large","priority":null,"frequency":null,"local_seo":null,"seo_analyzer_scan_date":"2025-10-09 19:58:32","breadcrumb_settings":null,"limit_modified_date":false,"reviewed_by":null,"open_ai":null,"ai":null,"created":"2020-12-21 16:18:05","updated":"2026-03-03 15:06:51"},"aioseo_breadcrumb":"<div class=\"aioseo-breadcrumbs\"><span class=\"aioseo-breadcrumb\">\n\t<a href=\"https:\/\/memberpress.com\/fr\" title=\"Home\">Home<\/a>\n<\/span><span class=\"aioseo-breadcrumb-separator\">&raquo;<\/span><span class=\"aioseo-breadcrumb\">\n\t<a href=\"https:\/\/memberpress.com\/fr\/careers\/\" title=\"Careers\">Careers<\/a>\n<\/span><span class=\"aioseo-breadcrumb-separator\">&raquo;<\/span><span class=\"aioseo-breadcrumb\">\n\tCompany &amp; Culture Questionnaire\n<\/span><\/div>","aioseo_breadcrumb_json":[{"label":"Home","link":"https:\/\/memberpress.com\/fr"},{"label":"Careers","link":"https:\/\/memberpress.com\/fr\/careers\/"},{"label":"Company & Culture Questionnaire","link":"https:\/\/memberpress.com\/fr\/careers\/company-culture-questionnaire\/"}],"app_access":{"can_access":true,"restrict_message":null},"_links":{"self":[{"href":"https:\/\/memberpress.com\/fr\/wp-json\/wp\/v2\/pages\/17850","targetHints":{"allow":["GET"]}}],"collection":[{"href":"https:\/\/memberpress.com\/fr\/wp-json\/wp\/v2\/pages"}],"about":[{"href":"https:\/\/memberpress.com\/fr\/wp-json\/wp\/v2\/types\/page"}],"author":[{"embeddable":true,"href":"https:\/\/memberpress.com\/fr\/wp-json\/wp\/v2\/users\/1"}],"replies":[{"embeddable":true,"href":"https:\/\/memberpress.com\/fr\/wp-json\/wp\/v2\/comments?post=17850"}],"version-history":[{"count":0,"href":"https:\/\/memberpress.com\/fr\/wp-json\/wp\/v2\/pages\/17850\/revisions"}],"up":[{"embeddable":true,"href":"https:\/\/memberpress.com\/fr\/wp-json\/wp\/v2\/pages\/17527"}],"wp:attachment":[{"href":"https:\/\/memberpress.com\/fr\/wp-json\/wp\/v2\/media?parent=17850"}],"curies":[{"name":"wp","href":"https:\/\/api.w.org\/{rel}","templated":true}]}}