{"id":2,"date":"2012-12-10T05:31:43","date_gmt":"2012-12-10T05:31:43","guid":{"rendered":"https:\/\/memberpress.com\/?page_id=2"},"modified":"2025-12-23T15:18:17","modified_gmt":"2025-12-23T20:18:17","slug":"sample-page","status":"publish","type":"page","link":"https:\/\/memberpress.com\/fr\/","title":{"rendered":"Le plugin d'adh\u00e9sion \"tout-en-un\" pour WordPress"},"content":{"rendered":"","protected":false},"excerpt":{"rendered":"","protected":false},"author":1,"featured_media":0,"parent":0,"menu_order":0,"comment_status":"open","ping_status":"open","template":"","meta":{"_acf_changed":false,"om_disable_all_campaigns":false,"_strive_editorial_status":"not-started","_strive_copy_of":0,"inline_featured_image":false,"_monsterinsights_skip_tracking":false,"_monsterinsights_sitenote_active":false,"_monsterinsights_sitenote_note":"","_monsterinsights_sitenote_category":0,"_genesis_hide_title":false,"_genesis_hide_breadcrumbs":false,"_genesis_hide_singular_image":false,"_genesis_hide_footer_widgets":false,"_genesis_custom_body_class":"","_genesis_custom_post_class":"","_genesis_layout":"full-width-content","_FSMCFIC_featured_image_caption":"","_FSMCFIC_featured_image_nocaption":"","_FSMCFIC_featured_image_hide":"","footnotes":""},"class_list":{"0":"post-2","1":"page","2":"type-page","3":"status-publish","5":"entry","6":"has-post-thumbnail"},"acf":[],"aioseo_notices":[],"aioseo_head":"\n\t\t<!-- All in One SEO Pro 4.9.5.2 - aioseo.com -->\n\t<meta name=\"description\" content=\"Easily monetize your WordPress site w\/ subscriptions, courses, paywalls, communities, more. MemberPress is the only WordPress membership plugin built for 7-figure creators.\" \/>\n\t<meta name=\"robots\" content=\"max-image-preview:large\" \/>\n\t<meta name=\"keywords\" content=\"wordpress membership site,membership site software,membership template wordpress,how do i create a membership site with wordpress,lms wordpress template,wordpress plugin for membership subscription,wordpress paywall membership,monetization wordpress plugin,monetization,how do i monetize my site\" \/>\n\t<link rel=\"canonical\" href=\"https:\/\/memberpress.com\/fr\/\" \/>\n\t<meta name=\"generator\" content=\"All in One SEO Pro (AIOSEO) 4.9.5.2\" \/>\n\t\t<meta property=\"og:locale\" content=\"fr_FR\" \/>\n\t\t<meta property=\"og:site_name\" content=\"MemberPress\" \/>\n\t\t<meta property=\"og:type\" content=\"article\" \/>\n\t\t<meta property=\"og:title\" content=\"The \u201cAll-In-One\u201d Membership Plugin for WordPress\" \/>\n\t\t<meta property=\"og:description\" content=\"Easily monetize your WordPress site w\/ subscriptions, courses, paywalls, communities, more. MemberPress is the only WordPress membership plugin built for 7-figure creators.\" \/>\n\t\t<meta property=\"og:url\" content=\"https:\/\/memberpress.com\/fr\/\" \/>\n\t\t<meta property=\"og:image\" content=\"https:\/\/memberpress.com\/wp-content\/uploads\/2022\/10\/mp-icon-RGB_Icon-01.jpg\" \/>\n\t\t<meta property=\"og:image:secure_url\" content=\"https:\/\/memberpress.com\/wp-content\/uploads\/2022\/10\/mp-icon-RGB_Icon-01.jpg\" \/>\n\t\t<meta property=\"og:image:width\" content=\"1650\" \/>\n\t\t<meta property=\"og:image:height\" content=\"1275\" \/>\n\t\t<meta property=\"article:published_time\" content=\"2012-12-10T05:31:43+00:00\" \/>\n\t\t<meta property=\"article:modified_time\" content=\"2025-12-23T20:18:17+00:00\" \/>\n\t\t<meta property=\"article:publisher\" content=\"https:\/\/www.facebook.com\/memberpress\/\" \/>\n\t\t<meta name=\"twitter:card\" content=\"summary_large_image\" \/>\n\t\t<meta name=\"twitter:site\" content=\"@memberpress\" \/>\n\t\t<meta name=\"twitter:title\" content=\"The \u201cAll-In-One\u201d Membership Plugin for WordPress\" \/>\n\t\t<meta name=\"twitter:description\" content=\"Easily monetize your WordPress site w\/ subscriptions, courses, paywalls, communities, more. MemberPress is the only WordPress membership plugin built for 7-figure creators.\" \/>\n\t\t<meta name=\"twitter:image\" content=\"https:\/\/memberpress.com\/wp-content\/uploads\/2022\/10\/mp-icon-RGB_Icon-01.jpg\" \/>\n\t\t<script type=\"application\/ld+json\" class=\"aioseo-schema\">\n\t\t\t{\"@context\":\"https:\\\/\\\/schema.org\",\"@graph\":[{\"@type\":\"BreadcrumbList\",\"@id\":\"https:\\\/\\\/memberpress.com\\\/fr\\\/#breadcrumblist\",\"itemListElement\":[{\"@type\":\"ListItem\",\"@id\":\"https:\\\/\\\/memberpress.com\\\/fr#listItem\",\"position\":1,\"name\":\"Home\",\"item\":\"https:\\\/\\\/memberpress.com\\\/fr\",\"nextItem\":{\"@type\":\"ListItem\",\"@id\":\"https:\\\/\\\/memberpress.com\\\/fr\\\/#listItem\",\"name\":\"The \\u201cAll-In-One\\u201d Membership Plugin for WordPress\"}},{\"@type\":\"ListItem\",\"@id\":\"https:\\\/\\\/memberpress.com\\\/fr\\\/#listItem\",\"position\":2,\"name\":\"The \\u201cAll-In-One\\u201d Membership Plugin for WordPress\",\"previousItem\":{\"@type\":\"ListItem\",\"@id\":\"https:\\\/\\\/memberpress.com\\\/fr#listItem\",\"name\":\"Home\"}}]},{\"@type\":\"Organization\",\"@id\":\"https:\\\/\\\/memberpress.com\\\/fr\\\/#organization\",\"name\":\"MemberPress\",\"description\":\"The All-In-One WordPress Membership Plugin\",\"url\":\"https:\\\/\\\/memberpress.com\\\/fr\\\/\",\"logo\":{\"@type\":\"ImageObject\",\"url\":\"https:\\\/\\\/memberpress.com\\\/wp-content\\\/uploads\\\/2022\\\/10\\\/mp-icon-RGB_Icon-01.jpg\",\"@id\":\"https:\\\/\\\/memberpress.com\\\/fr\\\/#organizationLogo\",\"width\":1650,\"height\":1275,\"caption\":\"memberpress logo icon\"},\"image\":{\"@id\":\"https:\\\/\\\/memberpress.com\\\/fr\\\/#organizationLogo\"},\"sameAs\":[\"https:\\\/\\\/www.instagram.com\\\/memberpress\\\/\",\"https:\\\/\\\/www.pinterest.com\\\/memberpressplugin\\\/\",\"https:\\\/\\\/www.youtube.com\\\/c\\\/MemberPressPlugin\",\"https:\\\/\\\/www.linkedin.com\\\/company\\\/memberpress\\\/\"]},{\"@type\":\"WebPage\",\"@id\":\"https:\\\/\\\/memberpress.com\\\/fr\\\/#webpage\",\"url\":\"https:\\\/\\\/memberpress.com\\\/fr\\\/\",\"name\":\"MemberPress | #1 WordPress Membership Plugin\",\"description\":\"Easily monetize your WordPress site w\\\/ subscriptions, courses, paywalls, communities, more. MemberPress is the only WordPress membership plugin built for 7-figure creators.\",\"inLanguage\":\"fr-FR\",\"isPartOf\":{\"@id\":\"https:\\\/\\\/memberpress.com\\\/fr\\\/#website\"},\"breadcrumb\":{\"@id\":\"https:\\\/\\\/memberpress.com\\\/fr\\\/#breadcrumblist\"},\"datePublished\":\"2012-12-10T05:31:43-05:00\",\"dateModified\":\"2025-12-23T15:18:17-05:00\"},{\"@type\":\"WebSite\",\"@id\":\"https:\\\/\\\/memberpress.com\\\/fr\\\/#website\",\"url\":\"https:\\\/\\\/memberpress.com\\\/fr\\\/\",\"name\":\"MemberPress\",\"description\":\"The All-In-One WordPress Membership Plugin\",\"inLanguage\":\"fr-FR\",\"publisher\":{\"@id\":\"https:\\\/\\\/memberpress.com\\\/fr\\\/#organization\"}}]}\n\t\t<\/script>\n\t\t<!-- All in One SEO Pro -->\r\n\t\t<title>MemberPress | #1 WordPress Membership Plugin<\/title>\n\n","aioseo_head_json":{"title":"MemberPress | #1 WordPress Membership Plugin","description":"Mon\u00e9tisez facilement votre site WordPress avec des abonnements, des cours, des paywalls, des communaut\u00e9s, etc. MemberPress est le seul plugin d'adh\u00e9sion WordPress con\u00e7u pour les cr\u00e9ateurs \u00e0 7 chiffres.","canonical_url":"https:\/\/memberpress.com\/fr\/","robots":"max-image-preview:large","keywords":"wordpress membership site,membership site software,membership template wordpress,how do i create a membership site with wordpress,lms wordpress template,wordpress plugin for membership subscription,wordpress paywall membership,monetization wordpress plugin,monetization,how do i monetize my site","webmasterTools":{"miscellaneous":""},"schema":{"@context":"https:\/\/schema.org","@graph":[{"@type":"BreadcrumbList","@id":"https:\/\/memberpress.com\/fr\/#breadcrumblist","itemListElement":[{"@type":"ListItem","@id":"https:\/\/memberpress.com\/fr#listItem","position":1,"name":"Home","item":"https:\/\/memberpress.com\/fr","nextItem":{"@type":"ListItem","@id":"https:\/\/memberpress.com\/fr\/#listItem","name":"The \u201cAll-In-One\u201d Membership Plugin for WordPress"}},{"@type":"ListItem","@id":"https:\/\/memberpress.com\/fr\/#listItem","position":2,"name":"The \u201cAll-In-One\u201d Membership Plugin for WordPress","previousItem":{"@type":"ListItem","@id":"https:\/\/memberpress.com\/fr#listItem","name":"Home"}}]},{"@type":"Organization","@id":"https:\/\/memberpress.com\/fr\/#organization","name":"MemberPress","description":"The All-In-One WordPress Membership Plugin","url":"https:\/\/memberpress.com\/fr\/","logo":{"@type":"ImageObject","url":"https:\/\/memberpress.com\/wp-content\/uploads\/2022\/10\/mp-icon-RGB_Icon-01.jpg","@id":"https:\/\/memberpress.com\/fr\/#organizationLogo","width":1650,"height":1275,"caption":"memberpress logo icon"},"image":{"@id":"https:\/\/memberpress.com\/fr\/#organizationLogo"},"sameAs":["https:\/\/www.instagram.com\/memberpress\/","https:\/\/www.pinterest.com\/memberpressplugin\/","https:\/\/www.youtube.com\/c\/MemberPressPlugin","https:\/\/www.linkedin.com\/company\/memberpress\/"]},{"@type":"WebPage","@id":"https:\/\/memberpress.com\/fr\/#webpage","url":"https:\/\/memberpress.com\/fr\/","name":"MemberPress | #1 WordPress Membership Plugin","description":"Easily monetize your WordPress site w\/ subscriptions, courses, paywalls, communities, more. MemberPress is the only WordPress membership plugin built for 7-figure creators.","inLanguage":"fr-FR","isPartOf":{"@id":"https:\/\/memberpress.com\/fr\/#website"},"breadcrumb":{"@id":"https:\/\/memberpress.com\/fr\/#breadcrumblist"},"datePublished":"2012-12-10T05:31:43-05:00","dateModified":"2025-12-23T15:18:17-05:00"},{"@type":"WebSite","@id":"https:\/\/memberpress.com\/fr\/#website","url":"https:\/\/memberpress.com\/fr\/","name":"MemberPress","description":"The All-In-One WordPress Membership Plugin","inLanguage":"fr-FR","publisher":{"@id":"https:\/\/memberpress.com\/fr\/#organization"}}]},"og:locale":"fr_FR","og:site_name":"MemberPress","og:type":"article","og:title":"The \u201cAll-In-One\u201d Membership Plugin for WordPress","og:description":"Easily monetize your WordPress site w\/ subscriptions, courses, paywalls, communities, more. MemberPress is the only WordPress membership plugin built for 7-figure creators.","og:url":"https:\/\/memberpress.com\/fr\/","og:image":"https:\/\/memberpress.com\/wp-content\/uploads\/2022\/10\/mp-icon-RGB_Icon-01.jpg","og:image:secure_url":"https:\/\/memberpress.com\/wp-content\/uploads\/2022\/10\/mp-icon-RGB_Icon-01.jpg","og:image:width":1650,"og:image:height":1275,"article:published_time":"2012-12-10T05:31:43+00:00","article:modified_time":"2025-12-23T20:18:17+00:00","article:publisher":"https:\/\/www.facebook.com\/memberpress\/","twitter:card":"summary_large_image","twitter:site":"@memberpress","twitter:title":"The \u201cAll-In-One\u201d Membership Plugin for WordPress","twitter:description":"Easily monetize your WordPress site w\/ subscriptions, courses, paywalls, communities, more. MemberPress is the only WordPress membership plugin built for 7-figure creators.","twitter:image":"https:\/\/memberpress.com\/wp-content\/uploads\/2022\/10\/mp-icon-RGB_Icon-01.jpg"},"aioseo_meta_data":{"post_id":"2","title":"MemberPress | #1 WordPress Membership Plugin","description":"Mon\u00e9tisez facilement votre site WordPress avec des abonnements, des cours, des paywalls, des communaut\u00e9s, etc. MemberPress est le seul plugin d'adh\u00e9sion WordPress con\u00e7u pour les cr\u00e9ateurs \u00e0 7 chiffres.","keywords":[{"label":"wordpress membership site","value":"wordpress membership site"},{"label":"membership site software","value":"membership site software"},{"label":"membership template wordpress","value":"membership template wordpress"},{"label":"how do i create a membership site with wordpress","value":"how do i create a membership site with wordpress"},{"label":"lms wordpress template","value":"lms wordpress template"},{"label":"wordpress plugin for membership subscription","value":"wordpress plugin for membership subscription"},{"label":"wordpress paywall membership","value":"wordpress paywall membership"},{"label":"monetization wordpress plugin","value":"monetization wordpress plugin"},{"label":"monetization","value":"monetization"},{"label":"how do i monetize my site","value":"how do i monetize my site"}],"keyphrases":{"focus":{"keyphrase":"membership site","score":56,"analysis":{"keyphraseInTitle":{"score":3,"maxScore":9,"error":1},"keyphraseInDescription":{"score":3,"maxScore":9,"error":1},"keyphraseLength":{"score":9,"maxScore":9,"error":0,"length":2}}},"additional":[]},"primary_term":null,"canonical_url":null,"og_title":"#post_title","og_description":"#post_content","og_object_type":"default","og_image_type":"default","og_image_url":null,"og_image_width":null,"og_image_height":null,"og_image_custom_url":null,"og_image_custom_fields":null,"og_video":"","og_custom_url":null,"og_article_section":null,"og_article_tags":null,"twitter_use_og":false,"twitter_card":"default","twitter_image_type":"default","twitter_image_url":null,"twitter_image_custom_url":null,"twitter_image_custom_fields":null,"twitter_title":null,"twitter_description":null,"schema":{"blockGraphs":[],"customGraphs":[],"default":{"data":{"Article":[],"Course":[],"Dataset":[],"FAQPage":[],"Movie":[],"Person":[],"Product":[],"ProductReview":[],"Car":[],"Recipe":[],"Service":[],"SoftwareApplication":[],"WebPage":[]},"graphName":"WebPage","isEnabled":true},"graphs":[]},"schema_type":"default","schema_type_options":"{\"article\":{\"articleType\":\"BlogPosting\"},\"course\":{\"name\":\"\",\"description\":\"\",\"provider\":\"\"},\"faq\":{\"pages\":[]},\"product\":{\"reviews\":[]},\"recipe\":{\"ingredients\":[],\"instructions\":[],\"keywords\":[]},\"software\":{\"reviews\":[],\"operatingSystems\":[]},\"webPage\":{\"webPageType\":\"WebPage\"},\"blockGraphs\":[]}","pillar_content":false,"robots_default":true,"robots_noindex":false,"robots_noarchive":false,"robots_nosnippet":false,"robots_nofollow":false,"robots_noimageindex":false,"robots_noodp":false,"robots_notranslate":false,"robots_max_snippet":"-1","robots_max_videopreview":"-1","robots_max_imagepreview":"large","priority":null,"frequency":"default","local_seo":null,"seo_analyzer_scan_date":"2025-12-23 20:18:37","breadcrumb_settings":null,"limit_modified_date":false,"reviewed_by":"0","open_ai":"{\"title\":{\"suggestions\":[],\"usage\":0},\"description\":{\"suggestions\":[],\"usage\":0}}","ai":{"faqs":[],"keyPoints":[],"titles":[],"descriptions":[],"socialPosts":{"email":[],"linkedin":[],"twitter":[],"facebook":[],"instagram":[]}},"created":"2020-12-21 16:16:49","updated":"2026-03-03 15:09:20"},"aioseo_breadcrumb":"<div class=\"aioseo-breadcrumbs\"><span class=\"aioseo-breadcrumb\">\n\t<a href=\"https:\/\/memberpress.com\/fr\" title=\"Home\">Home<\/a>\n<\/span><span class=\"aioseo-breadcrumb-separator\">&raquo;<\/span><span class=\"aioseo-breadcrumb\">\n\tThe \u201cAll-In-One\u201d Membership Plugin for WordPress\n<\/span><\/div>","aioseo_breadcrumb_json":[{"label":"Home","link":"https:\/\/memberpress.com\/fr"},{"label":"The \u201cAll-In-One\u201d Membership Plugin for WordPress","link":"https:\/\/memberpress.com\/fr\/"}],"app_access":{"can_access":true,"restrict_message":null},"_links":{"self":[{"href":"https:\/\/memberpress.com\/fr\/wp-json\/wp\/v2\/pages\/2","targetHints":{"allow":["GET"]}}],"collection":[{"href":"https:\/\/memberpress.com\/fr\/wp-json\/wp\/v2\/pages"}],"about":[{"href":"https:\/\/memberpress.com\/fr\/wp-json\/wp\/v2\/types\/page"}],"author":[{"embeddable":true,"href":"https:\/\/memberpress.com\/fr\/wp-json\/wp\/v2\/users\/1"}],"replies":[{"embeddable":true,"href":"https:\/\/memberpress.com\/fr\/wp-json\/wp\/v2\/comments?post=2"}],"version-history":[{"count":8,"href":"https:\/\/memberpress.com\/fr\/wp-json\/wp\/v2\/pages\/2\/revisions"}],"predecessor-version":[{"id":78236,"href":"https:\/\/memberpress.com\/fr\/wp-json\/wp\/v2\/pages\/2\/revisions\/78236"}],"wp:attachment":[{"href":"https:\/\/memberpress.com\/fr\/wp-json\/wp\/v2\/media?parent=2"}],"curies":[{"name":"wp","href":"https:\/\/api.w.org\/{rel}","templated":true}]}}