{"id":67290,"date":"2024-08-07T05:51:43","date_gmt":"2024-08-07T09:51:43","guid":{"rendered":"https:\/\/memberpress.com\/?page_id=67290"},"modified":"2025-04-16T03:33:51","modified_gmt":"2025-04-16T07:33:51","slug":"dfy-services","status":"publish","type":"page","link":"https:\/\/memberpress.com\/fr\/dfy-services\/","title":{"rendered":"Done for You MemberPress Services"},"content":{"rendered":"<div style=\"height:40px\" aria-hidden=\"true\" class=\"wp-block-spacer\"><\/div>\n\n\n\n<div class=\"wp-block-columns mp-service-intro-section is-layout-flex wp-container-core-columns-is-layout-9d6595d7 wp-block-columns-is-layout-flex\">\n<div class=\"wp-block-column is-layout-flow wp-block-column-is-layout-flow\">\n<h2 class=\"wp-block-heading has-text-align-center\">Confiez votre site Web WordPress \u00e0 des professionnels qui s'y connaissent<\/h2>\n\n\n\n<p class=\"has-text-align-center\">Nous avons \u00e9crit un livre sur les adh\u00e9sions \u00e0 WordPress. Puis nous avons r\u00e9cidiv\u00e9 avec les cours en ligne et le coaching. Lorsque vous choisissez les services WordPress professionnels de MemberPress, vous pouvez \u00eatre s\u00fbr que votre site web est g\u00e9r\u00e9 par des personnes qui s'y connaissent.<\/p>\n<\/div>\n<\/div>\n\n\n\n<div class=\"wp-block-columns mp-service-feature-section mp-service-feature-section-card dfy-offer is-layout-flex wp-container-core-columns-is-layout-9d6595d7 wp-block-columns-is-layout-flex\">\n<div class=\"wp-block-column is-layout-flow wp-block-column-is-layout-flow\">\n<figure class=\"wp-block-image size-full\"><img decoding=\"async\" src=\"https:\/\/memberpress.com\/wp-content\/uploads\/2024\/08\/Custom-Solutions.png\" alt=\"\" class=\"wp-image-64526\"\/><\/figure>\n\n\n\n<div class=\"wp-block-group\"><div class=\"wp-block-group__inner-container is-layout-constrained wp-block-group-is-layout-constrained\">\n<div class=\"wp-block-group\"><div class=\"wp-block-group__inner-container is-layout-constrained wp-block-group-is-layout-constrained\">\n<figure class=\"wp-block-image size-full\"><img decoding=\"async\" src=\"https:\/\/memberpress.com\/wp-content\/uploads\/2024\/08\/icon-monitor-white.png\" alt=\"\" class=\"wp-image-64564\"\/><\/figure>\n\n\n\n<h3 class=\"wp-block-heading\">Lancez facilement votre site Web d'adh\u00e9sion ou LMS<\/h3>\n<\/div><\/div>\n\n\n\n<p>Notre service de d\u00e9veloppement de sites d'adh\u00e9sion offre un moyen rapide de cr\u00e9er de superbes sites web, tandis que notre syst\u00e8me de gestion de l'apprentissage fournit une plateforme robuste pour les cours en ligne. Gr\u00e2ce \u00e0 une configuration facile, \u00e0 des fonctions personnalisables, \u00e0 des mod\u00e8les pr\u00e9con\u00e7us et \u00e0 l'assistance d'experts, vous pouvez rapidement \u00e9tablir votre pr\u00e9sence en ligne et proposer des exp\u00e9riences d'apprentissage attrayantes.<\/p>\n\n\n\n<div class=\"wp-block-buttons is-layout-flex wp-block-buttons-is-layout-flex\">\n<div class=\"wp-block-button mp-service-btn mp-service-btn-rarrow mp-service-btn-light\"><a class=\"wp-block-button__link wp-element-button\" href=\"https:\/\/memberpress.com\/fr\/dfy-services\/membership-site-development\/\">En savoir plus<\/a><\/div>\n<\/div>\n<\/div><\/div>\n<\/div>\n\n\n\n<div class=\"wp-block-column is-layout-flow wp-block-column-is-layout-flow\">\n<figure class=\"wp-block-image size-full\"><img decoding=\"async\" src=\"https:\/\/memberpress.com\/wp-content\/uploads\/2024\/08\/Website-Audit-Analysis.png\" alt=\"\" class=\"wp-image-64553\"\/><\/figure>\n\n\n\n<div class=\"wp-block-group\"><div class=\"wp-block-group__inner-container is-layout-constrained wp-block-group-is-layout-constrained\">\n<div class=\"wp-block-group\"><div class=\"wp-block-group__inner-container is-layout-constrained wp-block-group-is-layout-constrained\">\n<figure class=\"wp-block-image size-full\"><img decoding=\"async\" src=\"https:\/\/memberpress.com\/wp-content\/uploads\/2024\/08\/icon-tools-white.png\" alt=\"\" class=\"wp-image-64567\"\/><\/figure>\n\n\n\n<h3 class=\"wp-block-heading\">Maintenir la sant\u00e9 du site web<\/h3>\n<\/div><\/div>\n\n\n\n<p>Notre service de maintenance de sites web veille \u00e0 ce que votre site reste s\u00e9curis\u00e9, mis \u00e0 jour et fonctionne sans probl\u00e8me. Nous nous occupons des mises \u00e0 jour r\u00e9guli\u00e8res, des contr\u00f4les de s\u00e9curit\u00e9 et de l'optimisation des performances, ce qui vous permet de vous concentrer sur votre activit\u00e9. Gr\u00e2ce \u00e0 la r\u00e9solution rapide des probl\u00e8mes et \u00e0 l'assistance d'experts, nous maintenons votre site Web dans un \u00e9tat optimal, ce qui garantit la tranquillit\u00e9 d'esprit et une exp\u00e9rience transparente pour vos visiteurs.<\/p>\n\n\n\n<div class=\"wp-block-buttons is-layout-flex wp-block-buttons-is-layout-flex\">\n<div class=\"wp-block-button mp-service-btn mp-service-btn-rarrow mp-service-btn-light\"><a class=\"wp-block-button__link wp-element-button\" href=\"https:\/\/memberpress.com\/fr\/dfy-services\/website-maintenance\/\">En savoir plus<\/a><\/div>\n<\/div>\n<\/div><\/div>\n<\/div>\n<\/div>\n\n\n\n<div class=\"wp-block-columns is-layout-flex wp-container-core-columns-is-layout-9d6595d7 wp-block-columns-is-layout-flex\">\n<div class=\"wp-block-column is-layout-flow wp-block-column-is-layout-flow\">\n<h2 class=\"wp-block-heading\">Pourquoi les services MemberPress ?<\/h2>\n\n\n\n<p><strong>Lorsqu'il s'agit de sites d'adh\u00e9sion WordPress, nous avons \u00e9crit le livre. Personne ne conna\u00eet mieux les sites d'adh\u00e9sion que MemberPress. Notre \u00e9quipe de services professionnels offre :<\/strong><\/p>\n\n\n\n<ul class=\"wp-block-list\">\n<li>Exp\u00e9rience et expertise<\/li>\n\n\n\n<li>Excellence en mati\u00e8re de conception et de d\u00e9veloppement<\/li>\n\n\n\n<li>Des r\u00e9sultats probants<\/li>\n\n\n\n<li>Prix abordables<\/li>\n\n\n\n<li>Un soutien exceptionnel<\/li>\n<\/ul>\n\n\n\n<p><br>Faites en sorte que votre site WordPress soit op\u00e9rationnel en un temps record. Contactez-nous et r\u00e9servez une consultation gratuite pour vous guider vers la meilleure solution pour votre site web.<\/p>\n\n\n\n<div class=\"wp-block-buttons is-layout-flex wp-block-buttons-is-layout-flex\">\n<div class=\"wp-block-button mp-service-btn mp-service-btn-medium mp-service-btn-rarrow mp-service-btn-contact-experts\"><a class=\"wp-block-button__link wp-element-button\">Contacter nos experts<\/a><\/div>\n<\/div>\n<\/div>\n\n\n\n<div class=\"wp-block-column is-layout-flow wp-block-column-is-layout-flow\">\n<div style=\"height:40px\" aria-hidden=\"true\" class=\"wp-block-spacer\"><\/div>\n\n\n\n<figure class=\"wp-block-image size-full\"><img decoding=\"async\" src=\"https:\/\/memberpress.com\/wp-content\/uploads\/2024\/08\/iStock-943067460b-1.png\" alt=\"\" class=\"wp-image-64562\"\/><\/figure>\n<\/div>\n<\/div>\n\n\n\n<div class=\"wp-block-columns mp-service-faq mp-service-full-width is-layout-flex wp-container-core-columns-is-layout-9d6595d7 wp-block-columns-is-layout-flex\">\n<div class=\"wp-block-column is-layout-flow wp-block-column-is-layout-flow\">\n<h2 class=\"wp-block-heading has-text-align-center\">Questions fr\u00e9quemment pos\u00e9es et ressources<\/h2>\n\n\n\n<p>Vous avez une question sur MemberPress ? Vous trouverez dans la liste ci-dessous les questions les plus fr\u00e9quemment pos\u00e9es.Si votre question ne figure pas dans cette liste, veuillez <a class=\"heroickb_exit_link\" href=\"?hkb-redirect&nonce=91ce9b5a93&check=6ea85&redirect=https%3A%2F%2Fmemberpress.com%2Fsupport%2F&otype=unknown&oid=0&source=block-content\" title=\"\">nous contacter<\/a>.<\/p>\n\n\n\n<div class=\"wp-block-ht-blocks-accordion wp-block-hb-accordion\"><div class=\"wp-block-hb-accordion__section\" data-ht-blocks-accordion-block-state=\"closed\"><div class=\"wp-block-hb-accordion__title\"><span>Combien de temps faut-il pour cr\u00e9er un site web WordPress pour les membres ou un site web LMS ?<\/span><\/div><div class=\"wp-block-hb-accordion__content\"><div class=\"wp-block-hb-accordion__contentwrap\">La cr\u00e9ation d'un site web d'adh\u00e9sion ou LMS prend g\u00e9n\u00e9ralement entre 10 et 20 heures, en fonction de la complexit\u00e9 et des exigences sp\u00e9cifiques. Un site de base peut \u00eatre achev\u00e9 plus rapidement, tandis que les sites avec des fonctionnalit\u00e9s avanc\u00e9es comme le commerce \u00e9lectronique ou des zones d'adh\u00e9sion \u00e9tendues peuvent prendre plus de temps pour s'assurer que toutes les fonctionnalit\u00e9s sont int\u00e9gr\u00e9es de mani\u00e8re transparente. Nous donnons la priorit\u00e9 \u00e0 la qualit\u00e9 et \u00e0 la rigueur afin de vous livrer un site qui r\u00e9ponde parfaitement \u00e0 vos besoins.<\/div><\/div><\/div><div class=\"wp-block-hb-accordion__section\" data-ht-blocks-accordion-block-state=\"closed\"><div class=\"wp-block-hb-accordion__title\"><span>Quel th\u00e8me WordPress utiliserez-vous pour cr\u00e9er mon site web ?<\/span><\/div><div class=\"wp-block-hb-accordion__content\"><div class=\"wp-block-hb-accordion__contentwrap\">Notre \u00e9quipe est experte en Elementor et Astra. Cependant, le th\u00e8me que nous utiliserons d\u00e9pendra largement des exigences sp\u00e9cifiques de votre site web. Notre priorit\u00e9 absolue est de vous fournir un site web qui r\u00e9ponde \u00e0 vos besoins. C'est pourquoi nous vous recommanderons le th\u00e8me qui nous aidera le mieux \u00e0 atteindre cet objectif.<\/div><\/div><\/div><div class=\"wp-block-hb-accordion__section\" data-ht-blocks-accordion-block-state=\"closed\"><div class=\"wp-block-hb-accordion__title\"><span>Pouvez-vous m'aider \u00e0 migrer mon site web existant vers WordPress ?<\/span><\/div><div class=\"wp-block-hb-accordion__content\"><div class=\"wp-block-hb-accordion__contentwrap\">Oui, nous pouvons facilement migrer le contenu de votre site web existant vers WordPress. Cela signifie que si vous avez un site web existant, vous avez une longueur d'avance et notre \u00e9quipe peut passer \u00e0 l'\u00e9tape suivante pour vous.<\/div><\/div><\/div><div class=\"wp-block-hb-accordion__section\" data-ht-blocks-accordion-block-state=\"closed\"><div class=\"wp-block-hb-accordion__title\"><span>Pouvez-vous int\u00e9grer mon site web \u00e0 mon syst\u00e8me de gestion de la relation client (CRM) ou de marketing par courriel ?<\/span><\/div><div class=\"wp-block-hb-accordion__content\"><div class=\"wp-block-hb-accordion__contentwrap\">Oui. MemberPress s'int\u00e8gre directement avec les principaux syst\u00e8mes de CRM et de marketing par e-mail. Nous mettons en place ces int\u00e9grations lorsque nous configurons le plugin MemberPress pour vous. Assurez-vous simplement de souscrire au plan MemberPress qui inclut l'int\u00e9gration dont vous avez besoin.<\/div><\/div><\/div><div class=\"wp-block-hb-accordion__section\" data-ht-blocks-accordion-block-state=\"closed\"><div class=\"wp-block-hb-accordion__title\"><span>Pouvez-vous m'aider avec mon site web MemberPress existant ?<\/span><\/div><div class=\"wp-block-hb-accordion__content\"><div class=\"wp-block-hb-accordion__contentwrap\">Oui. En fait, nos clients actuels ont \u00e9t\u00e9 notre premi\u00e8re pr\u00e9occupation lorsque nous avons lanc\u00e9 ces services. Lorsque nos clients r\u00e9ussissent, nous r\u00e9ussissons aussi. C'est pourquoi notre \u00e9quipe de services professionnels adore travailler avec des sites Web MemberPress existants. <\/div><\/div><\/div><\/div>\n<\/div>\n<\/div>\n\n\n\n<div class=\"wp-block-columns mp-service-cta is-layout-flex wp-container-core-columns-is-layout-9d6595d7 wp-block-columns-is-layout-flex\">\n<div class=\"wp-block-column mp-service-cta is-layout-flow wp-block-column-is-layout-flow\">\n<div class=\"wp-block-group\"><div class=\"wp-block-group__inner-container is-layout-constrained wp-block-group-is-layout-constrained\">\n<h3 class=\"wp-block-heading\">Lancez votre site web en un temps record<\/h3>\n\n\n\n<p>Commencez \u00e0 cr\u00e9er le site web de vos r\u00eaves d\u00e8s aujourd'hui gr\u00e2ce \u00e0 notre service rapide comme l'\u00e9clair. Commencez d\u00e8s maintenant et lancez votre pr\u00e9sence en ligne en un rien de temps !<\/p>\n<\/div><\/div>\n\n\n\n<div class=\"wp-block-buttons is-layout-flex wp-block-buttons-is-layout-flex\">\n<div class=\"wp-block-button mp-service-btn mp-service-btn-rarrow dfy-scrollto-btn\"><a class=\"wp-block-button__link wp-element-button\" href=\"https:\/\/calendly.com\/dfy-memberpress\/30min\">R\u00e9servez votre consultation gratuite<\/a><\/div>\n<\/div>\n<\/div>\n<\/div>","protected":false},"excerpt":{"rendered":"<p>Trust Your WordPress Website to Pros Who Know We wrote the book on WordPress memberships. Then we did it again with online courses and coaching. When you choose professional WordPress services by MemberPress, you can trust your website is being handled by people who know. Launch Your Membership or LMS Website with Ease Our Membership [\u2026]<\/p>\n","protected":false},"author":25136,"featured_media":0,"parent":0,"menu_order":0,"comment_status":"closed","ping_status":"closed","template":"page-templates\/services.php","meta":{"_acf_changed":false,"om_disable_all_campaigns":false,"_strive_editorial_status":"not-started","_strive_copy_of":0,"inline_featured_image":false,"_monsterinsights_skip_tracking":false,"_monsterinsights_sitenote_active":false,"_monsterinsights_sitenote_note":"","_monsterinsights_sitenote_category":0,"_genesis_hide_title":false,"_genesis_hide_breadcrumbs":false,"_genesis_hide_singular_image":false,"_genesis_hide_footer_widgets":false,"_genesis_custom_body_class":"","_genesis_custom_post_class":"","_genesis_layout":"","_FSMCFIC_featured_image_caption":"","_FSMCFIC_featured_image_nocaption":"","_FSMCFIC_featured_image_hide":"","footnotes":""},"class_list":{"0":"post-67290","1":"page","2":"type-page","3":"status-publish","5":"entry"},"acf":[],"aioseo_notices":[],"aioseo_head":"\n\t\t<!-- All in One SEO Pro 4.9.5.2 - aioseo.com -->\n\t<meta name=\"description\" content=\"Trust Your WordPress Website to Pros Who Know We wrote the book on Wordpress memberships. Then we did it again with online courses and coaching. When you choose professional WordPress services by MemberPress, you can trust your website is being handled by people who know. Launch Your Membership or LMS Website with Ease Our Membership\" \/>\n\t<meta name=\"robots\" content=\"max-image-preview:large\" \/>\n\t<link rel=\"canonical\" href=\"https:\/\/memberpress.com\/fr\/dfy-services\/\" \/>\n\t<meta name=\"generator\" content=\"All in One SEO Pro (AIOSEO) 4.9.5.2\" \/>\n\t\t<meta property=\"og:locale\" content=\"fr_FR\" \/>\n\t\t<meta property=\"og:site_name\" content=\"MemberPress\" \/>\n\t\t<meta property=\"og:type\" content=\"article\" \/>\n\t\t<meta property=\"og:title\" content=\"Done for You MemberPress Services\" \/>\n\t\t<meta property=\"og:description\" content=\"Trust Your WordPress Website to Pros Who Know We wrote the book on Wordpress memberships. Then we did it again with online courses and coaching. When you choose professional WordPress services by MemberPress, you can trust your website is being handled by people who know. Launch Your Membership or LMS Website with Ease Our Membership\" \/>\n\t\t<meta property=\"og:url\" content=\"https:\/\/memberpress.com\/fr\/dfy-services\/\" \/>\n\t\t<meta property=\"og:image\" content=\"https:\/\/memberpress.com\/wp-content\/uploads\/2022\/10\/mp-icon-RGB_Icon-01.jpg\" \/>\n\t\t<meta property=\"og:image:secure_url\" content=\"https:\/\/memberpress.com\/wp-content\/uploads\/2022\/10\/mp-icon-RGB_Icon-01.jpg\" \/>\n\t\t<meta property=\"og:image:width\" content=\"1650\" \/>\n\t\t<meta property=\"og:image:height\" content=\"1275\" \/>\n\t\t<meta property=\"article:published_time\" content=\"2024-08-07T09:51:43+00:00\" \/>\n\t\t<meta property=\"article:modified_time\" content=\"2025-04-16T07:33:51+00:00\" \/>\n\t\t<meta property=\"article:publisher\" content=\"https:\/\/www.facebook.com\/memberpress\/\" \/>\n\t\t<meta name=\"twitter:card\" content=\"summary_large_image\" \/>\n\t\t<meta name=\"twitter:site\" content=\"@memberpress\" \/>\n\t\t<meta name=\"twitter:title\" content=\"Done for You MemberPress Services\" \/>\n\t\t<meta name=\"twitter:description\" content=\"Trust Your WordPress Website to Pros Who Know We wrote the book on Wordpress memberships. Then we did it again with online courses and coaching. When you choose professional WordPress services by MemberPress, you can trust your website is being handled by people who know. Launch Your Membership or LMS Website with Ease Our Membership\" \/>\n\t\t<meta name=\"twitter:image\" content=\"https:\/\/memberpress.com\/wp-content\/uploads\/2022\/10\/mp-icon-RGB_Icon-01.jpg\" \/>\n\t\t<script type=\"application\/ld+json\" class=\"aioseo-schema\">\n\t\t\t{\"@context\":\"https:\\\/\\\/schema.org\",\"@graph\":[{\"@type\":\"BreadcrumbList\",\"@id\":\"https:\\\/\\\/memberpress.com\\\/fr\\\/dfy-services\\\/#breadcrumblist\",\"itemListElement\":[{\"@type\":\"ListItem\",\"@id\":\"https:\\\/\\\/memberpress.com\\\/fr#listItem\",\"position\":1,\"name\":\"Home\",\"item\":\"https:\\\/\\\/memberpress.com\\\/fr\",\"nextItem\":{\"@type\":\"ListItem\",\"@id\":\"https:\\\/\\\/memberpress.com\\\/fr\\\/dfy-services\\\/#listItem\",\"name\":\"Done for You MemberPress Services\"}},{\"@type\":\"ListItem\",\"@id\":\"https:\\\/\\\/memberpress.com\\\/fr\\\/dfy-services\\\/#listItem\",\"position\":2,\"name\":\"Done for You MemberPress Services\",\"previousItem\":{\"@type\":\"ListItem\",\"@id\":\"https:\\\/\\\/memberpress.com\\\/fr#listItem\",\"name\":\"Home\"}}]},{\"@type\":\"Organization\",\"@id\":\"https:\\\/\\\/memberpress.com\\\/fr\\\/#organization\",\"name\":\"MemberPress\",\"description\":\"The All-In-One WordPress Membership Plugin\",\"url\":\"https:\\\/\\\/memberpress.com\\\/fr\\\/\",\"logo\":{\"@type\":\"ImageObject\",\"url\":\"https:\\\/\\\/memberpress.com\\\/wp-content\\\/uploads\\\/2022\\\/10\\\/mp-icon-RGB_Icon-01.jpg\",\"@id\":\"https:\\\/\\\/memberpress.com\\\/fr\\\/dfy-services\\\/#organizationLogo\",\"width\":1650,\"height\":1275,\"caption\":\"memberpress logo icon\"},\"image\":{\"@id\":\"https:\\\/\\\/memberpress.com\\\/fr\\\/dfy-services\\\/#organizationLogo\"},\"sameAs\":[\"https:\\\/\\\/www.instagram.com\\\/memberpress\\\/\",\"https:\\\/\\\/www.pinterest.com\\\/memberpressplugin\\\/\",\"https:\\\/\\\/www.youtube.com\\\/c\\\/MemberPressPlugin\",\"https:\\\/\\\/www.linkedin.com\\\/company\\\/memberpress\\\/\"]},{\"@type\":\"WebPage\",\"@id\":\"https:\\\/\\\/memberpress.com\\\/fr\\\/dfy-services\\\/#webpage\",\"url\":\"https:\\\/\\\/memberpress.com\\\/fr\\\/dfy-services\\\/\",\"name\":\"Done for You MemberPress Services\",\"description\":\"Trust Your WordPress Website to Pros Who Know We wrote the book on Wordpress memberships. Then we did it again with online courses and coaching. When you choose professional WordPress services by MemberPress, you can trust your website is being handled by people who know. Launch Your Membership or LMS Website with Ease Our Membership\",\"inLanguage\":\"fr-FR\",\"isPartOf\":{\"@id\":\"https:\\\/\\\/memberpress.com\\\/fr\\\/#website\"},\"breadcrumb\":{\"@id\":\"https:\\\/\\\/memberpress.com\\\/fr\\\/dfy-services\\\/#breadcrumblist\"},\"datePublished\":\"2024-08-07T05:51:43-04:00\",\"dateModified\":\"2025-04-16T03:33:51-04:00\"},{\"@type\":\"WebSite\",\"@id\":\"https:\\\/\\\/memberpress.com\\\/fr\\\/#website\",\"url\":\"https:\\\/\\\/memberpress.com\\\/fr\\\/\",\"name\":\"MemberPress\",\"description\":\"The All-In-One WordPress Membership Plugin\",\"inLanguage\":\"fr-FR\",\"publisher\":{\"@id\":\"https:\\\/\\\/memberpress.com\\\/fr\\\/#organization\"}}]}\n\t\t<\/script>\n\t\t<!-- All in One SEO Pro -->\r\n\t\t<title>Done for You MemberPress Services<\/title>\n\n","aioseo_head_json":{"title":"Done for You MemberPress Services","description":"Confiez votre site Web WordPress \u00e0 des professionnels qui s'y connaissent Nous avons \u00e9crit le livre sur les adh\u00e9sions \u00e0 Wordpress. Puis nous avons r\u00e9cidiv\u00e9 avec les cours en ligne et le coaching. Lorsque vous choisissez les services WordPress professionnels de MemberPress, vous pouvez \u00eatre s\u00fbr que votre site web est g\u00e9r\u00e9 par des personnes qui s'y connaissent. Lancez votre site web d'adh\u00e9sion ou LMS avec facilit\u00e9 Notre adh\u00e9sion","canonical_url":"https:\/\/memberpress.com\/fr\/dfy-services\/","robots":"max-image-preview:large","keywords":"","webmasterTools":{"miscellaneous":""},"schema":{"@context":"https:\/\/schema.org","@graph":[{"@type":"BreadcrumbList","@id":"https:\/\/memberpress.com\/fr\/dfy-services\/#breadcrumblist","itemListElement":[{"@type":"ListItem","@id":"https:\/\/memberpress.com\/fr#listItem","position":1,"name":"Home","item":"https:\/\/memberpress.com\/fr","nextItem":{"@type":"ListItem","@id":"https:\/\/memberpress.com\/fr\/dfy-services\/#listItem","name":"Done for You MemberPress Services"}},{"@type":"ListItem","@id":"https:\/\/memberpress.com\/fr\/dfy-services\/#listItem","position":2,"name":"Done for You MemberPress Services","previousItem":{"@type":"ListItem","@id":"https:\/\/memberpress.com\/fr#listItem","name":"Home"}}]},{"@type":"Organization","@id":"https:\/\/memberpress.com\/fr\/#organization","name":"MemberPress","description":"The All-In-One WordPress Membership Plugin","url":"https:\/\/memberpress.com\/fr\/","logo":{"@type":"ImageObject","url":"https:\/\/memberpress.com\/wp-content\/uploads\/2022\/10\/mp-icon-RGB_Icon-01.jpg","@id":"https:\/\/memberpress.com\/fr\/dfy-services\/#organizationLogo","width":1650,"height":1275,"caption":"memberpress logo icon"},"image":{"@id":"https:\/\/memberpress.com\/fr\/dfy-services\/#organizationLogo"},"sameAs":["https:\/\/www.instagram.com\/memberpress\/","https:\/\/www.pinterest.com\/memberpressplugin\/","https:\/\/www.youtube.com\/c\/MemberPressPlugin","https:\/\/www.linkedin.com\/company\/memberpress\/"]},{"@type":"WebPage","@id":"https:\/\/memberpress.com\/fr\/dfy-services\/#webpage","url":"https:\/\/memberpress.com\/fr\/dfy-services\/","name":"Done for You MemberPress Services","description":"Trust Your WordPress Website to Pros Who Know We wrote the book on Wordpress memberships. Then we did it again with online courses and coaching. When you choose professional WordPress services by MemberPress, you can trust your website is being handled by people who know. Launch Your Membership or LMS Website with Ease Our Membership","inLanguage":"fr-FR","isPartOf":{"@id":"https:\/\/memberpress.com\/fr\/#website"},"breadcrumb":{"@id":"https:\/\/memberpress.com\/fr\/dfy-services\/#breadcrumblist"},"datePublished":"2024-08-07T05:51:43-04:00","dateModified":"2025-04-16T03:33:51-04:00"},{"@type":"WebSite","@id":"https:\/\/memberpress.com\/fr\/#website","url":"https:\/\/memberpress.com\/fr\/","name":"MemberPress","description":"The All-In-One WordPress Membership Plugin","inLanguage":"fr-FR","publisher":{"@id":"https:\/\/memberpress.com\/fr\/#organization"}}]},"og:locale":"fr_FR","og:site_name":"MemberPress","og:type":"article","og:title":"Done for You MemberPress Services","og:description":"Trust Your WordPress Website to Pros Who Know We wrote the book on Wordpress memberships. Then we did it again with online courses and coaching. When you choose professional WordPress services by MemberPress, you can trust your website is being handled by people who know. Launch Your Membership or LMS Website with Ease Our Membership","og:url":"https:\/\/memberpress.com\/fr\/dfy-services\/","og:image":"https:\/\/memberpress.com\/wp-content\/uploads\/2022\/10\/mp-icon-RGB_Icon-01.jpg","og:image:secure_url":"https:\/\/memberpress.com\/wp-content\/uploads\/2022\/10\/mp-icon-RGB_Icon-01.jpg","og:image:width":1650,"og:image:height":1275,"article:published_time":"2024-08-07T09:51:43+00:00","article:modified_time":"2025-04-16T07:33:51+00:00","article:publisher":"https:\/\/www.facebook.com\/memberpress\/","twitter:card":"summary_large_image","twitter:site":"@memberpress","twitter:title":"Done for You MemberPress Services","twitter:description":"Trust Your WordPress Website to Pros Who Know We wrote the book on Wordpress memberships. Then we did it again with online courses and coaching. When you choose professional WordPress services by MemberPress, you can trust your website is being handled by people who know. Launch Your Membership or LMS Website with Ease Our Membership","twitter:image":"https:\/\/memberpress.com\/wp-content\/uploads\/2022\/10\/mp-icon-RGB_Icon-01.jpg"},"aioseo_meta_data":{"post_id":"67290","title":null,"description":null,"keywords":null,"keyphrases":{"focus":{"keyphrase":"","score":0,"analysis":{"keyphraseInTitle":{"score":0,"maxScore":9,"error":1}}},"additional":[]},"primary_term":null,"canonical_url":null,"og_title":null,"og_description":null,"og_object_type":"default","og_image_type":"default","og_image_url":null,"og_image_width":null,"og_image_height":null,"og_image_custom_url":null,"og_image_custom_fields":null,"og_video":"","og_custom_url":null,"og_article_section":null,"og_article_tags":null,"twitter_use_og":false,"twitter_card":"default","twitter_image_type":"default","twitter_image_url":null,"twitter_image_custom_url":null,"twitter_image_custom_fields":null,"twitter_title":null,"twitter_description":null,"schema":{"blockGraphs":[],"customGraphs":[],"default":{"data":{"Article":[],"Course":[],"Dataset":[],"FAQPage":[],"Movie":[],"Person":[],"Product":[],"ProductReview":[],"Car":[],"Recipe":[],"Service":[],"SoftwareApplication":[],"WebPage":[]},"graphName":"WebPage","isEnabled":true},"graphs":[]},"schema_type":"default","schema_type_options":null,"pillar_content":false,"robots_default":true,"robots_noindex":false,"robots_noarchive":false,"robots_nosnippet":false,"robots_nofollow":false,"robots_noimageindex":false,"robots_noodp":false,"robots_notranslate":false,"robots_max_snippet":"-1","robots_max_videopreview":"-1","robots_max_imagepreview":"large","priority":null,"frequency":"default","local_seo":null,"seo_analyzer_scan_date":"2025-10-09 20:09:02","breadcrumb_settings":null,"limit_modified_date":false,"reviewed_by":null,"open_ai":"{\"title\":{\"suggestions\":[],\"usage\":0},\"description\":{\"suggestions\":[],\"usage\":0}}","ai":null,"created":"2024-08-07 09:50:55","updated":"2026-03-03 14:51:23"},"aioseo_breadcrumb":"<div class=\"aioseo-breadcrumbs\"><span class=\"aioseo-breadcrumb\">\n\t<a href=\"https:\/\/memberpress.com\/fr\" title=\"Home\">Home<\/a>\n<\/span><span class=\"aioseo-breadcrumb-separator\">&raquo;<\/span><span class=\"aioseo-breadcrumb\">\n\tDone for You MemberPress Services\n<\/span><\/div>","aioseo_breadcrumb_json":[{"label":"Home","link":"https:\/\/memberpress.com\/fr"},{"label":"Done for You MemberPress Services","link":"https:\/\/memberpress.com\/fr\/dfy-services\/"}],"app_access":{"can_access":true,"restrict_message":null},"_links":{"self":[{"href":"https:\/\/memberpress.com\/fr\/wp-json\/wp\/v2\/pages\/67290","targetHints":{"allow":["GET"]}}],"collection":[{"href":"https:\/\/memberpress.com\/fr\/wp-json\/wp\/v2\/pages"}],"about":[{"href":"https:\/\/memberpress.com\/fr\/wp-json\/wp\/v2\/types\/page"}],"author":[{"embeddable":true,"href":"https:\/\/memberpress.com\/fr\/wp-json\/wp\/v2\/users\/25136"}],"replies":[{"embeddable":true,"href":"https:\/\/memberpress.com\/fr\/wp-json\/wp\/v2\/comments?post=67290"}],"version-history":[{"count":1,"href":"https:\/\/memberpress.com\/fr\/wp-json\/wp\/v2\/pages\/67290\/revisions"}],"predecessor-version":[{"id":71659,"href":"https:\/\/memberpress.com\/fr\/wp-json\/wp\/v2\/pages\/67290\/revisions\/71659"}],"wp:attachment":[{"href":"https:\/\/memberpress.com\/fr\/wp-json\/wp\/v2\/media?parent=67290"}],"curies":[{"name":"wp","href":"https:\/\/api.w.org\/{rel}","templated":true}]}}