{"id":811,"date":"2013-02-04T06:27:27","date_gmt":"2013-02-04T06:27:27","guid":{"rendered":"https:\/\/memberpress.com\/?page_id=811"},"modified":"2022-02-22T09:00:29","modified_gmt":"2022-02-22T16:00:29","slug":"wordpress-membership","status":"publish","type":"page","link":"https:\/\/memberpress.com\/fr\/wordpress-membership\/","title":{"rendered":"Adh\u00e9sion \u00e0 WordPress"},"content":{"rendered":"<p>N'aimeriez-vous pas composer une <em>paiement \u00e0 l'acc\u00e8s<\/em> avec un outil aussi flexible, beau et facile \u00e0 utiliser que WordPress ?<\/p>\n\n\n\n<p>Et si la cr\u00e9ation de votre propre site d'adh\u00e9sion WordPress \u00e9tait facile \u00e0 mettre en place ? <strong>-<\/strong> and super solid to manage \u2026 <\/p>\n\n\n\n<p>C'est d\u00e9sormais possible gr\u00e2ce \u00e0 un plugin appel\u00e9 MemberPress !<\/p>\n\n\n\n<p>Nous avons cr\u00e9\u00e9 MemberPress sp\u00e9cifiquement parce que nous \u00e9tions frustr\u00e9s par les limitations et la complexit\u00e9 des plugins WordPress Membership existants. Sans parler des co\u00fbts extr\u00eames et de la laideur des solutions de sites d'adh\u00e9sion h\u00e9berg\u00e9s disponibles sur le march\u00e9.<\/p>\n\n\n\n<p>MemberPress permet de prot\u00e9ger facilement le contenu de vos sites d'adh\u00e9sion WordPress afin que seuls vos clients payants puissent y acc\u00e9der.<\/p>\n\n\n\n<p>C'est pourquoi nous avons con\u00e7u MemberPress en gardant \u00e0 l'esprit la simplicit\u00e9 et la flexibilit\u00e9, y compris la gestion de la configuration des produits, de l'acc\u00e8s, des membres et du traitement des paiements \u00e0 l'\u00e9chelle de l'entreprise.<\/p>\n\n\n\n<div class=\"block-mp-button-wrap\">\n\t<a id=\"button-block_6215077771549\" href=\"https:\/\/memberpress.com\/fr\/features\/\"  target=\"_blank\" class=\"button button-blue left\">Learn More about MemberPress >><\/a>\n<\/div>\n\n\n\n\n<div class=\"block-mp-button-wrap\">\n\t<a id=\"button-block_621506d371548\" href=\"https:\/\/memberpress.com\/fr\/blog\/how-to-use-memberpress-to-set-up-a-wordpress-membership-site-in-5-minutes\/\"  target=\"_blank\" class=\"button button-blue left\">Watch MemberPress in Action >><\/a>\n<\/div>\n\n\n\n\n<p><\/p>\n\n\n\n<p>Si vous souhaitez cr\u00e9er un site d'adh\u00e9sion WordPress solide comme le roc, vous avez trouv\u00e9 l'outil qu'il vous faut !<\/p>\n\n\n\n<div class=\"block-mp-button-wrap\">\n\t<a id=\"button-block_621507b37154a\" href=\"https:\/\/memberpress.com\/fr\/plans\/pricing\/\"  target=\"_blank\" class=\"button button-orange center\">D\u00e9marrez avec MemberPress AUJOURD'HUI ! <\/a>\n<\/div>","protected":false},"excerpt":{"rendered":"<p>Wouldn\u2019t you love to put together a pay-for-access membership site with a tool as flexible, beautiful, and easy to use as WordPress? What if creating your own WordPress membership site was easy to set up \u2013 and super solid to manage \u2026 Well now you can with a plugin called MemberPress! We created MemberPress specifically [\u2026]<\/p>\n","protected":false},"author":1,"featured_media":0,"parent":0,"menu_order":0,"comment_status":"open","ping_status":"open","template":"","meta":{"_acf_changed":false,"om_disable_all_campaigns":false,"_strive_editorial_status":"not-started","_strive_copy_of":0,"inline_featured_image":false,"_monsterinsights_skip_tracking":false,"_monsterinsights_sitenote_active":false,"_monsterinsights_sitenote_note":"","_monsterinsights_sitenote_category":0,"_genesis_hide_title":false,"_genesis_hide_breadcrumbs":false,"_genesis_hide_singular_image":false,"_genesis_hide_footer_widgets":false,"_genesis_custom_body_class":"","_genesis_custom_post_class":"","_genesis_layout":"","_FSMCFIC_featured_image_caption":"","_FSMCFIC_featured_image_nocaption":"","_FSMCFIC_featured_image_hide":"","footnotes":""},"class_list":{"0":"post-811","1":"page","2":"type-page","3":"status-publish","5":"entry"},"acf":[],"aioseo_notices":[],"aioseo_head":"\n\t\t<!-- All in One SEO Pro 4.9.5.2 - aioseo.com -->\n\t<meta name=\"description\" content=\"MemberPress makes it easy to protect the content on your WordPress membership sites so that only your paying customers can access it.\" \/>\n\t<meta name=\"robots\" content=\"max-image-preview:large\" \/>\n\t<meta name=\"keywords\" content=\"membership site,membership wordpress plugin,memberpress wordpress plugin\" \/>\n\t<link rel=\"canonical\" href=\"https:\/\/memberpress.com\/fr\/wordpress-membership\/\" \/>\n\t<meta name=\"generator\" content=\"All in One SEO Pro (AIOSEO) 4.9.5.2\" \/>\n\t\t<meta property=\"og:locale\" content=\"fr_FR\" \/>\n\t\t<meta property=\"og:site_name\" content=\"MemberPress\" \/>\n\t\t<meta property=\"og:type\" content=\"article\" \/>\n\t\t<meta property=\"og:title\" content=\"WordPress Membership\" \/>\n\t\t<meta property=\"og:description\" content=\"MemberPress makes it easy to protect the content on your WordPress membership sites so that only your paying customers can access it.\" \/>\n\t\t<meta property=\"og:url\" content=\"https:\/\/memberpress.com\/fr\/wordpress-membership\/\" \/>\n\t\t<meta property=\"og:image\" content=\"https:\/\/memberpress.com\/wp-content\/uploads\/2022\/10\/mp-icon-RGB_Icon-01.jpg\" \/>\n\t\t<meta property=\"og:image:secure_url\" content=\"https:\/\/memberpress.com\/wp-content\/uploads\/2022\/10\/mp-icon-RGB_Icon-01.jpg\" \/>\n\t\t<meta property=\"og:image:width\" content=\"1650\" \/>\n\t\t<meta property=\"og:image:height\" content=\"1275\" \/>\n\t\t<meta property=\"article:published_time\" content=\"2013-02-04T06:27:27+00:00\" \/>\n\t\t<meta property=\"article:modified_time\" content=\"2022-02-22T16:00:29+00:00\" \/>\n\t\t<meta property=\"article:publisher\" content=\"https:\/\/www.facebook.com\/memberpress\/\" \/>\n\t\t<meta name=\"twitter:card\" content=\"summary_large_image\" \/>\n\t\t<meta name=\"twitter:site\" content=\"@memberpress\" \/>\n\t\t<meta name=\"twitter:title\" content=\"WordPress Membership\" \/>\n\t\t<meta name=\"twitter:description\" content=\"MemberPress makes it easy to protect the content on your WordPress membership sites so that only your paying customers can access it.\" \/>\n\t\t<meta name=\"twitter:image\" content=\"https:\/\/memberpress.com\/wp-content\/uploads\/2022\/10\/mp-icon-RGB_Icon-01.jpg\" \/>\n\t\t<script type=\"application\/ld+json\" class=\"aioseo-schema\">\n\t\t\t{\"@context\":\"https:\\\/\\\/schema.org\",\"@graph\":[{\"@type\":\"BreadcrumbList\",\"@id\":\"https:\\\/\\\/memberpress.com\\\/fr\\\/wordpress-membership\\\/#breadcrumblist\",\"itemListElement\":[{\"@type\":\"ListItem\",\"@id\":\"https:\\\/\\\/memberpress.com\\\/fr#listItem\",\"position\":1,\"name\":\"Home\",\"item\":\"https:\\\/\\\/memberpress.com\\\/fr\",\"nextItem\":{\"@type\":\"ListItem\",\"@id\":\"https:\\\/\\\/memberpress.com\\\/fr\\\/wordpress-membership\\\/#listItem\",\"name\":\"WordPress Membership\"}},{\"@type\":\"ListItem\",\"@id\":\"https:\\\/\\\/memberpress.com\\\/fr\\\/wordpress-membership\\\/#listItem\",\"position\":2,\"name\":\"WordPress Membership\",\"previousItem\":{\"@type\":\"ListItem\",\"@id\":\"https:\\\/\\\/memberpress.com\\\/fr#listItem\",\"name\":\"Home\"}}]},{\"@type\":\"Organization\",\"@id\":\"https:\\\/\\\/memberpress.com\\\/fr\\\/#organization\",\"name\":\"MemberPress\",\"description\":\"The All-In-One WordPress Membership Plugin\",\"url\":\"https:\\\/\\\/memberpress.com\\\/fr\\\/\",\"logo\":{\"@type\":\"ImageObject\",\"url\":\"https:\\\/\\\/memberpress.com\\\/wp-content\\\/uploads\\\/2022\\\/10\\\/mp-icon-RGB_Icon-01.jpg\",\"@id\":\"https:\\\/\\\/memberpress.com\\\/fr\\\/wordpress-membership\\\/#organizationLogo\",\"width\":1650,\"height\":1275,\"caption\":\"memberpress logo icon\"},\"image\":{\"@id\":\"https:\\\/\\\/memberpress.com\\\/fr\\\/wordpress-membership\\\/#organizationLogo\"},\"sameAs\":[\"https:\\\/\\\/www.instagram.com\\\/memberpress\\\/\",\"https:\\\/\\\/www.pinterest.com\\\/memberpressplugin\\\/\",\"https:\\\/\\\/www.youtube.com\\\/c\\\/MemberPressPlugin\",\"https:\\\/\\\/www.linkedin.com\\\/company\\\/memberpress\\\/\"]},{\"@type\":\"WebPage\",\"@id\":\"https:\\\/\\\/memberpress.com\\\/fr\\\/wordpress-membership\\\/#webpage\",\"url\":\"https:\\\/\\\/memberpress.com\\\/fr\\\/wordpress-membership\\\/\",\"name\":\"WordPress Membership\",\"description\":\"MemberPress makes it easy to protect the content on your WordPress membership sites so that only your paying customers can access it.\",\"inLanguage\":\"fr-FR\",\"isPartOf\":{\"@id\":\"https:\\\/\\\/memberpress.com\\\/fr\\\/#website\"},\"breadcrumb\":{\"@id\":\"https:\\\/\\\/memberpress.com\\\/fr\\\/wordpress-membership\\\/#breadcrumblist\"},\"datePublished\":\"2013-02-04T06:27:27-05:00\",\"dateModified\":\"2022-02-22T09:00:29-05:00\"},{\"@type\":\"WebSite\",\"@id\":\"https:\\\/\\\/memberpress.com\\\/fr\\\/#website\",\"url\":\"https:\\\/\\\/memberpress.com\\\/fr\\\/\",\"name\":\"MemberPress\",\"description\":\"The All-In-One WordPress Membership Plugin\",\"inLanguage\":\"fr-FR\",\"publisher\":{\"@id\":\"https:\\\/\\\/memberpress.com\\\/fr\\\/#organization\"}}]}\n\t\t<\/script>\n\t\t<!-- All in One SEO Pro -->\r\n\t\t<title>WordPress Membership<\/title>\n\n","aioseo_head_json":{"title":"Adh\u00e9sion \u00e0 WordPress","description":"MemberPress permet de prot\u00e9ger facilement le contenu de vos sites d'adh\u00e9sion WordPress afin que seuls vos clients payants puissent y acc\u00e9der.","canonical_url":"https:\/\/memberpress.com\/fr\/wordpress-membership\/","robots":"max-image-preview:large","keywords":"membership site,membership wordpress plugin,memberpress wordpress plugin","webmasterTools":{"miscellaneous":""},"schema":{"@context":"https:\/\/schema.org","@graph":[{"@type":"BreadcrumbList","@id":"https:\/\/memberpress.com\/fr\/wordpress-membership\/#breadcrumblist","itemListElement":[{"@type":"ListItem","@id":"https:\/\/memberpress.com\/fr#listItem","position":1,"name":"Home","item":"https:\/\/memberpress.com\/fr","nextItem":{"@type":"ListItem","@id":"https:\/\/memberpress.com\/fr\/wordpress-membership\/#listItem","name":"WordPress Membership"}},{"@type":"ListItem","@id":"https:\/\/memberpress.com\/fr\/wordpress-membership\/#listItem","position":2,"name":"WordPress Membership","previousItem":{"@type":"ListItem","@id":"https:\/\/memberpress.com\/fr#listItem","name":"Home"}}]},{"@type":"Organization","@id":"https:\/\/memberpress.com\/fr\/#organization","name":"MemberPress","description":"The All-In-One WordPress Membership Plugin","url":"https:\/\/memberpress.com\/fr\/","logo":{"@type":"ImageObject","url":"https:\/\/memberpress.com\/wp-content\/uploads\/2022\/10\/mp-icon-RGB_Icon-01.jpg","@id":"https:\/\/memberpress.com\/fr\/wordpress-membership\/#organizationLogo","width":1650,"height":1275,"caption":"memberpress logo icon"},"image":{"@id":"https:\/\/memberpress.com\/fr\/wordpress-membership\/#organizationLogo"},"sameAs":["https:\/\/www.instagram.com\/memberpress\/","https:\/\/www.pinterest.com\/memberpressplugin\/","https:\/\/www.youtube.com\/c\/MemberPressPlugin","https:\/\/www.linkedin.com\/company\/memberpress\/"]},{"@type":"WebPage","@id":"https:\/\/memberpress.com\/fr\/wordpress-membership\/#webpage","url":"https:\/\/memberpress.com\/fr\/wordpress-membership\/","name":"WordPress Membership","description":"MemberPress makes it easy to protect the content on your WordPress membership sites so that only your paying customers can access it.","inLanguage":"fr-FR","isPartOf":{"@id":"https:\/\/memberpress.com\/fr\/#website"},"breadcrumb":{"@id":"https:\/\/memberpress.com\/fr\/wordpress-membership\/#breadcrumblist"},"datePublished":"2013-02-04T06:27:27-05:00","dateModified":"2022-02-22T09:00:29-05:00"},{"@type":"WebSite","@id":"https:\/\/memberpress.com\/fr\/#website","url":"https:\/\/memberpress.com\/fr\/","name":"MemberPress","description":"The All-In-One WordPress Membership Plugin","inLanguage":"fr-FR","publisher":{"@id":"https:\/\/memberpress.com\/fr\/#organization"}}]},"og:locale":"fr_FR","og:site_name":"MemberPress","og:type":"article","og:title":"WordPress Membership","og:description":"MemberPress makes it easy to protect the content on your WordPress membership sites so that only your paying customers can access it.","og:url":"https:\/\/memberpress.com\/fr\/wordpress-membership\/","og:image":"https:\/\/memberpress.com\/wp-content\/uploads\/2022\/10\/mp-icon-RGB_Icon-01.jpg","og:image:secure_url":"https:\/\/memberpress.com\/wp-content\/uploads\/2022\/10\/mp-icon-RGB_Icon-01.jpg","og:image:width":1650,"og:image:height":1275,"article:published_time":"2013-02-04T06:27:27+00:00","article:modified_time":"2022-02-22T16:00:29+00:00","article:publisher":"https:\/\/www.facebook.com\/memberpress\/","twitter:card":"summary_large_image","twitter:site":"@memberpress","twitter:title":"WordPress Membership","twitter:description":"MemberPress makes it easy to protect the content on your WordPress membership sites so that only your paying customers can access it.","twitter:image":"https:\/\/memberpress.com\/wp-content\/uploads\/2022\/10\/mp-icon-RGB_Icon-01.jpg"},"aioseo_meta_data":{"post_id":"811","title":"Adh\u00e9sion \u00e0 WordPress","description":"MemberPress permet de prot\u00e9ger facilement le contenu de vos sites d'adh\u00e9sion WordPress afin que seuls vos clients payants puissent y acc\u00e9der.","keywords":[{"label":"membership site ","value":"membership site "},{"label":"membership wordpress plugin ","value":"membership wordpress plugin "},{"label":"MemberPress WordPress Plugin ","value":"MemberPress WordPress Plugin "}],"keyphrases":{"focus":{"keyphrase":"WordPress Membership","score":85,"analysis":{"keyphraseInTitle":{"title":"Focus keyphrase in SEO title","description":"Focus keyphrase found in SEO title.","score":9,"maxScore":9,"error":0},"keyphraseInDescription":{"title":"Focus keyphrase in meta description","description":"Focus keyphrase found in meta description.","score":9,"maxScore":9,"error":0},"keyphraseLength":{"title":"Focus keyphrase length","description":"Good job!","score":9,"maxScore":9,"error":0,"length":2},"keyphraseInURL":{"title":"Focus keyphrase in URL","description":"Focus keyphrase used in the URL.","score":5,"maxScore":5,"error":0},"keyphraseInIntroduction":{"title":"Focus keyphrase in introduction","description":"Your Focus keyphrase does not appear in the first paragraph. Make sure the topic is clear immediately.","score":3,"maxScore":9,"error":1},"keyphraseInSubHeadings":[],"keyphraseInImageAlt":[]}},"additional":[]},"primary_term":null,"canonical_url":null,"og_title":null,"og_description":null,"og_object_type":"default","og_image_type":"default","og_image_url":null,"og_image_width":null,"og_image_height":null,"og_image_custom_url":null,"og_image_custom_fields":null,"og_video":"","og_custom_url":null,"og_article_section":null,"og_article_tags":[],"twitter_use_og":false,"twitter_card":"default","twitter_image_type":"default","twitter_image_url":null,"twitter_image_custom_url":null,"twitter_image_custom_fields":null,"twitter_title":null,"twitter_description":null,"schema":{"blockGraphs":[],"customGraphs":[],"default":{"data":{"Article":[],"Course":[],"Dataset":[],"FAQPage":[],"Movie":[],"Person":[],"Product":[],"ProductReview":[],"Car":[],"Recipe":[],"Service":[],"SoftwareApplication":[],"WebPage":[]},"graphName":"","isEnabled":true},"graphs":[],"defaultGraph":"WebPage","defaultPostTypeGraph":""},"schema_type":"default","schema_type_options":"{\"article\":{\"articleType\":\"BlogPosting\"},\"course\":{\"name\":\"\",\"description\":\"\",\"provider\":\"\"},\"faq\":{\"pages\":[]},\"product\":{\"reviews\":[]},\"recipe\":{\"ingredients\":[],\"instructions\":[],\"keywords\":[]},\"software\":{\"reviews\":[],\"operatingSystems\":[]},\"webPage\":{\"webPageType\":\"WebPage\"}}","pillar_content":false,"robots_default":true,"robots_noindex":false,"robots_noarchive":false,"robots_nosnippet":false,"robots_nofollow":false,"robots_noimageindex":false,"robots_noodp":false,"robots_notranslate":false,"robots_max_snippet":"-1","robots_max_videopreview":"-1","robots_max_imagepreview":"large","priority":null,"frequency":"default","local_seo":null,"seo_analyzer_scan_date":"2025-10-09 19:55:44","breadcrumb_settings":null,"limit_modified_date":false,"reviewed_by":null,"open_ai":null,"ai":null,"created":"2020-12-21 16:17:58","updated":"2026-03-03 15:09:11"},"aioseo_breadcrumb":"<div class=\"aioseo-breadcrumbs\"><span class=\"aioseo-breadcrumb\">\n\t<a href=\"https:\/\/memberpress.com\/fr\" title=\"Home\">Home<\/a>\n<\/span><span class=\"aioseo-breadcrumb-separator\">&raquo;<\/span><span class=\"aioseo-breadcrumb\">\n\tWordPress Membership\n<\/span><\/div>","aioseo_breadcrumb_json":[{"label":"Home","link":"https:\/\/memberpress.com\/fr"},{"label":"WordPress Membership","link":"https:\/\/memberpress.com\/fr\/wordpress-membership\/"}],"app_access":{"can_access":true,"restrict_message":null},"_links":{"self":[{"href":"https:\/\/memberpress.com\/fr\/wp-json\/wp\/v2\/pages\/811","targetHints":{"allow":["GET"]}}],"collection":[{"href":"https:\/\/memberpress.com\/fr\/wp-json\/wp\/v2\/pages"}],"about":[{"href":"https:\/\/memberpress.com\/fr\/wp-json\/wp\/v2\/types\/page"}],"author":[{"embeddable":true,"href":"https:\/\/memberpress.com\/fr\/wp-json\/wp\/v2\/users\/1"}],"replies":[{"embeddable":true,"href":"https:\/\/memberpress.com\/fr\/wp-json\/wp\/v2\/comments?post=811"}],"version-history":[{"count":0,"href":"https:\/\/memberpress.com\/fr\/wp-json\/wp\/v2\/pages\/811\/revisions"}],"wp:attachment":[{"href":"https:\/\/memberpress.com\/fr\/wp-json\/wp\/v2\/media?parent=811"}],"curies":[{"name":"wp","href":"https:\/\/api.w.org\/{rel}","templated":true}]}}