{"id":17324,"date":"2019-01-10T16:18:04","date_gmt":"2019-01-10T23:18:04","guid":{"rendered":"https:\/\/memberpress.com\/?page_id=17324"},"modified":"2023-08-25T18:48:32","modified_gmt":"2023-08-25T22:48:32","slug":"memberpress-customizations","status":"publish","type":"page","link":"https:\/\/memberpress.com\/pt\/memberpress-customizations\/","title":{"rendered":"Personaliza\u00e7\u00f5es do MemberPress"},"content":{"rendered":"","protected":false},"excerpt":{"rendered":"","protected":false},"author":20,"featured_media":0,"parent":0,"menu_order":0,"comment_status":"closed","ping_status":"closed","template":"template-customizations-page.php","meta":{"_acf_changed":false,"om_disable_all_campaigns":false,"_strive_editorial_status":"not-started","_strive_copy_of":0,"inline_featured_image":false,"_monsterinsights_skip_tracking":false,"_monsterinsights_sitenote_active":false,"_monsterinsights_sitenote_note":"","_monsterinsights_sitenote_category":0,"_genesis_hide_title":false,"_genesis_hide_breadcrumbs":false,"_genesis_hide_singular_image":false,"_genesis_hide_footer_widgets":false,"_genesis_custom_body_class":"","_genesis_custom_post_class":"","_genesis_layout":"","_FSMCFIC_featured_image_caption":"","_FSMCFIC_featured_image_nocaption":"","_FSMCFIC_featured_image_hide":"","footnotes":""},"class_list":{"0":"post-17324","1":"page","2":"type-page","3":"status-publish","5":"entry","6":"has-post-thumbnail"},"acf":[],"aioseo_notices":[],"aioseo_head":"\n\t\t<!-- All in One SEO Pro 4.9.5.2 - aioseo.com -->\n\t<meta name=\"description\" content=\"Need MemberPress customizations? Looking for help with small business marketing? These trusted MemberPress partners make anything possible!\" \/>\n\t<meta name=\"robots\" content=\"max-image-preview:large\" \/>\n\t<meta name=\"keywords\" content=\"memberpress customizations,small business marketing,membership marketing,memberpress partners\" \/>\n\t<link rel=\"canonical\" href=\"https:\/\/memberpress.com\/pt\/memberpress-customizations\/\" \/>\n\t<meta name=\"generator\" content=\"All in One SEO Pro (AIOSEO) 4.9.5.2\" \/>\n\t\t<meta property=\"og:locale\" content=\"pt_BR\" \/>\n\t\t<meta property=\"og:site_name\" content=\"MemberPress\" \/>\n\t\t<meta property=\"og:type\" content=\"article\" \/>\n\t\t<meta property=\"og:title\" content=\"MemberPress Customizations\" \/>\n\t\t<meta property=\"og:description\" content=\"Need MemberPress customizations? Looking for help with small business marketing? These trusted MemberPress partners make anything possible!\" \/>\n\t\t<meta property=\"og:url\" content=\"https:\/\/memberpress.com\/pt\/memberpress-customizations\/\" \/>\n\t\t<meta property=\"og:image\" content=\"https:\/\/memberpress.com\/wp-content\/uploads\/2022\/10\/mp-icon-RGB_Icon-01.jpg\" \/>\n\t\t<meta property=\"og:image:secure_url\" content=\"https:\/\/memberpress.com\/wp-content\/uploads\/2022\/10\/mp-icon-RGB_Icon-01.jpg\" \/>\n\t\t<meta property=\"og:image:width\" content=\"1650\" \/>\n\t\t<meta property=\"og:image:height\" content=\"1275\" \/>\n\t\t<meta property=\"article:published_time\" content=\"2019-01-10T23:18:04+00:00\" \/>\n\t\t<meta property=\"article:modified_time\" content=\"2023-08-25T22:48:32+00:00\" \/>\n\t\t<meta property=\"article:publisher\" content=\"https:\/\/www.facebook.com\/memberpress\/\" \/>\n\t\t<meta name=\"twitter:card\" content=\"summary_large_image\" \/>\n\t\t<meta name=\"twitter:site\" content=\"@memberpress\" \/>\n\t\t<meta name=\"twitter:title\" content=\"MemberPress Customizations\" \/>\n\t\t<meta name=\"twitter:description\" content=\"Need MemberPress customizations? Looking for help with small business marketing? These trusted MemberPress partners make anything possible!\" \/>\n\t\t<meta name=\"twitter:image\" content=\"https:\/\/memberpress.com\/wp-content\/uploads\/2022\/10\/mp-icon-RGB_Icon-01.jpg\" \/>\n\t\t<script type=\"application\/ld+json\" class=\"aioseo-schema\">\n\t\t\t{\"@context\":\"https:\\\/\\\/schema.org\",\"@graph\":[{\"@type\":\"BreadcrumbList\",\"@id\":\"https:\\\/\\\/memberpress.com\\\/pt\\\/memberpress-customizations\\\/#breadcrumblist\",\"itemListElement\":[{\"@type\":\"ListItem\",\"@id\":\"https:\\\/\\\/memberpress.com\\\/pt#listItem\",\"position\":1,\"name\":\"Home\",\"item\":\"https:\\\/\\\/memberpress.com\\\/pt\",\"nextItem\":{\"@type\":\"ListItem\",\"@id\":\"https:\\\/\\\/memberpress.com\\\/pt\\\/memberpress-customizations\\\/#listItem\",\"name\":\"MemberPress Customizations\"}},{\"@type\":\"ListItem\",\"@id\":\"https:\\\/\\\/memberpress.com\\\/pt\\\/memberpress-customizations\\\/#listItem\",\"position\":2,\"name\":\"MemberPress Customizations\",\"previousItem\":{\"@type\":\"ListItem\",\"@id\":\"https:\\\/\\\/memberpress.com\\\/pt#listItem\",\"name\":\"Home\"}}]},{\"@type\":\"Organization\",\"@id\":\"https:\\\/\\\/memberpress.com\\\/pt\\\/#organization\",\"name\":\"MemberPress\",\"description\":\"The All-In-One WordPress Membership Plugin\",\"url\":\"https:\\\/\\\/memberpress.com\\\/pt\\\/\",\"logo\":{\"@type\":\"ImageObject\",\"url\":\"https:\\\/\\\/memberpress.com\\\/wp-content\\\/uploads\\\/2022\\\/10\\\/mp-icon-RGB_Icon-01.jpg\",\"@id\":\"https:\\\/\\\/memberpress.com\\\/pt\\\/memberpress-customizations\\\/#organizationLogo\",\"width\":1650,\"height\":1275,\"caption\":\"memberpress logo icon\"},\"image\":{\"@id\":\"https:\\\/\\\/memberpress.com\\\/pt\\\/memberpress-customizations\\\/#organizationLogo\"},\"sameAs\":[\"https:\\\/\\\/www.instagram.com\\\/memberpress\\\/\",\"https:\\\/\\\/www.pinterest.com\\\/memberpressplugin\\\/\",\"https:\\\/\\\/www.youtube.com\\\/c\\\/MemberPressPlugin\",\"https:\\\/\\\/www.linkedin.com\\\/company\\\/memberpress\\\/\"]},{\"@type\":\"WebPage\",\"@id\":\"https:\\\/\\\/memberpress.com\\\/pt\\\/memberpress-customizations\\\/#webpage\",\"url\":\"https:\\\/\\\/memberpress.com\\\/pt\\\/memberpress-customizations\\\/\",\"name\":\"MemberPress Customizations\",\"description\":\"Need MemberPress customizations? Looking for help with small business marketing? These trusted MemberPress partners make anything possible!\",\"inLanguage\":\"pt-BR\",\"isPartOf\":{\"@id\":\"https:\\\/\\\/memberpress.com\\\/pt\\\/#website\"},\"breadcrumb\":{\"@id\":\"https:\\\/\\\/memberpress.com\\\/pt\\\/memberpress-customizations\\\/#breadcrumblist\"},\"datePublished\":\"2019-01-10T16:18:04-05:00\",\"dateModified\":\"2023-08-25T18:48:32-04:00\"},{\"@type\":\"WebSite\",\"@id\":\"https:\\\/\\\/memberpress.com\\\/pt\\\/#website\",\"url\":\"https:\\\/\\\/memberpress.com\\\/pt\\\/\",\"name\":\"MemberPress\",\"description\":\"The All-In-One WordPress Membership Plugin\",\"inLanguage\":\"pt-BR\",\"publisher\":{\"@id\":\"https:\\\/\\\/memberpress.com\\\/pt\\\/#organization\"}}]}\n\t\t<\/script>\n\t\t<!-- All in One SEO Pro -->\r\n\t\t<title>MemberPress Customizations<\/title>\n\n","aioseo_head_json":{"title":"Personaliza\u00e7\u00f5es do MemberPress","description":"Precisa de personaliza\u00e7\u00f5es do MemberPress? Est\u00e1 procurando ajuda com o marketing de pequenas empresas? Esses parceiros confi\u00e1veis do MemberPress tornam tudo poss\u00edvel!","canonical_url":"https:\/\/memberpress.com\/pt\/memberpress-customizations\/","robots":"max-image-preview:large","keywords":"memberpress customizations,small business marketing,membership marketing,memberpress partners","webmasterTools":{"miscellaneous":""},"schema":{"@context":"https:\/\/schema.org","@graph":[{"@type":"BreadcrumbList","@id":"https:\/\/memberpress.com\/pt\/memberpress-customizations\/#breadcrumblist","itemListElement":[{"@type":"ListItem","@id":"https:\/\/memberpress.com\/pt#listItem","position":1,"name":"Home","item":"https:\/\/memberpress.com\/pt","nextItem":{"@type":"ListItem","@id":"https:\/\/memberpress.com\/pt\/memberpress-customizations\/#listItem","name":"MemberPress Customizations"}},{"@type":"ListItem","@id":"https:\/\/memberpress.com\/pt\/memberpress-customizations\/#listItem","position":2,"name":"MemberPress Customizations","previousItem":{"@type":"ListItem","@id":"https:\/\/memberpress.com\/pt#listItem","name":"Home"}}]},{"@type":"Organization","@id":"https:\/\/memberpress.com\/pt\/#organization","name":"MemberPress","description":"The All-In-One WordPress Membership Plugin","url":"https:\/\/memberpress.com\/pt\/","logo":{"@type":"ImageObject","url":"https:\/\/memberpress.com\/wp-content\/uploads\/2022\/10\/mp-icon-RGB_Icon-01.jpg","@id":"https:\/\/memberpress.com\/pt\/memberpress-customizations\/#organizationLogo","width":1650,"height":1275,"caption":"memberpress logo icon"},"image":{"@id":"https:\/\/memberpress.com\/pt\/memberpress-customizations\/#organizationLogo"},"sameAs":["https:\/\/www.instagram.com\/memberpress\/","https:\/\/www.pinterest.com\/memberpressplugin\/","https:\/\/www.youtube.com\/c\/MemberPressPlugin","https:\/\/www.linkedin.com\/company\/memberpress\/"]},{"@type":"WebPage","@id":"https:\/\/memberpress.com\/pt\/memberpress-customizations\/#webpage","url":"https:\/\/memberpress.com\/pt\/memberpress-customizations\/","name":"MemberPress Customizations","description":"Need MemberPress customizations? Looking for help with small business marketing? These trusted MemberPress partners make anything possible!","inLanguage":"pt-BR","isPartOf":{"@id":"https:\/\/memberpress.com\/pt\/#website"},"breadcrumb":{"@id":"https:\/\/memberpress.com\/pt\/memberpress-customizations\/#breadcrumblist"},"datePublished":"2019-01-10T16:18:04-05:00","dateModified":"2023-08-25T18:48:32-04:00"},{"@type":"WebSite","@id":"https:\/\/memberpress.com\/pt\/#website","url":"https:\/\/memberpress.com\/pt\/","name":"MemberPress","description":"The All-In-One WordPress Membership Plugin","inLanguage":"pt-BR","publisher":{"@id":"https:\/\/memberpress.com\/pt\/#organization"}}]},"og:locale":"pt_BR","og:site_name":"MemberPress","og:type":"article","og:title":"MemberPress Customizations","og:description":"Need MemberPress customizations? Looking for help with small business marketing? These trusted MemberPress partners make anything possible!","og:url":"https:\/\/memberpress.com\/pt\/memberpress-customizations\/","og:image":"https:\/\/memberpress.com\/wp-content\/uploads\/2022\/10\/mp-icon-RGB_Icon-01.jpg","og:image:secure_url":"https:\/\/memberpress.com\/wp-content\/uploads\/2022\/10\/mp-icon-RGB_Icon-01.jpg","og:image:width":1650,"og:image:height":1275,"article:published_time":"2019-01-10T23:18:04+00:00","article:modified_time":"2023-08-25T22:48:32+00:00","article:publisher":"https:\/\/www.facebook.com\/memberpress\/","twitter:card":"summary_large_image","twitter:site":"@memberpress","twitter:title":"MemberPress Customizations","twitter:description":"Need MemberPress customizations? Looking for help with small business marketing? These trusted MemberPress partners make anything possible!","twitter:image":"https:\/\/memberpress.com\/wp-content\/uploads\/2022\/10\/mp-icon-RGB_Icon-01.jpg"},"aioseo_meta_data":{"post_id":"17324","title":null,"description":"Precisa de personaliza\u00e7\u00f5es do MemberPress? Est\u00e1 procurando ajuda com o marketing de pequenas empresas? Esses parceiros confi\u00e1veis do MemberPress tornam tudo poss\u00edvel!","keywords":[{"label":"memberpress customizations","value":"memberpress customizations"},{"label":"small business marketing","value":"small business marketing"},{"label":"membership marketing","value":"membership marketing"},{"label":"memberpress partners","value":"memberpress partners"}],"keyphrases":{"focus":{"keyphrase":"memberpress customizations","score":100,"analysis":{"keyphraseInTitle":{"score":9,"maxScore":9,"error":0},"keyphraseInDescription":{"score":9,"maxScore":9,"error":0},"keyphraseLength":{"score":9,"maxScore":9,"error":0,"length":2},"keyphraseInURL":{"score":5,"maxScore":5,"error":0}}},"additional":[]},"primary_term":null,"canonical_url":null,"og_title":null,"og_description":null,"og_object_type":"default","og_image_type":"default","og_image_url":null,"og_image_width":null,"og_image_height":null,"og_image_custom_url":null,"og_image_custom_fields":null,"og_video":"","og_custom_url":null,"og_article_section":null,"og_article_tags":[],"twitter_use_og":false,"twitter_card":"default","twitter_image_type":"default","twitter_image_url":null,"twitter_image_custom_url":null,"twitter_image_custom_fields":null,"twitter_title":null,"twitter_description":null,"schema":{"blockGraphs":[],"customGraphs":[],"default":{"data":{"Article":[],"Course":[],"Dataset":[],"FAQPage":[],"Movie":[],"Person":[],"Product":[],"ProductReview":[],"Car":[],"Recipe":[],"Service":[],"SoftwareApplication":[],"WebPage":[]},"graphName":"WebPage","isEnabled":true},"graphs":[]},"schema_type":"default","schema_type_options":"{\"article\":{\"articleType\":\"BlogPosting\"},\"course\":{\"name\":\"\",\"description\":\"\",\"provider\":\"\"},\"faq\":{\"pages\":[]},\"product\":{\"reviews\":[]},\"recipe\":{\"ingredients\":[],\"instructions\":[],\"keywords\":[]},\"software\":{\"reviews\":[],\"operatingSystems\":[]},\"webPage\":{\"webPageType\":\"WebPage\"}}","pillar_content":false,"robots_default":true,"robots_noindex":false,"robots_noarchive":false,"robots_nosnippet":false,"robots_nofollow":false,"robots_noimageindex":false,"robots_noodp":false,"robots_notranslate":false,"robots_max_snippet":"-1","robots_max_videopreview":"-1","robots_max_imagepreview":"large","priority":null,"frequency":"default","local_seo":null,"seo_analyzer_scan_date":"2025-10-09 19:57:19","breadcrumb_settings":null,"limit_modified_date":false,"reviewed_by":null,"open_ai":"{\"title\":{\"suggestions\":[],\"usage\":0},\"description\":{\"suggestions\":[],\"usage\":0}}","ai":null,"created":"2020-12-21 16:18:17","updated":"2026-03-03 15:06:51"},"aioseo_breadcrumb":"<div class=\"aioseo-breadcrumbs\"><span class=\"aioseo-breadcrumb\">\n\t<a href=\"https:\/\/memberpress.com\/pt\" title=\"Home\">Home<\/a>\n<\/span><span class=\"aioseo-breadcrumb-separator\">&raquo;<\/span><span class=\"aioseo-breadcrumb\">\n\tMemberPress Customizations\n<\/span><\/div>","aioseo_breadcrumb_json":[{"label":"Home","link":"https:\/\/memberpress.com\/pt"},{"label":"MemberPress Customizations","link":"https:\/\/memberpress.com\/pt\/memberpress-customizations\/"}],"app_access":{"can_access":true,"restrict_message":null},"_links":{"self":[{"href":"https:\/\/memberpress.com\/pt\/wp-json\/wp\/v2\/pages\/17324","targetHints":{"allow":["GET"]}}],"collection":[{"href":"https:\/\/memberpress.com\/pt\/wp-json\/wp\/v2\/pages"}],"about":[{"href":"https:\/\/memberpress.com\/pt\/wp-json\/wp\/v2\/types\/page"}],"author":[{"embeddable":true,"href":"https:\/\/memberpress.com\/pt\/wp-json\/wp\/v2\/users\/20"}],"replies":[{"embeddable":true,"href":"https:\/\/memberpress.com\/pt\/wp-json\/wp\/v2\/comments?post=17324"}],"version-history":[{"count":0,"href":"https:\/\/memberpress.com\/pt\/wp-json\/wp\/v2\/pages\/17324\/revisions"}],"wp:attachment":[{"href":"https:\/\/memberpress.com\/pt\/wp-json\/wp\/v2\/media?parent=17324"}],"curies":[{"name":"wp","href":"https:\/\/api.w.org\/{rel}","templated":true}]}}