{"id":5,"date":"2012-12-10T06:25:45","date_gmt":"2012-12-10T06:25:45","guid":{"rendered":"https:\/\/memberpress.com\/?page_id=5"},"modified":"2022-01-22T09:41:13","modified_gmt":"2022-01-22T16:41:13","slug":"sign-in","status":"publish","type":"page","link":"https:\/\/memberpress.com\/pt\/sign-in\/","title":{"rendered":"Login"},"content":{"rendered":"<figure class=\"wp-block-image size-large\"><a href=\"https:\/\/memberpress.com\/wp-content\/uploads\/2022\/01\/easy-affiliate.svg\"><img decoding=\"async\" width=\"179\" height=\"42\" src=\"https:\/\/memberpress.com\/wp-content\/uploads\/2022\/01\/easy-affiliate.svg\" alt=\"\" class=\"wp-image-32440\"\/><\/a><\/figure>\n\n\n\n<h2 class=\"wp-block-heading\"><meta charset=\"utf-8\">O plug-in de programa de afiliados \"tudo em um\" para WordPress<\/h2>\n\n\n\n<p><meta charset=\"utf-8\">O Easy Affiliate ajuda voc\u00ea a criar um programa de afiliados totalmente auto-hospedado para seu site de associa\u00e7\u00e3o ou loja de com\u00e9rcio eletr\u00f4nico WordPress em quest\u00e3o de minutos. Comece a aumentar suas vendas com o poder do marketing de indica\u00e7\u00e3o.<\/p>\n\n\n\n<a href=\"https:\/\/easyaffiliate.com\" target=\"_blank\" class=\"cta-button\" style=\"margin: 30px 0 0;\" rel=\"noopener\">Obtenha o Easy Affiliate hoje mesmo<\/a>\n\n<div class=\"mp_wrapper mp_login_form\">\n                  <!-- mp-login-form-start -->     <form name=\"mepr_loginform\" id=\"mepr_loginform\" class=\"mepr-form\" action=\"https:\/\/memberpress.com\/pt\/sign-in\/\" method=\"post\">\n            <div class=\"mp-form-row mepr_username\">\n        <div class=\"mp-form-label\">\n                              <label for=\"user_login\">Nome de usu\u00e1rio ou e-mail<\/label>\n        <\/div>\n        <input type=\"text\" name=\"log\" id=\"user_login\" value=\"\" \/>\n      <\/div>\n      <div class=\"mp-form-row mepr_password\">\n        <div class=\"mp-form-label\">\n          <label for=\"user_pass\">Senha<\/label>\n          <div class=\"mp-hide-pw\">\n            <input type=\"password\" name=\"pwd\" id=\"user_pass\" value=\"\" \/>\n            <button type=\"button\" class=\"button mp-hide-pw hide-if-no-js\" data-toggle=\"0\" aria-label=\"Mostrar senha\">\n              <span class=\"dashicons dashicons-visibility\" aria-hidden=\"true\"><\/span>\n            <\/button>\n          <\/div>\n        <\/div>\n      <\/div>\n      \t\t<div id=\"cf-turnstile-4236051648\"\r\n\t\tclass=\"cf-turnstile\" \t\tdata-sitekey=\"0x4AAAAAAAEUHOj65CwPmNnE\"\r\n\t\tdata-theme=\"light\"\r\n\t\tdata-language=\"auto\"\r\n\t\tdata-size=\"\"\r\n\t\tdata-retry=\"auto\" data-retry-interval=\"1000\"\r\n\t\tdata-refresh-expired=\"auto\"\r\n\t\tdata-action=\"memberpress\"\r\n\t\t\t\tdata-appearance=\"interaction-only\"><\/div>\r\n\t\t\t<script>document.addEventListener(\"DOMContentLoaded\", function() { setTimeout(function(){ var e=document.getElementById(\"cf-turnstile-4236051648\"); e&&!e.innerHTML.trim()&&(turnstile.remove(\"#cf-turnstile-4236051648\"), turnstile.render(\"#cf-turnstile-4236051648\", {sitekey:\"0x4AAAAAAAEUHOj65CwPmNnE\"})); }, 100); });<\/script>\r\n\t\t\t<style>#cf-turnstile-4236051648 iframe { margin-bottom: 15px; }<\/style>\r\n\t\t\t\t<style>#cf-turnstile-4236051648 { margin-left: -15px; }<\/style>\r\n\t\t      <div>\n        <label><input name=\"rememberme\" type=\"checkbox\" id=\"rememberme\" value=\"forever\" \/> Lembrar-me<\/label>\n      <\/div>\n      <div class=\"mp-spacer\">\u00a0<\/div>\n      <div class=\"submit\">\n        <input type=\"submit\" name=\"wp-submit\" id=\"wp-submit\" class=\"button-primary mepr-share-button\" value=\"Acessar\" \/>\n        <input type=\"hidden\" name=\"redirect_to\" value=\"\/account\/\" \/>\n        <input type=\"hidden\" name=\"mepr_process_login_form\" value=\"true\" \/>\n        <input type=\"hidden\" name=\"mepr_is_login_page\" value=\"false\" \/>\n      <\/div>\n    <\/form>\n    <div class=\"mp-spacer\">\u00a0<\/div>\n    <div class=\"mepr-login-actions\">\n        <a\n          href=\"https:\/\/memberpress.com\/pt\/sign-in\/?action=forgot_password\"\n          title=\"Clique aqui para redefinir sua senha\"\n        >\n          Esqueci a senha        <\/a>\n    <\/div>\n\n      \n    <!-- mp-login-form-end --> \n  <\/div>","protected":false},"excerpt":{"rendered":"<p>O plugin \u201cAll-in-One\u201d para programas de afiliados para WordPress Easy Affiliate ajuda voc\u00ea a criar um programa de afiliados totalmente auto-hospedado para o seu site de membros WordPress ou loja de com\u00e9rcio eletr\u00f4nico em poucos minutos. Comece a aumentar suas vendas com o poder do marketing de refer\u00eancia. Obtenha o Easy Affiliate hoje mesmo Nome de usu\u00e1rio ou e-mail Senha Lembrar-me     Esqueci a senha<\/p>","protected":false},"author":1,"featured_media":0,"parent":0,"menu_order":0,"comment_status":"closed","ping_status":"open","template":"template-login-page.php","meta":{"_acf_changed":false,"om_disable_all_campaigns":false,"_strive_editorial_status":"not-started","_strive_copy_of":0,"inline_featured_image":false,"_monsterinsights_skip_tracking":false,"_monsterinsights_sitenote_active":false,"_monsterinsights_sitenote_note":"","_monsterinsights_sitenote_category":0,"_genesis_hide_title":false,"_genesis_hide_breadcrumbs":false,"_genesis_hide_singular_image":false,"_genesis_hide_footer_widgets":false,"_genesis_custom_body_class":"","_genesis_custom_post_class":"","_genesis_layout":"","_FSMCFIC_featured_image_caption":"","_FSMCFIC_featured_image_nocaption":"","_FSMCFIC_featured_image_hide":"","footnotes":""},"class_list":{"0":"post-5","1":"page","2":"type-page","3":"status-publish","5":"entry","6":"has-post-thumbnail"},"acf":[],"aioseo_notices":[],"aioseo_head":"\n\t\t<!-- All in One SEO Pro 4.9.5.2 - aioseo.com -->\n\t<meta name=\"description\" content=\"The \u201cAll-in-One\u201d Affiliate Program Plugin for WordPress Easy Affiliate helps you create a completely self-hosted affiliate program for your WordPress membership site or ecommerce store within minutes. Start growing your sales with the power of referral marketing. Get Easy Affiliate Today\" \/>\n\t<meta name=\"robots\" content=\"max-image-preview:large\" \/>\n\t<link rel=\"canonical\" href=\"https:\/\/memberpress.com\/pt\/sign-in\/\" \/>\n\t<meta name=\"generator\" content=\"All in One SEO Pro (AIOSEO) 4.9.5.2\" \/>\n\t\t<meta property=\"og:locale\" content=\"pt_BR\" \/>\n\t\t<meta property=\"og:site_name\" content=\"MemberPress\" \/>\n\t\t<meta property=\"og:type\" content=\"article\" \/>\n\t\t<meta property=\"og:title\" content=\"Login\" \/>\n\t\t<meta property=\"og:description\" content=\"The \u201cAll-in-One\u201d Affiliate Program Plugin for WordPress Easy Affiliate helps you create a completely self-hosted affiliate program for your WordPress membership site or ecommerce store within minutes. Start growing your sales with the power of referral marketing. Get Easy Affiliate Today\" \/>\n\t\t<meta property=\"og:url\" content=\"https:\/\/memberpress.com\/pt\/sign-in\/\" \/>\n\t\t<meta property=\"og:image\" content=\"https:\/\/memberpress.com\/wp-content\/uploads\/2022\/10\/mp-icon-RGB_Icon-01.jpg\" \/>\n\t\t<meta property=\"og:image:secure_url\" content=\"https:\/\/memberpress.com\/wp-content\/uploads\/2022\/10\/mp-icon-RGB_Icon-01.jpg\" \/>\n\t\t<meta property=\"og:image:width\" content=\"1650\" \/>\n\t\t<meta property=\"og:image:height\" content=\"1275\" \/>\n\t\t<meta property=\"article:published_time\" content=\"2012-12-10T06:25:45+00:00\" \/>\n\t\t<meta property=\"article:modified_time\" content=\"2022-01-22T16:41:13+00:00\" \/>\n\t\t<meta property=\"article:publisher\" content=\"https:\/\/www.facebook.com\/memberpress\/\" \/>\n\t\t<meta name=\"twitter:card\" content=\"summary_large_image\" \/>\n\t\t<meta name=\"twitter:site\" content=\"@memberpress\" \/>\n\t\t<meta name=\"twitter:title\" content=\"Login\" \/>\n\t\t<meta name=\"twitter:description\" content=\"The \u201cAll-in-One\u201d Affiliate Program Plugin for WordPress Easy Affiliate helps you create a completely self-hosted affiliate program for your WordPress membership site or ecommerce store within minutes. Start growing your sales with the power of referral marketing. Get Easy Affiliate Today\" \/>\n\t\t<meta name=\"twitter:image\" content=\"https:\/\/memberpress.com\/wp-content\/uploads\/2022\/10\/mp-icon-RGB_Icon-01.jpg\" \/>\n\t\t<script type=\"application\/ld+json\" class=\"aioseo-schema\">\n\t\t\t{\"@context\":\"https:\\\/\\\/schema.org\",\"@graph\":[{\"@type\":\"BreadcrumbList\",\"@id\":\"https:\\\/\\\/memberpress.com\\\/pt\\\/sign-in\\\/#breadcrumblist\",\"itemListElement\":[{\"@type\":\"ListItem\",\"@id\":\"https:\\\/\\\/memberpress.com\\\/pt#listItem\",\"position\":1,\"name\":\"Home\",\"item\":\"https:\\\/\\\/memberpress.com\\\/pt\",\"nextItem\":{\"@type\":\"ListItem\",\"@id\":\"https:\\\/\\\/memberpress.com\\\/pt\\\/sign-in\\\/#listItem\",\"name\":\"Login\"}},{\"@type\":\"ListItem\",\"@id\":\"https:\\\/\\\/memberpress.com\\\/pt\\\/sign-in\\\/#listItem\",\"position\":2,\"name\":\"Login\",\"previousItem\":{\"@type\":\"ListItem\",\"@id\":\"https:\\\/\\\/memberpress.com\\\/pt#listItem\",\"name\":\"Home\"}}]},{\"@type\":\"Organization\",\"@id\":\"https:\\\/\\\/memberpress.com\\\/pt\\\/#organization\",\"name\":\"MemberPress\",\"description\":\"The All-In-One WordPress Membership Plugin\",\"url\":\"https:\\\/\\\/memberpress.com\\\/pt\\\/\",\"logo\":{\"@type\":\"ImageObject\",\"url\":\"https:\\\/\\\/memberpress.com\\\/wp-content\\\/uploads\\\/2022\\\/10\\\/mp-icon-RGB_Icon-01.jpg\",\"@id\":\"https:\\\/\\\/memberpress.com\\\/pt\\\/sign-in\\\/#organizationLogo\",\"width\":1650,\"height\":1275,\"caption\":\"memberpress logo icon\"},\"image\":{\"@id\":\"https:\\\/\\\/memberpress.com\\\/pt\\\/sign-in\\\/#organizationLogo\"},\"sameAs\":[\"https:\\\/\\\/www.instagram.com\\\/memberpress\\\/\",\"https:\\\/\\\/www.pinterest.com\\\/memberpressplugin\\\/\",\"https:\\\/\\\/www.youtube.com\\\/c\\\/MemberPressPlugin\",\"https:\\\/\\\/www.linkedin.com\\\/company\\\/memberpress\\\/\"]},{\"@type\":\"WebPage\",\"@id\":\"https:\\\/\\\/memberpress.com\\\/pt\\\/sign-in\\\/#webpage\",\"url\":\"https:\\\/\\\/memberpress.com\\\/pt\\\/sign-in\\\/\",\"name\":\"Login\",\"description\":\"The \\u201cAll-in-One\\u201d Affiliate Program Plugin for WordPress Easy Affiliate helps you create a completely self-hosted affiliate program for your WordPress membership site or ecommerce store within minutes. Start growing your sales with the power of referral marketing. Get Easy Affiliate Today\",\"inLanguage\":\"pt-BR\",\"isPartOf\":{\"@id\":\"https:\\\/\\\/memberpress.com\\\/pt\\\/#website\"},\"breadcrumb\":{\"@id\":\"https:\\\/\\\/memberpress.com\\\/pt\\\/sign-in\\\/#breadcrumblist\"},\"datePublished\":\"2012-12-10T06:25:45-05:00\",\"dateModified\":\"2022-01-22T09:41:13-05:00\"},{\"@type\":\"WebSite\",\"@id\":\"https:\\\/\\\/memberpress.com\\\/pt\\\/#website\",\"url\":\"https:\\\/\\\/memberpress.com\\\/pt\\\/\",\"name\":\"MemberPress\",\"description\":\"The All-In-One WordPress Membership Plugin\",\"inLanguage\":\"pt-BR\",\"publisher\":{\"@id\":\"https:\\\/\\\/memberpress.com\\\/pt\\\/#organization\"}}]}\n\t\t<\/script>\n\t\t<!-- All in One SEO Pro -->\r\n\t\t<title>Login<\/title>\n\n","aioseo_head_json":{"title":"Login","description":"O Plugin de Programa de Afiliados \"All-in-One\" para WordPress Easy Affiliate ajuda a criar um programa de afiliados totalmente auto-hospedado para seu site de associa\u00e7\u00e3o ou loja de com\u00e9rcio eletr\u00f4nico WordPress em quest\u00e3o de minutos. Comece a aumentar suas vendas com o poder do marketing de indica\u00e7\u00e3o. Obtenha o Easy Affiliate hoje mesmo","canonical_url":"https:\/\/memberpress.com\/pt\/sign-in\/","robots":"max-image-preview:large","keywords":"","webmasterTools":{"miscellaneous":""},"schema":{"@context":"https:\/\/schema.org","@graph":[{"@type":"BreadcrumbList","@id":"https:\/\/memberpress.com\/pt\/sign-in\/#breadcrumblist","itemListElement":[{"@type":"ListItem","@id":"https:\/\/memberpress.com\/pt#listItem","position":1,"name":"Home","item":"https:\/\/memberpress.com\/pt","nextItem":{"@type":"ListItem","@id":"https:\/\/memberpress.com\/pt\/sign-in\/#listItem","name":"Login"}},{"@type":"ListItem","@id":"https:\/\/memberpress.com\/pt\/sign-in\/#listItem","position":2,"name":"Login","previousItem":{"@type":"ListItem","@id":"https:\/\/memberpress.com\/pt#listItem","name":"Home"}}]},{"@type":"Organization","@id":"https:\/\/memberpress.com\/pt\/#organization","name":"MemberPress","description":"The All-In-One WordPress Membership Plugin","url":"https:\/\/memberpress.com\/pt\/","logo":{"@type":"ImageObject","url":"https:\/\/memberpress.com\/wp-content\/uploads\/2022\/10\/mp-icon-RGB_Icon-01.jpg","@id":"https:\/\/memberpress.com\/pt\/sign-in\/#organizationLogo","width":1650,"height":1275,"caption":"memberpress logo icon"},"image":{"@id":"https:\/\/memberpress.com\/pt\/sign-in\/#organizationLogo"},"sameAs":["https:\/\/www.instagram.com\/memberpress\/","https:\/\/www.pinterest.com\/memberpressplugin\/","https:\/\/www.youtube.com\/c\/MemberPressPlugin","https:\/\/www.linkedin.com\/company\/memberpress\/"]},{"@type":"WebPage","@id":"https:\/\/memberpress.com\/pt\/sign-in\/#webpage","url":"https:\/\/memberpress.com\/pt\/sign-in\/","name":"Login","description":"The \u201cAll-in-One\u201d Affiliate Program Plugin for WordPress Easy Affiliate helps you create a completely self-hosted affiliate program for your WordPress membership site or ecommerce store within minutes. Start growing your sales with the power of referral marketing. Get Easy Affiliate Today","inLanguage":"pt-BR","isPartOf":{"@id":"https:\/\/memberpress.com\/pt\/#website"},"breadcrumb":{"@id":"https:\/\/memberpress.com\/pt\/sign-in\/#breadcrumblist"},"datePublished":"2012-12-10T06:25:45-05:00","dateModified":"2022-01-22T09:41:13-05:00"},{"@type":"WebSite","@id":"https:\/\/memberpress.com\/pt\/#website","url":"https:\/\/memberpress.com\/pt\/","name":"MemberPress","description":"The All-In-One WordPress Membership Plugin","inLanguage":"pt-BR","publisher":{"@id":"https:\/\/memberpress.com\/pt\/#organization"}}]},"og:locale":"pt_BR","og:site_name":"MemberPress","og:type":"article","og:title":"Login","og:description":"The \u201cAll-in-One\u201d Affiliate Program Plugin for WordPress Easy Affiliate helps you create a completely self-hosted affiliate program for your WordPress membership site or ecommerce store within minutes. Start growing your sales with the power of referral marketing. Get Easy Affiliate Today","og:url":"https:\/\/memberpress.com\/pt\/sign-in\/","og:image":"https:\/\/memberpress.com\/wp-content\/uploads\/2022\/10\/mp-icon-RGB_Icon-01.jpg","og:image:secure_url":"https:\/\/memberpress.com\/wp-content\/uploads\/2022\/10\/mp-icon-RGB_Icon-01.jpg","og:image:width":1650,"og:image:height":1275,"article:published_time":"2012-12-10T06:25:45+00:00","article:modified_time":"2022-01-22T16:41:13+00:00","article:publisher":"https:\/\/www.facebook.com\/memberpress\/","twitter:card":"summary_large_image","twitter:site":"@memberpress","twitter:title":"Login","twitter:description":"The \u201cAll-in-One\u201d Affiliate Program Plugin for WordPress Easy Affiliate helps you create a completely self-hosted affiliate program for your WordPress membership site or ecommerce store within minutes. Start growing your sales with the power of referral marketing. Get Easy Affiliate Today","twitter:image":"https:\/\/memberpress.com\/wp-content\/uploads\/2022\/10\/mp-icon-RGB_Icon-01.jpg"},"aioseo_meta_data":{"post_id":"5","title":null,"description":null,"keywords":[],"keyphrases":{"focus":[],"additional":[]},"primary_term":null,"canonical_url":null,"og_title":null,"og_description":null,"og_object_type":"default","og_image_type":"default","og_image_url":null,"og_image_width":null,"og_image_height":null,"og_image_custom_url":null,"og_image_custom_fields":null,"og_video":"","og_custom_url":null,"og_article_section":null,"og_article_tags":[],"twitter_use_og":false,"twitter_card":"default","twitter_image_type":"default","twitter_image_url":null,"twitter_image_custom_url":null,"twitter_image_custom_fields":null,"twitter_title":null,"twitter_description":null,"schema":{"blockGraphs":[],"customGraphs":[],"default":{"data":{"Article":[],"Course":[],"Dataset":[],"FAQPage":[],"Movie":[],"Person":[],"Product":[],"ProductReview":[],"Car":[],"Recipe":[],"Service":[],"SoftwareApplication":[],"WebPage":[]},"graphName":"","isEnabled":true},"graphs":[],"defaultGraph":"WebPage","defaultPostTypeGraph":""},"schema_type":"default","schema_type_options":"{\"article\":{\"articleType\":\"BlogPosting\"},\"course\":{\"name\":\"\",\"description\":\"\",\"provider\":\"\"},\"faq\":{\"pages\":[]},\"product\":{\"reviews\":[]},\"recipe\":{\"ingredients\":[],\"instructions\":[],\"keywords\":[]},\"software\":{\"reviews\":[],\"operatingSystems\":[]},\"webPage\":{\"webPageType\":\"WebPage\"}}","pillar_content":false,"robots_default":true,"robots_noindex":false,"robots_noarchive":false,"robots_nosnippet":false,"robots_nofollow":false,"robots_noimageindex":false,"robots_noodp":false,"robots_notranslate":false,"robots_max_snippet":"-1","robots_max_videopreview":"-1","robots_max_imagepreview":"large","priority":null,"frequency":"default","local_seo":null,"seo_analyzer_scan_date":"2025-10-09 19:53:57","breadcrumb_settings":null,"limit_modified_date":false,"reviewed_by":null,"open_ai":null,"ai":null,"created":"2020-12-21 16:16:52","updated":"2026-03-03 15:09:20"},"aioseo_breadcrumb":"<div class=\"aioseo-breadcrumbs\"><span class=\"aioseo-breadcrumb\">\n\t<a href=\"https:\/\/memberpress.com\/pt\" title=\"Home\">Home<\/a>\n<\/span><span class=\"aioseo-breadcrumb-separator\">&raquo;<\/span><span class=\"aioseo-breadcrumb\">\n\tLogin\n<\/span><\/div>","aioseo_breadcrumb_json":[{"label":"Home","link":"https:\/\/memberpress.com\/pt"},{"label":"Login","link":"https:\/\/memberpress.com\/pt\/sign-in\/"}],"app_access":{"can_access":true,"restrict_message":null},"_links":{"self":[{"href":"https:\/\/memberpress.com\/pt\/wp-json\/wp\/v2\/pages\/5","targetHints":{"allow":["GET"]}}],"collection":[{"href":"https:\/\/memberpress.com\/pt\/wp-json\/wp\/v2\/pages"}],"about":[{"href":"https:\/\/memberpress.com\/pt\/wp-json\/wp\/v2\/types\/page"}],"author":[{"embeddable":true,"href":"https:\/\/memberpress.com\/pt\/wp-json\/wp\/v2\/users\/1"}],"replies":[{"embeddable":true,"href":"https:\/\/memberpress.com\/pt\/wp-json\/wp\/v2\/comments?post=5"}],"version-history":[{"count":0,"href":"https:\/\/memberpress.com\/pt\/wp-json\/wp\/v2\/pages\/5\/revisions"}],"wp:attachment":[{"href":"https:\/\/memberpress.com\/pt\/wp-json\/wp\/v2\/media?parent=5"}],"curies":[{"name":"wp","href":"https:\/\/api.w.org\/{rel}","templated":true}]}}