{"id":56,"date":"2012-12-12T20:08:11","date_gmt":"2012-12-12T20:08:11","guid":{"rendered":"https:\/\/memberpress.com\/?page_id=56"},"modified":"2025-12-15T10:40:03","modified_gmt":"2025-12-15T15:40:03","slug":"features","status":"publish","type":"page","link":"https:\/\/memberpress.com\/pt\/features\/","title":{"rendered":"Conhe\u00e7a o MemberPress"},"content":{"rendered":"<h3 class=\"has-text-align-center wp-block-heading\" id=\"memberpress-simple-reliable-and-awesome-mark-m\">\u201cMemberPress \u2013 simples, confi\u00e1vel e incr\u00edvel.\u201d -Mark M.<\/h3>\n\n\n\n<div class=\"wp-block-columns is-layout-flex wp-container-core-columns-is-layout-9d6595d7 wp-block-columns-is-layout-flex\">\n<div class=\"wp-block-column is-layout-flow wp-block-column-is-layout-flow\">\n<figure class=\"wp-block-image size-large\"><img decoding=\"async\" src=\"https:\/\/memberpress.com\/wp-content\/uploads\/2022\/01\/Mp-email-1024x455.png\" alt=\"\" class=\"wp-image-32286\"\/><\/figure>\n\n\n\n<p class=\"has-larger-font-size\"><strong>Mantenha os membros informados com o marketing por e-mail<\/strong><\/p>\n\n\n\n<p style=\"font-size:17px\">Nosso e-mail <a href=\"https:\/\/memberpress.com\/pt\/addons\/\" title=\"\">integra\u00e7\u00f5es<\/a> facilitam o crescimento de seus neg\u00f3cios e o contato com seus clientes. Conecte-se com <strong>ActiveCampaign<\/strong>, <strong>Gotejamento<\/strong>, <strong>Contato constante<\/strong>, <strong>Mailchimp<\/strong>e muito mais.<\/p>\n<\/div>\n\n\n\n<div class=\"wp-block-column is-layout-flow wp-block-column-is-layout-flow\">\n<figure class=\"wp-block-image size-large\"><img decoding=\"async\" src=\"https:\/\/memberpress.com\/wp-content\/uploads\/2022\/01\/mp-zapier-1024x455.png\" alt=\"\" class=\"wp-image-32288\"\/><\/figure>\n\n\n\n<p class=\"has-larger-font-size\"><strong>Conecte-se e elimine-o com fluxos de trabalho automatizados do Zapier<\/strong><\/p>\n\n\n\n<p>Com nosso <a href=\"https:\/\/memberpress.com\/pt\/addons\/zapier\/\" title=\"\">Zapier<\/a> integra\u00e7\u00e3o, voc\u00ea pode automatizar tarefas tediosas para ter tempo de se concentrar em coisas mais importantes, como expandir seus neg\u00f3cios. Tudo com <strong>n\u00e3o \u00e9 necess\u00e1ria codifica\u00e7\u00e3o<\/strong>.<\/p>\n<\/div>\n<\/div>\n\n\n\n<div class=\"wp-block-columns is-layout-flex wp-container-core-columns-is-layout-9d6595d7 wp-block-columns-is-layout-flex\">\n<div class=\"wp-block-column is-layout-flow wp-block-column-is-layout-flow\">\n<figure class=\"wp-block-image size-large\"><img decoding=\"async\" src=\"https:\/\/memberpress.com\/wp-content\/uploads\/2022\/01\/mp-membership-1024x455.png\" alt=\"\" class=\"wp-image-32289\"\/><\/figure>\n\n\n\n<p class=\"has-larger-font-size\"><strong>N\u00e3o h\u00e1 mais problemas com contas separadas<\/strong><\/p>\n\n\n\n<p>Gerencie facilmente as permiss\u00f5es para grupos de pessoas. Fam\u00edlias, igrejas, corpora\u00e7\u00f5es - qualquer equipe! N\u00e3o h\u00e1 mais problemas com a cria\u00e7\u00e3o e o gerenciamento de contas separadas. <a href=\"https:\/\/memberpress.com\/pt\/addons\/corporate-accounts\/\" title=\"\">MemberPress Contas corporativas<\/a> trata disso para voc\u00ea.<\/p>\n<\/div>\n\n\n\n<div class=\"wp-block-column is-layout-flow wp-block-column-is-layout-flow\">\n<figure class=\"wp-block-image size-large\"><img decoding=\"async\" src=\"https:\/\/memberpress.com\/wp-content\/uploads\/2022\/01\/mp-gifting-1024x455.png\" alt=\"\" class=\"wp-image-32290\"\/><\/figure>\n\n\n\n<p class=\"has-larger-font-size\"><strong>Duplique seu p\u00fablico com o membership Gifting<\/strong><\/p>\n\n\n\n<p>Crie campanhas em torno do tema \u201cdar o presente da ades\u00e3o\u201d \u2013 e <em>duplo <\/em>o tamanho de seu p\u00fablico. Segmente pessoas que conhecem pessoas que poderiam se beneficiar de sua associa\u00e7\u00e3o, curso, produto ou servi\u00e7o com nosso <a href=\"https:\/\/memberpress.com\/pt\/addons\/gifting\/\" title=\"\">Complemento para presentear<\/a>.<\/p>\n<\/div>\n<\/div>","protected":false},"excerpt":{"rendered":"<p>\u201cMemberPress \u2013 simple, reliable, and awesome.\u201d -Mark M. Keep members in the loop with email marketing Our email integrations make it easy to grow your business and keep in touch with your customers. Connect with ActiveCampaign, Drip, Constant Contact, Mailchimp, and more. Connect and kill it with automated Zapier workflows With our Zapier integration you [\u2026]<\/p>\n","protected":false},"author":1,"featured_media":0,"parent":0,"menu_order":0,"comment_status":"closed","ping_status":"closed","template":"template-features-page.php","meta":{"_acf_changed":false,"om_disable_all_campaigns":false,"_strive_editorial_status":"not-started","_strive_copy_of":0,"inline_featured_image":false,"_monsterinsights_skip_tracking":false,"_monsterinsights_sitenote_active":false,"_monsterinsights_sitenote_note":"","_monsterinsights_sitenote_category":0,"_genesis_hide_title":false,"_genesis_hide_breadcrumbs":false,"_genesis_hide_singular_image":false,"_genesis_hide_footer_widgets":false,"_genesis_custom_body_class":"","_genesis_custom_post_class":"","_genesis_layout":"full-width-content","_FSMCFIC_featured_image_caption":"","_FSMCFIC_featured_image_nocaption":"","_FSMCFIC_featured_image_hide":"","footnotes":""},"class_list":{"0":"post-56","1":"page","2":"type-page","3":"status-publish","5":"entry","6":"has-post-thumbnail"},"acf":[],"aioseo_notices":[],"aioseo_head":"\n\t\t<!-- All in One SEO Pro 4.9.5.2 - aioseo.com -->\n\t<meta name=\"description\" content=\"See the MemberPress features list \u2013 the world&#039;s #1 subscription, learning management system, paywall, membership and monetization plugin for WordPress.\" \/>\n\t<meta name=\"robots\" content=\"max-image-preview:large\" \/>\n\t<meta name=\"keywords\" content=\"memberpress features,learning management system features,memberpress features list\" \/>\n\t<link rel=\"canonical\" href=\"https:\/\/memberpress.com\/pt\/features\/\" \/>\n\t<meta name=\"generator\" content=\"All in One SEO Pro (AIOSEO) 4.9.5.2\" \/>\n\t\t<meta property=\"og:locale\" content=\"pt_BR\" \/>\n\t\t<meta property=\"og:site_name\" content=\"MemberPress\" \/>\n\t\t<meta property=\"og:type\" content=\"article\" \/>\n\t\t<meta property=\"og:title\" content=\"MemberPress Features\" \/>\n\t\t<meta property=\"og:description\" content=\"See the MemberPress features list \u2013 the world&#039;s #1 subscription, learning management system, paywall, membership and monetization plugin for WordPress.\" \/>\n\t\t<meta property=\"og:url\" content=\"https:\/\/memberpress.com\/pt\/features\/\" \/>\n\t\t<meta property=\"og:image\" content=\"https:\/\/memberpress.com\/wp-content\/uploads\/2022\/10\/mp-icon-RGB_Icon-01.jpg\" \/>\n\t\t<meta property=\"og:image:secure_url\" content=\"https:\/\/memberpress.com\/wp-content\/uploads\/2022\/10\/mp-icon-RGB_Icon-01.jpg\" \/>\n\t\t<meta property=\"og:image:width\" content=\"1650\" \/>\n\t\t<meta property=\"og:image:height\" content=\"1275\" \/>\n\t\t<meta property=\"article:published_time\" content=\"2012-12-12T20:08:11+00:00\" \/>\n\t\t<meta property=\"article:modified_time\" content=\"2025-12-15T15:40:03+00:00\" \/>\n\t\t<meta property=\"article:publisher\" content=\"https:\/\/www.facebook.com\/memberpress\/\" \/>\n\t\t<meta name=\"twitter:card\" content=\"summary_large_image\" \/>\n\t\t<meta name=\"twitter:site\" content=\"@memberpress\" \/>\n\t\t<meta name=\"twitter:title\" content=\"MemberPress Features\" \/>\n\t\t<meta name=\"twitter:description\" content=\"See the MemberPress features list \u2013 the world&#039;s #1 subscription, learning management system, paywall, membership and monetization plugin for WordPress.\" \/>\n\t\t<meta name=\"twitter:image\" content=\"https:\/\/memberpress.com\/wp-content\/uploads\/2022\/10\/mp-icon-RGB_Icon-01.jpg\" \/>\n\t\t<script type=\"application\/ld+json\" class=\"aioseo-schema\">\n\t\t\t{\"@context\":\"https:\\\/\\\/schema.org\",\"@graph\":[{\"@type\":\"BreadcrumbList\",\"@id\":\"https:\\\/\\\/memberpress.com\\\/pt\\\/features\\\/#breadcrumblist\",\"itemListElement\":[{\"@type\":\"ListItem\",\"@id\":\"https:\\\/\\\/memberpress.com\\\/pt#listItem\",\"position\":1,\"name\":\"Home\",\"item\":\"https:\\\/\\\/memberpress.com\\\/pt\",\"nextItem\":{\"@type\":\"ListItem\",\"@id\":\"https:\\\/\\\/memberpress.com\\\/pt\\\/features\\\/#listItem\",\"name\":\"Get to Know MemberPress\"}},{\"@type\":\"ListItem\",\"@id\":\"https:\\\/\\\/memberpress.com\\\/pt\\\/features\\\/#listItem\",\"position\":2,\"name\":\"Get to Know MemberPress\",\"previousItem\":{\"@type\":\"ListItem\",\"@id\":\"https:\\\/\\\/memberpress.com\\\/pt#listItem\",\"name\":\"Home\"}}]},{\"@type\":\"Organization\",\"@id\":\"https:\\\/\\\/memberpress.com\\\/pt\\\/#organization\",\"name\":\"MemberPress\",\"description\":\"The All-In-One WordPress Membership Plugin\",\"url\":\"https:\\\/\\\/memberpress.com\\\/pt\\\/\",\"logo\":{\"@type\":\"ImageObject\",\"url\":\"https:\\\/\\\/memberpress.com\\\/wp-content\\\/uploads\\\/2022\\\/10\\\/mp-icon-RGB_Icon-01.jpg\",\"@id\":\"https:\\\/\\\/memberpress.com\\\/pt\\\/features\\\/#organizationLogo\",\"width\":1650,\"height\":1275,\"caption\":\"memberpress logo icon\"},\"image\":{\"@id\":\"https:\\\/\\\/memberpress.com\\\/pt\\\/features\\\/#organizationLogo\"},\"sameAs\":[\"https:\\\/\\\/www.instagram.com\\\/memberpress\\\/\",\"https:\\\/\\\/www.pinterest.com\\\/memberpressplugin\\\/\",\"https:\\\/\\\/www.youtube.com\\\/c\\\/MemberPressPlugin\",\"https:\\\/\\\/www.linkedin.com\\\/company\\\/memberpress\\\/\"]},{\"@type\":\"WebPage\",\"@id\":\"https:\\\/\\\/memberpress.com\\\/pt\\\/features\\\/#webpage\",\"url\":\"https:\\\/\\\/memberpress.com\\\/pt\\\/features\\\/\",\"name\":\"MemberPress Features\",\"description\":\"See the MemberPress features list \\u2013 the world's #1 subscription, learning management system, paywall, membership and monetization plugin for WordPress.\",\"inLanguage\":\"pt-BR\",\"isPartOf\":{\"@id\":\"https:\\\/\\\/memberpress.com\\\/pt\\\/#website\"},\"breadcrumb\":{\"@id\":\"https:\\\/\\\/memberpress.com\\\/pt\\\/features\\\/#breadcrumblist\"},\"datePublished\":\"2012-12-12T20:08:11-05:00\",\"dateModified\":\"2025-12-15T10:40:03-05:00\"},{\"@type\":\"WebSite\",\"@id\":\"https:\\\/\\\/memberpress.com\\\/pt\\\/#website\",\"url\":\"https:\\\/\\\/memberpress.com\\\/pt\\\/\",\"name\":\"MemberPress\",\"description\":\"The All-In-One WordPress Membership Plugin\",\"inLanguage\":\"pt-BR\",\"publisher\":{\"@id\":\"https:\\\/\\\/memberpress.com\\\/pt\\\/#organization\"}}]}\n\t\t<\/script>\n\t\t<!-- All in One SEO Pro -->\r\n\t\t<title>MemberPress Features<\/title>\n\n","aioseo_head_json":{"title":"Recursos do MemberPress","description":"Veja a lista de recursos do MemberPress - o plugin de assinatura, sistema de gerenciamento de aprendizado, paywall, associa\u00e7\u00e3o e monetiza\u00e7\u00e3o #1 do mundo para WordPress.","canonical_url":"https:\/\/memberpress.com\/pt\/features\/","robots":"max-image-preview:large","keywords":"memberpress features,learning management system features,memberpress features list","webmasterTools":{"miscellaneous":""},"schema":{"@context":"https:\/\/schema.org","@graph":[{"@type":"BreadcrumbList","@id":"https:\/\/memberpress.com\/pt\/features\/#breadcrumblist","itemListElement":[{"@type":"ListItem","@id":"https:\/\/memberpress.com\/pt#listItem","position":1,"name":"Home","item":"https:\/\/memberpress.com\/pt","nextItem":{"@type":"ListItem","@id":"https:\/\/memberpress.com\/pt\/features\/#listItem","name":"Get to Know MemberPress"}},{"@type":"ListItem","@id":"https:\/\/memberpress.com\/pt\/features\/#listItem","position":2,"name":"Get to Know MemberPress","previousItem":{"@type":"ListItem","@id":"https:\/\/memberpress.com\/pt#listItem","name":"Home"}}]},{"@type":"Organization","@id":"https:\/\/memberpress.com\/pt\/#organization","name":"MemberPress","description":"The All-In-One WordPress Membership Plugin","url":"https:\/\/memberpress.com\/pt\/","logo":{"@type":"ImageObject","url":"https:\/\/memberpress.com\/wp-content\/uploads\/2022\/10\/mp-icon-RGB_Icon-01.jpg","@id":"https:\/\/memberpress.com\/pt\/features\/#organizationLogo","width":1650,"height":1275,"caption":"memberpress logo icon"},"image":{"@id":"https:\/\/memberpress.com\/pt\/features\/#organizationLogo"},"sameAs":["https:\/\/www.instagram.com\/memberpress\/","https:\/\/www.pinterest.com\/memberpressplugin\/","https:\/\/www.youtube.com\/c\/MemberPressPlugin","https:\/\/www.linkedin.com\/company\/memberpress\/"]},{"@type":"WebPage","@id":"https:\/\/memberpress.com\/pt\/features\/#webpage","url":"https:\/\/memberpress.com\/pt\/features\/","name":"MemberPress Features","description":"See the MemberPress features list \u2013 the world's #1 subscription, learning management system, paywall, membership and monetization plugin for WordPress.","inLanguage":"pt-BR","isPartOf":{"@id":"https:\/\/memberpress.com\/pt\/#website"},"breadcrumb":{"@id":"https:\/\/memberpress.com\/pt\/features\/#breadcrumblist"},"datePublished":"2012-12-12T20:08:11-05:00","dateModified":"2025-12-15T10:40:03-05:00"},{"@type":"WebSite","@id":"https:\/\/memberpress.com\/pt\/#website","url":"https:\/\/memberpress.com\/pt\/","name":"MemberPress","description":"The All-In-One WordPress Membership Plugin","inLanguage":"pt-BR","publisher":{"@id":"https:\/\/memberpress.com\/pt\/#organization"}}]},"og:locale":"pt_BR","og:site_name":"MemberPress","og:type":"article","og:title":"MemberPress Features","og:description":"See the MemberPress features list \u2013 the world's #1 subscription, learning management system, paywall, membership and monetization plugin for WordPress.","og:url":"https:\/\/memberpress.com\/pt\/features\/","og:image":"https:\/\/memberpress.com\/wp-content\/uploads\/2022\/10\/mp-icon-RGB_Icon-01.jpg","og:image:secure_url":"https:\/\/memberpress.com\/wp-content\/uploads\/2022\/10\/mp-icon-RGB_Icon-01.jpg","og:image:width":1650,"og:image:height":1275,"article:published_time":"2012-12-12T20:08:11+00:00","article:modified_time":"2025-12-15T15:40:03+00:00","article:publisher":"https:\/\/www.facebook.com\/memberpress\/","twitter:card":"summary_large_image","twitter:site":"@memberpress","twitter:title":"MemberPress Features","twitter:description":"See the MemberPress features list \u2013 the world's #1 subscription, learning management system, paywall, membership and monetization plugin for WordPress.","twitter:image":"https:\/\/memberpress.com\/wp-content\/uploads\/2022\/10\/mp-icon-RGB_Icon-01.jpg"},"aioseo_meta_data":{"post_id":"56","title":"Recursos do MemberPress","description":"Veja a lista de recursos do MemberPress - o plugin de assinatura, sistema de gerenciamento de aprendizado, paywall, associa\u00e7\u00e3o e monetiza\u00e7\u00e3o #1 do mundo para WordPress.","keywords":[{"label":"memberpress features","value":"memberpress features"},{"label":"learning management system features","value":"learning management system features"},{"label":"memberpress features list","value":"memberpress features list"}],"keyphrases":{"focus":{"keyphrase":"memberpress features","score":54,"analysis":{"keyphraseInTitle":{"score":9,"maxScore":9,"error":0},"keyphraseInDescription":{"score":9,"maxScore":9,"error":0},"keyphraseLength":{"score":9,"maxScore":9,"error":0,"length":2},"keyphraseInURL":{"score":1,"maxScore":5,"error":1},"keyphraseInIntroduction":{"score":3,"maxScore":9,"error":1},"keyphraseInSubHeadings":{"score":3,"maxScore":9,"error":1},"keyphraseInImageAlt":{"score":3,"maxScore":9,"error":1},"keywordDensity":{"score":0,"type":"low","maxScore":9,"error":1}}},"additional":[]},"primary_term":null,"canonical_url":null,"og_title":null,"og_description":null,"og_object_type":"default","og_image_type":"default","og_image_url":null,"og_image_width":null,"og_image_height":null,"og_image_custom_url":null,"og_image_custom_fields":null,"og_video":"","og_custom_url":null,"og_article_section":null,"og_article_tags":null,"twitter_use_og":false,"twitter_card":"default","twitter_image_type":"default","twitter_image_url":null,"twitter_image_custom_url":null,"twitter_image_custom_fields":null,"twitter_title":null,"twitter_description":null,"schema":{"blockGraphs":[],"customGraphs":[],"default":{"data":{"Article":[],"Course":[],"Dataset":[],"FAQPage":[],"Movie":[],"Person":[],"Product":[],"ProductReview":[],"Car":[],"Recipe":[],"Service":[],"SoftwareApplication":[],"WebPage":[]},"graphName":"WebPage","isEnabled":true},"graphs":[]},"schema_type":"default","schema_type_options":"{\"article\":{\"articleType\":\"BlogPosting\"},\"course\":{\"name\":\"\",\"description\":\"\",\"provider\":\"\"},\"faq\":{\"pages\":[]},\"product\":{\"reviews\":[]},\"recipe\":{\"ingredients\":[],\"instructions\":[],\"keywords\":[]},\"software\":{\"reviews\":[],\"operatingSystems\":[]},\"webPage\":{\"webPageType\":\"WebPage\"},\"blockGraphs\":[]}","pillar_content":false,"robots_default":true,"robots_noindex":false,"robots_noarchive":false,"robots_nosnippet":false,"robots_nofollow":false,"robots_noimageindex":false,"robots_noodp":false,"robots_notranslate":false,"robots_max_snippet":"-1","robots_max_videopreview":"-1","robots_max_imagepreview":"large","priority":null,"frequency":"default","local_seo":null,"seo_analyzer_scan_date":"2025-12-15 15:40:56","breadcrumb_settings":null,"limit_modified_date":false,"reviewed_by":"0","open_ai":null,"ai":{"faqs":[],"keyPoints":[],"titles":[],"descriptions":[],"socialPosts":{"email":[],"linkedin":[],"twitter":[],"facebook":[],"instagram":[]}},"created":"2020-12-21 16:17:46","updated":"2026-03-03 15:09:20"},"aioseo_breadcrumb":"<div class=\"aioseo-breadcrumbs\"><span class=\"aioseo-breadcrumb\">\n\t<a href=\"https:\/\/memberpress.com\/pt\" title=\"Home\">Home<\/a>\n<\/span><span class=\"aioseo-breadcrumb-separator\">&raquo;<\/span><span class=\"aioseo-breadcrumb\">\n\tGet to Know MemberPress\n<\/span><\/div>","aioseo_breadcrumb_json":[{"label":"Home","link":"https:\/\/memberpress.com\/pt"},{"label":"Get to Know MemberPress","link":"https:\/\/memberpress.com\/pt\/features\/"}],"app_access":{"can_access":true,"restrict_message":null},"_links":{"self":[{"href":"https:\/\/memberpress.com\/pt\/wp-json\/wp\/v2\/pages\/56","targetHints":{"allow":["GET"]}}],"collection":[{"href":"https:\/\/memberpress.com\/pt\/wp-json\/wp\/v2\/pages"}],"about":[{"href":"https:\/\/memberpress.com\/pt\/wp-json\/wp\/v2\/types\/page"}],"author":[{"embeddable":true,"href":"https:\/\/memberpress.com\/pt\/wp-json\/wp\/v2\/users\/1"}],"replies":[{"embeddable":true,"href":"https:\/\/memberpress.com\/pt\/wp-json\/wp\/v2\/comments?post=56"}],"version-history":[{"count":1,"href":"https:\/\/memberpress.com\/pt\/wp-json\/wp\/v2\/pages\/56\/revisions"}],"predecessor-version":[{"id":77867,"href":"https:\/\/memberpress.com\/pt\/wp-json\/wp\/v2\/pages\/56\/revisions\/77867"}],"wp:attachment":[{"href":"https:\/\/memberpress.com\/pt\/wp-json\/wp\/v2\/media?parent=56"}],"curies":[{"name":"wp","href":"https:\/\/api.w.org\/{rel}","templated":true}]}}