{"id":648,"date":"2013-01-16T16:52:36","date_gmt":"2013-01-16T16:52:36","guid":{"rendered":"https:\/\/memberpress.com\/?page_id=648"},"modified":"2022-01-26T16:22:15","modified_gmt":"2022-01-26T23:22:15","slug":"media","status":"publish","type":"page","link":"https:\/\/memberpress.com\/pt\/media\/","title":{"rendered":"M\u00eddia"},"content":{"rendered":"<h2 class=\"wp-block-heading\">Procurando por logotipos?<\/h2>\n\n\n\n<p>Clique na imagem abaixo para obter uma vers\u00e3o em alta resolu\u00e7\u00e3o do logotipo do MemberPress.<\/p>\n\n\n\n<figure class=\"wp-block-image\"><a href=\"https:\/\/memberpress.com\/wp-content\/uploads\/2017\/12\/mp-logo-horiz-RGB.jpg\"><img decoding=\"async\" width=\"300\" height=\"48\" src=\"https:\/\/memberpress.com\/wp-content\/uploads\/2017\/12\/mp-logo-horiz-RGB-300x48.jpg\" alt=\"\" class=\"wp-image-16147\" srcset=\"https:\/\/memberpress.com\/wp-content\/uploads\/2017\/12\/mp-logo-horiz-RGB-300x48.jpg 300w, https:\/\/memberpress.com\/wp-content\/uploads\/2017\/12\/mp-logo-horiz-RGB-1024x163.jpg 1024w, https:\/\/memberpress.com\/wp-content\/uploads\/2017\/12\/mp-logo-horiz-RGB-768x123.jpg 768w, https:\/\/memberpress.com\/wp-content\/uploads\/2017\/12\/mp-logo-horiz-RGB-1536x245.jpg 1536w, https:\/\/memberpress.com\/wp-content\/uploads\/2017\/12\/mp-logo-horiz-RGB-2048x327.jpg 2048w, https:\/\/memberpress.com\/wp-content\/uploads\/2017\/12\/mp-logo-horiz-RGB-660x105.jpg 660w, https:\/\/memberpress.com\/wp-content\/uploads\/2017\/12\/mp-logo-horiz-RGB-840x134.jpg 840w, https:\/\/memberpress.com\/wp-content\/uploads\/2017\/12\/mp-logo-horiz-RGB-1216x194.jpg 1216w, https:\/\/memberpress.com\/wp-content\/uploads\/2017\/12\/mp-logo-horiz-RGB-1832x293.jpg 1832w, https:\/\/memberpress.com\/wp-content\/uploads\/2017\/12\/mp-logo-horiz-RGB-700x112.jpg 700w, https:\/\/memberpress.com\/wp-content\/uploads\/2017\/12\/mp-logo-horiz-RGB-156x25.jpg 156w, https:\/\/memberpress.com\/wp-content\/uploads\/2017\/12\/mp-logo-horiz-RGB-1080x172.jpg 1080w\" sizes=\"(max-width: 300px) 100vw, 300px\" \/><\/a><\/figure>\n\n\n\n<p>Ou fa\u00e7a o download de um conjunto de logotipos aprovados de alta resolu\u00e7\u00e3o do MemberPress abaixo.<\/p>\n\n\n\n<div class=\"wp-block-file\"><a href=\"https:\/\/memberpress.com\/wp-content\/uploads\/2020\/10\/MemberPress_Logo_Pack.zip\">Pacote de logotipos do MemberPress (608 KB)<\/a><a href=\"https:\/\/memberpress.com\/wp-content\/uploads\/2020\/10\/MemberPress_Logo_Pack.zip\" class=\"wp-block-file__button\" download>Baixar<\/a><\/div>\n\n\n\n<div style=\"height:32px\" aria-hidden=\"true\" class=\"wp-block-spacer\"><\/div>\n\n\n\n<h2 class=\"wp-block-heading\">Precisa de mais informa\u00e7\u00f5es e recursos?<\/h2>\n\n\n\n<p>Se voc\u00ea precisar de mais informa\u00e7\u00f5es ou recursos, basta <a href=\"https:\/\/memberpress.com\/pt\/contact\/\" title=\"alcan\u00e7ar\">alcan\u00e7ar<\/a>!<\/p>","protected":false},"excerpt":{"rendered":"<p>Procurando logotipos? Clique na imagem abaixo para obter uma vers\u00e3o em alta resolu\u00e7\u00e3o do logotipo MemberPress. Ou baixe um conjunto de logotipos MemberPress aprovados em alta resolu\u00e7\u00e3o abaixo. Precisa de mais informa\u00e7\u00f5es e recursos? Se precisar de mais informa\u00e7\u00f5es ou recursos, entre em contato conosco!<\/p>","protected":false},"author":1,"featured_media":0,"parent":0,"menu_order":0,"comment_status":"closed","ping_status":"closed","template":"","meta":{"_acf_changed":false,"om_disable_all_campaigns":false,"_strive_editorial_status":"not-started","_strive_copy_of":0,"inline_featured_image":false,"_monsterinsights_skip_tracking":false,"_monsterinsights_sitenote_active":false,"_monsterinsights_sitenote_note":"","_monsterinsights_sitenote_category":0,"_genesis_hide_title":false,"_genesis_hide_breadcrumbs":false,"_genesis_hide_singular_image":false,"_genesis_hide_footer_widgets":false,"_genesis_custom_body_class":"","_genesis_custom_post_class":"","_genesis_layout":"","_FSMCFIC_featured_image_caption":"","_FSMCFIC_featured_image_nocaption":"","_FSMCFIC_featured_image_hide":"","footnotes":""},"class_list":{"0":"post-648","1":"page","2":"type-page","3":"status-publish","5":"entry","6":"has-post-thumbnail"},"acf":[],"aioseo_notices":[],"aioseo_head":"\n\t\t<!-- All in One SEO Pro 4.9.5.2 - aioseo.com -->\n\t<meta name=\"description\" content=\"Get high res MemberPress logos, resources, and information on the MemberPress Media page.\" \/>\n\t<meta name=\"robots\" content=\"max-image-preview:large\" \/>\n\t<link rel=\"canonical\" href=\"https:\/\/memberpress.com\/pt\/media\/\" \/>\n\t<meta name=\"generator\" content=\"All in One SEO Pro (AIOSEO) 4.9.5.2\" \/>\n\t\t<meta property=\"og:locale\" content=\"pt_BR\" \/>\n\t\t<meta property=\"og:site_name\" content=\"MemberPress\" \/>\n\t\t<meta property=\"og:type\" content=\"article\" \/>\n\t\t<meta property=\"og:title\" content=\"Media\" \/>\n\t\t<meta property=\"og:description\" content=\"Get high res MemberPress logos, resources, and information on the MemberPress Media page.\" \/>\n\t\t<meta property=\"og:url\" content=\"https:\/\/memberpress.com\/pt\/media\/\" \/>\n\t\t<meta property=\"og:image\" content=\"https:\/\/memberpress.com\/wp-content\/uploads\/2022\/10\/mp-icon-RGB_Icon-01.jpg\" \/>\n\t\t<meta property=\"og:image:secure_url\" content=\"https:\/\/memberpress.com\/wp-content\/uploads\/2022\/10\/mp-icon-RGB_Icon-01.jpg\" \/>\n\t\t<meta property=\"og:image:width\" content=\"1650\" \/>\n\t\t<meta property=\"og:image:height\" content=\"1275\" \/>\n\t\t<meta property=\"article:published_time\" content=\"2013-01-16T16:52:36+00:00\" \/>\n\t\t<meta property=\"article:modified_time\" content=\"2022-01-26T23:22:15+00:00\" \/>\n\t\t<meta property=\"article:publisher\" content=\"https:\/\/www.facebook.com\/memberpress\/\" \/>\n\t\t<meta name=\"twitter:card\" content=\"summary_large_image\" \/>\n\t\t<meta name=\"twitter:site\" content=\"@memberpress\" \/>\n\t\t<meta name=\"twitter:title\" content=\"Media\" \/>\n\t\t<meta name=\"twitter:description\" content=\"Get high res MemberPress logos, resources, and information on the MemberPress Media page.\" \/>\n\t\t<meta name=\"twitter:image\" content=\"https:\/\/memberpress.com\/wp-content\/uploads\/2022\/10\/mp-icon-RGB_Icon-01.jpg\" \/>\n\t\t<script type=\"application\/ld+json\" class=\"aioseo-schema\">\n\t\t\t{\"@context\":\"https:\\\/\\\/schema.org\",\"@graph\":[{\"@type\":\"BreadcrumbList\",\"@id\":\"https:\\\/\\\/memberpress.com\\\/pt\\\/media\\\/#breadcrumblist\",\"itemListElement\":[{\"@type\":\"ListItem\",\"@id\":\"https:\\\/\\\/memberpress.com\\\/pt#listItem\",\"position\":1,\"name\":\"Home\",\"item\":\"https:\\\/\\\/memberpress.com\\\/pt\",\"nextItem\":{\"@type\":\"ListItem\",\"@id\":\"https:\\\/\\\/memberpress.com\\\/pt\\\/media\\\/#listItem\",\"name\":\"Media\"}},{\"@type\":\"ListItem\",\"@id\":\"https:\\\/\\\/memberpress.com\\\/pt\\\/media\\\/#listItem\",\"position\":2,\"name\":\"Media\",\"previousItem\":{\"@type\":\"ListItem\",\"@id\":\"https:\\\/\\\/memberpress.com\\\/pt#listItem\",\"name\":\"Home\"}}]},{\"@type\":\"Organization\",\"@id\":\"https:\\\/\\\/memberpress.com\\\/pt\\\/#organization\",\"name\":\"MemberPress\",\"description\":\"The All-In-One WordPress Membership Plugin\",\"url\":\"https:\\\/\\\/memberpress.com\\\/pt\\\/\",\"logo\":{\"@type\":\"ImageObject\",\"url\":\"https:\\\/\\\/memberpress.com\\\/wp-content\\\/uploads\\\/2022\\\/10\\\/mp-icon-RGB_Icon-01.jpg\",\"@id\":\"https:\\\/\\\/memberpress.com\\\/pt\\\/media\\\/#organizationLogo\",\"width\":1650,\"height\":1275,\"caption\":\"memberpress logo icon\"},\"image\":{\"@id\":\"https:\\\/\\\/memberpress.com\\\/pt\\\/media\\\/#organizationLogo\"},\"sameAs\":[\"https:\\\/\\\/www.instagram.com\\\/memberpress\\\/\",\"https:\\\/\\\/www.pinterest.com\\\/memberpressplugin\\\/\",\"https:\\\/\\\/www.youtube.com\\\/c\\\/MemberPressPlugin\",\"https:\\\/\\\/www.linkedin.com\\\/company\\\/memberpress\\\/\"]},{\"@type\":\"WebPage\",\"@id\":\"https:\\\/\\\/memberpress.com\\\/pt\\\/media\\\/#webpage\",\"url\":\"https:\\\/\\\/memberpress.com\\\/pt\\\/media\\\/\",\"name\":\"Media\",\"description\":\"Get high res MemberPress logos, resources, and information on the MemberPress Media page.\",\"inLanguage\":\"pt-BR\",\"isPartOf\":{\"@id\":\"https:\\\/\\\/memberpress.com\\\/pt\\\/#website\"},\"breadcrumb\":{\"@id\":\"https:\\\/\\\/memberpress.com\\\/pt\\\/media\\\/#breadcrumblist\"},\"datePublished\":\"2013-01-16T16:52:36-05:00\",\"dateModified\":\"2022-01-26T16:22:15-05:00\"},{\"@type\":\"WebSite\",\"@id\":\"https:\\\/\\\/memberpress.com\\\/pt\\\/#website\",\"url\":\"https:\\\/\\\/memberpress.com\\\/pt\\\/\",\"name\":\"MemberPress\",\"description\":\"The All-In-One WordPress Membership Plugin\",\"inLanguage\":\"pt-BR\",\"publisher\":{\"@id\":\"https:\\\/\\\/memberpress.com\\\/pt\\\/#organization\"}}]}\n\t\t<\/script>\n\t\t<!-- All in One SEO Pro -->\r\n\t\t<title>Media<\/title>\n\n","aioseo_head_json":{"title":"M\u00eddia","description":"Obtenha logotipos, recursos e informa\u00e7\u00f5es do MemberPress em alta resolu\u00e7\u00e3o na p\u00e1gina de m\u00eddia do MemberPress.","canonical_url":"https:\/\/memberpress.com\/pt\/media\/","robots":"max-image-preview:large","keywords":"","webmasterTools":{"miscellaneous":""},"schema":{"@context":"https:\/\/schema.org","@graph":[{"@type":"BreadcrumbList","@id":"https:\/\/memberpress.com\/pt\/media\/#breadcrumblist","itemListElement":[{"@type":"ListItem","@id":"https:\/\/memberpress.com\/pt#listItem","position":1,"name":"Home","item":"https:\/\/memberpress.com\/pt","nextItem":{"@type":"ListItem","@id":"https:\/\/memberpress.com\/pt\/media\/#listItem","name":"Media"}},{"@type":"ListItem","@id":"https:\/\/memberpress.com\/pt\/media\/#listItem","position":2,"name":"Media","previousItem":{"@type":"ListItem","@id":"https:\/\/memberpress.com\/pt#listItem","name":"Home"}}]},{"@type":"Organization","@id":"https:\/\/memberpress.com\/pt\/#organization","name":"MemberPress","description":"The All-In-One WordPress Membership Plugin","url":"https:\/\/memberpress.com\/pt\/","logo":{"@type":"ImageObject","url":"https:\/\/memberpress.com\/wp-content\/uploads\/2022\/10\/mp-icon-RGB_Icon-01.jpg","@id":"https:\/\/memberpress.com\/pt\/media\/#organizationLogo","width":1650,"height":1275,"caption":"memberpress logo icon"},"image":{"@id":"https:\/\/memberpress.com\/pt\/media\/#organizationLogo"},"sameAs":["https:\/\/www.instagram.com\/memberpress\/","https:\/\/www.pinterest.com\/memberpressplugin\/","https:\/\/www.youtube.com\/c\/MemberPressPlugin","https:\/\/www.linkedin.com\/company\/memberpress\/"]},{"@type":"WebPage","@id":"https:\/\/memberpress.com\/pt\/media\/#webpage","url":"https:\/\/memberpress.com\/pt\/media\/","name":"Media","description":"Get high res MemberPress logos, resources, and information on the MemberPress Media page.","inLanguage":"pt-BR","isPartOf":{"@id":"https:\/\/memberpress.com\/pt\/#website"},"breadcrumb":{"@id":"https:\/\/memberpress.com\/pt\/media\/#breadcrumblist"},"datePublished":"2013-01-16T16:52:36-05:00","dateModified":"2022-01-26T16:22:15-05:00"},{"@type":"WebSite","@id":"https:\/\/memberpress.com\/pt\/#website","url":"https:\/\/memberpress.com\/pt\/","name":"MemberPress","description":"The All-In-One WordPress Membership Plugin","inLanguage":"pt-BR","publisher":{"@id":"https:\/\/memberpress.com\/pt\/#organization"}}]},"og:locale":"pt_BR","og:site_name":"MemberPress","og:type":"article","og:title":"Media","og:description":"Get high res MemberPress logos, resources, and information on the MemberPress Media page.","og:url":"https:\/\/memberpress.com\/pt\/media\/","og:image":"https:\/\/memberpress.com\/wp-content\/uploads\/2022\/10\/mp-icon-RGB_Icon-01.jpg","og:image:secure_url":"https:\/\/memberpress.com\/wp-content\/uploads\/2022\/10\/mp-icon-RGB_Icon-01.jpg","og:image:width":1650,"og:image:height":1275,"article:published_time":"2013-01-16T16:52:36+00:00","article:modified_time":"2022-01-26T23:22:15+00:00","article:publisher":"https:\/\/www.facebook.com\/memberpress\/","twitter:card":"summary_large_image","twitter:site":"@memberpress","twitter:title":"Media","twitter:description":"Get high res MemberPress logos, resources, and information on the MemberPress Media page.","twitter:image":"https:\/\/memberpress.com\/wp-content\/uploads\/2022\/10\/mp-icon-RGB_Icon-01.jpg"},"aioseo_meta_data":{"post_id":"648","title":null,"description":"Obtenha logotipos, recursos e informa\u00e7\u00f5es do MemberPress em alta resolu\u00e7\u00e3o na p\u00e1gina de m\u00eddia do MemberPress. &nbsp;","keywords":[],"keyphrases":{"focus":[],"additional":[]},"primary_term":null,"canonical_url":null,"og_title":null,"og_description":null,"og_object_type":"default","og_image_type":"default","og_image_url":null,"og_image_width":null,"og_image_height":null,"og_image_custom_url":null,"og_image_custom_fields":null,"og_video":"","og_custom_url":null,"og_article_section":null,"og_article_tags":[],"twitter_use_og":false,"twitter_card":"default","twitter_image_type":"default","twitter_image_url":null,"twitter_image_custom_url":null,"twitter_image_custom_fields":null,"twitter_title":null,"twitter_description":null,"schema":{"blockGraphs":[],"customGraphs":[],"default":{"data":{"Article":[],"Course":[],"Dataset":[],"FAQPage":[],"Movie":[],"Person":[],"Product":[],"ProductReview":[],"Car":[],"Recipe":[],"Service":[],"SoftwareApplication":[],"WebPage":[]},"graphName":"","isEnabled":true},"graphs":[]},"schema_type":"default","schema_type_options":"{\"article\":{\"articleType\":\"BlogPosting\"},\"course\":{\"name\":\"\",\"description\":\"\",\"provider\":\"\"},\"faq\":{\"pages\":[]},\"product\":{\"reviews\":[]},\"recipe\":{\"ingredients\":[],\"instructions\":[],\"keywords\":[]},\"software\":{\"reviews\":[],\"operatingSystems\":[]},\"webPage\":{\"webPageType\":\"WebPage\"}}","pillar_content":false,"robots_default":true,"robots_noindex":false,"robots_noarchive":false,"robots_nosnippet":false,"robots_nofollow":false,"robots_noimageindex":false,"robots_noodp":false,"robots_notranslate":false,"robots_max_snippet":"-1","robots_max_videopreview":"-1","robots_max_imagepreview":"large","priority":null,"frequency":"default","local_seo":null,"seo_analyzer_scan_date":"2025-10-09 19:55:43","breadcrumb_settings":null,"limit_modified_date":false,"reviewed_by":null,"open_ai":null,"ai":null,"created":"2020-12-21 16:17:58","updated":"2026-03-03 15:09:11"},"aioseo_breadcrumb":"<div class=\"aioseo-breadcrumbs\"><span class=\"aioseo-breadcrumb\">\n\t<a href=\"https:\/\/memberpress.com\/pt\" title=\"Home\">Home<\/a>\n<\/span><span class=\"aioseo-breadcrumb-separator\">&raquo;<\/span><span class=\"aioseo-breadcrumb\">\n\tMedia\n<\/span><\/div>","aioseo_breadcrumb_json":[{"label":"Home","link":"https:\/\/memberpress.com\/pt"},{"label":"Media","link":"https:\/\/memberpress.com\/pt\/media\/"}],"app_access":{"can_access":true,"restrict_message":null},"_links":{"self":[{"href":"https:\/\/memberpress.com\/pt\/wp-json\/wp\/v2\/pages\/648","targetHints":{"allow":["GET"]}}],"collection":[{"href":"https:\/\/memberpress.com\/pt\/wp-json\/wp\/v2\/pages"}],"about":[{"href":"https:\/\/memberpress.com\/pt\/wp-json\/wp\/v2\/types\/page"}],"author":[{"embeddable":true,"href":"https:\/\/memberpress.com\/pt\/wp-json\/wp\/v2\/users\/1"}],"replies":[{"embeddable":true,"href":"https:\/\/memberpress.com\/pt\/wp-json\/wp\/v2\/comments?post=648"}],"version-history":[{"count":0,"href":"https:\/\/memberpress.com\/pt\/wp-json\/wp\/v2\/pages\/648\/revisions"}],"wp:attachment":[{"href":"https:\/\/memberpress.com\/pt\/wp-json\/wp\/v2\/media?parent=648"}],"curies":[{"name":"wp","href":"https:\/\/api.w.org\/{rel}","templated":true}]}}