{"id":67290,"date":"2024-08-07T05:51:43","date_gmt":"2024-08-07T09:51:43","guid":{"rendered":"https:\/\/memberpress.com\/?page_id=67290"},"modified":"2025-04-16T03:33:51","modified_gmt":"2025-04-16T07:33:51","slug":"dfy-services","status":"publish","type":"page","link":"https:\/\/memberpress.com\/pt\/dfy-services\/","title":{"rendered":"Servi\u00e7os Done for You MemberPress"},"content":{"rendered":"<div style=\"height:40px\" aria-hidden=\"true\" class=\"wp-block-spacer\"><\/div>\n\n\n\n<div class=\"wp-block-columns mp-service-intro-section is-layout-flex wp-container-core-columns-is-layout-9d6595d7 wp-block-columns-is-layout-flex\">\n<div class=\"wp-block-column is-layout-flow wp-block-column-is-layout-flow\">\n<h2 class=\"wp-block-heading has-text-align-center\">Confie seu site WordPress a profissionais que sabem<\/h2>\n\n\n\n<p class=\"has-text-align-center\">Escrevemos o livro sobre associa\u00e7\u00f5es ao WordPress. Depois, fizemos isso novamente com cursos on-line e treinamento. Ao escolher os servi\u00e7os profissionais de WordPress da MemberPress, voc\u00ea pode confiar que seu site est\u00e1 sendo administrado por pessoas que sabem.<\/p>\n<\/div>\n<\/div>\n\n\n\n<div class=\"wp-block-columns mp-service-feature-section mp-service-feature-section-card dfy-offer is-layout-flex wp-container-core-columns-is-layout-9d6595d7 wp-block-columns-is-layout-flex\">\n<div class=\"wp-block-column is-layout-flow wp-block-column-is-layout-flow\">\n<figure class=\"wp-block-image size-full\"><img decoding=\"async\" src=\"https:\/\/memberpress.com\/wp-content\/uploads\/2024\/08\/Custom-Solutions.png\" alt=\"\" class=\"wp-image-64526\"\/><\/figure>\n\n\n\n<div class=\"wp-block-group\"><div class=\"wp-block-group__inner-container is-layout-constrained wp-block-group-is-layout-constrained\">\n<div class=\"wp-block-group\"><div class=\"wp-block-group__inner-container is-layout-constrained wp-block-group-is-layout-constrained\">\n<figure class=\"wp-block-image size-full\"><img decoding=\"async\" src=\"https:\/\/memberpress.com\/wp-content\/uploads\/2024\/08\/icon-monitor-white.png\" alt=\"\" class=\"wp-image-64564\"\/><\/figure>\n\n\n\n<h3 class=\"wp-block-heading\">Lance seu site de associa\u00e7\u00e3o ou LMS com facilidade<\/h3>\n<\/div><\/div>\n\n\n\n<p>Nosso servi\u00e7o de desenvolvimento de sites para membros oferece uma maneira r\u00e1pida de criar sites incr\u00edveis, enquanto nosso sistema de gerenciamento de aprendizagem fornece uma plataforma robusta para cursos on-line. Com configura\u00e7\u00e3o f\u00e1cil, recursos personaliz\u00e1veis, modelos predefinidos e suporte especializado, voc\u00ea pode criar rapidamente sua presen\u00e7a on-line e oferecer experi\u00eancias de aprendizagem envolventes.<\/p>\n\n\n\n<div class=\"wp-block-buttons is-layout-flex wp-block-buttons-is-layout-flex\">\n<div class=\"wp-block-button mp-service-btn mp-service-btn-rarrow mp-service-btn-light\"><a class=\"wp-block-button__link wp-element-button\" href=\"https:\/\/memberpress.com\/pt\/dfy-services\/membership-site-development\/\">Saiba mais<\/a><\/div>\n<\/div>\n<\/div><\/div>\n<\/div>\n\n\n\n<div class=\"wp-block-column is-layout-flow wp-block-column-is-layout-flow\">\n<figure class=\"wp-block-image size-full\"><img decoding=\"async\" src=\"https:\/\/memberpress.com\/wp-content\/uploads\/2024\/08\/Website-Audit-Analysis.png\" alt=\"\" class=\"wp-image-64553\"\/><\/figure>\n\n\n\n<div class=\"wp-block-group\"><div class=\"wp-block-group__inner-container is-layout-constrained wp-block-group-is-layout-constrained\">\n<div class=\"wp-block-group\"><div class=\"wp-block-group__inner-container is-layout-constrained wp-block-group-is-layout-constrained\">\n<figure class=\"wp-block-image size-full\"><img decoding=\"async\" src=\"https:\/\/memberpress.com\/wp-content\/uploads\/2024\/08\/icon-tools-white.png\" alt=\"\" class=\"wp-image-64567\"\/><\/figure>\n\n\n\n<h3 class=\"wp-block-heading\">Manter a integridade do site<\/h3>\n<\/div><\/div>\n\n\n\n<p>Nosso servi\u00e7o de manuten\u00e7\u00e3o de sites garante que seu site permane\u00e7a seguro, atualizado e funcionando sem problemas. Cuidamos das atualiza\u00e7\u00f5es regulares, das verifica\u00e7\u00f5es de seguran\u00e7a e da otimiza\u00e7\u00e3o do desempenho, permitindo que voc\u00ea se concentre em seus neg\u00f3cios. Com a resolu\u00e7\u00e3o imediata de problemas e o suporte especializado, mantemos seu site em \u00f3timas condi\u00e7\u00f5es, proporcionando tranquilidade e uma experi\u00eancia perfeita para seus visitantes.<\/p>\n\n\n\n<div class=\"wp-block-buttons is-layout-flex wp-block-buttons-is-layout-flex\">\n<div class=\"wp-block-button mp-service-btn mp-service-btn-rarrow mp-service-btn-light\"><a class=\"wp-block-button__link wp-element-button\" href=\"https:\/\/memberpress.com\/pt\/dfy-services\/website-maintenance\/\">Saiba mais<\/a><\/div>\n<\/div>\n<\/div><\/div>\n<\/div>\n<\/div>\n\n\n\n<div class=\"wp-block-columns is-layout-flex wp-container-core-columns-is-layout-9d6595d7 wp-block-columns-is-layout-flex\">\n<div class=\"wp-block-column is-layout-flow wp-block-column-is-layout-flow\">\n<h2 class=\"wp-block-heading\">Por que os servi\u00e7os MemberPress?<\/h2>\n\n\n\n<p><strong>Quando se trata de sites de associa\u00e7\u00e3o do WordPress, n\u00f3s escrevemos o livro. Ningu\u00e9m conhece melhor os sites de associa\u00e7\u00e3o do que o MemberPress. Nossa equipe de servi\u00e7os profissionais oferece:<\/strong><\/p>\n\n\n\n<ul class=\"wp-block-list\">\n<li>Experi\u00eancia e conhecimento<\/li>\n\n\n\n<li>Excel\u00eancia em design e desenvolvimento<\/li>\n\n\n\n<li>Hist\u00f3rico comprovado<\/li>\n\n\n\n<li>Pre\u00e7os acess\u00edveis<\/li>\n\n\n\n<li>Suporte excepcional<\/li>\n<\/ul>\n\n\n\n<p><br>Coloque seu site WordPress em funcionamento em tempo recorde. Entre em contato conosco e agende uma consulta gratuita para orient\u00e1-lo a encontrar a melhor solu\u00e7\u00e3o para o seu site.<\/p>\n\n\n\n<div class=\"wp-block-buttons is-layout-flex wp-block-buttons-is-layout-flex\">\n<div class=\"wp-block-button mp-service-btn mp-service-btn-medium mp-service-btn-rarrow mp-service-btn-contact-experts\"><a class=\"wp-block-button__link wp-element-button\">Entre em contato com nossos especialistas<\/a><\/div>\n<\/div>\n<\/div>\n\n\n\n<div class=\"wp-block-column is-layout-flow wp-block-column-is-layout-flow\">\n<div style=\"height:40px\" aria-hidden=\"true\" class=\"wp-block-spacer\"><\/div>\n\n\n\n<figure class=\"wp-block-image size-full\"><img decoding=\"async\" src=\"https:\/\/memberpress.com\/wp-content\/uploads\/2024\/08\/iStock-943067460b-1.png\" alt=\"\" class=\"wp-image-64562\"\/><\/figure>\n<\/div>\n<\/div>\n\n\n\n<div class=\"wp-block-columns mp-service-faq mp-service-full-width is-layout-flex wp-container-core-columns-is-layout-9d6595d7 wp-block-columns-is-layout-flex\">\n<div class=\"wp-block-column is-layout-flow wp-block-column-is-layout-flow\">\n<h2 class=\"wp-block-heading has-text-align-center\">Perguntas frequentes e recursos<\/h2>\n\n\n\n<p>Tem alguma d\u00favida sobre o MemberPress? Veja na lista abaixo as perguntas mais frequentes.Se sua pergunta n\u00e3o estiver listada aqui, por favor <a class=\"heroickb_exit_link\" href=\"?hkb-redirect&nonce=c0af87004f&check=6d31n&redirect=https%3A%2F%2Fmemberpress.com%2Fsupport%2F&otype=unknown&oid=0&source=block-content\" title=\"\">Entre em contato conosco<\/a>.<\/p>\n\n\n\n<div class=\"wp-block-ht-blocks-accordion wp-block-hb-accordion\"><div class=\"wp-block-hb-accordion__section\" data-ht-blocks-accordion-block-state=\"closed\"><div class=\"wp-block-hb-accordion__title\"><span>Quanto tempo leva para criar um site de associa\u00e7\u00e3o ou LMS em WordPress?<\/span><\/div><div class=\"wp-block-hb-accordion__content\"><div class=\"wp-block-hb-accordion__contentwrap\">A cria\u00e7\u00e3o de um site de associa\u00e7\u00e3o ou LMS normalmente leva de 10 a 20 horas, dependendo da complexidade e dos requisitos espec\u00edficos. Um site b\u00e1sico pode ser conclu\u00eddo mais rapidamente, enquanto os sites com recursos avan\u00e7ados, como com\u00e9rcio eletr\u00f4nico ou \u00e1reas de associa\u00e7\u00e3o extensas, podem levar mais tempo para garantir que todas as funcionalidades sejam perfeitamente integradas. Priorizamos a qualidade e o rigor para entregar um site que atenda perfeitamente \u00e0s suas necessidades.<\/div><\/div><\/div><div class=\"wp-block-hb-accordion__section\" data-ht-blocks-accordion-block-state=\"closed\"><div class=\"wp-block-hb-accordion__title\"><span>Qual tema do WordPress voc\u00eas usar\u00e3o para criar meu site?<\/span><\/div><div class=\"wp-block-hb-accordion__content\"><div class=\"wp-block-hb-accordion__contentwrap\">Nossa equipe \u00e9 especializada em Elementor e Astra. No entanto, o tema que usaremos depender\u00e1 muito dos requisitos espec\u00edficos de seu site. Nossa principal prioridade \u00e9 entregar um site que atenda \u00e0s suas necessidades. Portanto, o tema que melhor nos ajudar a atingir esse objetivo \u00e9 o que recomendaremos.<\/div><\/div><\/div><div class=\"wp-block-hb-accordion__section\" data-ht-blocks-accordion-block-state=\"closed\"><div class=\"wp-block-hb-accordion__title\"><span>Voc\u00eas podem me ajudar a migrar meu site existente para o WordPress?<\/span><\/div><div class=\"wp-block-hb-accordion__content\"><div class=\"wp-block-hb-accordion__contentwrap\">Sim, podemos migrar facilmente o conte\u00fado de seu site existente para o WordPress. Isso significa que, se voc\u00ea j\u00e1 tem um site, est\u00e1 um passo \u00e0 frente e nossa equipe pode levar as coisas para o pr\u00f3ximo n\u00edvel para voc\u00ea.<\/div><\/div><\/div><div class=\"wp-block-hb-accordion__section\" data-ht-blocks-accordion-block-state=\"closed\"><div class=\"wp-block-hb-accordion__title\"><span>Voc\u00eas podem integrar meu site ao meu sistema de CRM ou de marketing por e-mail?<\/span><\/div><div class=\"wp-block-hb-accordion__content\"><div class=\"wp-block-hb-accordion__contentwrap\">Sim. O MemberPress se integra diretamente a todos os principais sistemas de CRM e marketing por e-mail. Definimos essas integra\u00e7\u00f5es quando configuramos o plugin MemberPress para voc\u00ea. Certifique-se de assinar o plano do MemberPress que inclui a integra\u00e7\u00e3o de que voc\u00ea precisa.<\/div><\/div><\/div><div class=\"wp-block-hb-accordion__section\" data-ht-blocks-accordion-block-state=\"closed\"><div class=\"wp-block-hb-accordion__title\"><span>Voc\u00eas podem me ajudar com meu site MemberPress existente?<\/span><\/div><div class=\"wp-block-hb-accordion__content\"><div class=\"wp-block-hb-accordion__contentwrap\">Sim. Na verdade, nossos clientes atuais foram nosso primeiro pensamento quando lan\u00e7amos esses servi\u00e7os. Quando nossos clientes t\u00eam sucesso, n\u00f3s tamb\u00e9m temos sucesso. Portanto, nossa equipe de servi\u00e7os profissionais adora trabalhar com sites MemberPress existentes. <\/div><\/div><\/div><\/div>\n<\/div>\n<\/div>\n\n\n\n<div class=\"wp-block-columns mp-service-cta is-layout-flex wp-container-core-columns-is-layout-9d6595d7 wp-block-columns-is-layout-flex\">\n<div class=\"wp-block-column mp-service-cta is-layout-flow wp-block-column-is-layout-flow\">\n<div class=\"wp-block-group\"><div class=\"wp-block-group__inner-container is-layout-constrained wp-block-group-is-layout-constrained\">\n<h3 class=\"wp-block-heading\">Lance seu site em tempo recorde<\/h3>\n\n\n\n<p>Comece a criar o site dos seus sonhos hoje mesmo com nosso servi\u00e7o extremamente r\u00e1pido. Comece agora e lance sua presen\u00e7a on-line em pouco tempo!<\/p>\n<\/div><\/div>\n\n\n\n<div class=\"wp-block-buttons is-layout-flex wp-block-buttons-is-layout-flex\">\n<div class=\"wp-block-button mp-service-btn mp-service-btn-rarrow dfy-scrollto-btn\"><a class=\"wp-block-button__link wp-element-button\" href=\"https:\/\/calendly.com\/dfy-memberpress\/30min\">Agende sua consulta gratuita<\/a><\/div>\n<\/div>\n<\/div>\n<\/div>","protected":false},"excerpt":{"rendered":"<p>Trust Your WordPress Website to Pros Who Know We wrote the book on WordPress memberships. Then we did it again with online courses and coaching. When you choose professional WordPress services by MemberPress, you can trust your website is being handled by people who know. Launch Your Membership or LMS Website with Ease Our Membership [\u2026]<\/p>\n","protected":false},"author":25136,"featured_media":0,"parent":0,"menu_order":0,"comment_status":"closed","ping_status":"closed","template":"page-templates\/services.php","meta":{"_acf_changed":false,"om_disable_all_campaigns":false,"_strive_editorial_status":"not-started","_strive_copy_of":0,"inline_featured_image":false,"_monsterinsights_skip_tracking":false,"_monsterinsights_sitenote_active":false,"_monsterinsights_sitenote_note":"","_monsterinsights_sitenote_category":0,"_genesis_hide_title":false,"_genesis_hide_breadcrumbs":false,"_genesis_hide_singular_image":false,"_genesis_hide_footer_widgets":false,"_genesis_custom_body_class":"","_genesis_custom_post_class":"","_genesis_layout":"","_FSMCFIC_featured_image_caption":"","_FSMCFIC_featured_image_nocaption":"","_FSMCFIC_featured_image_hide":"","footnotes":""},"class_list":{"0":"post-67290","1":"page","2":"type-page","3":"status-publish","5":"entry"},"acf":[],"aioseo_notices":[],"aioseo_head":"\n\t\t<!-- All in One SEO Pro 4.9.5.2 - aioseo.com -->\n\t<meta name=\"description\" content=\"Trust Your WordPress Website to Pros Who Know We wrote the book on Wordpress memberships. Then we did it again with online courses and coaching. When you choose professional WordPress services by MemberPress, you can trust your website is being handled by people who know. Launch Your Membership or LMS Website with Ease Our Membership\" \/>\n\t<meta name=\"robots\" content=\"max-image-preview:large\" \/>\n\t<link rel=\"canonical\" href=\"https:\/\/memberpress.com\/pt\/dfy-services\/\" \/>\n\t<meta name=\"generator\" content=\"All in One SEO Pro (AIOSEO) 4.9.5.2\" \/>\n\t\t<meta property=\"og:locale\" content=\"pt_BR\" \/>\n\t\t<meta property=\"og:site_name\" content=\"MemberPress\" \/>\n\t\t<meta property=\"og:type\" content=\"article\" \/>\n\t\t<meta property=\"og:title\" content=\"Done for You MemberPress Services\" \/>\n\t\t<meta property=\"og:description\" content=\"Trust Your WordPress Website to Pros Who Know We wrote the book on Wordpress memberships. Then we did it again with online courses and coaching. When you choose professional WordPress services by MemberPress, you can trust your website is being handled by people who know. Launch Your Membership or LMS Website with Ease Our Membership\" \/>\n\t\t<meta property=\"og:url\" content=\"https:\/\/memberpress.com\/pt\/dfy-services\/\" \/>\n\t\t<meta property=\"og:image\" content=\"https:\/\/memberpress.com\/wp-content\/uploads\/2022\/10\/mp-icon-RGB_Icon-01.jpg\" \/>\n\t\t<meta property=\"og:image:secure_url\" content=\"https:\/\/memberpress.com\/wp-content\/uploads\/2022\/10\/mp-icon-RGB_Icon-01.jpg\" \/>\n\t\t<meta property=\"og:image:width\" content=\"1650\" \/>\n\t\t<meta property=\"og:image:height\" content=\"1275\" \/>\n\t\t<meta property=\"article:published_time\" content=\"2024-08-07T09:51:43+00:00\" \/>\n\t\t<meta property=\"article:modified_time\" content=\"2025-04-16T07:33:51+00:00\" \/>\n\t\t<meta property=\"article:publisher\" content=\"https:\/\/www.facebook.com\/memberpress\/\" \/>\n\t\t<meta name=\"twitter:card\" content=\"summary_large_image\" \/>\n\t\t<meta name=\"twitter:site\" content=\"@memberpress\" \/>\n\t\t<meta name=\"twitter:title\" content=\"Done for You MemberPress Services\" \/>\n\t\t<meta name=\"twitter:description\" content=\"Trust Your WordPress Website to Pros Who Know We wrote the book on Wordpress memberships. Then we did it again with online courses and coaching. When you choose professional WordPress services by MemberPress, you can trust your website is being handled by people who know. Launch Your Membership or LMS Website with Ease Our Membership\" \/>\n\t\t<meta name=\"twitter:image\" content=\"https:\/\/memberpress.com\/wp-content\/uploads\/2022\/10\/mp-icon-RGB_Icon-01.jpg\" \/>\n\t\t<script type=\"application\/ld+json\" class=\"aioseo-schema\">\n\t\t\t{\"@context\":\"https:\\\/\\\/schema.org\",\"@graph\":[{\"@type\":\"BreadcrumbList\",\"@id\":\"https:\\\/\\\/memberpress.com\\\/pt\\\/dfy-services\\\/#breadcrumblist\",\"itemListElement\":[{\"@type\":\"ListItem\",\"@id\":\"https:\\\/\\\/memberpress.com\\\/pt#listItem\",\"position\":1,\"name\":\"Home\",\"item\":\"https:\\\/\\\/memberpress.com\\\/pt\",\"nextItem\":{\"@type\":\"ListItem\",\"@id\":\"https:\\\/\\\/memberpress.com\\\/pt\\\/dfy-services\\\/#listItem\",\"name\":\"Done for You MemberPress Services\"}},{\"@type\":\"ListItem\",\"@id\":\"https:\\\/\\\/memberpress.com\\\/pt\\\/dfy-services\\\/#listItem\",\"position\":2,\"name\":\"Done for You MemberPress Services\",\"previousItem\":{\"@type\":\"ListItem\",\"@id\":\"https:\\\/\\\/memberpress.com\\\/pt#listItem\",\"name\":\"Home\"}}]},{\"@type\":\"Organization\",\"@id\":\"https:\\\/\\\/memberpress.com\\\/pt\\\/#organization\",\"name\":\"MemberPress\",\"description\":\"The All-In-One WordPress Membership Plugin\",\"url\":\"https:\\\/\\\/memberpress.com\\\/pt\\\/\",\"logo\":{\"@type\":\"ImageObject\",\"url\":\"https:\\\/\\\/memberpress.com\\\/wp-content\\\/uploads\\\/2022\\\/10\\\/mp-icon-RGB_Icon-01.jpg\",\"@id\":\"https:\\\/\\\/memberpress.com\\\/pt\\\/dfy-services\\\/#organizationLogo\",\"width\":1650,\"height\":1275,\"caption\":\"memberpress logo icon\"},\"image\":{\"@id\":\"https:\\\/\\\/memberpress.com\\\/pt\\\/dfy-services\\\/#organizationLogo\"},\"sameAs\":[\"https:\\\/\\\/www.instagram.com\\\/memberpress\\\/\",\"https:\\\/\\\/www.pinterest.com\\\/memberpressplugin\\\/\",\"https:\\\/\\\/www.youtube.com\\\/c\\\/MemberPressPlugin\",\"https:\\\/\\\/www.linkedin.com\\\/company\\\/memberpress\\\/\"]},{\"@type\":\"WebPage\",\"@id\":\"https:\\\/\\\/memberpress.com\\\/pt\\\/dfy-services\\\/#webpage\",\"url\":\"https:\\\/\\\/memberpress.com\\\/pt\\\/dfy-services\\\/\",\"name\":\"Done for You MemberPress Services\",\"description\":\"Trust Your WordPress Website to Pros Who Know We wrote the book on Wordpress memberships. Then we did it again with online courses and coaching. When you choose professional WordPress services by MemberPress, you can trust your website is being handled by people who know. Launch Your Membership or LMS Website with Ease Our Membership\",\"inLanguage\":\"pt-BR\",\"isPartOf\":{\"@id\":\"https:\\\/\\\/memberpress.com\\\/pt\\\/#website\"},\"breadcrumb\":{\"@id\":\"https:\\\/\\\/memberpress.com\\\/pt\\\/dfy-services\\\/#breadcrumblist\"},\"datePublished\":\"2024-08-07T05:51:43-04:00\",\"dateModified\":\"2025-04-16T03:33:51-04:00\"},{\"@type\":\"WebSite\",\"@id\":\"https:\\\/\\\/memberpress.com\\\/pt\\\/#website\",\"url\":\"https:\\\/\\\/memberpress.com\\\/pt\\\/\",\"name\":\"MemberPress\",\"description\":\"The All-In-One WordPress Membership Plugin\",\"inLanguage\":\"pt-BR\",\"publisher\":{\"@id\":\"https:\\\/\\\/memberpress.com\\\/pt\\\/#organization\"}}]}\n\t\t<\/script>\n\t\t<!-- All in One SEO Pro -->\r\n\t\t<title>Done for You MemberPress Services<\/title>\n\n","aioseo_head_json":{"title":"Servi\u00e7os Done for You MemberPress","description":"Confie seu site WordPress a profissionais que sabem Escrevemos o livro sobre associa\u00e7\u00f5es ao Wordpress. Depois, fizemos isso novamente com cursos on-line e treinamento. Ao escolher os servi\u00e7os profissionais de WordPress da MemberPress, voc\u00ea pode ter certeza de que seu site est\u00e1 sendo administrado por pessoas que sabem. Lance seu site de associa\u00e7\u00e3o ou LMS com facilidade Nossa associa\u00e7\u00e3o","canonical_url":"https:\/\/memberpress.com\/pt\/dfy-services\/","robots":"max-image-preview:large","keywords":"","webmasterTools":{"miscellaneous":""},"schema":{"@context":"https:\/\/schema.org","@graph":[{"@type":"BreadcrumbList","@id":"https:\/\/memberpress.com\/pt\/dfy-services\/#breadcrumblist","itemListElement":[{"@type":"ListItem","@id":"https:\/\/memberpress.com\/pt#listItem","position":1,"name":"Home","item":"https:\/\/memberpress.com\/pt","nextItem":{"@type":"ListItem","@id":"https:\/\/memberpress.com\/pt\/dfy-services\/#listItem","name":"Done for You MemberPress Services"}},{"@type":"ListItem","@id":"https:\/\/memberpress.com\/pt\/dfy-services\/#listItem","position":2,"name":"Done for You MemberPress Services","previousItem":{"@type":"ListItem","@id":"https:\/\/memberpress.com\/pt#listItem","name":"Home"}}]},{"@type":"Organization","@id":"https:\/\/memberpress.com\/pt\/#organization","name":"MemberPress","description":"The All-In-One WordPress Membership Plugin","url":"https:\/\/memberpress.com\/pt\/","logo":{"@type":"ImageObject","url":"https:\/\/memberpress.com\/wp-content\/uploads\/2022\/10\/mp-icon-RGB_Icon-01.jpg","@id":"https:\/\/memberpress.com\/pt\/dfy-services\/#organizationLogo","width":1650,"height":1275,"caption":"memberpress logo icon"},"image":{"@id":"https:\/\/memberpress.com\/pt\/dfy-services\/#organizationLogo"},"sameAs":["https:\/\/www.instagram.com\/memberpress\/","https:\/\/www.pinterest.com\/memberpressplugin\/","https:\/\/www.youtube.com\/c\/MemberPressPlugin","https:\/\/www.linkedin.com\/company\/memberpress\/"]},{"@type":"WebPage","@id":"https:\/\/memberpress.com\/pt\/dfy-services\/#webpage","url":"https:\/\/memberpress.com\/pt\/dfy-services\/","name":"Done for You MemberPress Services","description":"Trust Your WordPress Website to Pros Who Know We wrote the book on Wordpress memberships. Then we did it again with online courses and coaching. When you choose professional WordPress services by MemberPress, you can trust your website is being handled by people who know. Launch Your Membership or LMS Website with Ease Our Membership","inLanguage":"pt-BR","isPartOf":{"@id":"https:\/\/memberpress.com\/pt\/#website"},"breadcrumb":{"@id":"https:\/\/memberpress.com\/pt\/dfy-services\/#breadcrumblist"},"datePublished":"2024-08-07T05:51:43-04:00","dateModified":"2025-04-16T03:33:51-04:00"},{"@type":"WebSite","@id":"https:\/\/memberpress.com\/pt\/#website","url":"https:\/\/memberpress.com\/pt\/","name":"MemberPress","description":"The All-In-One WordPress Membership Plugin","inLanguage":"pt-BR","publisher":{"@id":"https:\/\/memberpress.com\/pt\/#organization"}}]},"og:locale":"pt_BR","og:site_name":"MemberPress","og:type":"article","og:title":"Done for You MemberPress Services","og:description":"Trust Your WordPress Website to Pros Who Know We wrote the book on Wordpress memberships. Then we did it again with online courses and coaching. When you choose professional WordPress services by MemberPress, you can trust your website is being handled by people who know. Launch Your Membership or LMS Website with Ease Our Membership","og:url":"https:\/\/memberpress.com\/pt\/dfy-services\/","og:image":"https:\/\/memberpress.com\/wp-content\/uploads\/2022\/10\/mp-icon-RGB_Icon-01.jpg","og:image:secure_url":"https:\/\/memberpress.com\/wp-content\/uploads\/2022\/10\/mp-icon-RGB_Icon-01.jpg","og:image:width":1650,"og:image:height":1275,"article:published_time":"2024-08-07T09:51:43+00:00","article:modified_time":"2025-04-16T07:33:51+00:00","article:publisher":"https:\/\/www.facebook.com\/memberpress\/","twitter:card":"summary_large_image","twitter:site":"@memberpress","twitter:title":"Done for You MemberPress Services","twitter:description":"Trust Your WordPress Website to Pros Who Know We wrote the book on Wordpress memberships. Then we did it again with online courses and coaching. When you choose professional WordPress services by MemberPress, you can trust your website is being handled by people who know. Launch Your Membership or LMS Website with Ease Our Membership","twitter:image":"https:\/\/memberpress.com\/wp-content\/uploads\/2022\/10\/mp-icon-RGB_Icon-01.jpg"},"aioseo_meta_data":{"post_id":"67290","title":null,"description":null,"keywords":null,"keyphrases":{"focus":{"keyphrase":"","score":0,"analysis":{"keyphraseInTitle":{"score":0,"maxScore":9,"error":1}}},"additional":[]},"primary_term":null,"canonical_url":null,"og_title":null,"og_description":null,"og_object_type":"default","og_image_type":"default","og_image_url":null,"og_image_width":null,"og_image_height":null,"og_image_custom_url":null,"og_image_custom_fields":null,"og_video":"","og_custom_url":null,"og_article_section":null,"og_article_tags":null,"twitter_use_og":false,"twitter_card":"default","twitter_image_type":"default","twitter_image_url":null,"twitter_image_custom_url":null,"twitter_image_custom_fields":null,"twitter_title":null,"twitter_description":null,"schema":{"blockGraphs":[],"customGraphs":[],"default":{"data":{"Article":[],"Course":[],"Dataset":[],"FAQPage":[],"Movie":[],"Person":[],"Product":[],"ProductReview":[],"Car":[],"Recipe":[],"Service":[],"SoftwareApplication":[],"WebPage":[]},"graphName":"WebPage","isEnabled":true},"graphs":[]},"schema_type":"default","schema_type_options":null,"pillar_content":false,"robots_default":true,"robots_noindex":false,"robots_noarchive":false,"robots_nosnippet":false,"robots_nofollow":false,"robots_noimageindex":false,"robots_noodp":false,"robots_notranslate":false,"robots_max_snippet":"-1","robots_max_videopreview":"-1","robots_max_imagepreview":"large","priority":null,"frequency":"default","local_seo":null,"seo_analyzer_scan_date":"2025-10-09 20:09:02","breadcrumb_settings":null,"limit_modified_date":false,"reviewed_by":null,"open_ai":"{\"title\":{\"suggestions\":[],\"usage\":0},\"description\":{\"suggestions\":[],\"usage\":0}}","ai":null,"created":"2024-08-07 09:50:55","updated":"2026-03-03 14:51:23"},"aioseo_breadcrumb":"<div class=\"aioseo-breadcrumbs\"><span class=\"aioseo-breadcrumb\">\n\t<a href=\"https:\/\/memberpress.com\/pt\" title=\"Home\">Home<\/a>\n<\/span><span class=\"aioseo-breadcrumb-separator\">&raquo;<\/span><span class=\"aioseo-breadcrumb\">\n\tDone for You MemberPress Services\n<\/span><\/div>","aioseo_breadcrumb_json":[{"label":"Home","link":"https:\/\/memberpress.com\/pt"},{"label":"Done for You MemberPress Services","link":"https:\/\/memberpress.com\/pt\/dfy-services\/"}],"app_access":{"can_access":true,"restrict_message":null},"_links":{"self":[{"href":"https:\/\/memberpress.com\/pt\/wp-json\/wp\/v2\/pages\/67290","targetHints":{"allow":["GET"]}}],"collection":[{"href":"https:\/\/memberpress.com\/pt\/wp-json\/wp\/v2\/pages"}],"about":[{"href":"https:\/\/memberpress.com\/pt\/wp-json\/wp\/v2\/types\/page"}],"author":[{"embeddable":true,"href":"https:\/\/memberpress.com\/pt\/wp-json\/wp\/v2\/users\/25136"}],"replies":[{"embeddable":true,"href":"https:\/\/memberpress.com\/pt\/wp-json\/wp\/v2\/comments?post=67290"}],"version-history":[{"count":1,"href":"https:\/\/memberpress.com\/pt\/wp-json\/wp\/v2\/pages\/67290\/revisions"}],"predecessor-version":[{"id":71659,"href":"https:\/\/memberpress.com\/pt\/wp-json\/wp\/v2\/pages\/67290\/revisions\/71659"}],"wp:attachment":[{"href":"https:\/\/memberpress.com\/pt\/wp-json\/wp\/v2\/media?parent=67290"}],"curies":[{"name":"wp","href":"https:\/\/api.w.org\/{rel}","templated":true}]}}