{"id":76657,"date":"2025-12-22T10:40:00","date_gmt":"2025-12-22T15:40:00","guid":{"rendered":"https:\/\/memberpress.com\/?page_id=76657"},"modified":"2025-12-22T10:52:49","modified_gmt":"2025-12-22T15:52:49","slug":"mobile-app-upgrade","status":"publish","type":"page","link":"https:\/\/memberpress.com\/pt\/mobile-app-upgrade\/","title":{"rendered":"Atualiza\u00e7\u00e3o do aplicativo m\u00f3vel MP Interstitial"},"content":{"rendered":"<div id=\"sp-page\" class=\"spBgcover sp-content-1\" style=\"background-color: rgb(255, 255, 255); font-family: Inter, sans-serif; font-weight: 400;\">\n<section id=\"sp-r43p8okabfvq\" data-mobile-visibility=\"#sp-r43p8okabfvq|false\" data-tablet-visibility=\"#sp-r43p8okabfvq|false\" data-desktop-visibility=\"#sp-r43p8okabfvq|false\" data-mobile-css=\"\" data-tablet-css=\"\" class=\"sp-el-section  spBgcover\" style=\"width: 100%; max-width: 100%; padding: 10px;\">\n<div id=\"sp-uag7hek28m3r\" data-mobile-visibility=\"#sp-uag7hek28m3r|false\" data-tablet-visibility=\"#sp-uag7hek28m3r|false\" data-desktop-visibility=\"#sp-uag7hek28m3r|false\" data-mobile-css=\"\" data-tablet-css=\"\" class=\"sp-el-row sp-w-full  sp-m-auto spBgcover sm:sp-flex sp-justify-between\" style=\"padding: 0px; width: auto; max-width: 1000px;\">\n<div id=\"sp-kyka1d6gnmcc\" data-mobile-visibility=\"#sp-kyka1d6gnmcc|false\" data-tablet-visibility=\"#sp-kyka1d6gnmcc|false\" data-desktop-visibility=\"#sp-kyka1d6gnmcc|false\" data-mobile-css=\"\" data-tablet-css=\"\" class=\"sp-el-col  spBgcover sp-w-full\" style=\"width: calc(100% + 0px);\">\n<div id=\"sp-p8a6na\" data-mobile-css=\"#sp-p8a6na|height:40px;\" data-tablet-css=\"#sp-p8a6na|height:10px;\" class=\"sp-spacer\" style=\"height: 17px;\"><\/div>\n<p><span href=\"\" target=\"\" rel=\"\" class=\"sp-header-block-link\" style=\"text-decoration: none;\"><\/p>\n<h1 id=\"sp-wrwdqunlo1kr\" data-mobile-css=\".sp-headline-block-wrwdqunlo1kr, #sp-wrwdqunlo1kr, #wrwdqunlo1kr|text-align:center;\" data-tablet-css=\".sp-headline-block-wrwdqunlo1kr, #sp-wrwdqunlo1kr, #wrwdqunlo1kr|text-align:center;\" data-mobile-visibility=\".sp-headline-block-wrwdqunlo1kr|false\" data-tablet-visibility=\".sp-headline-block-wrwdqunlo1kr|false\" data-desktop-visibility=\".sp-headline-block-wrwdqunlo1kr|false\" class=\"sp-css-target sp-el-block sp-headline-block-wrwdqunlo1kr sp-type-header\" style=\"line-height: 1.2; text-align: center; margin: 0px;\">Lance seu aplicativo m\u00f3vel ainda mais r\u00e1pido.<\/h1>\n<p><\/span><\/div>\n<\/div>\n<div id=\"sp-gcg9ajmwyhy\" data-mobile-visibility=\"#sp-gcg9ajmwyhy|false\" data-tablet-visibility=\"#sp-gcg9ajmwyhy|false\" data-desktop-visibility=\"#sp-gcg9ajmwyhy|false\" data-mobile-css=\"\" data-tablet-css=\"\" class=\"sp-el-row sp-w-full  sp-m-auto spBgcover sm:sp-flex sp-justify-between\" style=\"padding: 0px; width: auto; max-width: 1000px; margin-top: 28px;\">\n<div id=\"sp-qsinfp63vjmn\" data-mobile-visibility=\"#sp-qsinfp63vjmn|false\" data-tablet-visibility=\"#sp-qsinfp63vjmn|false\" data-desktop-visibility=\"#sp-qsinfp63vjmn|false\" data-mobile-css=\"\" data-tablet-css=\"\" class=\"sp-el-col  spBgcover sp-w-full\" style=\"width: calc(54% + 0px);\">\n<figure id=\"sp-q5d0b544deos\" data-mobile-css=\"#sp-q5d0b544deos|text-align:center;\" data-tablet-css=\"#sp-q5d0b544deos|text-align:center;\" class=\"sp-image-wrapper sp-el-block\" style=\"margin: 0px; padding: 0px 20px 0px 0px; text-align: center;\">\n<div><span><img decoding=\"async\" src=\"https:\/\/memberpress.com\/wp-content\/uploads\/2025\/10\/memberpress-app-cta-2.png\" alt=\"\" width=\"820\" height=\"730\" data-dynamic-tag=\"\" data-image-src=\"wpmedia\" data-mobile-visibility=\".sp-image-block-q5d0b544deos|false\" data-tablet-visibility=\".sp-image-block-q5d0b544deos|false\" data-desktop-visibility=\".sp-image-block-q5d0b544deos|false\" srcset=\" https:\/\/memberpress.com\/wp-content\/uploads\/2025\/10\/memberpress-app-cta-2-150x150.png 150w, https:\/\/memberpress.com\/wp-content\/uploads\/2025\/10\/memberpress-app-cta-2-300x267.png 300w, https:\/\/memberpress.com\/wp-content\/uploads\/2025\/10\/memberpress-app-cta-2-600x400.png 600w, https:\/\/memberpress.com\/wp-content\/uploads\/2025\/10\/memberpress-app-cta-2.png 820w, https:\/\/memberpress.com\/wp-content\/uploads\/2025\/10\/memberpress-app-cta-2-50x45.png 50w, https:\/\/memberpress.com\/wp-content\/uploads\/2025\/10\/memberpress-app-cta-2-191x170.png 191w, https:\/\/memberpress.com\/wp-content\/uploads\/2025\/10\/memberpress-app-cta-2-690x614.png 690w, https:\/\/memberpress.com\/wp-content\/uploads\/2025\/10\/memberpress-app-cta-2-768x684.png 768w, https:\/\/memberpress.com\/wp-content\/uploads\/2025\/10\/memberpress-app-cta-2-582x518.png 582w, https:\/\/memberpress.com\/wp-content\/uploads\/2025\/10\/memberpress-app-cta-2-156x139.png 156w\" class=\"sp-image-block-q5d0b544deos custom-preview-class\" style=\"width: 820px;\"><\/span><\/div>\n<div id=\"sp-image-dynamic-tags-js-q5d0b544deos\"><script>jQuery(function() { image_dynamic_tags('q5d0b544deos' );});<\/script><\/div>\n<\/figure>\n<\/div>\n<div id=\"sp-xjlt48b85t1q\" data-mobile-visibility=\"#sp-xjlt48b85t1q|false\" data-tablet-visibility=\"#sp-xjlt48b85t1q|false\" data-desktop-visibility=\"#sp-xjlt48b85t1q|false\" data-mobile-css=\"\" data-tablet-css=\"\" class=\"sp-el-col  spBgcover sp-w-full\" style=\"border-radius: 10px; background-color: rgb(244, 245, 246); width: calc(46% + 0px); padding: 20px;\"><span href=\"\" target=\"\" rel=\"\" class=\"sp-header-block-link\" style=\"text-decoration: none;\"><\/p>\n<h2 id=\"sp-xsrc95zcnll\" data-mobile-css=\".sp-headline-block-xsrc95zcnll, #sp-xsrc95zcnll, #xsrc95zcnll|text-align:center;\" data-tablet-css=\".sp-headline-block-xsrc95zcnll, #sp-xsrc95zcnll, #xsrc95zcnll|text-align:center;\" data-mobile-visibility=\".sp-headline-block-xsrc95zcnll|false\" data-tablet-visibility=\".sp-headline-block-xsrc95zcnll|false\" data-desktop-visibility=\".sp-headline-block-xsrc95zcnll|false\" class=\"sp-css-target sp-el-block sp-headline-block-xsrc95zcnll sp-type-header\" style=\"font-size: 20px; text-align: center; margin: 0px;\">Nossos desenvolvedores de aplicativos cuidam de tudo<\/h2>\n<p><\/span><\/p>\n<div id=\"sp-vydnc2b9jw5e\" data-mobile-css=\".sp-bulletlist-block-vydnc2b9jw5e, #sp-vydnc2b9jw5e|justify-content:flex-start;\" data-tablet-css=\".sp-bulletlist-block-vydnc2b9jw5e, #sp-vydnc2b9jw5e|justify-content:flex-start;\" data-mobile-visibility=\".sp-bulletlist-block-vydnc2b9jw5e|false\" data-tablet-visibility=\".sp-bulletlist-block-vydnc2b9jw5e|false\" data-desktop-visibility=\".sp-bulletlist-block-vydnc2b9jw5e|false\" class=\"sp-flex sp-css-target sp-el-block sp-bulletlist-block-template-0 sp-justify-start sp-bulletlist-block-vydnc2b9jw5e\" style=\"margin: 20px 0px 0px; font-size: 15px;\">\n<ul class=\"sp-bulletlist-wrapper\">\n<li data-mobile-css=\"#sp-vydnc2b9jw5e .sp-bullet-list-item-vydnc2b9jw5e-0|padding:0px 0px 10px 0px ;\" data-tablet-css=\"#sp-vydnc2b9jw5e .sp-bullet-list-item-vydnc2b9jw5e-0|padding:0px 0px 10px 0px ;\" class=\"sp-flex sp-items-center sp-bullet-list-item-vydnc2b9jw5e-0 sp-justify-start\" style=\"padding: 0px 0px 17px;\"><span class=\"sp-icon-wrapper sp-mr-4\"><i class=\"fa-fw fa-lg fas fa-check\" style=\"width: 30px; line-height: 30px; font-size: 15px; color: rgb(68, 189, 162);\"><\/i><\/span><span>Design e desenvolvimento de aplicativos m\u00f3veis<\/span><\/li>\n<li data-mobile-css=\"#sp-vydnc2b9jw5e .sp-bullet-list-item-vydnc2b9jw5e-1|padding:0px 0px 10px 0px ;\" data-tablet-css=\"#sp-vydnc2b9jw5e .sp-bullet-list-item-vydnc2b9jw5e-1|padding:0px 0px 10px 0px ;\" class=\"sp-flex sp-items-center sp-bullet-list-item-vydnc2b9jw5e-1 sp-justify-start\" style=\"padding: 0px 0px 17px;\"><span class=\"sp-icon-wrapper sp-mr-4\"><i class=\"fa-fw fa-lg fas fa-check\" style=\"width: 30px; line-height: 30px; font-size: 15px; color: rgb(68, 189, 162);\"><\/i><\/span><span>Aprova\u00e7\u00e3o da conta na App Store<\/span><\/li>\n<li data-mobile-css=\"#sp-vydnc2b9jw5e .sp-bullet-list-item-vydnc2b9jw5e-2|padding:0px 0px 10px 0px ;\" data-tablet-css=\"#sp-vydnc2b9jw5e .sp-bullet-list-item-vydnc2b9jw5e-2|padding:0px 0px 10px 0px ;\" class=\"sp-flex sp-items-center sp-bullet-list-item-vydnc2b9jw5e-2 sp-justify-start\" style=\"padding: 0px 0px 17px;\"><span class=\"sp-icon-wrapper sp-mr-4\"><i class=\"fa-fw fa-lg fas fa-check\" style=\"width: 30px; line-height: 30px; font-size: 15px; color: rgb(68, 189, 162);\"><\/i><\/span><span>Lan\u00e7amento e publica\u00e7\u00e3o de aplicativos m\u00f3veis<\/span><\/li>\n<li data-mobile-css=\"\" data-tablet-css=\"\" class=\"sp-flex sp-items-center sp-bullet-list-item-vydnc2b9jw5e-3 sp-justify-start\"><span class=\"sp-icon-wrapper sp-mr-4\"><i class=\"fa-fw fa-lg fas fa-check\" style=\"width: 30px; line-height: 30px; font-size: 15px; color: rgb(68, 189, 162);\"><\/i><\/span><span>$1.999 Taxa \u00fanica de servi\u00e7o<\/span><\/li>\n<\/ul>\n<\/div>\n<div id=\"sp-button-parent-cx4l7g\" data-mobile-css=\"#sp-button-parent-cx4l7g|text-align:center;\" data-tablet-css=\"#sp-button-parent-cx4l7g|text-align:center;\" class=\"sp-button-wrapper sp-el-block\" style=\"margin: 0px; text-align: center;\"><a href=\"https:\/\/memberpress.com\/register\/dfy-memberpress-app\/\" id=\"sp-cx4l7g\" data-mobile-css=\"\" data-tablet-css=\"\" data-mobile-visibility=\".sp-button-cx4l7g|false\" data-tablet-visibility=\".sp-button-cx4l7g|false\" data-desktop-visibility=\".sp-button-cx4l7g|false\" target=\"\" rel=\"\" class=\"sp-button sp-css-target sp-text-center sp-inline-block sp-leading-none sp-button-cx4l7g\" style=\"font-size: 18px; font-weight: bold; background: linear-gradient(90deg, rgb(207, 50, 0) 0%, rgb(244, 123, 13) 40%) rgb(247, 138, 100); color: rgb(255, 255, 255); width: auto; padding: 16px 60px; border-radius: 100px;\"><span>Inicie para mim +$1.999<\/span><\/a><\/p>\n<style type=\"text\/css\">\n    #sp-cx4l7g:hover\n    {background:#F78A64 !important;color:#FFFFFF !important}\n    #sp-cx4l7g:hover\n    {background-image:linear-gradient(90deg, #E25607 0%, #F59034 40%) !important}\n  <\/style>\n<\/div>\n<div id=\"sp-button-parent-ux7oer\" data-mobile-css=\"#sp-button-parent-ux7oer|text-align:center;\" data-tablet-css=\"#sp-button-parent-ux7oer|text-align:center;\" class=\"sp-button-wrapper sp-el-block\" style=\"margin: 0px; text-align: center;\"><a href=\"https:\/\/memberpress.com\/register\/diy-memberpress-app\/\" id=\"sp-ux7oer\" data-mobile-css=\"\" data-tablet-css=\"\" data-mobile-visibility=\".sp-button-ux7oer|false\" data-tablet-visibility=\".sp-button-ux7oer|false\" data-desktop-visibility=\".sp-button-ux7oer|false\" target=\"\" rel=\"\" class=\"sp-button sp-css-target sp-text-center sp-inline-block sp-leading-none sp-button-ux7oer\" style=\"line-height: 1.2; font-size: 18px; background: none rgb(227, 227, 227); color: rgb(0, 0, 0); width: auto; padding: 16px 60px; border-radius: 100px;\"><span id=\"ux7oer\" class=\"mce-content-body html4-captions\"  style=\"position: relative;\" >N\u00e3o, obrigado. Eu sei fazer tudo sozinho.<\/span><\/a><\/p>\n<style type=\"text\/css\">\n    #sp-ux7oer:hover\n    {background:#D9D9D9 !important}\n    #sp-ux7oer:hover\n    {background-image:false !important}\n  <\/style>\n<\/div>\n<\/div>\n<\/div>\n<\/section>\n<\/div>","protected":false},"excerpt":{"rendered":"<p>Lance seu aplicativo m\u00f3vel ainda mais r\u00e1pido. Nossos desenvolvedores de aplicativos cuidam de tudo Design e desenvolvimento de aplicativos m\u00f3veis Aprova\u00e7\u00e3o da conta na App Store Lan\u00e7amento e publica\u00e7\u00e3o do aplicativo m\u00f3vel $1.999 Taxa \u00fanica de servi\u00e7o Lance para mim  +$1.999 N\u00e3o, obrigado. Eu sei como fazer tudo sozinho.<\/p>","protected":false},"author":59227,"featured_media":0,"parent":0,"menu_order":0,"comment_status":"closed","ping_status":"closed","template":"","meta":{"_acf_changed":false,"om_disable_all_campaigns":false,"_strive_editorial_status":"not-started","_strive_copy_of":0,"inline_featured_image":false,"_monsterinsights_skip_tracking":false,"_monsterinsights_sitenote_active":false,"_monsterinsights_sitenote_note":"","_monsterinsights_sitenote_category":0,"_genesis_hide_title":false,"_genesis_hide_breadcrumbs":false,"_genesis_hide_singular_image":false,"_genesis_hide_footer_widgets":false,"_genesis_custom_body_class":"","_genesis_custom_post_class":"","_genesis_layout":"","_FSMCFIC_featured_image_caption":"","_FSMCFIC_featured_image_nocaption":"","_FSMCFIC_featured_image_hide":"","footnotes":""},"class_list":{"0":"post-76657","1":"page","2":"type-page","3":"status-publish","5":"entry"},"acf":[],"aioseo_notices":[],"aioseo_head":"\n\t\t<!-- All in One SEO Pro 4.9.5.2 - aioseo.com -->\n\t<meta name=\"description\" content=\"Launch Your Mobile App Even Faster. Our App Developers Handle Everything Moble App Design &amp; Development App Store Account Approval Mobile app launch and publishing $1,999 One Time Service Fee Launch It For Me +$1,999 No Thanks. I Know How To Do Everything Myself.\" \/>\n\t<meta name=\"robots\" content=\"max-image-preview:large\" \/>\n\t<link rel=\"canonical\" href=\"https:\/\/memberpress.com\/pt\/mobile-app-upgrade\/\" \/>\n\t<meta name=\"generator\" content=\"All in One SEO Pro (AIOSEO) 4.9.5.2\" \/>\n\t\t<meta property=\"og:locale\" content=\"pt_BR\" \/>\n\t\t<meta property=\"og:site_name\" content=\"MemberPress\" \/>\n\t\t<meta property=\"og:type\" content=\"article\" \/>\n\t\t<meta property=\"og:title\" content=\"MP Mobile App Interstitial Upgrade\" \/>\n\t\t<meta property=\"og:description\" content=\"Launch Your Mobile App Even Faster. Our App Developers Handle Everything Moble App Design &amp; Development App Store Account Approval Mobile app launch and publishing $1,999 One Time Service Fee Launch It For Me +$1,999 No Thanks. I Know How To Do Everything Myself.\" \/>\n\t\t<meta property=\"og:url\" content=\"https:\/\/memberpress.com\/pt\/mobile-app-upgrade\/\" \/>\n\t\t<meta property=\"og:image\" content=\"https:\/\/memberpress.com\/wp-content\/uploads\/2022\/10\/mp-icon-RGB_Icon-01.jpg\" \/>\n\t\t<meta property=\"og:image:secure_url\" content=\"https:\/\/memberpress.com\/wp-content\/uploads\/2022\/10\/mp-icon-RGB_Icon-01.jpg\" \/>\n\t\t<meta property=\"og:image:width\" content=\"1650\" \/>\n\t\t<meta property=\"og:image:height\" content=\"1275\" \/>\n\t\t<meta property=\"article:published_time\" content=\"2025-12-22T15:40:00+00:00\" \/>\n\t\t<meta property=\"article:modified_time\" content=\"2025-12-22T15:52:49+00:00\" \/>\n\t\t<meta property=\"article:publisher\" content=\"https:\/\/www.facebook.com\/memberpress\/\" \/>\n\t\t<meta name=\"twitter:card\" content=\"summary_large_image\" \/>\n\t\t<meta name=\"twitter:site\" content=\"@memberpress\" \/>\n\t\t<meta name=\"twitter:title\" content=\"MP Mobile App Interstitial Upgrade\" \/>\n\t\t<meta name=\"twitter:description\" content=\"Launch Your Mobile App Even Faster. Our App Developers Handle Everything Moble App Design &amp; Development App Store Account Approval Mobile app launch and publishing $1,999 One Time Service Fee Launch It For Me +$1,999 No Thanks. I Know How To Do Everything Myself.\" \/>\n\t\t<meta name=\"twitter:image\" content=\"https:\/\/memberpress.com\/wp-content\/uploads\/2022\/10\/mp-icon-RGB_Icon-01.jpg\" \/>\n\t\t<script type=\"application\/ld+json\" class=\"aioseo-schema\">\n\t\t\t{\"@context\":\"https:\\\/\\\/schema.org\",\"@graph\":[{\"@type\":\"BreadcrumbList\",\"@id\":\"https:\\\/\\\/memberpress.com\\\/pt\\\/mobile-app-upgrade\\\/#breadcrumblist\",\"itemListElement\":[{\"@type\":\"ListItem\",\"@id\":\"https:\\\/\\\/memberpress.com\\\/pt#listItem\",\"position\":1,\"name\":\"Home\",\"item\":\"https:\\\/\\\/memberpress.com\\\/pt\",\"nextItem\":{\"@type\":\"ListItem\",\"@id\":\"https:\\\/\\\/memberpress.com\\\/pt\\\/mobile-app-upgrade\\\/#listItem\",\"name\":\"MP Mobile App Interstitial Upgrade\"}},{\"@type\":\"ListItem\",\"@id\":\"https:\\\/\\\/memberpress.com\\\/pt\\\/mobile-app-upgrade\\\/#listItem\",\"position\":2,\"name\":\"MP Mobile App Interstitial Upgrade\",\"previousItem\":{\"@type\":\"ListItem\",\"@id\":\"https:\\\/\\\/memberpress.com\\\/pt#listItem\",\"name\":\"Home\"}}]},{\"@type\":\"Organization\",\"@id\":\"https:\\\/\\\/memberpress.com\\\/pt\\\/#organization\",\"name\":\"MemberPress\",\"description\":\"The All-In-One WordPress Membership Plugin\",\"url\":\"https:\\\/\\\/memberpress.com\\\/pt\\\/\",\"logo\":{\"@type\":\"ImageObject\",\"url\":\"https:\\\/\\\/memberpress.com\\\/wp-content\\\/uploads\\\/2022\\\/10\\\/mp-icon-RGB_Icon-01.jpg\",\"@id\":\"https:\\\/\\\/memberpress.com\\\/pt\\\/mobile-app-upgrade\\\/#organizationLogo\",\"width\":1650,\"height\":1275,\"caption\":\"memberpress logo icon\"},\"image\":{\"@id\":\"https:\\\/\\\/memberpress.com\\\/pt\\\/mobile-app-upgrade\\\/#organizationLogo\"},\"sameAs\":[\"https:\\\/\\\/www.instagram.com\\\/memberpress\\\/\",\"https:\\\/\\\/www.pinterest.com\\\/memberpressplugin\\\/\",\"https:\\\/\\\/www.youtube.com\\\/c\\\/MemberPressPlugin\",\"https:\\\/\\\/www.linkedin.com\\\/company\\\/memberpress\\\/\"]},{\"@type\":\"WebPage\",\"@id\":\"https:\\\/\\\/memberpress.com\\\/pt\\\/mobile-app-upgrade\\\/#webpage\",\"url\":\"https:\\\/\\\/memberpress.com\\\/pt\\\/mobile-app-upgrade\\\/\",\"name\":\"MP Mobile App Interstitial Upgrade\",\"description\":\"Launch Your Mobile App Even Faster. Our App Developers Handle Everything Moble App Design & Development App Store Account Approval Mobile app launch and publishing $1,999 One Time Service Fee Launch It For Me +$1,999 No Thanks. I Know How To Do Everything Myself.\",\"inLanguage\":\"pt-BR\",\"isPartOf\":{\"@id\":\"https:\\\/\\\/memberpress.com\\\/pt\\\/#website\"},\"breadcrumb\":{\"@id\":\"https:\\\/\\\/memberpress.com\\\/pt\\\/mobile-app-upgrade\\\/#breadcrumblist\"},\"datePublished\":\"2025-12-22T10:40:00-05:00\",\"dateModified\":\"2025-12-22T10:52:49-05:00\"},{\"@type\":\"WebSite\",\"@id\":\"https:\\\/\\\/memberpress.com\\\/pt\\\/#website\",\"url\":\"https:\\\/\\\/memberpress.com\\\/pt\\\/\",\"name\":\"MemberPress\",\"description\":\"The All-In-One WordPress Membership Plugin\",\"inLanguage\":\"pt-BR\",\"publisher\":{\"@id\":\"https:\\\/\\\/memberpress.com\\\/pt\\\/#organization\"}}]}\n\t\t<\/script>\n\t\t<!-- All in One SEO Pro -->\r\n\t\t<title>MP Mobile App Interstitial Upgrade<\/title>\n\n","aioseo_head_json":{"title":"Atualiza\u00e7\u00e3o do aplicativo m\u00f3vel MP Interstitial","description":"Lance seu aplicativo m\u00f3vel ainda mais r\u00e1pido. Nossos desenvolvedores de aplicativos cuidam de tudo: Design e desenvolvimento de aplicativos m\u00f3veis Aprova\u00e7\u00e3o da conta na App Store Lan\u00e7amento e publica\u00e7\u00e3o do aplicativo m\u00f3vel $1.999 Taxa \u00fanica de servi\u00e7o Lance para mim +$1.999 N\u00e3o, obrigado. Eu sei como fazer tudo sozinho.","canonical_url":"https:\/\/memberpress.com\/pt\/mobile-app-upgrade\/","robots":"max-image-preview:large","keywords":"","webmasterTools":{"miscellaneous":""},"schema":{"@context":"https:\/\/schema.org","@graph":[{"@type":"BreadcrumbList","@id":"https:\/\/memberpress.com\/pt\/mobile-app-upgrade\/#breadcrumblist","itemListElement":[{"@type":"ListItem","@id":"https:\/\/memberpress.com\/pt#listItem","position":1,"name":"Home","item":"https:\/\/memberpress.com\/pt","nextItem":{"@type":"ListItem","@id":"https:\/\/memberpress.com\/pt\/mobile-app-upgrade\/#listItem","name":"MP Mobile App Interstitial Upgrade"}},{"@type":"ListItem","@id":"https:\/\/memberpress.com\/pt\/mobile-app-upgrade\/#listItem","position":2,"name":"MP Mobile App Interstitial Upgrade","previousItem":{"@type":"ListItem","@id":"https:\/\/memberpress.com\/pt#listItem","name":"Home"}}]},{"@type":"Organization","@id":"https:\/\/memberpress.com\/pt\/#organization","name":"MemberPress","description":"The All-In-One WordPress Membership Plugin","url":"https:\/\/memberpress.com\/pt\/","logo":{"@type":"ImageObject","url":"https:\/\/memberpress.com\/wp-content\/uploads\/2022\/10\/mp-icon-RGB_Icon-01.jpg","@id":"https:\/\/memberpress.com\/pt\/mobile-app-upgrade\/#organizationLogo","width":1650,"height":1275,"caption":"memberpress logo icon"},"image":{"@id":"https:\/\/memberpress.com\/pt\/mobile-app-upgrade\/#organizationLogo"},"sameAs":["https:\/\/www.instagram.com\/memberpress\/","https:\/\/www.pinterest.com\/memberpressplugin\/","https:\/\/www.youtube.com\/c\/MemberPressPlugin","https:\/\/www.linkedin.com\/company\/memberpress\/"]},{"@type":"WebPage","@id":"https:\/\/memberpress.com\/pt\/mobile-app-upgrade\/#webpage","url":"https:\/\/memberpress.com\/pt\/mobile-app-upgrade\/","name":"MP Mobile App Interstitial Upgrade","description":"Launch Your Mobile App Even Faster. Our App Developers Handle Everything Moble App Design & Development App Store Account Approval Mobile app launch and publishing $1,999 One Time Service Fee Launch It For Me +$1,999 No Thanks. I Know How To Do Everything Myself.","inLanguage":"pt-BR","isPartOf":{"@id":"https:\/\/memberpress.com\/pt\/#website"},"breadcrumb":{"@id":"https:\/\/memberpress.com\/pt\/mobile-app-upgrade\/#breadcrumblist"},"datePublished":"2025-12-22T10:40:00-05:00","dateModified":"2025-12-22T10:52:49-05:00"},{"@type":"WebSite","@id":"https:\/\/memberpress.com\/pt\/#website","url":"https:\/\/memberpress.com\/pt\/","name":"MemberPress","description":"The All-In-One WordPress Membership Plugin","inLanguage":"pt-BR","publisher":{"@id":"https:\/\/memberpress.com\/pt\/#organization"}}]},"og:locale":"pt_BR","og:site_name":"MemberPress","og:type":"article","og:title":"MP Mobile App Interstitial Upgrade","og:description":"Launch Your Mobile App Even Faster. Our App Developers Handle Everything Moble App Design &amp; Development App Store Account Approval Mobile app launch and publishing $1,999 One Time Service Fee Launch It For Me +$1,999 No Thanks. I Know How To Do Everything Myself.","og:url":"https:\/\/memberpress.com\/pt\/mobile-app-upgrade\/","og:image":"https:\/\/memberpress.com\/wp-content\/uploads\/2022\/10\/mp-icon-RGB_Icon-01.jpg","og:image:secure_url":"https:\/\/memberpress.com\/wp-content\/uploads\/2022\/10\/mp-icon-RGB_Icon-01.jpg","og:image:width":1650,"og:image:height":1275,"article:published_time":"2025-12-22T15:40:00+00:00","article:modified_time":"2025-12-22T15:52:49+00:00","article:publisher":"https:\/\/www.facebook.com\/memberpress\/","twitter:card":"summary_large_image","twitter:site":"@memberpress","twitter:title":"MP Mobile App Interstitial Upgrade","twitter:description":"Launch Your Mobile App Even Faster. Our App Developers Handle Everything Moble App Design &amp; Development App Store Account Approval Mobile app launch and publishing $1,999 One Time Service Fee Launch It For Me +$1,999 No Thanks. I Know How To Do Everything Myself.","twitter:image":"https:\/\/memberpress.com\/wp-content\/uploads\/2022\/10\/mp-icon-RGB_Icon-01.jpg"},"aioseo_meta_data":{"post_id":"76657","title":"#post_title","description":"#post_content","keywords":null,"keyphrases":{"focus":{"keyphrase":"","score":0,"analysis":{"keyphraseInTitle":{"score":0,"maxScore":9,"error":1}}},"additional":[]},"primary_term":null,"canonical_url":null,"og_title":null,"og_description":null,"og_object_type":"default","og_image_type":"default","og_image_url":null,"og_image_width":null,"og_image_height":null,"og_image_custom_url":null,"og_image_custom_fields":null,"og_video":"","og_custom_url":null,"og_article_section":null,"og_article_tags":null,"twitter_use_og":false,"twitter_card":"default","twitter_image_type":"default","twitter_image_url":null,"twitter_image_custom_url":null,"twitter_image_custom_fields":null,"twitter_title":null,"twitter_description":null,"schema":{"blockGraphs":[],"customGraphs":[],"default":{"data":{"Article":[],"Course":[],"Dataset":[],"FAQPage":[],"Movie":[],"Person":[],"Product":[],"ProductReview":[],"Car":[],"Recipe":[],"Service":[],"SoftwareApplication":[],"WebPage":[]},"graphName":"WebPage","isEnabled":true},"graphs":[]},"schema_type":"default","schema_type_options":null,"pillar_content":false,"robots_default":true,"robots_noindex":false,"robots_noarchive":false,"robots_nosnippet":false,"robots_nofollow":false,"robots_noimageindex":false,"robots_noodp":false,"robots_notranslate":false,"robots_max_snippet":"-1","robots_max_videopreview":"-1","robots_max_imagepreview":"large","priority":null,"frequency":"default","local_seo":null,"seo_analyzer_scan_date":"2025-12-22 15:57:21","breadcrumb_settings":null,"limit_modified_date":false,"reviewed_by":"0","open_ai":null,"ai":{"faqs":[],"keyPoints":[],"titles":[],"descriptions":[],"socialPosts":{"email":[],"linkedin":[],"twitter":[],"facebook":[],"instagram":[]}},"created":"2025-12-03 01:33:32","updated":"2026-03-03 14:49:46"},"aioseo_breadcrumb":"<div class=\"aioseo-breadcrumbs\"><span class=\"aioseo-breadcrumb\">\n\t<a href=\"https:\/\/memberpress.com\/pt\" title=\"Home\">Home<\/a>\n<\/span><span class=\"aioseo-breadcrumb-separator\">&raquo;<\/span><span class=\"aioseo-breadcrumb\">\n\tMP Mobile App Interstitial Upgrade\n<\/span><\/div>","aioseo_breadcrumb_json":[{"label":"Home","link":"https:\/\/memberpress.com\/pt"},{"label":"MP Mobile App Interstitial Upgrade","link":"https:\/\/memberpress.com\/pt\/mobile-app-upgrade\/"}],"app_access":{"can_access":true,"restrict_message":null},"_links":{"self":[{"href":"https:\/\/memberpress.com\/pt\/wp-json\/wp\/v2\/pages\/76657","targetHints":{"allow":["GET"]}}],"collection":[{"href":"https:\/\/memberpress.com\/pt\/wp-json\/wp\/v2\/pages"}],"about":[{"href":"https:\/\/memberpress.com\/pt\/wp-json\/wp\/v2\/types\/page"}],"author":[{"embeddable":true,"href":"https:\/\/memberpress.com\/pt\/wp-json\/wp\/v2\/users\/59227"}],"replies":[{"embeddable":true,"href":"https:\/\/memberpress.com\/pt\/wp-json\/wp\/v2\/comments?post=76657"}],"version-history":[{"count":7,"href":"https:\/\/memberpress.com\/pt\/wp-json\/wp\/v2\/pages\/76657\/revisions"}],"predecessor-version":[{"id":78206,"href":"https:\/\/memberpress.com\/pt\/wp-json\/wp\/v2\/pages\/76657\/revisions\/78206"}],"wp:attachment":[{"href":"https:\/\/memberpress.com\/pt\/wp-json\/wp\/v2\/media?parent=76657"}],"curies":[{"name":"wp","href":"https:\/\/api.w.org\/{rel}","templated":true}]}}