{"id":811,"date":"2013-02-04T06:27:27","date_gmt":"2013-02-04T06:27:27","guid":{"rendered":"https:\/\/memberpress.com\/?page_id=811"},"modified":"2022-02-22T09:00:29","modified_gmt":"2022-02-22T16:00:29","slug":"wordpress-membership","status":"publish","type":"page","link":"https:\/\/memberpress.com\/pt\/wordpress-membership\/","title":{"rendered":"Associa\u00e7\u00e3o ao WordPress"},"content":{"rendered":"<p>Voc\u00ea n\u00e3o gostaria de montar um <em>pagamento por acesso<\/em> site de associa\u00e7\u00e3o com uma ferramenta t\u00e3o flex\u00edvel, bonita e f\u00e1cil de usar como o WordPress?<\/p>\n\n\n\n<p>E se criar seu pr\u00f3prio site de associa\u00e7\u00e3o no WordPress fosse f\u00e1cil de configurar <strong>-<\/strong> e super s\u00f3lido para gerenciar... <\/p>\n\n\n\n<p>Bem, agora voc\u00ea pode com um plug-in chamado MemberPress!<\/p>\n\n\n\n<p>Criamos o MemberPress especificamente porque est\u00e1vamos frustrados com as limita\u00e7\u00f5es e a complexidade dos plug-ins de associa\u00e7\u00e3o existentes no WordPress. Isso sem mencionar o custo extremo e o design feio das solu\u00e7\u00f5es de sites de associa\u00e7\u00e3o hospedados existentes no mercado.<\/p>\n\n\n\n<p>O MemberPress facilita a prote\u00e7\u00e3o do conte\u00fado de seus sites de associa\u00e7\u00e3o do WordPress para que somente seus clientes pagantes possam acess\u00e1-lo.<\/p>\n\n\n\n<p>\u00c9 por isso que criamos o MemberPress pensando na simplicidade e na flexibilidade, incluindo o manuseio de n\u00edvel empresarial da configura\u00e7\u00e3o do produto, do acesso, dos membros e do processamento de pagamentos.<\/p>\n\n\n\n<div class=\"block-mp-button-wrap\">\n\t<a id=\"button-block_6215077771549\" href=\"https:\/\/memberpress.com\/pt\/features\/\"  target=\"_blank\" class=\"button button-blue left\">Saiba mais sobre o MemberPress &gt;&gt;<\/a>\n<\/div>\n\n\n\n\n<div class=\"block-mp-button-wrap\">\n\t<a id=\"button-block_621506d371548\" href=\"https:\/\/memberpress.com\/pt\/blog\/how-to-use-memberpress-to-set-up-a-wordpress-membership-site-in-5-minutes\/\"  target=\"_blank\" class=\"button button-blue left\">Veja o MemberPress em a\u00e7\u00e3o &gt;&gt;<\/a>\n<\/div>\n\n\n\n\n<p><\/p>\n\n\n\n<p>Portanto, se voc\u00ea deseja criar um site de associa\u00e7\u00e3o WordPress s\u00f3lido como uma rocha, ent\u00e3o encontrou a ferramenta certa para o trabalho!<\/p>\n\n\n\n<div class=\"block-mp-button-wrap\">\n\t<a id=\"button-block_621507b37154a\" href=\"https:\/\/memberpress.com\/pt\/plans\/pricing\/\"  target=\"_blank\" class=\"button button-orange center\">Comece a usar o MemberPress HOJE! <\/a>\n<\/div>","protected":false},"excerpt":{"rendered":"<p>Wouldn\u2019t you love to put together a pay-for-access membership site with a tool as flexible, beautiful, and easy to use as WordPress? What if creating your own WordPress membership site was easy to set up \u2013 and super solid to manage \u2026 Well now you can with a plugin called MemberPress! We created MemberPress specifically [\u2026]<\/p>\n","protected":false},"author":1,"featured_media":0,"parent":0,"menu_order":0,"comment_status":"open","ping_status":"open","template":"","meta":{"_acf_changed":false,"om_disable_all_campaigns":false,"_strive_editorial_status":"not-started","_strive_copy_of":0,"inline_featured_image":false,"_monsterinsights_skip_tracking":false,"_monsterinsights_sitenote_active":false,"_monsterinsights_sitenote_note":"","_monsterinsights_sitenote_category":0,"_genesis_hide_title":false,"_genesis_hide_breadcrumbs":false,"_genesis_hide_singular_image":false,"_genesis_hide_footer_widgets":false,"_genesis_custom_body_class":"","_genesis_custom_post_class":"","_genesis_layout":"","_FSMCFIC_featured_image_caption":"","_FSMCFIC_featured_image_nocaption":"","_FSMCFIC_featured_image_hide":"","footnotes":""},"class_list":{"0":"post-811","1":"page","2":"type-page","3":"status-publish","5":"entry"},"acf":[],"aioseo_notices":[],"aioseo_head":"\n\t\t<!-- All in One SEO Pro 4.9.5.2 - aioseo.com -->\n\t<meta name=\"description\" content=\"MemberPress makes it easy to protect the content on your WordPress membership sites so that only your paying customers can access it.\" \/>\n\t<meta name=\"robots\" content=\"max-image-preview:large\" \/>\n\t<meta name=\"keywords\" content=\"membership site,membership wordpress plugin,memberpress wordpress plugin\" \/>\n\t<link rel=\"canonical\" href=\"https:\/\/memberpress.com\/pt\/wordpress-membership\/\" \/>\n\t<meta name=\"generator\" content=\"All in One SEO Pro (AIOSEO) 4.9.5.2\" \/>\n\t\t<meta property=\"og:locale\" content=\"pt_BR\" \/>\n\t\t<meta property=\"og:site_name\" content=\"MemberPress\" \/>\n\t\t<meta property=\"og:type\" content=\"article\" \/>\n\t\t<meta property=\"og:title\" content=\"WordPress Membership\" \/>\n\t\t<meta property=\"og:description\" content=\"MemberPress makes it easy to protect the content on your WordPress membership sites so that only your paying customers can access it.\" \/>\n\t\t<meta property=\"og:url\" content=\"https:\/\/memberpress.com\/pt\/wordpress-membership\/\" \/>\n\t\t<meta property=\"og:image\" content=\"https:\/\/memberpress.com\/wp-content\/uploads\/2022\/10\/mp-icon-RGB_Icon-01.jpg\" \/>\n\t\t<meta property=\"og:image:secure_url\" content=\"https:\/\/memberpress.com\/wp-content\/uploads\/2022\/10\/mp-icon-RGB_Icon-01.jpg\" \/>\n\t\t<meta property=\"og:image:width\" content=\"1650\" \/>\n\t\t<meta property=\"og:image:height\" content=\"1275\" \/>\n\t\t<meta property=\"article:published_time\" content=\"2013-02-04T06:27:27+00:00\" \/>\n\t\t<meta property=\"article:modified_time\" content=\"2022-02-22T16:00:29+00:00\" \/>\n\t\t<meta property=\"article:publisher\" content=\"https:\/\/www.facebook.com\/memberpress\/\" \/>\n\t\t<meta name=\"twitter:card\" content=\"summary_large_image\" \/>\n\t\t<meta name=\"twitter:site\" content=\"@memberpress\" \/>\n\t\t<meta name=\"twitter:title\" content=\"WordPress Membership\" \/>\n\t\t<meta name=\"twitter:description\" content=\"MemberPress makes it easy to protect the content on your WordPress membership sites so that only your paying customers can access it.\" \/>\n\t\t<meta name=\"twitter:image\" content=\"https:\/\/memberpress.com\/wp-content\/uploads\/2022\/10\/mp-icon-RGB_Icon-01.jpg\" \/>\n\t\t<script type=\"application\/ld+json\" class=\"aioseo-schema\">\n\t\t\t{\"@context\":\"https:\\\/\\\/schema.org\",\"@graph\":[{\"@type\":\"BreadcrumbList\",\"@id\":\"https:\\\/\\\/memberpress.com\\\/pt\\\/wordpress-membership\\\/#breadcrumblist\",\"itemListElement\":[{\"@type\":\"ListItem\",\"@id\":\"https:\\\/\\\/memberpress.com\\\/pt#listItem\",\"position\":1,\"name\":\"Home\",\"item\":\"https:\\\/\\\/memberpress.com\\\/pt\",\"nextItem\":{\"@type\":\"ListItem\",\"@id\":\"https:\\\/\\\/memberpress.com\\\/pt\\\/wordpress-membership\\\/#listItem\",\"name\":\"WordPress Membership\"}},{\"@type\":\"ListItem\",\"@id\":\"https:\\\/\\\/memberpress.com\\\/pt\\\/wordpress-membership\\\/#listItem\",\"position\":2,\"name\":\"WordPress Membership\",\"previousItem\":{\"@type\":\"ListItem\",\"@id\":\"https:\\\/\\\/memberpress.com\\\/pt#listItem\",\"name\":\"Home\"}}]},{\"@type\":\"Organization\",\"@id\":\"https:\\\/\\\/memberpress.com\\\/pt\\\/#organization\",\"name\":\"MemberPress\",\"description\":\"The All-In-One WordPress Membership Plugin\",\"url\":\"https:\\\/\\\/memberpress.com\\\/pt\\\/\",\"logo\":{\"@type\":\"ImageObject\",\"url\":\"https:\\\/\\\/memberpress.com\\\/wp-content\\\/uploads\\\/2022\\\/10\\\/mp-icon-RGB_Icon-01.jpg\",\"@id\":\"https:\\\/\\\/memberpress.com\\\/pt\\\/wordpress-membership\\\/#organizationLogo\",\"width\":1650,\"height\":1275,\"caption\":\"memberpress logo icon\"},\"image\":{\"@id\":\"https:\\\/\\\/memberpress.com\\\/pt\\\/wordpress-membership\\\/#organizationLogo\"},\"sameAs\":[\"https:\\\/\\\/www.instagram.com\\\/memberpress\\\/\",\"https:\\\/\\\/www.pinterest.com\\\/memberpressplugin\\\/\",\"https:\\\/\\\/www.youtube.com\\\/c\\\/MemberPressPlugin\",\"https:\\\/\\\/www.linkedin.com\\\/company\\\/memberpress\\\/\"]},{\"@type\":\"WebPage\",\"@id\":\"https:\\\/\\\/memberpress.com\\\/pt\\\/wordpress-membership\\\/#webpage\",\"url\":\"https:\\\/\\\/memberpress.com\\\/pt\\\/wordpress-membership\\\/\",\"name\":\"WordPress Membership\",\"description\":\"MemberPress makes it easy to protect the content on your WordPress membership sites so that only your paying customers can access it.\",\"inLanguage\":\"pt-BR\",\"isPartOf\":{\"@id\":\"https:\\\/\\\/memberpress.com\\\/pt\\\/#website\"},\"breadcrumb\":{\"@id\":\"https:\\\/\\\/memberpress.com\\\/pt\\\/wordpress-membership\\\/#breadcrumblist\"},\"datePublished\":\"2013-02-04T06:27:27-05:00\",\"dateModified\":\"2022-02-22T09:00:29-05:00\"},{\"@type\":\"WebSite\",\"@id\":\"https:\\\/\\\/memberpress.com\\\/pt\\\/#website\",\"url\":\"https:\\\/\\\/memberpress.com\\\/pt\\\/\",\"name\":\"MemberPress\",\"description\":\"The All-In-One WordPress Membership Plugin\",\"inLanguage\":\"pt-BR\",\"publisher\":{\"@id\":\"https:\\\/\\\/memberpress.com\\\/pt\\\/#organization\"}}]}\n\t\t<\/script>\n\t\t<!-- All in One SEO Pro -->\r\n\t\t<title>WordPress Membership<\/title>\n\n","aioseo_head_json":{"title":"Associa\u00e7\u00e3o ao WordPress","description":"O MemberPress facilita a prote\u00e7\u00e3o do conte\u00fado de seus sites de associa\u00e7\u00e3o do WordPress para que somente seus clientes pagantes possam acess\u00e1-lo.","canonical_url":"https:\/\/memberpress.com\/pt\/wordpress-membership\/","robots":"max-image-preview:large","keywords":"membership site,membership wordpress plugin,memberpress wordpress plugin","webmasterTools":{"miscellaneous":""},"schema":{"@context":"https:\/\/schema.org","@graph":[{"@type":"BreadcrumbList","@id":"https:\/\/memberpress.com\/pt\/wordpress-membership\/#breadcrumblist","itemListElement":[{"@type":"ListItem","@id":"https:\/\/memberpress.com\/pt#listItem","position":1,"name":"Home","item":"https:\/\/memberpress.com\/pt","nextItem":{"@type":"ListItem","@id":"https:\/\/memberpress.com\/pt\/wordpress-membership\/#listItem","name":"WordPress Membership"}},{"@type":"ListItem","@id":"https:\/\/memberpress.com\/pt\/wordpress-membership\/#listItem","position":2,"name":"WordPress Membership","previousItem":{"@type":"ListItem","@id":"https:\/\/memberpress.com\/pt#listItem","name":"Home"}}]},{"@type":"Organization","@id":"https:\/\/memberpress.com\/pt\/#organization","name":"MemberPress","description":"The All-In-One WordPress Membership Plugin","url":"https:\/\/memberpress.com\/pt\/","logo":{"@type":"ImageObject","url":"https:\/\/memberpress.com\/wp-content\/uploads\/2022\/10\/mp-icon-RGB_Icon-01.jpg","@id":"https:\/\/memberpress.com\/pt\/wordpress-membership\/#organizationLogo","width":1650,"height":1275,"caption":"memberpress logo icon"},"image":{"@id":"https:\/\/memberpress.com\/pt\/wordpress-membership\/#organizationLogo"},"sameAs":["https:\/\/www.instagram.com\/memberpress\/","https:\/\/www.pinterest.com\/memberpressplugin\/","https:\/\/www.youtube.com\/c\/MemberPressPlugin","https:\/\/www.linkedin.com\/company\/memberpress\/"]},{"@type":"WebPage","@id":"https:\/\/memberpress.com\/pt\/wordpress-membership\/#webpage","url":"https:\/\/memberpress.com\/pt\/wordpress-membership\/","name":"WordPress Membership","description":"MemberPress makes it easy to protect the content on your WordPress membership sites so that only your paying customers can access it.","inLanguage":"pt-BR","isPartOf":{"@id":"https:\/\/memberpress.com\/pt\/#website"},"breadcrumb":{"@id":"https:\/\/memberpress.com\/pt\/wordpress-membership\/#breadcrumblist"},"datePublished":"2013-02-04T06:27:27-05:00","dateModified":"2022-02-22T09:00:29-05:00"},{"@type":"WebSite","@id":"https:\/\/memberpress.com\/pt\/#website","url":"https:\/\/memberpress.com\/pt\/","name":"MemberPress","description":"The All-In-One WordPress Membership Plugin","inLanguage":"pt-BR","publisher":{"@id":"https:\/\/memberpress.com\/pt\/#organization"}}]},"og:locale":"pt_BR","og:site_name":"MemberPress","og:type":"article","og:title":"WordPress Membership","og:description":"MemberPress makes it easy to protect the content on your WordPress membership sites so that only your paying customers can access it.","og:url":"https:\/\/memberpress.com\/pt\/wordpress-membership\/","og:image":"https:\/\/memberpress.com\/wp-content\/uploads\/2022\/10\/mp-icon-RGB_Icon-01.jpg","og:image:secure_url":"https:\/\/memberpress.com\/wp-content\/uploads\/2022\/10\/mp-icon-RGB_Icon-01.jpg","og:image:width":1650,"og:image:height":1275,"article:published_time":"2013-02-04T06:27:27+00:00","article:modified_time":"2022-02-22T16:00:29+00:00","article:publisher":"https:\/\/www.facebook.com\/memberpress\/","twitter:card":"summary_large_image","twitter:site":"@memberpress","twitter:title":"WordPress Membership","twitter:description":"MemberPress makes it easy to protect the content on your WordPress membership sites so that only your paying customers can access it.","twitter:image":"https:\/\/memberpress.com\/wp-content\/uploads\/2022\/10\/mp-icon-RGB_Icon-01.jpg"},"aioseo_meta_data":{"post_id":"811","title":"Associa\u00e7\u00e3o ao WordPress","description":"O MemberPress facilita a prote\u00e7\u00e3o do conte\u00fado de seus sites de associa\u00e7\u00e3o do WordPress para que somente seus clientes pagantes possam acess\u00e1-lo.","keywords":[{"label":"membership site ","value":"membership site "},{"label":"membership wordpress plugin ","value":"membership wordpress plugin "},{"label":"MemberPress WordPress Plugin ","value":"MemberPress WordPress Plugin "}],"keyphrases":{"focus":{"keyphrase":"WordPress Membership","score":85,"analysis":{"keyphraseInTitle":{"title":"Focus keyphrase in SEO title","description":"Focus keyphrase found in SEO title.","score":9,"maxScore":9,"error":0},"keyphraseInDescription":{"title":"Focus keyphrase in meta description","description":"Focus keyphrase found in meta description.","score":9,"maxScore":9,"error":0},"keyphraseLength":{"title":"Focus keyphrase length","description":"Good job!","score":9,"maxScore":9,"error":0,"length":2},"keyphraseInURL":{"title":"Focus keyphrase in URL","description":"Focus keyphrase used in the URL.","score":5,"maxScore":5,"error":0},"keyphraseInIntroduction":{"title":"Focus keyphrase in introduction","description":"Your Focus keyphrase does not appear in the first paragraph. Make sure the topic is clear immediately.","score":3,"maxScore":9,"error":1},"keyphraseInSubHeadings":[],"keyphraseInImageAlt":[]}},"additional":[]},"primary_term":null,"canonical_url":null,"og_title":null,"og_description":null,"og_object_type":"default","og_image_type":"default","og_image_url":null,"og_image_width":null,"og_image_height":null,"og_image_custom_url":null,"og_image_custom_fields":null,"og_video":"","og_custom_url":null,"og_article_section":null,"og_article_tags":[],"twitter_use_og":false,"twitter_card":"default","twitter_image_type":"default","twitter_image_url":null,"twitter_image_custom_url":null,"twitter_image_custom_fields":null,"twitter_title":null,"twitter_description":null,"schema":{"blockGraphs":[],"customGraphs":[],"default":{"data":{"Article":[],"Course":[],"Dataset":[],"FAQPage":[],"Movie":[],"Person":[],"Product":[],"ProductReview":[],"Car":[],"Recipe":[],"Service":[],"SoftwareApplication":[],"WebPage":[]},"graphName":"","isEnabled":true},"graphs":[],"defaultGraph":"WebPage","defaultPostTypeGraph":""},"schema_type":"default","schema_type_options":"{\"article\":{\"articleType\":\"BlogPosting\"},\"course\":{\"name\":\"\",\"description\":\"\",\"provider\":\"\"},\"faq\":{\"pages\":[]},\"product\":{\"reviews\":[]},\"recipe\":{\"ingredients\":[],\"instructions\":[],\"keywords\":[]},\"software\":{\"reviews\":[],\"operatingSystems\":[]},\"webPage\":{\"webPageType\":\"WebPage\"}}","pillar_content":false,"robots_default":true,"robots_noindex":false,"robots_noarchive":false,"robots_nosnippet":false,"robots_nofollow":false,"robots_noimageindex":false,"robots_noodp":false,"robots_notranslate":false,"robots_max_snippet":"-1","robots_max_videopreview":"-1","robots_max_imagepreview":"large","priority":null,"frequency":"default","local_seo":null,"seo_analyzer_scan_date":"2025-10-09 19:55:44","breadcrumb_settings":null,"limit_modified_date":false,"reviewed_by":null,"open_ai":null,"ai":null,"created":"2020-12-21 16:17:58","updated":"2026-03-03 15:09:11"},"aioseo_breadcrumb":"<div class=\"aioseo-breadcrumbs\"><span class=\"aioseo-breadcrumb\">\n\t<a href=\"https:\/\/memberpress.com\/pt\" title=\"Home\">Home<\/a>\n<\/span><span class=\"aioseo-breadcrumb-separator\">&raquo;<\/span><span class=\"aioseo-breadcrumb\">\n\tWordPress Membership\n<\/span><\/div>","aioseo_breadcrumb_json":[{"label":"Home","link":"https:\/\/memberpress.com\/pt"},{"label":"WordPress Membership","link":"https:\/\/memberpress.com\/pt\/wordpress-membership\/"}],"app_access":{"can_access":true,"restrict_message":null},"_links":{"self":[{"href":"https:\/\/memberpress.com\/pt\/wp-json\/wp\/v2\/pages\/811","targetHints":{"allow":["GET"]}}],"collection":[{"href":"https:\/\/memberpress.com\/pt\/wp-json\/wp\/v2\/pages"}],"about":[{"href":"https:\/\/memberpress.com\/pt\/wp-json\/wp\/v2\/types\/page"}],"author":[{"embeddable":true,"href":"https:\/\/memberpress.com\/pt\/wp-json\/wp\/v2\/users\/1"}],"replies":[{"embeddable":true,"href":"https:\/\/memberpress.com\/pt\/wp-json\/wp\/v2\/comments?post=811"}],"version-history":[{"count":0,"href":"https:\/\/memberpress.com\/pt\/wp-json\/wp\/v2\/pages\/811\/revisions"}],"wp:attachment":[{"href":"https:\/\/memberpress.com\/pt\/wp-json\/wp\/v2\/media?parent=811"}],"curies":[{"name":"wp","href":"https:\/\/api.w.org\/{rel}","templated":true}]}}